{"id":74454,"date":"2024-04-10T09:07:41","date_gmt":"2024-04-10T07:07:41","guid":{"rendered":"http:\/\/52.16.126.81\/?page_id=74454"},"modified":"2024-04-22T10:32:07","modified_gmt":"2024-04-22T08:32:07","slug":"iria-5g","status":"publish","type":"page","link":"https:\/\/petronor.eus\/es\/sobre-petronor\/proyectos\/iria-5g\/","title":{"rendered":"IRIA 5G"},"content":{"rendered":"<div class=\"row introBlock full-width-section primeraFila maxHeightAuto\">\n<h1>IRIA 5G<\/h1>\n<div id=\"contenedorBannerPB\" style=\"overflow: hidden;\"><img loading=\"lazy\" decoding=\"async\" class=\"alignnone wp-image-2485 size-full\" src=\"https:\/\/petronor.eus\/wp-content\/uploads\/2024\/04\/AF_IRIA_LOGOTIPO_RGB.png\" alt=\"Iria 5G\" width=\"1176\" height=\"450\" \/><\/div>\n<\/div>\n<div style=\"margin-bottom:30px ; height:1px; clear:both;\"><\/div>\n<div class=\"row \">\n<div class=\"col-lg-8 col-md-8 col-xs-12 col-sm-12\">\n<h2 style=\"color: #01247E;font-size: 26px;font-weight: 100;\n    margin-bottom: 15px;\n    padding-bottom: 10px;\n    font-family: 'Dosis', Arial, Helvetica, Verdana, sans-serif;\">El proyecto y sus objetivos<\/h2>\n<p style=\"margin-top: 0; padding: 10px;\">El proyecto IRIA es un proyecto nacional formado por las compa\u00f1\u00edas REPSOL S.A. (REPSOL), PETR\u00d3LEOS DEL NORTE S.A. (PETRONOR) y TRADIA TELECOM S.A. (Sociedad del Grupo CELLNEX). Las 3 empresas tienen un plan estrat\u00e9gico alineado con la digitalizaci\u00f3n y el despliegue de tecnolog\u00edas, nuevas soluciones y operativas mediante tecnolog\u00edas 5G en entorno industrial. Adem\u00e1s, el consorcio tiene un alto grado de especializaci\u00f3n tecnol\u00f3gica en sus respectivos sectores y tambi\u00e9n en el desarrollo de comunicaciones inal\u00e1mbricas, siendo todas empresas referentes en sus negocios y muy estructuradas, que han avanzado en la digitalizaci\u00f3n y siguen haci\u00e9ndolo de forma.<\/p>\n\n<p style=\"margin-top: 0; padding: 10px;\">IRIA cuenta con una subvenci\u00f3n del Ministerio de Asuntos Econ\u00f3micos y Transformaci\u00f3n Digital (MINECO) a trav\u00e9s del programa UNICO Sectorial 5G de 2023, dentro del Plan de Recuperaci\u00f3n, Transformaci\u00f3n y Resiliencia, auspiciado por la Uni\u00f3n Europea con el programa Next Generation EU.<\/p>\n\n<p style=\"margin-top: 0; padding: 10px;\">El objetivo general del proyecto es impulsar la digitalizaci\u00f3n y descarbonizaci\u00f3n de un centro industrial mediante el desarrollo de una soluci\u00f3n de comunicaciones apalancada en 5G que habilite el desarrollo de nuevas operativas y aplicaciones en un entorno industrial.<\/p>\n\n<div style=\"padding: 10px;\"><div class=\"tablaHeader\">\n<div class=\"celda celdaIzquierda \"><h3>Objetivos perseguidos:<\/h3><\/div>\n<div class=\"celda\"><div class=\"widgettitlewrapper\">&nbsp;<\/div><\/div>\n<\/div>\n<div style=\"margin-bottom:10px ; height:1px; clear:both;\"><\/div>\n<ol class=\"listaReseteada\">\n\t<li>Impulsar la descarbonizaci\u00f3n y avanzar hacia la generaci\u00f3n multi energ\u00e9tica en el centro industrial.<\/li>\n\t<li>Avanzar la digitalizaci\u00f3n y seguridad de las personas<\/li>\n\t<li>Mejorar las capacidades, fiabilidad y seguridad en las comunicaciones.<\/li>\n\t<li>Promover el desarrollo de la planta de generaci\u00f3n de hidr\u00f3geno verde.<\/li>\n\t<li>Solventar la brecha existente en la itinerancia autom\u00e1tica entre redes para las comunicaciones cr\u00edticas.<\/li>\n<\/ol>\n<\/div>\n\n<h2 style=\"color: #01247E;font-size: 26px;font-weight: 100;\n    margin-bottom: 15px;\n    padding-bottom: 10px;\n    font-family: 'Dosis', Arial, Helvetica, Verdana, sans-serif;\">Las empresas del consorcio<\/h2>\n\n<p style=\"margin-top: 0; padding: 10px;\">REPSOL es una compa\u00f1\u00eda multienerg\u00e9tica global, centrada en el cliente como protagonista de toda la actividad con el objetivo de cubrir las necesidades energ\u00e9ticas del cliente, ofreciendo nuevas soluciones. REPSOL avanza en su compromiso con la descarbonizaci\u00f3n para alcanzar el objetivo de cero emisiones netas en 2050 con el que se convirti\u00f3 en la primera compa\u00f1\u00eda de su sector en asumir esta ambiciosa meta. Totalmente alineada con los objetivos marcados tanto por la Uni\u00f3n Europea como por el Gobierno de Espa\u00f1a. Est\u00e1 transformando los complejos industriales en hubs multienerg\u00e9ticos, capaces de generar productos de baja, nula o incluso negativa huella de carbono y de impulsar nuevos modelos de negocio basados en la digitalizaci\u00f3n y la tecnolog\u00eda.<\/p>\n\n<p style=\"margin-top: 0; padding: 10px;\">REPSOL est\u00e1 firmemente comprometido con la protecci\u00f3n del medio ambiente a trav\u00e9s de sus pol\u00edticas ambientales y con la minimizaci\u00f3n de impactos derivados de las actividades industriales. El objetivo de la Pol\u00edtica de Seguridad, Salud y Medio Ambiente con la que cuenta REPSOL, es minimizar el impacto sobre el entorno y los efectos en el cambio clim\u00e1tico, respetando la biodiversidad y las comunidades locales. Su prop\u00f3sito es disminuir y gestionar los riesgos ambientales y promover la eficiencia en el uso de los recursos naturales. Estos programas se revisan cada a\u00f1o, y se adaptan a los objetivos que tienen marcados:<\/p>\n\n<ul class=\"listaReseteada\">\n\t<li>Minimizaci\u00f3n de las emisiones a la atm\u00f3sfera y de la generaci\u00f3n de olores y ruidos.<\/li>\n\t<li>Reducci\u00f3n de la carga contaminante de los vertidos.<\/li>\n\t<li>Minimizaci\u00f3n de los residuos producidos, as\u00ed como su correcta segregaci\u00f3n y gesti\u00f3n.<\/li>\n\t<li>Correcta gesti\u00f3n de la biodiversidad.<\/li>\n\t<li>Optimizaci\u00f3n del consumo de los recursos naturales.<\/li>\n\t<li>Reducci\u00f3n de las emisiones de gases de efecto invernadero y mejorar la eficiencia energ\u00e9tica.<\/li>\n<\/ul>\n\n<p style=\"margin-top: 0; padding: 10px;\">PETRONOR tambi\u00e9n sigue una estrategia de descarbonizaci\u00f3n a trav\u00e9s del uso de las tecnolog\u00edas, la digitalizaci\u00f3n est\u00e1 plenamente alineada con los objetivos estrat\u00e9gicos de REPSOL entre los que se incluye la acci\u00f3n de cero emisiones netas en 2050.<\/p>\n<p style=\"margin-top: 0; padding: 10px;\">PETRONOR pretende mantenerse en la vanguardia de la I+D y de la transici\u00f3n ecol\u00f3gica, para lo que plantea una transici\u00f3n energ\u00e9tica que conlleva replantearse procesos productivos, productos novedosos, negocios alternativos, en definitiva, nuevas formas de ver y de hacer las cosas. Una de sus l\u00edneas estrat\u00e9gicas de actuaci\u00f3n consiste en \u201cGestionar la Innovaci\u00f3n\u201d, que implica instalar una nueva cultura, una innovaci\u00f3n amplia, abierta y rentable, aplicando tecnolog\u00edas avanzadas para la mejora de la eficiencia y la sostenibilidad y aprovechando las oportunidades de la nueva transici\u00f3n energ\u00e9tica. A este respecto, PETRONOR ha llevado a cabo las siguientes actuaciones de gran impacto:<\/p>\n\n<ul class=\"listaReseteada\">\n\t<li>Biocombustibles: Se realizar\u00e1 un primer proyecto de biocombustibles que se instalar\u00e1 en el Puerto de Bilbao consiste en una inversi\u00f3n de 29,2 millones de euros en su primera fase y la producci\u00f3n de gas a partir de una facci\u00f3n de los residuos urbanos. Con este proyecto, a partir de un problema social como son los residuos, se consigue una soluci\u00f3n para la descarbonizaci\u00f3n de los procesos industriales.<\/li>\n\t<li>Hidr\u00f3geno: PETRONOR va a instalar una planta de producci\u00f3n de hidr\u00f3geno renovable por electr\u00f3lisis en tres fases que sumar\u00e1n 112 MW de potencia. Adicionalmente, se trabajar\u00e1 en la producci\u00f3n de hidr\u00f3geno a partir de residuos y biomasa. El hidr\u00f3geno renovable ser\u00e1 utilizado para afianzar y desarrollar la econom\u00eda del hidr\u00f3geno a partir del Corredor Vasco del Hidr\u00f3geno (BH2C). El objetivo es generar usos del hidr\u00f3geno renovable para descarbonizar la industria, para usos de movilidad y producci\u00f3n de combustibles sint\u00e9ticos y biocombustibles.<\/li>\n\t<li>Generaci\u00f3n distribuida sostenible: El desarrollo de un modelo de Comunidad Energ\u00e9tica Local, que se caracteriza por hacer posible que las y los ciudadanos contribuyan a generar energ\u00eda sostenible en su propio municipio. Estas comunidades generan el 25% de la energ\u00eda el\u00e9ctrica que demandan vecinos y comercios, complet\u00e1ndose el restante 75% mediante una compra conjunta de energ\u00eda de origen renovable. De esta forma, adem\u00e1s de los ahorros en la factura el\u00e9ctrica, se asegura que en todo momento la energ\u00eda que los vecinos consumen es 100% renovable<\/li>\n<\/ul>\n\n<p style=\"margin-top: 0; padding: 10px;\">CELLNEX, que participa en el proyecto a trav\u00e9s de su filial Tradia, es una compa\u00f1\u00eda espa\u00f1ola de servicios e infraestructuras de telecomunicaciones inal\u00e1mbricas con amplia presencia en Europa. Su actividad se divide en cuatro grandes \u00e1reas: servicios para infraestructuras de telecomunicaciones; redes de difusi\u00f3n audiovisual; servicios de redes de seguridad y emergencia, y soluciones para la gesti\u00f3n inteligente de infraestructuras y servicios urbanos. Su objetivo es crear un plataforma de comunicaciones de gesti\u00f3n innovadora, eficiente, neutral y de calidad que impulse la digitalizaci\u00f3n en Europa.<\/p>\n\n<p style=\"margin-top: 0; padding: 10px;\">Desde sus inicios, la compa\u00f1\u00eda ha asumido la responsabilidad de abordar su impacto medioambiental de forma integral, teniendo en cuenta todas las actividades del Grupo y todos sus grupos de inter\u00e9s. Fruto de este compromiso, en 2020 present\u00f3 por primera vez el Informe de Medio Ambiente y Cambio Clim\u00e1tico, cuyo objetivo se basa en ampliar la informaci\u00f3n sobre la gesti\u00f3n medioambiental en general y de cambio clim\u00e1tico en particular, dada la relevancia estrat\u00e9gica para el Grupo y los esfuerzos y recursos invertidos. Se compromete a integrar la sostenibilidad y el cambio clim\u00e1tico en la gesti\u00f3n del d\u00eda a d\u00eda de la compa\u00f1\u00eda, de forma que se opere de forma responsable en cada una de las actividades y \u00e1reas de negocio.<\/p>\n\n<p style=\"margin-top: 0; padding: 10px;\">Cumpliendo con su prop\u00f3sito, cuenta con la Comisi\u00f3n de Nombramientos, Retribuciones y Sostenibilidad (CNRS), encargada de supervisar y evaluar desde el Consejo de Administraci\u00f3n todas las pr\u00e1cticas en materia de ESG de la compa\u00f1\u00eda, asegurando que cumplen con su objetivo.<\/p>\n\n<p style=\"margin-top: 0; padding: 10px;\">Adem\u00e1s, como segundo \u00f3rgano corporativo involucrado en la gesti\u00f3n ambiental, cuenta con un Comit\u00e9 Ejecutivo de ESG, cuyo rol consiste en promover y orientar la actuaci\u00f3n del Grupo en materia de ESG, involucrando a todas las \u00e1reas corporativas y unidades de negocio.<\/p>\n\n<h2 style=\"color: #01247E;font-size: 26px;font-weight: 100;\n    margin-bottom: 15px;\n    padding-bottom: 10px;\n    font-family: 'Dosis', Arial, Helvetica, Verdana, sans-serif;\">Resultados obtenidos<\/h2>\n\n<p style=\"margin-top: 0; padding: 10px;\">Uno de los resultados esperados tras la consecuci\u00f3n del proyecto IRIA es que el centro industrial avance en su proceso para convertirse en un centro multienerg\u00e9tico y descarbonizado, sirviendo como referencia y modelo a otros centros industriales que puedan imitar las soluciones desarrolladas y aplicadas, y con una planta de hidr\u00f3geno verde que pueda empezar a operar con m\u00e1s eficacia en sus procesos gracias a la digitalizaci\u00f3n, conectividad y capacidades tecnol\u00f3gicas conseguidas para los trabajadores del centro industrial.<\/p>\n\n<p style=\"margin-top: 0; padding: 10px;\">Es por ello por lo que el proyecto IRIA contribuye a la sostenibilidad al promover la descarbonizaci\u00f3n del centro industrial y mediante la mejora de eficacia de sus procesos, lo que conllevar\u00eda a un ahorro de tiempo y recursos en las operaciones. Al descarbonizar, se va a lograr reducir las emisiones de carbono con el prop\u00f3sito de que el impacto medioambiental sea menor.<\/p>\n\n<p style=\"margin-top: 0; padding: 10px;\">En conjunto, estas innovaciones permitir\u00e1n crear una industria m\u00e1s eficiente y sostenible.<\/p>\n\n<div class=\"hidden-xs\"><div style=\"margin-bottom:30px ; height:1px; clear:both;\"><\/div><\/div>\n<\/div>\n<!-- FIN PARTE IZQUIERDA -->\n<div class=\"col-lg-4 col-md-4 col-sm-12 col-xs-12\"><div class=\"tablaHeader derechadoMovil\">\n<div class=\"celda celdaIzquierda\"><h3>Noticias relacionadas<\/h3><\/div>\n<div class=\"celda\"><div class=\"widgettitlewrapper\">&nbsp;<\/div><\/div>\n<\/div>\n<div class=\"row unPDF\"><a href=\"https:\/\/petronor.eus\/es\/2024\/02\/petronor-impulsa-la-digitalizacion-y-descarbonizacion-industrial\/\" target=\"_blank\"><div class=\"col-lg-10 col-md-10 col-sm-10 col-xs-10\">Petronor impulsa la digitalizaci\u00f3n y descarbonizaci\u00f3n industrial<\/div><div class=\"col-lg-2 col-md-2 col-sm-2 col-xs-2 iconoNota\">&nbsp;<\/div><\/a><\/div>\n<img decoding=\"async\" src=\"https:\/\/petronor.eus\/wp-content\/uploads\/2024\/04\/banner-1.png\" alt=\"logo constitucional\" \/>\n<img decoding=\"async\" src=\"https:\/\/petronor.eus\/wp-content\/uploads\/2024\/04\/Banner3-1.jpg\" alt=\"logo constitucional\" \/>\n\n<\/div>\n\n<!-- FIN PARTE DERECHA -->\n<\/div>","protected":false},"excerpt":{"rendered":"","protected":false},"author":1,"featured_media":0,"parent":24,"menu_order":0,"comment_status":"open","ping_status":"closed","template":"","meta":{"footnotes":""},"class_list":["post-74454","page","type-page","status-publish","hentry"],"yoast_head":"<!-- This site is optimized with the Yoast SEO plugin v24.7 - https:\/\/yoast.com\/wordpress\/plugins\/seo\/ -->\n<title>IRIA 5G<\/title>\n<meta name=\"description\" content=\"El proyecto IRIA es un proyecto nacional formado por las compa\u00f1\u00edas REPSOL S.A. (REPSOL)\" \/>\n<meta name=\"robots\" content=\"index, follow, max-snippet:-1, max-image-preview:large, max-video-preview:-1\" \/>\n<link rel=\"canonical\" href=\"https:\/\/petronor.eus\/es\/sobre-petronor\/proyectos\/iria-5g\/\" \/>\n<meta property=\"og:locale\" content=\"es_ES\" \/>\n<meta property=\"og:type\" content=\"article\" \/>\n<meta property=\"og:title\" content=\"IRIA 5G\" \/>\n<meta property=\"og:description\" content=\"El proyecto IRIA es un proyecto nacional formado por las compa\u00f1\u00edas REPSOL S.A. (REPSOL)\" \/>\n<meta property=\"og:url\" content=\"https:\/\/petronor.eus\/es\/sobre-petronor\/proyectos\/iria-5g\/\" \/>\n<meta property=\"og:site_name\" content=\"Petronor\" \/>\n<meta property=\"article:modified_time\" content=\"2024-04-22T08:32:07+00:00\" \/>\n<meta property=\"og:image\" content=\"https:\/\/petronor.eus\/wp-content\/uploads\/2024\/04\/AF_IRIA_LOGOTIPO_RGB.png\" \/>\n<meta name=\"twitter:label1\" content=\"Est. reading time\" \/>\n\t<meta name=\"twitter:data1\" content=\"7 minutes\" \/>\n<script type=\"application\/ld+json\" class=\"yoast-schema-graph\">{\"@context\":\"https:\/\/schema.org\",\"@graph\":[{\"@type\":\"WebPage\",\"@id\":\"https:\/\/petronor.eus\/es\/sobre-petronor\/proyectos\/iria-5g\/\",\"url\":\"https:\/\/petronor.eus\/es\/sobre-petronor\/proyectos\/iria-5g\/\",\"name\":\"IRIA 5G\",\"isPartOf\":{\"@id\":\"https:\/\/petronor.eus\/es\/#website\"},\"primaryImageOfPage\":{\"@id\":\"https:\/\/petronor.eus\/es\/sobre-petronor\/proyectos\/iria-5g\/#primaryimage\"},\"image\":{\"@id\":\"https:\/\/petronor.eus\/es\/sobre-petronor\/proyectos\/iria-5g\/#primaryimage\"},\"thumbnailUrl\":\"https:\/\/petronor.eus\/wp-content\/uploads\/2024\/04\/AF_IRIA_LOGOTIPO_RGB.png\",\"datePublished\":\"2024-04-10T07:07:41+00:00\",\"dateModified\":\"2024-04-22T08:32:07+00:00\",\"description\":\"El proyecto IRIA es un proyecto nacional formado por las compa\u00f1\u00edas REPSOL S.A. (REPSOL)\",\"breadcrumb\":{\"@id\":\"https:\/\/petronor.eus\/es\/sobre-petronor\/proyectos\/iria-5g\/#breadcrumb\"},\"inLanguage\":\"es-ES\",\"potentialAction\":[{\"@type\":\"ReadAction\",\"target\":[\"https:\/\/petronor.eus\/es\/sobre-petronor\/proyectos\/iria-5g\/\"]}]},{\"@type\":\"ImageObject\",\"inLanguage\":\"es-ES\",\"@id\":\"https:\/\/petronor.eus\/es\/sobre-petronor\/proyectos\/iria-5g\/#primaryimage\",\"url\":\"https:\/\/petronor.eus\/wp-content\/uploads\/2024\/04\/AF_IRIA_LOGOTIPO_RGB.png\",\"contentUrl\":\"https:\/\/petronor.eus\/wp-content\/uploads\/2024\/04\/AF_IRIA_LOGOTIPO_RGB.png\"},{\"@type\":\"BreadcrumbList\",\"@id\":\"https:\/\/petronor.eus\/es\/sobre-petronor\/proyectos\/iria-5g\/#breadcrumb\",\"itemListElement\":[{\"@type\":\"ListItem\",\"position\":1,\"name\":\"Home\",\"item\":\"https:\/\/petronor.eus\/es\/\"},{\"@type\":\"ListItem\",\"position\":2,\"name\":\"SOBRE PETRONOR\",\"item\":\"https:\/\/petronor.eus\/es\/sobre-petronor\/\"},{\"@type\":\"ListItem\",\"position\":3,\"name\":\"PROYECTOS\",\"item\":\"https:\/\/petronor.eus\/es\/sobre-petronor\/proyectos\/\"},{\"@type\":\"ListItem\",\"position\":4,\"name\":\"IRIA 5G\"}]},{\"@type\":\"WebSite\",\"@id\":\"https:\/\/petronor.eus\/es\/#website\",\"url\":\"https:\/\/petronor.eus\/es\/\",\"name\":\"Petronor\",\"description\":\"\",\"potentialAction\":[{\"@type\":\"SearchAction\",\"target\":{\"@type\":\"EntryPoint\",\"urlTemplate\":\"https:\/\/petronor.eus\/es\/?s={search_term_string}\"},\"query-input\":{\"@type\":\"PropertyValueSpecification\",\"valueRequired\":true,\"valueName\":\"search_term_string\"}}],\"inLanguage\":\"es-ES\"}]}<\/script>\n<!-- \/ Yoast SEO plugin. -->","yoast_head_json":{"title":"IRIA 5G","description":"El proyecto IRIA es un proyecto nacional formado por las compa\u00f1\u00edas REPSOL S.A. (REPSOL)","robots":{"index":"index","follow":"follow","max-snippet":"max-snippet:-1","max-image-preview":"max-image-preview:large","max-video-preview":"max-video-preview:-1"},"canonical":"https:\/\/petronor.eus\/es\/sobre-petronor\/proyectos\/iria-5g\/","og_locale":"es_ES","og_type":"article","og_title":"IRIA 5G","og_description":"El proyecto IRIA es un proyecto nacional formado por las compa\u00f1\u00edas REPSOL S.A. (REPSOL)","og_url":"https:\/\/petronor.eus\/es\/sobre-petronor\/proyectos\/iria-5g\/","og_site_name":"Petronor","article_modified_time":"2024-04-22T08:32:07+00:00","og_image":[{"url":"https:\/\/petronor.eus\/wp-content\/uploads\/2024\/04\/AF_IRIA_LOGOTIPO_RGB.png","type":"","width":"","height":""}],"twitter_misc":{"Est. reading time":"7 minutes"},"schema":{"@context":"https:\/\/schema.org","@graph":[{"@type":"WebPage","@id":"https:\/\/petronor.eus\/es\/sobre-petronor\/proyectos\/iria-5g\/","url":"https:\/\/petronor.eus\/es\/sobre-petronor\/proyectos\/iria-5g\/","name":"IRIA 5G","isPartOf":{"@id":"https:\/\/petronor.eus\/es\/#website"},"primaryImageOfPage":{"@id":"https:\/\/petronor.eus\/es\/sobre-petronor\/proyectos\/iria-5g\/#primaryimage"},"image":{"@id":"https:\/\/petronor.eus\/es\/sobre-petronor\/proyectos\/iria-5g\/#primaryimage"},"thumbnailUrl":"https:\/\/petronor.eus\/wp-content\/uploads\/2024\/04\/AF_IRIA_LOGOTIPO_RGB.png","datePublished":"2024-04-10T07:07:41+00:00","dateModified":"2024-04-22T08:32:07+00:00","description":"El proyecto IRIA es un proyecto nacional formado por las compa\u00f1\u00edas REPSOL S.A. (REPSOL)","breadcrumb":{"@id":"https:\/\/petronor.eus\/es\/sobre-petronor\/proyectos\/iria-5g\/#breadcrumb"},"inLanguage":"es-ES","potentialAction":[{"@type":"ReadAction","target":["https:\/\/petronor.eus\/es\/sobre-petronor\/proyectos\/iria-5g\/"]}]},{"@type":"ImageObject","inLanguage":"es-ES","@id":"https:\/\/petronor.eus\/es\/sobre-petronor\/proyectos\/iria-5g\/#primaryimage","url":"https:\/\/petronor.eus\/wp-content\/uploads\/2024\/04\/AF_IRIA_LOGOTIPO_RGB.png","contentUrl":"https:\/\/petronor.eus\/wp-content\/uploads\/2024\/04\/AF_IRIA_LOGOTIPO_RGB.png"},{"@type":"BreadcrumbList","@id":"https:\/\/petronor.eus\/es\/sobre-petronor\/proyectos\/iria-5g\/#breadcrumb","itemListElement":[{"@type":"ListItem","position":1,"name":"Home","item":"https:\/\/petronor.eus\/es\/"},{"@type":"ListItem","position":2,"name":"SOBRE PETRONOR","item":"https:\/\/petronor.eus\/es\/sobre-petronor\/"},{"@type":"ListItem","position":3,"name":"PROYECTOS","item":"https:\/\/petronor.eus\/es\/sobre-petronor\/proyectos\/"},{"@type":"ListItem","position":4,"name":"IRIA 5G"}]},{"@type":"WebSite","@id":"https:\/\/petronor.eus\/es\/#website","url":"https:\/\/petronor.eus\/es\/","name":"Petronor","description":"","potentialAction":[{"@type":"SearchAction","target":{"@type":"EntryPoint","urlTemplate":"https:\/\/petronor.eus\/es\/?s={search_term_string}"},"query-input":{"@type":"PropertyValueSpecification","valueRequired":true,"valueName":"search_term_string"}}],"inLanguage":"es-ES"}]}},"_links":{"self":[{"href":"https:\/\/petronor.eus\/es\/wp-json\/wp\/v2\/pages\/74454","targetHints":{"allow":["GET"]}}],"collection":[{"href":"https:\/\/petronor.eus\/es\/wp-json\/wp\/v2\/pages"}],"about":[{"href":"https:\/\/petronor.eus\/es\/wp-json\/wp\/v2\/types\/page"}],"author":[{"embeddable":true,"href":"https:\/\/petronor.eus\/es\/wp-json\/wp\/v2\/users\/1"}],"replies":[{"embeddable":true,"href":"https:\/\/petronor.eus\/es\/wp-json\/wp\/v2\/comments?post=74454"}],"version-history":[{"count":4,"href":"https:\/\/petronor.eus\/es\/wp-json\/wp\/v2\/pages\/74454\/revisions"}],"predecessor-version":[{"id":74918,"href":"https:\/\/petronor.eus\/es\/wp-json\/wp\/v2\/pages\/74454\/revisions\/74918"}],"up":[{"embeddable":true,"href":"https:\/\/petronor.eus\/es\/wp-json\/wp\/v2\/pages\/24"}],"wp:attachment":[{"href":"https:\/\/petronor.eus\/es\/wp-json\/wp\/v2\/media?parent=74454"}],"curies":[{"name":"wp","href":"https:\/\/api.w.org\/{rel}","templated":true}]}}