{"id":74458,"date":"2024-04-10T09:16:19","date_gmt":"2024-04-10T07:16:19","guid":{"rendered":"http:\/\/52.16.126.81\/?page_id=74458"},"modified":"2024-04-22T10:35:31","modified_gmt":"2024-04-22T08:35:31","slug":"h2integra","status":"publish","type":"page","link":"https:\/\/petronor.eus\/es\/sobre-petronor\/proyectos\/h2integra\/","title":{"rendered":"H2INTEGRA"},"content":{"rendered":"<div class=\"row introBlock full-width-section primeraFila maxHeightAuto\">\n<h1>Proyecto H2INTEGRA<\/h1>\n<div id=\"contenedorBannerPB\" style=\"overflow: hidden;\"><img loading=\"lazy\" decoding=\"async\" class=\"alignnone wp-image-2485 size-full\" src=\"https:\/\/petronor.eus\/wp-content\/uploads\/2024\/04\/H2integra-info.png\" alt=\"Iria 5G\" width=\"1176\" height=\"450\" \/><\/div>\n<\/div>\n<div style=\"margin-bottom:30px ; height:1px; clear:both;\"><\/div>\n<div class=\"row \">\n<div class=\"col-lg-8 col-md-8 col-xs-12 col-sm-12\">\n<h2 style=\"color: #01247E;font-size: 26px;font-weight: 100;\n    margin-bottom: 15px;\n    padding-bottom: 10px;\n    font-family: 'Dosis', Arial, Helvetica, Verdana, sans-serif;\">Proyecto H2INTEGRA<\/h2>\n<p style=\"margin-top: 0; padding: 10px;\">H2INTEGRA se trata de un proyecto de I+D liderado por <b>Petronor<\/b> titulado <b>\u201cDesarrollo de soluciones tecnol\u00f3gicas para la integraci\u00f3n \u00f3ptima de la log\u00edstica de hidr\u00f3geno con los usos finales\u201d<\/b><\/p>\n\n<p style=\"margin-top: 0; padding: 10px;\"><b>H2INTEGRA<\/b> tiene como objeto investigar en soluciones f\u00edsicas y digitales para la creaci\u00f3n de un ecosistema de hidr\u00f3geno que conecte y gestione \u00f3ptimamente su generaci\u00f3n, compresi\u00f3n, almacenamiento, distribuci\u00f3n y uso final. Toda la informaci\u00f3n sobre el proyecto las puedes encontrar en <a href=\"https:\/\/www.h2integraproject.tupartneradhoc.com\/\">H2 INTEGRA<\/a>.<\/p>\n\n<p style=\"margin-top: 0; padding: 10px;\">Se trata de un proyecto de colaboraci\u00f3n de investigaci\u00f3n industrial de car\u00e1cter estrat\u00e9gico plurianual (2023-2025) en la que participan las siguientes entidades y\/o agentes de la Red Vasca de Ciencia, Tecnolog\u00eda e Innovaci\u00f3n: Petr\u00f3leos del Norte S.A. (l\u00edder), Envases Metal\u00fargicos de \u00c1lava, S.A, P.Q.C. Power Quality Control S.L., TEAM Ingenier\u00eda y Consultor\u00eda, S.L., Tubos Reunidos Group, S.L. Unipersonal, IBIL Gestor de Carga de Veh\u00edculo El\u00e9ctrico, S.A., CSP Iberian Bilbao Terminal, S.L., Sarralle Engineering S.L., Hydrogen On Site S.L., Nortegas Energia Grupo, S.A.U., ALBA Emission Free Energy S.A. y FERRO Maquinaria DE Elevaci\u00f3n,S.L.<\/p>\n\n<br\/>\n<br\/>\n\n<p style=\"margin-top: 0; padding: 10px;\"><b>ACTUACI\u00d3N COFINANCIADA POR EL GOBIERNO VASCO (DEPARTAMENTO DE DESARROLLO ECON\u00d3MICO, SOSTENIBILIDAD Y MEDIO AMBIENTE) Y LA UNION EUROPEA A TRAV\u00c9S DEL FONDO EUROPEO DE DESARROLLO REGIONAL 2021-2027 (FEDER)<\/b><\/p>\n\n<p style=\"margin-top: 0; padding: 10px; text-align:center;\"><b>Proyecto n.\u00ba<\/b>: ZE-2023\/00016<\/p>\n\n<div class=\"hidden-xs\"><div style=\"margin-bottom:30px ; height:1px; clear:both;\"><\/div><\/div>\n<\/div>\n<!-- FIN PARTE IZQUIERDA -->\n<div class=\"col-lg-4 col-md-4 col-sm-12 col-xs-12\">\n<img decoding=\"async\" src=\"https:\/\/petronor.eus\/wp-content\/uploads\/2024\/04\/GOBIERNO-VASCO.png\" alt=\"logo constitucional\" \/>\n<img decoding=\"async\" src=\"https:\/\/petronor.eus\/wp-content\/uploads\/2024\/04\/COFINANCIADO-POR-LA-UNION-EUROPEA.png\" alt=\"logo constitucional\" \/>\n\n<\/div>\n\n<!-- FIN PARTE DERECHA -->\n<\/div>","protected":false},"excerpt":{"rendered":"","protected":false},"author":1,"featured_media":0,"parent":24,"menu_order":0,"comment_status":"open","ping_status":"closed","template":"","meta":{"footnotes":""},"class_list":["post-74458","page","type-page","status-publish","hentry"],"yoast_head":"<!-- This site is optimized with the Yoast SEO plugin v24.7 - https:\/\/yoast.com\/wordpress\/plugins\/seo\/ -->\n<title>H2INTEGRA - Petronor<\/title>\n<meta name=\"robots\" content=\"index, follow, max-snippet:-1, max-image-preview:large, max-video-preview:-1\" \/>\n<link rel=\"canonical\" href=\"https:\/\/petronor.eus\/es\/sobre-petronor\/proyectos\/h2integra\/\" \/>\n<meta property=\"og:locale\" content=\"es_ES\" \/>\n<meta property=\"og:type\" content=\"article\" \/>\n<meta property=\"og:title\" content=\"H2INTEGRA - Petronor\" \/>\n<meta property=\"og:url\" content=\"https:\/\/petronor.eus\/es\/sobre-petronor\/proyectos\/h2integra\/\" \/>\n<meta property=\"og:site_name\" content=\"Petronor\" \/>\n<meta property=\"article:modified_time\" content=\"2024-04-22T08:35:31+00:00\" \/>\n<meta property=\"og:image\" content=\"https:\/\/petronor.eus\/wp-content\/uploads\/2024\/04\/H2integra-info.png\" \/>\n<meta name=\"twitter:label1\" content=\"Est. reading time\" \/>\n\t<meta name=\"twitter:data1\" content=\"2 minutes\" \/>\n<script type=\"application\/ld+json\" class=\"yoast-schema-graph\">{\"@context\":\"https:\/\/schema.org\",\"@graph\":[{\"@type\":\"WebPage\",\"@id\":\"https:\/\/petronor.eus\/es\/sobre-petronor\/proyectos\/h2integra\/\",\"url\":\"https:\/\/petronor.eus\/es\/sobre-petronor\/proyectos\/h2integra\/\",\"name\":\"H2INTEGRA - Petronor\",\"isPartOf\":{\"@id\":\"https:\/\/petronor.eus\/es\/#website\"},\"primaryImageOfPage\":{\"@id\":\"https:\/\/petronor.eus\/es\/sobre-petronor\/proyectos\/h2integra\/#primaryimage\"},\"image\":{\"@id\":\"https:\/\/petronor.eus\/es\/sobre-petronor\/proyectos\/h2integra\/#primaryimage\"},\"thumbnailUrl\":\"https:\/\/petronor.eus\/wp-content\/uploads\/2024\/04\/H2integra-info.png\",\"datePublished\":\"2024-04-10T07:16:19+00:00\",\"dateModified\":\"2024-04-22T08:35:31+00:00\",\"breadcrumb\":{\"@id\":\"https:\/\/petronor.eus\/es\/sobre-petronor\/proyectos\/h2integra\/#breadcrumb\"},\"inLanguage\":\"es-ES\",\"potentialAction\":[{\"@type\":\"ReadAction\",\"target\":[\"https:\/\/petronor.eus\/es\/sobre-petronor\/proyectos\/h2integra\/\"]}]},{\"@type\":\"ImageObject\",\"inLanguage\":\"es-ES\",\"@id\":\"https:\/\/petronor.eus\/es\/sobre-petronor\/proyectos\/h2integra\/#primaryimage\",\"url\":\"https:\/\/petronor.eus\/wp-content\/uploads\/2024\/04\/H2integra-info.png\",\"contentUrl\":\"https:\/\/petronor.eus\/wp-content\/uploads\/2024\/04\/H2integra-info.png\"},{\"@type\":\"BreadcrumbList\",\"@id\":\"https:\/\/petronor.eus\/es\/sobre-petronor\/proyectos\/h2integra\/#breadcrumb\",\"itemListElement\":[{\"@type\":\"ListItem\",\"position\":1,\"name\":\"Home\",\"item\":\"https:\/\/petronor.eus\/es\/\"},{\"@type\":\"ListItem\",\"position\":2,\"name\":\"SOBRE PETRONOR\",\"item\":\"https:\/\/petronor.eus\/es\/sobre-petronor\/\"},{\"@type\":\"ListItem\",\"position\":3,\"name\":\"PROYECTOS\",\"item\":\"https:\/\/petronor.eus\/es\/sobre-petronor\/proyectos\/\"},{\"@type\":\"ListItem\",\"position\":4,\"name\":\"H2INTEGRA\"}]},{\"@type\":\"WebSite\",\"@id\":\"https:\/\/petronor.eus\/es\/#website\",\"url\":\"https:\/\/petronor.eus\/es\/\",\"name\":\"Petronor\",\"description\":\"\",\"potentialAction\":[{\"@type\":\"SearchAction\",\"target\":{\"@type\":\"EntryPoint\",\"urlTemplate\":\"https:\/\/petronor.eus\/es\/?s={search_term_string}\"},\"query-input\":{\"@type\":\"PropertyValueSpecification\",\"valueRequired\":true,\"valueName\":\"search_term_string\"}}],\"inLanguage\":\"es-ES\"}]}<\/script>\n<!-- \/ Yoast SEO plugin. -->","yoast_head_json":{"title":"H2INTEGRA - Petronor","robots":{"index":"index","follow":"follow","max-snippet":"max-snippet:-1","max-image-preview":"max-image-preview:large","max-video-preview":"max-video-preview:-1"},"canonical":"https:\/\/petronor.eus\/es\/sobre-petronor\/proyectos\/h2integra\/","og_locale":"es_ES","og_type":"article","og_title":"H2INTEGRA - Petronor","og_url":"https:\/\/petronor.eus\/es\/sobre-petronor\/proyectos\/h2integra\/","og_site_name":"Petronor","article_modified_time":"2024-04-22T08:35:31+00:00","og_image":[{"url":"https:\/\/petronor.eus\/wp-content\/uploads\/2024\/04\/H2integra-info.png","type":"","width":"","height":""}],"twitter_misc":{"Est. reading time":"2 minutes"},"schema":{"@context":"https:\/\/schema.org","@graph":[{"@type":"WebPage","@id":"https:\/\/petronor.eus\/es\/sobre-petronor\/proyectos\/h2integra\/","url":"https:\/\/petronor.eus\/es\/sobre-petronor\/proyectos\/h2integra\/","name":"H2INTEGRA - Petronor","isPartOf":{"@id":"https:\/\/petronor.eus\/es\/#website"},"primaryImageOfPage":{"@id":"https:\/\/petronor.eus\/es\/sobre-petronor\/proyectos\/h2integra\/#primaryimage"},"image":{"@id":"https:\/\/petronor.eus\/es\/sobre-petronor\/proyectos\/h2integra\/#primaryimage"},"thumbnailUrl":"https:\/\/petronor.eus\/wp-content\/uploads\/2024\/04\/H2integra-info.png","datePublished":"2024-04-10T07:16:19+00:00","dateModified":"2024-04-22T08:35:31+00:00","breadcrumb":{"@id":"https:\/\/petronor.eus\/es\/sobre-petronor\/proyectos\/h2integra\/#breadcrumb"},"inLanguage":"es-ES","potentialAction":[{"@type":"ReadAction","target":["https:\/\/petronor.eus\/es\/sobre-petronor\/proyectos\/h2integra\/"]}]},{"@type":"ImageObject","inLanguage":"es-ES","@id":"https:\/\/petronor.eus\/es\/sobre-petronor\/proyectos\/h2integra\/#primaryimage","url":"https:\/\/petronor.eus\/wp-content\/uploads\/2024\/04\/H2integra-info.png","contentUrl":"https:\/\/petronor.eus\/wp-content\/uploads\/2024\/04\/H2integra-info.png"},{"@type":"BreadcrumbList","@id":"https:\/\/petronor.eus\/es\/sobre-petronor\/proyectos\/h2integra\/#breadcrumb","itemListElement":[{"@type":"ListItem","position":1,"name":"Home","item":"https:\/\/petronor.eus\/es\/"},{"@type":"ListItem","position":2,"name":"SOBRE PETRONOR","item":"https:\/\/petronor.eus\/es\/sobre-petronor\/"},{"@type":"ListItem","position":3,"name":"PROYECTOS","item":"https:\/\/petronor.eus\/es\/sobre-petronor\/proyectos\/"},{"@type":"ListItem","position":4,"name":"H2INTEGRA"}]},{"@type":"WebSite","@id":"https:\/\/petronor.eus\/es\/#website","url":"https:\/\/petronor.eus\/es\/","name":"Petronor","description":"","potentialAction":[{"@type":"SearchAction","target":{"@type":"EntryPoint","urlTemplate":"https:\/\/petronor.eus\/es\/?s={search_term_string}"},"query-input":{"@type":"PropertyValueSpecification","valueRequired":true,"valueName":"search_term_string"}}],"inLanguage":"es-ES"}]}},"_links":{"self":[{"href":"https:\/\/petronor.eus\/es\/wp-json\/wp\/v2\/pages\/74458","targetHints":{"allow":["GET"]}}],"collection":[{"href":"https:\/\/petronor.eus\/es\/wp-json\/wp\/v2\/pages"}],"about":[{"href":"https:\/\/petronor.eus\/es\/wp-json\/wp\/v2\/types\/page"}],"author":[{"embeddable":true,"href":"https:\/\/petronor.eus\/es\/wp-json\/wp\/v2\/users\/1"}],"replies":[{"embeddable":true,"href":"https:\/\/petronor.eus\/es\/wp-json\/wp\/v2\/comments?post=74458"}],"version-history":[{"count":3,"href":"https:\/\/petronor.eus\/es\/wp-json\/wp\/v2\/pages\/74458\/revisions"}],"predecessor-version":[{"id":74922,"href":"https:\/\/petronor.eus\/es\/wp-json\/wp\/v2\/pages\/74458\/revisions\/74922"}],"up":[{"embeddable":true,"href":"https:\/\/petronor.eus\/es\/wp-json\/wp\/v2\/pages\/24"}],"wp:attachment":[{"href":"https:\/\/petronor.eus\/es\/wp-json\/wp\/v2\/media?parent=74458"}],"curies":[{"name":"wp","href":"https:\/\/api.w.org\/{rel}","templated":true}]}}