{"id":75408,"date":"2024-07-11T12:41:57","date_gmt":"2024-07-11T10:41:57","guid":{"rendered":"https:\/\/petronor.eus\/?page_id=75408"},"modified":"2024-07-11T12:49:09","modified_gmt":"2024-07-11T10:49:09","slug":"h2plan","status":"publish","type":"page","link":"https:\/\/petronor.eus\/es\/sobre-petronor\/proyectos\/h2plan\/","title":{"rendered":"H2PLAN"},"content":{"rendered":"<div class=\"row introBlock full-width-section primeraFila maxHeightAuto\">\n<h1>H2PLAN<\/h1>\n<div id=\"contenedorBannerPB\" style=\"overflow: hidden;\"><img loading=\"lazy\" decoding=\"async\" class=\"alignnone wp-image-2485 size-full\" src=\"\/wp-content\/uploads\/2024\/07\/H2-Plan_logo.jpg\" alt=\"H2PLAN\" width=\"1176\" height=\"450\" \/><\/div>\n<\/div>\n<div style=\"margin-bottom:30px ; height:1px; clear:both;\"><\/div>\n<div class=\"row \">\n<div class=\"col-lg-8 col-md-8 col-xs-12 col-sm-12\">\n<h2 style=\"color: #01247E;font-size: 26px;font-weight: 100;\n    margin-bottom: 15px;\n    padding-bottom: 10px;\n    font-family: 'Dosis', Arial, Helvetica, Verdana, sans-serif;\">H2PLAN<\/h2>\n<p style=\"margin-top: 0; padding: 10px;\"><b>Petronor Innovaci\u00f3n<\/b> forma parte activa del proyecto de I+D H2PLAN dentro de los Planes Complementarios con CCAA del Plan de Recuperaci\u00f3n, Transformaci\u00f3n y Resiliencia financiado por la Union Europea \u2013 NextGenerationEU.<\/p>\n\n<p style=\"margin-top: 0; padding: 10px;\">(Expediente: KC-202\/000021)<\/p>\n\n<div class=\"flex-notice\">\n<img decoding=\"async\" style=\"width: 100%;max-height: 75px;\" src=\"\/wp-content\/uploads\/2024\/07\/nextgeneu_en.jpg\" alt=\"H2PLAN\" \/>\n<img decoding=\"async\" style=\"width: 100%;max-height: 75px;\" src=\"\/wp-content\/uploads\/2024\/07\/2021-VICE3bis2.Gob_.Web_.jpg\" alt=\"H2PLAN\" \/>\n<img decoding=\"async\" style=\"width: 100%;max-height: 75px;\" src=\"\/wp-content\/uploads\/2024\/07\/IDAE-696x371-1.png\" alt=\"H2PLAN\" \/>\n<img decoding=\"async\" style=\"width: 100%;max-height: 75px;\" src=\"\/wp-content\/uploads\/2024\/07\/Logotipo_del_Plan_de_Recuperacion_Transformacion_y_Resiliencia.svg_.png\" alt=\"H2PLAN\" \/>\n<\/div>\n\n<br\/>\n<br\/>\n\n<p style=\"margin-top: 0; padding: 10px;\"><b>La Asociaci\u00f3n Cluster de Energ\u00eda<\/b> participa en el proyecto de I+D H2PLAN \u201cProyecto de Investigaci\u00f3n y Desarrollo de Soluciones Avanzadas para su integraci\u00f3n y Operaci\u00f3n \u00d3ptima en Aplicaciones de Movilidad e Industria (H2PLAN)\u201d que se enmarca dentro de los Planes Complementarios de Energ\u00eda e Hidr\u00f3geno Renovable del Ministerio de Ciencia e Innovaci\u00f3n.<\/p>\n\n<p style=\"margin-top: 0; padding: 10px;\">El proyecto H2PLAN, tiene sus ra\u00edces en el proyecto Elkartek del Programa 2021, conocido como H2BASQUE, cuyo objetivo principal es desarrollar tecnolog\u00edas avanzadas para promover la econom\u00eda del hidr\u00f3geno en el Pa\u00eds Vasco mediante la producci\u00f3n de hidr\u00f3geno verde. Estas tecnolog\u00edas incluyen la electr\u00f3lisis AEM (Membrana de Intercambio de Aniones), la electr\u00f3lisis PEM (Membrana de Intercambio de Protones) y la generaci\u00f3n de hidr\u00f3geno mediante ciclos termoqu\u00edmicos. A su finalizaci\u00f3n, el proyecto H2BASQUE habr\u00e1 desarrollado a escala laboratorio tres prototipos basados en estas tecnolog\u00edas.<\/p>\n\n<p style=\"margin-top: 0; padding: 10px;\">Se trata de un proyecto de colaboraci\u00f3n de investigaci\u00f3n industrial en la que participan las siguientes entidades y\/o agentes de la Red Vasca de Ciencia, Tecnolog\u00eda e Innovaci\u00f3n: TECNALIA (l\u00edder), Tubacex Innovaci\u00f3n, Cidetec, CIC Energigune, la Universidad del Pa\u00eds Vasco\/Euskal Herriko Unibertsitatea, Tekniker, <b>Petronor Innovaci\u00f3n<\/b> y el Cl\u00faster de Energ\u00eda de Euskadi.<\/p>\n\n<p style=\"margin-top: 0; padding: 10px;\">El compromiso de <b>Petronor Innovaci\u00f3n<\/b> y sus socios, contin\u00faa impulsando la innovaci\u00f3n y el desarrollo sostenible a trav\u00e9s de proyectos como H2PLAN, contribuyendo a un futuro energ\u00e9tico m\u00e1s limpio y eficiente.<\/p>\n<\/div>\n<\/div>","protected":false},"excerpt":{"rendered":"","protected":false},"author":1,"featured_media":75417,"parent":24,"menu_order":0,"comment_status":"closed","ping_status":"closed","template":"","meta":{"footnotes":""},"class_list":["post-75408","page","type-page","status-publish","has-post-thumbnail","hentry"],"yoast_head":"<!-- This site is optimized with the Yoast SEO plugin v24.7 - https:\/\/yoast.com\/wordpress\/plugins\/seo\/ -->\n<title>H2PLAN - Petronor<\/title>\n<meta name=\"robots\" content=\"index, follow, max-snippet:-1, max-image-preview:large, max-video-preview:-1\" \/>\n<link rel=\"canonical\" href=\"https:\/\/petronor.eus\/es\/sobre-petronor\/proyectos\/h2plan\/\" \/>\n<meta property=\"og:locale\" content=\"es_ES\" \/>\n<meta property=\"og:type\" content=\"article\" \/>\n<meta property=\"og:title\" content=\"H2PLAN - Petronor\" \/>\n<meta property=\"og:url\" content=\"https:\/\/petronor.eus\/es\/sobre-petronor\/proyectos\/h2plan\/\" \/>\n<meta property=\"og:site_name\" content=\"Petronor\" \/>\n<meta property=\"article:modified_time\" content=\"2024-07-11T10:49:09+00:00\" \/>\n<meta property=\"og:image\" content=\"https:\/\/petronor.eus\/wp-content\/uploads\/2024\/07\/H2-Plan_logo.jpg\" \/>\n\t<meta property=\"og:image:width\" content=\"1479\" \/>\n\t<meta property=\"og:image:height\" content=\"662\" \/>\n\t<meta property=\"og:image:type\" content=\"image\/jpeg\" \/>\n<meta name=\"twitter:label1\" content=\"Est. reading time\" \/>\n\t<meta name=\"twitter:data1\" content=\"3 minutes\" \/>\n<script type=\"application\/ld+json\" class=\"yoast-schema-graph\">{\"@context\":\"https:\/\/schema.org\",\"@graph\":[{\"@type\":\"WebPage\",\"@id\":\"https:\/\/petronor.eus\/es\/sobre-petronor\/proyectos\/h2plan\/\",\"url\":\"https:\/\/petronor.eus\/es\/sobre-petronor\/proyectos\/h2plan\/\",\"name\":\"H2PLAN - Petronor\",\"isPartOf\":{\"@id\":\"https:\/\/petronor.eus\/es\/#website\"},\"primaryImageOfPage\":{\"@id\":\"https:\/\/petronor.eus\/es\/sobre-petronor\/proyectos\/h2plan\/#primaryimage\"},\"image\":{\"@id\":\"https:\/\/petronor.eus\/es\/sobre-petronor\/proyectos\/h2plan\/#primaryimage\"},\"thumbnailUrl\":\"https:\/\/petronor.eus\/wp-content\/uploads\/2024\/07\/H2-Plan_logo.jpg\",\"datePublished\":\"2024-07-11T10:41:57+00:00\",\"dateModified\":\"2024-07-11T10:49:09+00:00\",\"breadcrumb\":{\"@id\":\"https:\/\/petronor.eus\/es\/sobre-petronor\/proyectos\/h2plan\/#breadcrumb\"},\"inLanguage\":\"es-ES\",\"potentialAction\":[{\"@type\":\"ReadAction\",\"target\":[\"https:\/\/petronor.eus\/es\/sobre-petronor\/proyectos\/h2plan\/\"]}]},{\"@type\":\"ImageObject\",\"inLanguage\":\"es-ES\",\"@id\":\"https:\/\/petronor.eus\/es\/sobre-petronor\/proyectos\/h2plan\/#primaryimage\",\"url\":\"https:\/\/petronor.eus\/wp-content\/uploads\/2024\/07\/H2-Plan_logo.jpg\",\"contentUrl\":\"https:\/\/petronor.eus\/wp-content\/uploads\/2024\/07\/H2-Plan_logo.jpg\",\"width\":1479,\"height\":662},{\"@type\":\"BreadcrumbList\",\"@id\":\"https:\/\/petronor.eus\/es\/sobre-petronor\/proyectos\/h2plan\/#breadcrumb\",\"itemListElement\":[{\"@type\":\"ListItem\",\"position\":1,\"name\":\"Home\",\"item\":\"https:\/\/petronor.eus\/es\/\"},{\"@type\":\"ListItem\",\"position\":2,\"name\":\"SOBRE PETRONOR\",\"item\":\"https:\/\/petronor.eus\/es\/sobre-petronor\/\"},{\"@type\":\"ListItem\",\"position\":3,\"name\":\"PROYECTOS\",\"item\":\"https:\/\/petronor.eus\/es\/sobre-petronor\/proyectos\/\"},{\"@type\":\"ListItem\",\"position\":4,\"name\":\"H2PLAN\"}]},{\"@type\":\"WebSite\",\"@id\":\"https:\/\/petronor.eus\/es\/#website\",\"url\":\"https:\/\/petronor.eus\/es\/\",\"name\":\"Petronor\",\"description\":\"\",\"potentialAction\":[{\"@type\":\"SearchAction\",\"target\":{\"@type\":\"EntryPoint\",\"urlTemplate\":\"https:\/\/petronor.eus\/es\/?s={search_term_string}\"},\"query-input\":{\"@type\":\"PropertyValueSpecification\",\"valueRequired\":true,\"valueName\":\"search_term_string\"}}],\"inLanguage\":\"es-ES\"}]}<\/script>\n<!-- \/ Yoast SEO plugin. -->","yoast_head_json":{"title":"H2PLAN - Petronor","robots":{"index":"index","follow":"follow","max-snippet":"max-snippet:-1","max-image-preview":"max-image-preview:large","max-video-preview":"max-video-preview:-1"},"canonical":"https:\/\/petronor.eus\/es\/sobre-petronor\/proyectos\/h2plan\/","og_locale":"es_ES","og_type":"article","og_title":"H2PLAN - Petronor","og_url":"https:\/\/petronor.eus\/es\/sobre-petronor\/proyectos\/h2plan\/","og_site_name":"Petronor","article_modified_time":"2024-07-11T10:49:09+00:00","og_image":[{"width":1479,"height":662,"url":"https:\/\/petronor.eus\/wp-content\/uploads\/2024\/07\/H2-Plan_logo.jpg","type":"image\/jpeg"}],"twitter_misc":{"Est. reading time":"3 minutes"},"schema":{"@context":"https:\/\/schema.org","@graph":[{"@type":"WebPage","@id":"https:\/\/petronor.eus\/es\/sobre-petronor\/proyectos\/h2plan\/","url":"https:\/\/petronor.eus\/es\/sobre-petronor\/proyectos\/h2plan\/","name":"H2PLAN - Petronor","isPartOf":{"@id":"https:\/\/petronor.eus\/es\/#website"},"primaryImageOfPage":{"@id":"https:\/\/petronor.eus\/es\/sobre-petronor\/proyectos\/h2plan\/#primaryimage"},"image":{"@id":"https:\/\/petronor.eus\/es\/sobre-petronor\/proyectos\/h2plan\/#primaryimage"},"thumbnailUrl":"https:\/\/petronor.eus\/wp-content\/uploads\/2024\/07\/H2-Plan_logo.jpg","datePublished":"2024-07-11T10:41:57+00:00","dateModified":"2024-07-11T10:49:09+00:00","breadcrumb":{"@id":"https:\/\/petronor.eus\/es\/sobre-petronor\/proyectos\/h2plan\/#breadcrumb"},"inLanguage":"es-ES","potentialAction":[{"@type":"ReadAction","target":["https:\/\/petronor.eus\/es\/sobre-petronor\/proyectos\/h2plan\/"]}]},{"@type":"ImageObject","inLanguage":"es-ES","@id":"https:\/\/petronor.eus\/es\/sobre-petronor\/proyectos\/h2plan\/#primaryimage","url":"https:\/\/petronor.eus\/wp-content\/uploads\/2024\/07\/H2-Plan_logo.jpg","contentUrl":"https:\/\/petronor.eus\/wp-content\/uploads\/2024\/07\/H2-Plan_logo.jpg","width":1479,"height":662},{"@type":"BreadcrumbList","@id":"https:\/\/petronor.eus\/es\/sobre-petronor\/proyectos\/h2plan\/#breadcrumb","itemListElement":[{"@type":"ListItem","position":1,"name":"Home","item":"https:\/\/petronor.eus\/es\/"},{"@type":"ListItem","position":2,"name":"SOBRE PETRONOR","item":"https:\/\/petronor.eus\/es\/sobre-petronor\/"},{"@type":"ListItem","position":3,"name":"PROYECTOS","item":"https:\/\/petronor.eus\/es\/sobre-petronor\/proyectos\/"},{"@type":"ListItem","position":4,"name":"H2PLAN"}]},{"@type":"WebSite","@id":"https:\/\/petronor.eus\/es\/#website","url":"https:\/\/petronor.eus\/es\/","name":"Petronor","description":"","potentialAction":[{"@type":"SearchAction","target":{"@type":"EntryPoint","urlTemplate":"https:\/\/petronor.eus\/es\/?s={search_term_string}"},"query-input":{"@type":"PropertyValueSpecification","valueRequired":true,"valueName":"search_term_string"}}],"inLanguage":"es-ES"}]}},"_links":{"self":[{"href":"https:\/\/petronor.eus\/es\/wp-json\/wp\/v2\/pages\/75408","targetHints":{"allow":["GET"]}}],"collection":[{"href":"https:\/\/petronor.eus\/es\/wp-json\/wp\/v2\/pages"}],"about":[{"href":"https:\/\/petronor.eus\/es\/wp-json\/wp\/v2\/types\/page"}],"author":[{"embeddable":true,"href":"https:\/\/petronor.eus\/es\/wp-json\/wp\/v2\/users\/1"}],"replies":[{"embeddable":true,"href":"https:\/\/petronor.eus\/es\/wp-json\/wp\/v2\/comments?post=75408"}],"version-history":[{"count":11,"href":"https:\/\/petronor.eus\/es\/wp-json\/wp\/v2\/pages\/75408\/revisions"}],"predecessor-version":[{"id":75436,"href":"https:\/\/petronor.eus\/es\/wp-json\/wp\/v2\/pages\/75408\/revisions\/75436"}],"up":[{"embeddable":true,"href":"https:\/\/petronor.eus\/es\/wp-json\/wp\/v2\/pages\/24"}],"wp:featuredmedia":[{"embeddable":true,"href":"https:\/\/petronor.eus\/es\/wp-json\/wp\/v2\/media\/75417"}],"wp:attachment":[{"href":"https:\/\/petronor.eus\/es\/wp-json\/wp\/v2\/media?parent=75408"}],"curies":[{"name":"wp","href":"https:\/\/api.w.org\/{rel}","templated":true}]}}