{"id":756,"date":"2015-01-05T19:38:36","date_gmt":"2015-01-05T19:38:36","guid":{"rendered":"https:\/\/petronor.eus\/?page_id=756"},"modified":"2025-11-12T14:02:27","modified_gmt":"2025-11-12T13:02:27","slug":"contacto","status":"publish","type":"page","link":"https:\/\/petronor.eus\/es\/contacto\/","title":{"rendered":"Contacto y localizaci\u00f3n"},"content":{"rendered":"<div class=\"row introBlock full-width-section-contacto\">\n\n<h1 style=\"margin-top: 0;\">CONTACTO Y LOCALIZACI\u00d3N<\/h1>\n<div class=\"col-lg-5 col-md-5 col-xs-12 col-sm-12\">\n<div class=\"tablaHeader\">\n<div class=\"celda celdaIzquierda \"><h3>NUESTRA SEDE<\/h3><\/div>\n<div class=\"celda\"><div class=\"widgettitlewrapper\">&nbsp;<\/div><\/div>\n<\/div>\n<ul id=\"nav_contacto\">\n\t<li class=\"ico_ubi\">San Martin Auzoa 5 Edificio Mu\u00f1atones 48550 Muskiz (Bizkaia)<\/li>\n\t<li class=\"ico_tel\">TEL\n(+34) 946 357 000<\/li>\n\t<!--<li class=\"ico_email\">E-MAIL\n<a href=\"mailto:prentsa@petronor.com\">prentsa@petronor.com<\/a><\/li>-->\n\t<li class=\"ico_gps\">Coordenadas GPS\n+43\u00b0 19&#8242; 29.0742&#8243; N\n-3\u00b0 6&#8242; 45.1224&#8243; W<\/li>\n<\/ul>\n<\/div>\n<div class=\"col-lg-7 col-md-7 col-xs-12 col-sm-12\">\n<div>\n<iframe loading=\"lazy\" src=\"https:\/\/www.google.com\/maps\/d\/embed?mid=1XRRsqckaxHgXPPGgEriBn8sGBOmO5Js&#038;ehbc=2E312F&#038;noprof=1\" width=\"100%\" height=\"450\"><\/iframe>\n<\/div>\n<!--&#091;column lg=\"2\" md=\"2\" sm=\"12\" xs=\"12\" &#093;\n&#091;\/column&#093;-->\n<!--&#091;column lg=\"6\" md=\"6\" sm=\"12\" xs=\"12\" &#093;\n<ul id=\"nav_contacto\">\n\t<li class=\"ico_ubi\">San Martin Auzoa 5 Edificio Mu\u00f1atones 48550 Muskiz (Bizkaia)<\/li>\n\t<li class=\"ico_tel\">TEL\n(+34) 946 357 000<\/li>\n\t<!--<li class=\"ico_email\">E-MAIL\n<a href=\"mailto:prentsa@petronor.com\">prentsa@petronor.com<\/a><\/li>-->\n\t<li class=\"ico_gps\">Coordenadas GPS\n+43\u00b0 19&#8242; 29.0742&#8243; N\n-3\u00b0 6&#8242; 45.1224&#8243; W<\/li>\n<\/ul>\n[\/column]&#8211;>\n<!--&#091;column lg=\"10\" md=\"12\" sm=\"12\" xs=\"12\" &#093;\n&#091;mapa_contacto&#093;\n&#091;\/column&#093;-->\n<\/div>\n\n<!--[row]\n[column lg=\"6\" md=\"6\" sm=\"12\" xs=\"12\" ]\n<div>\n<iframe loading=\"lazy\" src=\"https:\/\/www.google.com\/maps\/d\/embed?mid=1XRRsqckaxHgXPPGgEriBn8sGBOmO5Js&ehbc=2E312F&noprof=1\" width=\"100%\" height=\"480\"><\/iframe>\n[\/column]\n[column lg=\"5\" md=\"5\" sm=\"12\" xs=\"12\" ]\n<iframe src=\"https:\/\/www.google.com\/maps\/embed?pb=!1m18!1m12!1m3!1d6903.160058513976!2d-3.1189237845486812!3d43.32637295098807!2m3!1f0!2f0!3f0!3m2!1i1024!2i768!4f13.1!3m3!1m2!1s0xd4ef632bf23d2ed%3A0x93b0a997dc304bf1!2sPetronor!5e0!3m2!1ses!2ses!4v1727940857332!5m2!1ses!2ses\" width=\"600\" height=\"450\" style=\"border:0;\" allowfullscreen=\"\" loading=\"lazy\" referrerpolicy=\"no-referrer-when-downgrade\"><\/iframe>\n[\/column]\n[column lg=\"2\" md=\"2\" sm=\"12\" xs=\"12\" ]\n[\/column]\n[column lg=\"5\" md=\"5\" sm=\"12\" xs=\"12\" ]\n<iframe src=\"https:\/\/www.google.com\/maps\/embed?pb=!1m18!1m12!1m3!1d6903.160058513976!2d-3.1189237845486812!3d43.32637295098807!2m3!1f0!2f0!3f0!3m2!1i1024!2i768!4f13.1!3m3!1m2!1s0xd4ef632bf23d2ed%3A0x93b0a997dc304bf1!2sPetronor!5e0!3m2!1ses!2ses!4v1727940857332!5m2!1ses!2ses\" width=\"600\" height=\"450\" style=\"border:0;\" allowfullscreen=\"\" loading=\"lazy\" referrerpolicy=\"no-referrer-when-downgrade\"><\/iframe>\n[\/column]\n[\/row]-->\n\n<div style=\"margin-bottom:30px ; height:1px; clear:both;\"><\/div>\n<div class=\"row \">\n\n<div class=\"col-lg-12 col-md-12 col-xs-12 col-sm-12\">\n<div class=\"row\"><div class=\" col-lg-8 col-md- col-sm- col-xs- col-lg-offset- \">\n<div class=\"tablaHeader\">\n<div class=\"celda celdaIzquierda \"><h3>FORMULARIO DE CONTACTO<\/h3><\/div>\n<div class=\"celda\"><div class=\"widgettitlewrapper\">&nbsp;<\/div><\/div>\n<\/div>\n\n<div class=\"wpcf7 no-js\" id=\"wpcf7-f4-o1\" lang=\"es-ES\" dir=\"ltr\" data-wpcf7-id=\"4\">\n<div class=\"screen-reader-response\"><p role=\"status\" aria-live=\"polite\" aria-atomic=\"true\"><\/p> <ul><\/ul><\/div>\n<form action=\"\/es\/wp-json\/wp\/v2\/pages\/756#wpcf7-f4-o1\" method=\"post\" class=\"wpcf7-form init wpcf7-acceptance-as-validation\" aria-label=\"Contact form\" novalidate=\"novalidate\" data-status=\"init\">\n<div style=\"display: none;\">\n<input type=\"hidden\" name=\"_wpcf7\" value=\"4\" \/>\n<input type=\"hidden\" name=\"_wpcf7_version\" value=\"6.0.5\" \/>\n<input type=\"hidden\" name=\"_wpcf7_locale\" value=\"es_ES\" \/>\n<input type=\"hidden\" name=\"_wpcf7_unit_tag\" value=\"wpcf7-f4-o1\" \/>\n<input type=\"hidden\" name=\"_wpcf7_container_post\" value=\"0\" \/>\n<input type=\"hidden\" name=\"_wpcf7_posted_data_hash\" value=\"\" \/>\n<\/div>\n<div class=\"row\">\n\t<div class=\"col-md-12\">\n\t<div class=\"wpcf7-response-output\" aria-hidden=\"true\"><\/div>\n\t<\/div>\n\t<div class=\"col-md-12\">\n\t\t<p><span class=\"wpcf7-form-control-wrap\" data-name=\"text-778\"><input size=\"40\" maxlength=\"400\" class=\"wpcf7-form-control wpcf7-text wpcf7-validates-as-required\" aria-required=\"true\" aria-invalid=\"false\" placeholder=\"Nombre y apellido \/Raz\u00f3n social *\" value=\"\" type=\"text\" name=\"text-778\" \/><\/span><span class=\"wpcf7-form-control-wrap\" data-name=\"textarea-881\"><textarea cols=\"40\" rows=\"10\" maxlength=\"2000\" class=\"wpcf7-form-control wpcf7-textarea wpcf7-validates-as-required\" aria-required=\"true\" aria-invalid=\"false\" placeholder=\"Consulta o sugerencia *\" name=\"textarea-881\"><\/textarea><\/span>\n\t\t<\/p>\n\t<\/div>\n\t<p class=\"col-md-12\"><br \/>\nSi deseas que nos pongamos en contacto contigo, ind\u00edcanos el medio:\n\t<\/p>\n\t<div class=\"smallrow\">\n\t\t<div class=\"itemx\">\n\t\t\t<div class=\"ccorreo\">\n\t\t\t<\/div>\n\t\t<\/div>\n\t\t<div class=\"itemx\">\n\t\t\t<div class=\"cemail\">\n\t\t\t<\/div>\n\t\t<\/div>\n\t\t<div class=\"itemx\">\n\t\t\t<div class=\"ctel\">\n\t\t\t<\/div>\n\t\t<\/div>\n\t<\/div>\n\t<div id=\"comunicar\">\n\t\t<div id=\"ccorreo\">\n\t\t\t<p>Correo postal (direcci\u00f3n,localidad y CP)<br \/>\n<span class=\"wpcf7-form-control-wrap\" data-name=\"text-correo\"><input size=\"40\" maxlength=\"400\" class=\"wpcf7-form-control wpcf7-text wpcf7-validates-as-required\" aria-required=\"true\" aria-invalid=\"false\" placeholder=\"Introduce una direcci\u00f3n de contacto\" value=\"\" type=\"text\" name=\"text-correo\" \/><\/span>\n\t\t\t<\/p>\n\t\t<\/div>\n\t\t<div id=\"cemail\">\n\t\t\t<p>E-mail<br \/>\n<span class=\"wpcf7-form-control-wrap\" data-name=\"text-email\"><input size=\"40\" maxlength=\"400\" class=\"wpcf7-form-control wpcf7-email wpcf7-validates-as-required wpcf7-text wpcf7-validates-as-email\" aria-required=\"true\" aria-invalid=\"false\" placeholder=\"Introduce una direcci\u00f3n de correo electr\u00f3nico\" value=\"\" type=\"email\" name=\"text-email\" \/><\/span>\n\t\t\t<\/p>\n\t\t<\/div>\n\t\t<div id=\"ctel\">\n\t\t\t<p>Tel\u00e9fono<br \/>\n<span class=\"wpcf7-form-control-wrap\" data-name=\"text-tel\"><input size=\"40\" maxlength=\"400\" class=\"wpcf7-form-control wpcf7-text wpcf7-validates-as-required\" aria-required=\"true\" aria-invalid=\"false\" placeholder=\"Introduce un tel\u00e9fono de contacto\" value=\"\" type=\"text\" name=\"text-tel\" \/><\/span>\n\t\t\t<\/p>\n\t\t<\/div>\n\t<\/div>\n\t<p><span class=\"wpcf7-form-control-wrap\" data-name=\"aceptar-terminos\"><span class=\"wpcf7-form-control wpcf7-acceptance\"><span class=\"wpcf7-list-item\"><input type=\"checkbox\" name=\"aceptar-terminos\" value=\"1\" aria-invalid=\"false\" \/><\/span><\/span><\/span>\n\t<\/p>\n\t<p style=\"line-height: 1.3em; text-align: justify; padding:0px 6px;\">Los datos que nos facilites a trav\u00e9s de este formulario ser\u00e1n tratados de acuerdo con la siguiente informaci\u00f3n:<br \/>\nResponsable: PETROLEOS DEL NORTE, S.A. (con domicilio en San Mart\u00edn 5-Edificio Mu\u00f1atones, 48550 Muskiz, (Bizkaia));<br \/>\nDelegado de Protecci\u00f3n de Datos: <a href=\"mailto=protecciondedatos@repsol.com\">protecciondedatos@repsol.com<\/a>; Finalidad: resolver la consulta, petici\u00f3n, reclamaci\u00f3n, sugerencia o queja que nos plantees. Base leg\u00edtima: tu consentimiento al enviarnos este formulario.<br \/>\nDestinatarios: (i) Los que resulten necesarios conforme a Ley, (ii) los proveedores que nos presten servicios en su condici\u00f3n de encargado del tratamiento y (iii) aquellos terceros a los que necesariamente debamos contactar para poder darte una respuesta; Conservaci\u00f3n: el tiempo necesario para atender tu consulta, petici\u00f3n, reclamaci\u00f3n, sugerencia o queja y, tras ello, los conservaremos bloqueados por el tiempo de prescripci\u00f3n de las acciones legales;<br \/>\nDerechos: acceso, rectificaci\u00f3n, oposici\u00f3n, supresi\u00f3n, portabilidad, limitaci\u00f3n del tratamiento, as\u00ed como a retirar el consentimiento prestado. Estos derechos podr\u00e1n ejercitarse mediante el env\u00edo de un correo electr\u00f3nico a <a href=\"mailto=protecciondedatos@repsol.com\">protecciondedatos@repsol.com<\/a> ; Asimismo, podr\u00e1s formular, en cualquier momento, una reclamaci\u00f3n ante la autoridad de control; Info ampliada: en la Pol\u00edtica de Privacidad y en el Canal de \u00e9tica y cumplimiento disponible en <a href=\"www.repsol.com\">www.repsol.com.<\/a>\n\t<\/p>\n\t<p><input class=\"wpcf7-form-control wpcf7-submit has-spinner\" id=\"btn_enviar\" type=\"submit\" value=\"ENVIAR\" \/>\n\t<\/p>\n<\/div>\n<\/form>\n<\/div>\n\n<\/div>\n<div class=\"sc-column col-lg-4 col-md- col-sm- col-xs- col-lg-offset- \">\n<div class=\"tablaHeader\">\n<div class=\"celda celdaIzquierda \"><h3>DEPARTAMENTO DE PRENSA<\/h3><\/div>\n<div class=\"celda\"><div class=\"widgettitlewrapper\">&nbsp;<\/div><\/div>\n<\/div><div style=\"margin-bottom:25px ; height:1px; clear:both;\"><\/div>\n<ul id=\"dprensa\">\n\t<!--<li class=\"lemail\"><a href=\"mailto:prentsa@petronor.com\">prentsa@petronor.com<\/a><\/li>-->\n\t<li class=\"ltel\">TEL 628 07 61 16<\/li>\n\t\n<\/ul>\n<div style=\"margin-bottom:45px ; height:1px; clear:both;\"><\/div>\n<!--&#091;headerConFranja texto=\"EMPLEO\"&#093;\nPetronor gestiona todas las contrataciones a trav\u00e9s del <a style=\"text-decoration: underline;\" href=\"https:\/\/www.repsol.energy\/es\/empleo\/index.cshtml?_ga=2.39242784.2098546847.1518076392-71771081.1470382985&_gac=1.149734018.1518076410.EAIaIQobChMIpt6Kn-uV2QIVAQvTCh2bRQChEAAYASAAEgL5M_D_BwE\" target=\"_blank\" rel=\"noopener\">Canal de Empleo Repsol<\/a>-->\n<div class=\"tablaHeader\">\n<div class=\"celda celdaIzquierda \"><h3>ENV\u00cdA TU CV<\/h3><\/div>\n<div class=\"celda\"><div class=\"widgettitlewrapper\">&nbsp;<\/div><\/div>\n<\/div>\n<p id=\"trabajaconnosotros\">Petronor gestiona todas las contrataciones a trav\u00e9s de la Unidad de Selecci\u00f3n de la D.C. de Personas de Repsol, grupo al que pertenece y con el que mantiene una pol\u00edtica de empleo com\u00fan.\nPor ello, si quieres formar parte de Petronor y trabajar en cualquiera de nuestras \u00e1reas laborales, entra en el Canal de Empleo en el siguiente enlace:<\/p><div style=\"margin-bottom:15px ; height:1px; clear:both;\"><\/div><a class=\"btn btn-default btn-lg ancho100  \" href=\"https:\/\/www.repsol.com\/es\/empleo\/index.cshtml\"  target=\"_blank\"><i class=\"glyphicon glyphicon-save\" ><\/i> Canal de Empleo de Repsol<\/a>\n<\/div>\n\n<\/div>\n<\/div>\n<\/div>","protected":false},"excerpt":{"rendered":"","protected":false},"author":1,"featured_media":0,"parent":0,"menu_order":0,"comment_status":"open","ping_status":"open","template":"template-contacto.php","meta":{"footnotes":""},"class_list":["post-756","page","type-page","status-publish","hentry"],"yoast_head":"<!-- This site is optimized with the Yoast SEO plugin v24.7 - https:\/\/yoast.com\/wordpress\/plugins\/seo\/ -->\n<title>Contacto y localizaci\u00f3n - Petronor<\/title>\n<meta name=\"description\" content=\"Direcci\u00f3n y formulario de contacto general de la refiner\u00eda Petronor.\" \/>\n<meta name=\"robots\" content=\"index, follow, max-snippet:-1, max-image-preview:large, max-video-preview:-1\" \/>\n<link rel=\"canonical\" href=\"https:\/\/petronor.eus\/es\/contacto\/\" \/>\n<meta property=\"og:locale\" content=\"es_ES\" \/>\n<meta property=\"og:type\" content=\"article\" \/>\n<meta property=\"og:title\" content=\"Contacto y localizaci\u00f3n - Petronor\" \/>\n<meta property=\"og:description\" content=\"Direcci\u00f3n y formulario de contacto general de la refiner\u00eda Petronor.\" \/>\n<meta property=\"og:url\" content=\"https:\/\/petronor.eus\/es\/contacto\/\" \/>\n<meta property=\"og:site_name\" content=\"Petronor\" \/>\n<meta property=\"article:modified_time\" content=\"2025-11-12T13:02:27+00:00\" \/>\n<meta name=\"twitter:label1\" content=\"Est. reading time\" \/>\n\t<meta name=\"twitter:data1\" content=\"1 minute\" \/>\n<script type=\"application\/ld+json\" class=\"yoast-schema-graph\">{\"@context\":\"https:\/\/schema.org\",\"@graph\":[{\"@type\":\"WebPage\",\"@id\":\"https:\/\/petronor.eus\/es\/contacto\/\",\"url\":\"https:\/\/petronor.eus\/es\/contacto\/\",\"name\":\"Contacto y localizaci\u00f3n - Petronor\",\"isPartOf\":{\"@id\":\"https:\/\/petronor.eus\/es\/#website\"},\"datePublished\":\"2015-01-05T19:38:36+00:00\",\"dateModified\":\"2025-11-12T13:02:27+00:00\",\"description\":\"Direcci\u00f3n y formulario de contacto general de la refiner\u00eda Petronor.\",\"breadcrumb\":{\"@id\":\"https:\/\/petronor.eus\/es\/contacto\/#breadcrumb\"},\"inLanguage\":\"es-ES\",\"potentialAction\":[{\"@type\":\"ReadAction\",\"target\":[\"https:\/\/petronor.eus\/es\/contacto\/\"]}]},{\"@type\":\"BreadcrumbList\",\"@id\":\"https:\/\/petronor.eus\/es\/contacto\/#breadcrumb\",\"itemListElement\":[{\"@type\":\"ListItem\",\"position\":1,\"name\":\"Home\",\"item\":\"https:\/\/petronor.eus\/es\/\"},{\"@type\":\"ListItem\",\"position\":2,\"name\":\"Contacto y localizaci\u00f3n\"}]},{\"@type\":\"WebSite\",\"@id\":\"https:\/\/petronor.eus\/es\/#website\",\"url\":\"https:\/\/petronor.eus\/es\/\",\"name\":\"Petronor\",\"description\":\"\",\"potentialAction\":[{\"@type\":\"SearchAction\",\"target\":{\"@type\":\"EntryPoint\",\"urlTemplate\":\"https:\/\/petronor.eus\/es\/?s={search_term_string}\"},\"query-input\":{\"@type\":\"PropertyValueSpecification\",\"valueRequired\":true,\"valueName\":\"search_term_string\"}}],\"inLanguage\":\"es-ES\"}]}<\/script>\n<!-- \/ Yoast SEO plugin. -->","yoast_head_json":{"title":"Contacto y localizaci\u00f3n - Petronor","description":"Direcci\u00f3n y formulario de contacto general de la refiner\u00eda Petronor.","robots":{"index":"index","follow":"follow","max-snippet":"max-snippet:-1","max-image-preview":"max-image-preview:large","max-video-preview":"max-video-preview:-1"},"canonical":"https:\/\/petronor.eus\/es\/contacto\/","og_locale":"es_ES","og_type":"article","og_title":"Contacto y localizaci\u00f3n - Petronor","og_description":"Direcci\u00f3n y formulario de contacto general de la refiner\u00eda Petronor.","og_url":"https:\/\/petronor.eus\/es\/contacto\/","og_site_name":"Petronor","article_modified_time":"2025-11-12T13:02:27+00:00","twitter_misc":{"Est. reading time":"1 minute"},"schema":{"@context":"https:\/\/schema.org","@graph":[{"@type":"WebPage","@id":"https:\/\/petronor.eus\/es\/contacto\/","url":"https:\/\/petronor.eus\/es\/contacto\/","name":"Contacto y localizaci\u00f3n - Petronor","isPartOf":{"@id":"https:\/\/petronor.eus\/es\/#website"},"datePublished":"2015-01-05T19:38:36+00:00","dateModified":"2025-11-12T13:02:27+00:00","description":"Direcci\u00f3n y formulario de contacto general de la refiner\u00eda Petronor.","breadcrumb":{"@id":"https:\/\/petronor.eus\/es\/contacto\/#breadcrumb"},"inLanguage":"es-ES","potentialAction":[{"@type":"ReadAction","target":["https:\/\/petronor.eus\/es\/contacto\/"]}]},{"@type":"BreadcrumbList","@id":"https:\/\/petronor.eus\/es\/contacto\/#breadcrumb","itemListElement":[{"@type":"ListItem","position":1,"name":"Home","item":"https:\/\/petronor.eus\/es\/"},{"@type":"ListItem","position":2,"name":"Contacto y localizaci\u00f3n"}]},{"@type":"WebSite","@id":"https:\/\/petronor.eus\/es\/#website","url":"https:\/\/petronor.eus\/es\/","name":"Petronor","description":"","potentialAction":[{"@type":"SearchAction","target":{"@type":"EntryPoint","urlTemplate":"https:\/\/petronor.eus\/es\/?s={search_term_string}"},"query-input":{"@type":"PropertyValueSpecification","valueRequired":true,"valueName":"search_term_string"}}],"inLanguage":"es-ES"}]}},"_links":{"self":[{"href":"https:\/\/petronor.eus\/es\/wp-json\/wp\/v2\/pages\/756","targetHints":{"allow":["GET"]}}],"collection":[{"href":"https:\/\/petronor.eus\/es\/wp-json\/wp\/v2\/pages"}],"about":[{"href":"https:\/\/petronor.eus\/es\/wp-json\/wp\/v2\/types\/page"}],"author":[{"embeddable":true,"href":"https:\/\/petronor.eus\/es\/wp-json\/wp\/v2\/users\/1"}],"replies":[{"embeddable":true,"href":"https:\/\/petronor.eus\/es\/wp-json\/wp\/v2\/comments?post=756"}],"version-history":[{"count":83,"href":"https:\/\/petronor.eus\/es\/wp-json\/wp\/v2\/pages\/756\/revisions"}],"predecessor-version":[{"id":81559,"href":"https:\/\/petronor.eus\/es\/wp-json\/wp\/v2\/pages\/756\/revisions\/81559"}],"wp:attachment":[{"href":"https:\/\/petronor.eus\/es\/wp-json\/wp\/v2\/media?parent=756"}],"curies":[{"name":"wp","href":"https:\/\/api.w.org\/{rel}","templated":true}]}}