{"id":75645,"date":"2024-09-26T14:06:38","date_gmt":"2024-09-26T12:06:38","guid":{"rendered":"https:\/\/petronor.eus\/?page_id=75645"},"modified":"2026-01-09T09:29:15","modified_gmt":"2026-01-09T08:29:15","slug":"hacia-una-refineria-descarbonizada","status":"publish","type":"page","link":"https:\/\/petronor.eus\/es\/hacia-una-refineria-descarbonizada\/","title":{"rendered":"HACIA UNA REFINER\u00cdA DESCARBONIZADA"},"content":{"rendered":"<div class=\"row introBlock full-width-section primeraFila maxHeightAuto\">\n<h1 style=\"margin-top: 0;\">HACIA UNA REFINER\u00cdA DESCARBONIZADA<\/h1>\n<\/div>\n<div style=\"margin-bottom:30px ; height:1px; clear:both;\"><\/div>\n<div class=\"row \">\n<div class=\"col-lg-8 col-md-8 col-xs-12 col-sm-12\">\n<h2 style=\"color: #01247E;font-size: 26px;font-weight: 100;\n    margin-bottom: 15px;\n    padding-bottom: 10px;\n    font-family: 'Dosis', Arial, Helvetica, Verdana, sans-serif;\">La primera gran transformaci\u00f3n<\/h2>\n<p style=\"margin-top: 0; padding: 10px;\">Petronor desde su puesta en marcha en 1972, como una refiner\u00eda dedicada a producir fuel-oil para las t\u00e9rmicas que producen electricidad para los nuevas demandas de aquellos tiempos, hasta nuestros d\u00edas en los que somos capaces de eliminar el fuel-oil de nuestra producci\u00f3n y maximizar la producci\u00f3n de combustibles con un menos impacto ambiental (gasoil, gasolina, Keroseno, nafta, ..) y de sustituir el fuel-oil como energ\u00eda de proceso por el gas natural, podemos decir que Petronor ha sido capaz de completar con \u00e9xito su <b>\u201cprimera gran transformaci\u00f3n\u201d<\/b>, que ha supuesto  cambiar de cliente, cambiar de producto, cambiar de energ\u00eda de proceso y incrementar de forma notable la eficiencia del proceso. Todo ello gracias a un intenso proceso inversor de m\u00e1s de 1.850 millones de euros en el per\u00edodo 2008 \u2013 2023 y la incorporaci\u00f3n de las mejores tecnolog\u00edas disponibles.<\/p>\n\n<p style=\"margin-top: 0; padding: 10px;\">Esta transformaci\u00f3n ha supuesto un avance muy significativo en la descarbonizaci\u00f3n tanto del proceso como del producto, pero la tecnolog\u00eda disponible no permit\u00eda llegar al nivel ce conseguir una refiner\u00eda descarbonizada. De hecho no se sab\u00eda como podr\u00eda ser una Refiner\u00eda descarbonizada.<\/p>\n<h2 style=\"color: #01247E;font-size: 26px;font-weight: 100;\n    margin-bottom: 15px;\n    padding-bottom: 10px;\n    font-family: 'Dosis', Arial, Helvetica, Verdana, sans-serif;\">La segunda gran transformaci\u00f3n<\/h2>\n<p style=\"margin-top: 0; padding: 10px;\">Petronor inicia su segunda gran transformaci\u00f3n a finales de 2019, con el compromiso de contribuir al objetivo del Grupo Repsol de cero emisiones netas en 2050, en definitiva,  lograr una refiner\u00eda descarbonizada.<\/p>\n<p style=\"margin-top: 0; padding: 10px;\">El primer reto al que se enfrenta es responder a la pregunta de \u00bfCOMO ES UNA REFINERIA DESCARBONIZADA?  para dar respuesta a esta pregunta, y una vez m\u00e1s adaptarse a las demandas sociales, en este caso de la lucha contra el cambio clim\u00e1tico.<\/p>\n<p style=\"margin-top: 0; padding: 10px;\">Hasta ese momento era un concepto que no exist\u00eda.<\/p>\n<p style=\"margin-top: 0; padding: 10px;\">Se define como ser\u00eda una REFINERIA DESCARBONIZADA en base a cuatro elementos:<\/p>\n<ul class=\"listaReseteada listaFlechada\">\n\t<p><li><b>Econom\u00eda Circular<\/b>: Cambiar la materia prima con que se alimenta la planta, sustituyendo una parte significativa del crudo por residuos (Biomasa, Residuos urbanos, aceite de cocina usado, etc.. ). Con esto adem\u00e1s contribuimos a dar respuesta a otro de los grandes retos de la sociedad: el tratamiento de los residuos.<\/li><\/p>\n\t<p><li><b>Cambiar la energ\u00eda de proceso<\/b>: Sustituir el gas natural por el hidrogeno renovable y que toda la energ\u00eda el\u00e9ctrica provenga de fuentes renovables.<\/li><\/p>\n\t<p><li><b>Producir combustibles renovables<\/b>: Hidr\u00f3geno Renovable, Biocombustibles avanzados y Combustibles sint\u00e9ticos.<\/li><\/p>\n\t<p><li><b>Captura y utilizaci\u00f3n de CO2.<\/b> Para cerrar el balance se proceder\u00e1 a la captura del CO2 generado en el proceso para su utilizaci\u00f3n como materia prima en los combustibles sint\u00e9ticos.<\/li><\/p>\n<\/ul>\n<p style=\"margin-top: 0; padding: 10px;\">En Petronor nos mantenemos fieles a nuestra historia y vamos a ser parte de la soluci\u00f3n, tambi\u00e9n ante el reto de la descarbonizaci\u00f3n.<\/p>\n<p style=\"margin-top: 0; padding: 10px;\">La f\u00f3rmula es la de siempre;  tecnolog\u00eda e inversi\u00f3n. En consecuencia, se ha establecido una hoja de ruta de proyectos concretos para pasar de la situaci\u00f3n actual a esa refiner\u00eda descarbonizada. <\/p>\n\n<div class=\"block__mas-actividades\" style=\"text-align:center;\">\n        <a class=\"btn btn-primary\" href=\"\/es\/hacia-una-refineria-descarbonizada\/hoja-de-ruta-hacia-una-refineria-descarbonizada\/\">Conoce nuestra hoja de ruta<\/a>\n    <\/div>\n<\/div>\n\n<\/div>","protected":false},"excerpt":{"rendered":"","protected":false},"author":1,"featured_media":0,"parent":0,"menu_order":0,"comment_status":"closed","ping_status":"closed","template":"","meta":{"footnotes":""},"class_list":["post-75645","page","type-page","status-publish","hentry"],"yoast_head":"<!-- This site is optimized with the Yoast SEO plugin v24.7 - https:\/\/yoast.com\/wordpress\/plugins\/seo\/ -->\n<title>HACIA UNA REFINER\u00cdA DESCARBONIZADA - Petronor<\/title>\n<meta name=\"robots\" content=\"index, follow, max-snippet:-1, max-image-preview:large, max-video-preview:-1\" \/>\n<link rel=\"canonical\" href=\"https:\/\/petronor.eus\/es\/hacia-una-refineria-descarbonizada\/\" \/>\n<meta property=\"og:locale\" content=\"es_ES\" \/>\n<meta property=\"og:type\" content=\"article\" \/>\n<meta property=\"og:title\" content=\"HACIA UNA REFINER\u00cdA DESCARBONIZADA - Petronor\" \/>\n<meta property=\"og:url\" content=\"https:\/\/petronor.eus\/es\/hacia-una-refineria-descarbonizada\/\" \/>\n<meta property=\"og:site_name\" content=\"Petronor\" \/>\n<meta property=\"article:modified_time\" content=\"2026-01-09T08:29:15+00:00\" \/>\n<meta name=\"twitter:label1\" content=\"Est. reading time\" \/>\n\t<meta name=\"twitter:data1\" content=\"3 minutes\" \/>\n<script type=\"application\/ld+json\" class=\"yoast-schema-graph\">{\"@context\":\"https:\/\/schema.org\",\"@graph\":[{\"@type\":\"WebPage\",\"@id\":\"https:\/\/petronor.eus\/es\/hacia-una-refineria-descarbonizada\/\",\"url\":\"https:\/\/petronor.eus\/es\/hacia-una-refineria-descarbonizada\/\",\"name\":\"HACIA UNA REFINER\u00cdA DESCARBONIZADA - Petronor\",\"isPartOf\":{\"@id\":\"https:\/\/petronor.eus\/es\/#website\"},\"datePublished\":\"2024-09-26T12:06:38+00:00\",\"dateModified\":\"2026-01-09T08:29:15+00:00\",\"breadcrumb\":{\"@id\":\"https:\/\/petronor.eus\/es\/hacia-una-refineria-descarbonizada\/#breadcrumb\"},\"inLanguage\":\"es-ES\",\"potentialAction\":[{\"@type\":\"ReadAction\",\"target\":[\"https:\/\/petronor.eus\/es\/hacia-una-refineria-descarbonizada\/\"]}]},{\"@type\":\"BreadcrumbList\",\"@id\":\"https:\/\/petronor.eus\/es\/hacia-una-refineria-descarbonizada\/#breadcrumb\",\"itemListElement\":[{\"@type\":\"ListItem\",\"position\":1,\"name\":\"Home\",\"item\":\"https:\/\/petronor.eus\/es\/\"},{\"@type\":\"ListItem\",\"position\":2,\"name\":\"HACIA UNA REFINER\u00cdA DESCARBONIZADA\"}]},{\"@type\":\"WebSite\",\"@id\":\"https:\/\/petronor.eus\/es\/#website\",\"url\":\"https:\/\/petronor.eus\/es\/\",\"name\":\"Petronor\",\"description\":\"\",\"potentialAction\":[{\"@type\":\"SearchAction\",\"target\":{\"@type\":\"EntryPoint\",\"urlTemplate\":\"https:\/\/petronor.eus\/es\/?s={search_term_string}\"},\"query-input\":{\"@type\":\"PropertyValueSpecification\",\"valueRequired\":true,\"valueName\":\"search_term_string\"}}],\"inLanguage\":\"es-ES\"}]}<\/script>\n<!-- \/ Yoast SEO plugin. -->","yoast_head_json":{"title":"HACIA UNA REFINER\u00cdA DESCARBONIZADA - Petronor","robots":{"index":"index","follow":"follow","max-snippet":"max-snippet:-1","max-image-preview":"max-image-preview:large","max-video-preview":"max-video-preview:-1"},"canonical":"https:\/\/petronor.eus\/es\/hacia-una-refineria-descarbonizada\/","og_locale":"es_ES","og_type":"article","og_title":"HACIA UNA REFINER\u00cdA DESCARBONIZADA - Petronor","og_url":"https:\/\/petronor.eus\/es\/hacia-una-refineria-descarbonizada\/","og_site_name":"Petronor","article_modified_time":"2026-01-09T08:29:15+00:00","twitter_misc":{"Est. reading time":"3 minutes"},"schema":{"@context":"https:\/\/schema.org","@graph":[{"@type":"WebPage","@id":"https:\/\/petronor.eus\/es\/hacia-una-refineria-descarbonizada\/","url":"https:\/\/petronor.eus\/es\/hacia-una-refineria-descarbonizada\/","name":"HACIA UNA REFINER\u00cdA DESCARBONIZADA - Petronor","isPartOf":{"@id":"https:\/\/petronor.eus\/es\/#website"},"datePublished":"2024-09-26T12:06:38+00:00","dateModified":"2026-01-09T08:29:15+00:00","breadcrumb":{"@id":"https:\/\/petronor.eus\/es\/hacia-una-refineria-descarbonizada\/#breadcrumb"},"inLanguage":"es-ES","potentialAction":[{"@type":"ReadAction","target":["https:\/\/petronor.eus\/es\/hacia-una-refineria-descarbonizada\/"]}]},{"@type":"BreadcrumbList","@id":"https:\/\/petronor.eus\/es\/hacia-una-refineria-descarbonizada\/#breadcrumb","itemListElement":[{"@type":"ListItem","position":1,"name":"Home","item":"https:\/\/petronor.eus\/es\/"},{"@type":"ListItem","position":2,"name":"HACIA UNA REFINER\u00cdA DESCARBONIZADA"}]},{"@type":"WebSite","@id":"https:\/\/petronor.eus\/es\/#website","url":"https:\/\/petronor.eus\/es\/","name":"Petronor","description":"","potentialAction":[{"@type":"SearchAction","target":{"@type":"EntryPoint","urlTemplate":"https:\/\/petronor.eus\/es\/?s={search_term_string}"},"query-input":{"@type":"PropertyValueSpecification","valueRequired":true,"valueName":"search_term_string"}}],"inLanguage":"es-ES"}]}},"_links":{"self":[{"href":"https:\/\/petronor.eus\/es\/wp-json\/wp\/v2\/pages\/75645","targetHints":{"allow":["GET"]}}],"collection":[{"href":"https:\/\/petronor.eus\/es\/wp-json\/wp\/v2\/pages"}],"about":[{"href":"https:\/\/petronor.eus\/es\/wp-json\/wp\/v2\/types\/page"}],"author":[{"embeddable":true,"href":"https:\/\/petronor.eus\/es\/wp-json\/wp\/v2\/users\/1"}],"replies":[{"embeddable":true,"href":"https:\/\/petronor.eus\/es\/wp-json\/wp\/v2\/comments?post=75645"}],"version-history":[{"count":26,"href":"https:\/\/petronor.eus\/es\/wp-json\/wp\/v2\/pages\/75645\/revisions"}],"predecessor-version":[{"id":81806,"href":"https:\/\/petronor.eus\/es\/wp-json\/wp\/v2\/pages\/75645\/revisions\/81806"}],"wp:attachment":[{"href":"https:\/\/petronor.eus\/es\/wp-json\/wp\/v2\/media?parent=75645"}],"curies":[{"name":"wp","href":"https:\/\/api.w.org\/{rel}","templated":true}]}}