{"id":75663,"date":"2024-09-13T09:00:39","date_gmt":"2024-09-13T07:00:39","guid":{"rendered":"https:\/\/petronor.eus\/?page_id=75663"},"modified":"2026-01-09T09:07:22","modified_gmt":"2026-01-09T08:07:22","slug":"quienes-somos","status":"publish","type":"page","link":"https:\/\/petronor.eus\/es\/quienes-somos\/","title":{"rendered":"Quienes somos"},"content":{"rendered":"\n<h1 style=\"margin-top: 0;\">QUIENES SOMOS<\/h1>\n\n\n\n<p style=\"margin-top: 0; padding: 10px;\"><b>Somos una empresa en permanente evoluci\u00f3n<\/b>: Nacimos como una refiner\u00eda y estamos en pleno proceso de transformaci\u00f3n hacia una empresa multi energ\u00e9tica y un Hub de econom\u00eda circular.\u202f\u202fSomos un ejemplo de transformaci\u00f3n permanente y de capacidad de adaptaci\u00f3n a las necesidades de la sociedad y siempre con el objetivo de hacer realidad nuestro compromiso con el impulso de la actividad econ\u00f3mica y la generaci\u00f3n de empleo de calidad en nuestro entorno.<\/p>\n\n<p style=\"margin-top: 0; padding: 10px;\"><b>Somos una empresa industrial y energ\u00e9tica con fuerte arraigo en el territorio<\/b> de Bizkaia y en los Municipios de Muzkiz, Abanto y Zierbena y Zierbena en los que se localizan nuestras instalaciones y de los nos sentimos orgullosos de formar parte, el ser buenos vecinos es parte de nuestra visi\u00f3n.<\/p>\n\n<p style=\"margin-top: 0; padding: 10px;\"><b>Somos una empresa participada por <a href=\"https:\/\/www.repsol.es\/\" target=\"_blank\" rel=\"noopener\">Repsol<\/a> (85,98%) y <a href=\"https:\/\/portal.kutxabank.es\/\" target=\"_blank\" rel=\"noopener\">Kutxabank<\/a> (14,02%)<\/b>, con m\u00e1s de 1.000 personas que formamos parte de la plantilla directa de Petronor y m\u00e1s de 6.000 que lo hacen trabajando con nosotros a trav\u00e9s de las empresas con las que colaboramos y que nos aportan su experiencia y conocimiento cada d\u00eda para hacer un Petronor mejor.<\/p>\n\n<p style=\"margin-top: 0; padding: 10px;\"><b>Somos una empresa que se transforma para responder a las demandas de la sociedad<\/b>. En este proceso de evoluci\u00f3n hemos completado con \u00e9xito \u201cla primera gran transformaci\u00f3n\u201d basada en un fuerte proceso inversor para reducir la producci\u00f3n de fuel-oil, un combustible con un mayor impacto ambiental, e incrementar la producci\u00f3n de gasolina, gasoil y queroseno para responder a la demanda social de una movilidad m\u00e1s limpia en los distintos medios de transporte. Hoy, Tras la \u00faltima inversi\u00f3n de casi 1.000 millones en la Unidad de Coque, desde Petronor podemos funcionar con producci\u00f3n de cero fuel-oil.<\/p>\n\n<p style=\"margin-top: 0; padding: 10px;\"><b>Somos una empresa comprometida y que trabaja por llegar al objetivo del Grupo Repsol de cero emisiones netas en 2050<\/b>. Desde Petronor invertimos en innovaci\u00f3n y tecnolog\u00eda. Este esp\u00edritu nos ha permitido poner en marcha una \u201csegunda gran transformaci\u00f3n\u201d que se inici\u00f3 a finales de 2019, cuando el grupo Repsol asumi\u00f3 el compromiso de ser una empresa de emisiones netas cero en 2050, para dar respuesta, a la demanda social de la lucha contra el cambio clim\u00e1tico. Esta transformaci\u00f3n responde a una visi\u00f3n de Petronor como industria multi energ\u00e9tica, altamente eficiente, que se constituye en el centro de un ecosistema integrado de energ\u00eda e industria y que lidera un cl\u00faster de energ\u00eda limpia, econom\u00eda circular e innovaci\u00f3n.<\/p>\n","protected":false},"excerpt":{"rendered":"QUIENES SOMOS Somos una empresa en permanente evoluci\u00f3n: Nacimos como una refiner\u00eda y estamos en pleno proceso de transformaci\u00f3n hacia una empresa multi energ\u00e9tica y un Hub de econom\u00eda circular.\u202f\u202fSomos un ejemplo de transformaci\u00f3n permanente y de capacidad de adaptaci\u00f3n a las necesidades de la sociedad y siempre con el objetivo de hacer realidad nuestro","protected":false},"author":1,"featured_media":0,"parent":0,"menu_order":0,"comment_status":"closed","ping_status":"closed","template":"","meta":{"footnotes":""},"class_list":["post-75663","page","type-page","status-publish","hentry"],"yoast_head":"<!-- This site is optimized with the Yoast SEO plugin v24.7 - https:\/\/yoast.com\/wordpress\/plugins\/seo\/ -->\n<title>Quienes somos - Petronor<\/title>\n<meta name=\"robots\" content=\"index, follow, max-snippet:-1, max-image-preview:large, max-video-preview:-1\" \/>\n<link rel=\"canonical\" href=\"https:\/\/petronor.eus\/es\/quienes-somos\/\" \/>\n<meta property=\"og:locale\" content=\"es_ES\" \/>\n<meta property=\"og:type\" content=\"article\" \/>\n<meta property=\"og:title\" content=\"Quienes somos - Petronor\" \/>\n<meta property=\"og:description\" content=\"QUIENES SOMOS Somos una empresa en permanente evoluci\u00f3n: Nacimos como una refiner\u00eda y estamos en pleno proceso de transformaci\u00f3n hacia una empresa multi energ\u00e9tica y un Hub de econom\u00eda circular.\u202f\u202fSomos un ejemplo de transformaci\u00f3n permanente y de capacidad de adaptaci\u00f3n a las necesidades de la sociedad y siempre con el objetivo de hacer realidad nuestro\" \/>\n<meta property=\"og:url\" content=\"https:\/\/petronor.eus\/es\/quienes-somos\/\" \/>\n<meta property=\"og:site_name\" content=\"Petronor\" \/>\n<meta property=\"article:modified_time\" content=\"2026-01-09T08:07:22+00:00\" \/>\n<meta name=\"twitter:label1\" content=\"Est. reading time\" \/>\n\t<meta name=\"twitter:data1\" content=\"2 minutes\" \/>\n<script type=\"application\/ld+json\" class=\"yoast-schema-graph\">{\"@context\":\"https:\/\/schema.org\",\"@graph\":[{\"@type\":\"WebPage\",\"@id\":\"https:\/\/petronor.eus\/es\/quienes-somos\/\",\"url\":\"https:\/\/petronor.eus\/es\/quienes-somos\/\",\"name\":\"Quienes somos - Petronor\",\"isPartOf\":{\"@id\":\"https:\/\/petronor.eus\/es\/#website\"},\"datePublished\":\"2024-09-13T07:00:39+00:00\",\"dateModified\":\"2026-01-09T08:07:22+00:00\",\"breadcrumb\":{\"@id\":\"https:\/\/petronor.eus\/es\/quienes-somos\/#breadcrumb\"},\"inLanguage\":\"es-ES\",\"potentialAction\":[{\"@type\":\"ReadAction\",\"target\":[\"https:\/\/petronor.eus\/es\/quienes-somos\/\"]}]},{\"@type\":\"BreadcrumbList\",\"@id\":\"https:\/\/petronor.eus\/es\/quienes-somos\/#breadcrumb\",\"itemListElement\":[{\"@type\":\"ListItem\",\"position\":1,\"name\":\"Home\",\"item\":\"https:\/\/petronor.eus\/es\/\"},{\"@type\":\"ListItem\",\"position\":2,\"name\":\"Quienes somos\"}]},{\"@type\":\"WebSite\",\"@id\":\"https:\/\/petronor.eus\/es\/#website\",\"url\":\"https:\/\/petronor.eus\/es\/\",\"name\":\"Petronor\",\"description\":\"\",\"potentialAction\":[{\"@type\":\"SearchAction\",\"target\":{\"@type\":\"EntryPoint\",\"urlTemplate\":\"https:\/\/petronor.eus\/es\/?s={search_term_string}\"},\"query-input\":{\"@type\":\"PropertyValueSpecification\",\"valueRequired\":true,\"valueName\":\"search_term_string\"}}],\"inLanguage\":\"es-ES\"}]}<\/script>\n<!-- \/ Yoast SEO plugin. -->","yoast_head_json":{"title":"Quienes somos - Petronor","robots":{"index":"index","follow":"follow","max-snippet":"max-snippet:-1","max-image-preview":"max-image-preview:large","max-video-preview":"max-video-preview:-1"},"canonical":"https:\/\/petronor.eus\/es\/quienes-somos\/","og_locale":"es_ES","og_type":"article","og_title":"Quienes somos - Petronor","og_description":"QUIENES SOMOS Somos una empresa en permanente evoluci\u00f3n: Nacimos como una refiner\u00eda y estamos en pleno proceso de transformaci\u00f3n hacia una empresa multi energ\u00e9tica y un Hub de econom\u00eda circular.\u202f\u202fSomos un ejemplo de transformaci\u00f3n permanente y de capacidad de adaptaci\u00f3n a las necesidades de la sociedad y siempre con el objetivo de hacer realidad nuestro","og_url":"https:\/\/petronor.eus\/es\/quienes-somos\/","og_site_name":"Petronor","article_modified_time":"2026-01-09T08:07:22+00:00","twitter_misc":{"Est. reading time":"2 minutes"},"schema":{"@context":"https:\/\/schema.org","@graph":[{"@type":"WebPage","@id":"https:\/\/petronor.eus\/es\/quienes-somos\/","url":"https:\/\/petronor.eus\/es\/quienes-somos\/","name":"Quienes somos - Petronor","isPartOf":{"@id":"https:\/\/petronor.eus\/es\/#website"},"datePublished":"2024-09-13T07:00:39+00:00","dateModified":"2026-01-09T08:07:22+00:00","breadcrumb":{"@id":"https:\/\/petronor.eus\/es\/quienes-somos\/#breadcrumb"},"inLanguage":"es-ES","potentialAction":[{"@type":"ReadAction","target":["https:\/\/petronor.eus\/es\/quienes-somos\/"]}]},{"@type":"BreadcrumbList","@id":"https:\/\/petronor.eus\/es\/quienes-somos\/#breadcrumb","itemListElement":[{"@type":"ListItem","position":1,"name":"Home","item":"https:\/\/petronor.eus\/es\/"},{"@type":"ListItem","position":2,"name":"Quienes somos"}]},{"@type":"WebSite","@id":"https:\/\/petronor.eus\/es\/#website","url":"https:\/\/petronor.eus\/es\/","name":"Petronor","description":"","potentialAction":[{"@type":"SearchAction","target":{"@type":"EntryPoint","urlTemplate":"https:\/\/petronor.eus\/es\/?s={search_term_string}"},"query-input":{"@type":"PropertyValueSpecification","valueRequired":true,"valueName":"search_term_string"}}],"inLanguage":"es-ES"}]}},"_links":{"self":[{"href":"https:\/\/petronor.eus\/es\/wp-json\/wp\/v2\/pages\/75663","targetHints":{"allow":["GET"]}}],"collection":[{"href":"https:\/\/petronor.eus\/es\/wp-json\/wp\/v2\/pages"}],"about":[{"href":"https:\/\/petronor.eus\/es\/wp-json\/wp\/v2\/types\/page"}],"author":[{"embeddable":true,"href":"https:\/\/petronor.eus\/es\/wp-json\/wp\/v2\/users\/1"}],"replies":[{"embeddable":true,"href":"https:\/\/petronor.eus\/es\/wp-json\/wp\/v2\/comments?post=75663"}],"version-history":[{"count":7,"href":"https:\/\/petronor.eus\/es\/wp-json\/wp\/v2\/pages\/75663\/revisions"}],"predecessor-version":[{"id":81789,"href":"https:\/\/petronor.eus\/es\/wp-json\/wp\/v2\/pages\/75663\/revisions\/81789"}],"wp:attachment":[{"href":"https:\/\/petronor.eus\/es\/wp-json\/wp\/v2\/media?parent=75663"}],"curies":[{"name":"wp","href":"https:\/\/api.w.org\/{rel}","templated":true}]}}