{"id":75679,"date":"2024-09-13T09:01:55","date_gmt":"2024-09-13T07:01:55","guid":{"rendered":"https:\/\/petronor.eus\/?page_id=75679"},"modified":"2024-11-29T13:46:24","modified_gmt":"2024-11-29T12:46:24","slug":"historia","status":"publish","type":"page","link":"https:\/\/petronor.eus\/es\/historia\/","title":{"rendered":"HISTORIA"},"content":{"rendered":"<div class=\"row introBlock full-width-section primeraFila maxHeightAuto\">\n<h1 style=\"margin-top: 0;\">HISTORIA<\/h1>\n<div class=\"col-lg-9 col-md-9 col-xs-12 col-sm-12\">\n<div class=\"post-thumb\">\n<img loading=\"lazy\" decoding=\"async\" class=\"alignnone wp-image-2485 size-full\" src=\"\/wp-content\/uploads\/2024\/09\/historia1.png\" alt=\"L\u00ednea temporal de Petronor desde 1968 hasta 2023, marcando los hechos importante de su historia\" width=\"1176\" height=\"450\" \/>\n<\/div>\n<div style=\"margin-bottom:20px ; height:1px; clear:both;\"><\/div>\n<div class=\"post-thumb\">\n<img loading=\"lazy\" decoding=\"async\" class=\"alignnone wp-image-2485 size-full\" src=\"\/wp-content\/uploads\/2024\/09\/historia2.png\" alt=\"L\u00ednea del tiempo que muestra los hitos societarios de Petronor desde 1968 hasta 2001\" width=\"1176\" height=\"450\" \/>\n<\/div>\n<div style=\"margin-bottom:20px ; height:1px; clear:both;\"><\/div>\n<\/div>\n<div class=\"col-lg-3 col-md-3 col-xs-12 col-sm-12\">\n<p style=\"margin-top: 0; padding: 10px;font-size: 19px!important;\">Petr\u00f3leos del Norte se constituy\u00f3 el 30 de noviembre de 1968 con el objetivo de refinar y comercializar productos petrol\u00edferos y sus derivados. Se seleccion\u00f3 una ubicaci\u00f3n pr\u00f3xima al puerto de Bilbao que facilitar\u00e1 el suministro y la exportaci\u00f3n de productos petrol\u00edferos, en 1969 se comenzaron las obras de la refiner\u00eda en el municipio de Muskiz.<\/p>\n<div style=\"margin-bottom:20px ; height:1px; clear:both;\"><\/div>\n<p style=\"margin-top: 0; padding: 10px;font-size: 19px!important;\">Petronor nace de un acuerdo de las principales instituciones financieras vascas Banco Vizcaya, Banco Bilbao, Caja de Ahorros Vizca\u00edna y Caja de Ahorros Municipal de Bilbao, con el soporte como socio industrial de la compa\u00f1\u00eda Gulf, la refiner\u00eda se puso en marcha en 1972 con un total de 220 hect\u00e1reas y una capacidad de destilaci\u00f3n de crudo de 60.000 barriles por d\u00eda.<\/p>\n<div style=\"margin-bottom:20px ; height:1px; clear:both;\"><\/div>\n<p style=\"margin-top: 0; padding: 10px;font-size: 19px!important;\">Petronor se crea con el objetivo de producir fuel-oil para alimentar, fundamentalmente a las centrales t\u00e9rmicas, y para la producci\u00f3n de electricidad; de esta forma respond\u00eda a la demanda de la sociedad de un mayor consumo el\u00e9ctrico.<\/p>\n<\/div>\n<\/div>\n\n<div style=\"margin-bottom:30px ; height:1px; clear:both;\"><\/div>\n\n<p style=\"margin-top: 0; padding: 10px;font-size: 20px!important;\">Petronor construy\u00f3 junto con la Refiner\u00eda el dique de punta lucero con el que se desarroll\u00f3 el puerto exterior. El objetivo era incrementar hasta los 31 metros el calado del puerto interior para permitir el acceso de los grandes Petroleros. Pero junto a este objetivo se consigui\u00f3 crear una zona industrial con acceso a la l\u00e1mina de agua que posibilit\u00f3, en primer lugar, sacar la actividad mar\u00edtima del centro de la ciudad y su regeneraci\u00f3n y despu\u00e9s desarrollar nuevas industrias. Hoy el tr\u00e1fico mar\u00edtimo que genera la actividad de Petronor supone del 40% de la actividad total del Puerto de Bilbao.<\/p>\n\n<p style=\"margin-top: 0; padding: 10px;font-size: 20px!important;\">Durante la d\u00e9cada de los 70 y los 80, Petronor se centr\u00f3 en consolidad sus operaciones y en aumentar su capacidad de producci\u00f3n, logrando ampliar su capacidad de destilaci\u00f3n y alcanzando los 220.000 barriles por d\u00eda. Esta expansi\u00f3n incluyo la construcci\u00f3n de nuevas plantas y la incorporaci\u00f3n de tecnolog\u00edas avanzadas y proyectos innovadores, todo ello con el objetivo de mejorar la eficiencia energ\u00e9tica y de reducir el impacto ambiental de la compa\u00f1\u00eda. Con estas inversiones se fue reduciendo paulatinamente la producci\u00f3n de fuel-oil e incrementado la producci\u00f3n de combustibles para la movilidad.<\/p>\n\n<p style=\"margin-top: 0; padding: 10px;font-size: 20px!important;\">A\u00f1os m\u00e1s tarde, Repsol adquiere el 86% de las participaciones de la compa\u00f1\u00eda permitiendo a Petronor beneficiarse de las sinergias de esta empresa y fortaleciendo su posicionamiento en el mercado.<\/p>\n\n<p style=\"margin-top: 0; padding: 10px;font-size: 20px!important;\">En 2020, la compa\u00f1\u00eda lanz\u00f3 su Plan Estrat\u00e9gico 2020-2025, que incluye objetivos ambiciosos en materia de sostenibilidad y transici\u00f3n energ\u00e9tica. Entre los proyectos destacados se encuentra la construcci\u00f3n de una planta de producci\u00f3n de hidr\u00f3geno verde en el Pa\u00eds Vasco, en colaboraci\u00f3n con Repsol y otras entidades.<\/p>","protected":false},"excerpt":{"rendered":"Petronor construy\u00f3 junto con la Refiner\u00eda el dique de punta lucero con el que se desarroll\u00f3 el puerto exterior. El objetivo era incrementar hasta los 31 metros el calado del puerto interior para permitir el acceso de los grandes Petroleros. Pero junto a este objetivo se consigui\u00f3 crear una zona industrial con acceso a la","protected":false},"author":1,"featured_media":0,"parent":0,"menu_order":0,"comment_status":"closed","ping_status":"closed","template":"","meta":{"footnotes":""},"class_list":["post-75679","page","type-page","status-publish","hentry"],"yoast_head":"<!-- This site is optimized with the Yoast SEO plugin v24.7 - https:\/\/yoast.com\/wordpress\/plugins\/seo\/ -->\n<title>HISTORIA - Petronor<\/title>\n<meta name=\"robots\" content=\"index, follow, max-snippet:-1, max-image-preview:large, max-video-preview:-1\" \/>\n<link rel=\"canonical\" href=\"https:\/\/petronor.eus\/es\/historia\/\" \/>\n<meta property=\"og:locale\" content=\"es_ES\" \/>\n<meta property=\"og:type\" content=\"article\" \/>\n<meta property=\"og:title\" content=\"HISTORIA - Petronor\" \/>\n<meta property=\"og:description\" content=\"Petronor construy\u00f3 junto con la Refiner\u00eda el dique de punta lucero con el que se desarroll\u00f3 el puerto exterior. El objetivo era incrementar hasta los 31 metros el calado del puerto interior para permitir el acceso de los grandes Petroleros. Pero junto a este objetivo se consigui\u00f3 crear una zona industrial con acceso a la\" \/>\n<meta property=\"og:url\" content=\"https:\/\/petronor.eus\/es\/historia\/\" \/>\n<meta property=\"og:site_name\" content=\"Petronor\" \/>\n<meta property=\"article:modified_time\" content=\"2024-11-29T12:46:24+00:00\" \/>\n<meta name=\"twitter:label1\" content=\"Est. reading time\" \/>\n\t<meta name=\"twitter:data1\" content=\"3 minutes\" \/>\n<script type=\"application\/ld+json\" class=\"yoast-schema-graph\">{\"@context\":\"https:\/\/schema.org\",\"@graph\":[{\"@type\":\"WebPage\",\"@id\":\"https:\/\/petronor.eus\/es\/historia\/\",\"url\":\"https:\/\/petronor.eus\/es\/historia\/\",\"name\":\"HISTORIA - Petronor\",\"isPartOf\":{\"@id\":\"https:\/\/petronor.eus\/es\/#website\"},\"datePublished\":\"2024-09-13T07:01:55+00:00\",\"dateModified\":\"2024-11-29T12:46:24+00:00\",\"breadcrumb\":{\"@id\":\"https:\/\/petronor.eus\/es\/historia\/#breadcrumb\"},\"inLanguage\":\"es-ES\",\"potentialAction\":[{\"@type\":\"ReadAction\",\"target\":[\"https:\/\/petronor.eus\/es\/historia\/\"]}]},{\"@type\":\"BreadcrumbList\",\"@id\":\"https:\/\/petronor.eus\/es\/historia\/#breadcrumb\",\"itemListElement\":[{\"@type\":\"ListItem\",\"position\":1,\"name\":\"Home\",\"item\":\"https:\/\/petronor.eus\/es\/\"},{\"@type\":\"ListItem\",\"position\":2,\"name\":\"HISTORIA\"}]},{\"@type\":\"WebSite\",\"@id\":\"https:\/\/petronor.eus\/es\/#website\",\"url\":\"https:\/\/petronor.eus\/es\/\",\"name\":\"Petronor\",\"description\":\"\",\"potentialAction\":[{\"@type\":\"SearchAction\",\"target\":{\"@type\":\"EntryPoint\",\"urlTemplate\":\"https:\/\/petronor.eus\/es\/?s={search_term_string}\"},\"query-input\":{\"@type\":\"PropertyValueSpecification\",\"valueRequired\":true,\"valueName\":\"search_term_string\"}}],\"inLanguage\":\"es-ES\"}]}<\/script>\n<!-- \/ Yoast SEO plugin. -->","yoast_head_json":{"title":"HISTORIA - Petronor","robots":{"index":"index","follow":"follow","max-snippet":"max-snippet:-1","max-image-preview":"max-image-preview:large","max-video-preview":"max-video-preview:-1"},"canonical":"https:\/\/petronor.eus\/es\/historia\/","og_locale":"es_ES","og_type":"article","og_title":"HISTORIA - Petronor","og_description":"Petronor construy\u00f3 junto con la Refiner\u00eda el dique de punta lucero con el que se desarroll\u00f3 el puerto exterior. El objetivo era incrementar hasta los 31 metros el calado del puerto interior para permitir el acceso de los grandes Petroleros. Pero junto a este objetivo se consigui\u00f3 crear una zona industrial con acceso a la","og_url":"https:\/\/petronor.eus\/es\/historia\/","og_site_name":"Petronor","article_modified_time":"2024-11-29T12:46:24+00:00","twitter_misc":{"Est. reading time":"3 minutes"},"schema":{"@context":"https:\/\/schema.org","@graph":[{"@type":"WebPage","@id":"https:\/\/petronor.eus\/es\/historia\/","url":"https:\/\/petronor.eus\/es\/historia\/","name":"HISTORIA - Petronor","isPartOf":{"@id":"https:\/\/petronor.eus\/es\/#website"},"datePublished":"2024-09-13T07:01:55+00:00","dateModified":"2024-11-29T12:46:24+00:00","breadcrumb":{"@id":"https:\/\/petronor.eus\/es\/historia\/#breadcrumb"},"inLanguage":"es-ES","potentialAction":[{"@type":"ReadAction","target":["https:\/\/petronor.eus\/es\/historia\/"]}]},{"@type":"BreadcrumbList","@id":"https:\/\/petronor.eus\/es\/historia\/#breadcrumb","itemListElement":[{"@type":"ListItem","position":1,"name":"Home","item":"https:\/\/petronor.eus\/es\/"},{"@type":"ListItem","position":2,"name":"HISTORIA"}]},{"@type":"WebSite","@id":"https:\/\/petronor.eus\/es\/#website","url":"https:\/\/petronor.eus\/es\/","name":"Petronor","description":"","potentialAction":[{"@type":"SearchAction","target":{"@type":"EntryPoint","urlTemplate":"https:\/\/petronor.eus\/es\/?s={search_term_string}"},"query-input":{"@type":"PropertyValueSpecification","valueRequired":true,"valueName":"search_term_string"}}],"inLanguage":"es-ES"}]}},"_links":{"self":[{"href":"https:\/\/petronor.eus\/es\/wp-json\/wp\/v2\/pages\/75679","targetHints":{"allow":["GET"]}}],"collection":[{"href":"https:\/\/petronor.eus\/es\/wp-json\/wp\/v2\/pages"}],"about":[{"href":"https:\/\/petronor.eus\/es\/wp-json\/wp\/v2\/types\/page"}],"author":[{"embeddable":true,"href":"https:\/\/petronor.eus\/es\/wp-json\/wp\/v2\/users\/1"}],"replies":[{"embeddable":true,"href":"https:\/\/petronor.eus\/es\/wp-json\/wp\/v2\/comments?post=75679"}],"version-history":[{"count":21,"href":"https:\/\/petronor.eus\/es\/wp-json\/wp\/v2\/pages\/75679\/revisions"}],"predecessor-version":[{"id":78203,"href":"https:\/\/petronor.eus\/es\/wp-json\/wp\/v2\/pages\/75679\/revisions\/78203"}],"wp:attachment":[{"href":"https:\/\/petronor.eus\/es\/wp-json\/wp\/v2\/media?parent=75679"}],"curies":[{"name":"wp","href":"https:\/\/api.w.org\/{rel}","templated":true}]}}