{"id":75693,"date":"2024-09-03T09:10:57","date_gmt":"2024-09-03T07:10:57","guid":{"rendered":"https:\/\/petronor.eus\/?page_id=75693"},"modified":"2026-01-09T09:09:07","modified_gmt":"2026-01-09T08:09:07","slug":"petronor-en-cifras","status":"publish","type":"page","link":"https:\/\/petronor.eus\/es\/petronor-en-cifras\/","title":{"rendered":"Petronor en cifras"},"content":{"rendered":"<div class=\"row introBlock full-width-section primeraFila maxHeightAuto\">\n<h1 style=\"margin-top: 0;\">PETRONOR EN CIFRAS<\/h1>\n<\/div>\n<div style=\"margin-bottom:30px ; height:1px; clear:both;\"><\/div>\n<div class=\"row \">\n<div class=\"col-lg-8 col-md-8 col-xs-12 col-sm-12\">\n\n\t<div id=\"cycle-wrapper2\">\n                    <div id=\"cycle-slider\" class=\"cycle-slideshow\" \n                            data-cycle-fx=scrollHorz\n                            data-cycle-timeout=4000\n                            data-cycle-overlay-template=\"{{title}}<br\/>{{desc}}\"\n                             data-cycle-slides=\"> div\"\n                             data-cycle-prev=\"#prev3\"\n                            data-cycle-next=\"#next3\">\n                            <section class=\"cycle-overlay\"><\/section>\n\t\n    \t\t\t\t <div class=\"slider-item\" data-end=\"\" data-display=\"\" data-title=\"\" data-desc=\"\"><img decoding=\"async\" src=\"https:\/\/petronor.eus\/wp-content\/uploads\/2024\/09\/petronor_cifras1.png\" title=\"\"  \/><\/div>\n    \t\t\t\t <div class=\"slider-item\" data-end=\"\" data-display=\"\" data-title=\"\" data-desc=\"\"><img decoding=\"async\" src=\"\/wp-content\/uploads\/2026\/01\/petronor_en_cifras1.png\" title=\"\"  \/><\/div>\n    \t\t\t\t <div class=\"slider-item\" data-end=\"\" data-display=\"\" data-title=\"\" data-desc=\"\"><img decoding=\"async\" src=\"\/wp-content\/uploads\/2026\/01\/petronor_en_cifras2.png\" title=\"\"  \/><\/div>\n    \t\t\t\t <div class=\"slider-item\" data-end=\"\" data-display=\"\" data-title=\"\" data-desc=\"\"><img decoding=\"async\" src=\"\/wp-content\/uploads\/2026\/01\/petronor_en_cifras3.png\" title=\"\"  \/><\/div>\n    \t\t\t\t <div class=\"slider-item\" data-end=\"\" data-display=\"\" data-title=\"\" data-desc=\"\"><img decoding=\"async\" src=\"\/wp-content\/uploads\/2026\/01\/petronor_en_cifras4.png\" title=\"\"  \/><\/div>\n    \t\t\t\t <div class=\"slider-item\" data-end=\"\" data-display=\"\" data-title=\"\" data-desc=\"\"><img decoding=\"async\" src=\"\/wp-content\/uploads\/2026\/01\/petronor_en_cifras5.png\" title=\"\"  \/><\/div>\n\t\t<\/div>  \n\t\t<div id=\"prev3\"><\/div>\n\t\t<div id=\"next3\"><\/div>\n\t\t\n\t<\/div>\n<\/div>\n\n<div class=\"col-lg-4 col-md-4 col-xs-12 col-sm-12\">\n<div style=\"margin-bottom:50px ; height:1px; clear:both;\"><\/div>\n<p class=\"parrafoDestacado\" style=\"margin-top: 0; padding: 10px; font-size:20px !important;\"><strong>Petronor<\/strong> es una empresa tractora de la econom\u00eda e industria vasca, contrata con una media anual de m\u00e1s de 450 empresas vascas, con una facturaci\u00f3n acumulada que alcanza los 125 millones de euros. Cuenta con una plantilla cercana a las 1.000 personas y genera un empleo inducido superior a las 6.000 personas.<\/p>\n<\/div>\n<div style=\"margin-bottom:20px ; height:1px; clear:both;\"><\/div>\n<div class=\"col-lg-10 col-md-10 col-xs-12 col-sm-12\">\n<p style=\"margin-top: 0; padding: 10px; font-size:20px !important;\">En 2024 pag\u00f3 impuestos y genero ingresos a la Hacienda de Bizkaia por valor de 1.374 millones de euros y en el per\u00edodo 2009 \u2013 2024 ha realizado inversiones por valor superior a los 1.959 millones de euros.<\/p>\n<p style=\"margin-top: 0; padding: 10px; font-size:20px !important;\">Con una capacidad de destilaci\u00f3n de 220.000 barriles diarios de crudo (kbpd) representa el 40% del tr\u00e1fico total del puerto de Bilbao.<\/p>\n<\/div>\n<\/div>\n\n<style>\n@media only screen and (max-width: 768px){\n.cycle-slideshow {\n        width: 100%;\n        margin: 0px auto;\n    }\n}\n<\/style>","protected":false},"excerpt":{"rendered":"","protected":false},"author":1,"featured_media":0,"parent":0,"menu_order":0,"comment_status":"closed","ping_status":"closed","template":"","meta":{"footnotes":""},"class_list":["post-75693","page","type-page","status-publish","hentry"],"yoast_head":"<!-- This site is optimized with the Yoast SEO plugin v24.7 - https:\/\/yoast.com\/wordpress\/plugins\/seo\/ -->\n<title>Petronor en cifras - Petronor<\/title>\n<meta name=\"robots\" content=\"index, follow, max-snippet:-1, max-image-preview:large, max-video-preview:-1\" \/>\n<link rel=\"canonical\" href=\"https:\/\/petronor.eus\/es\/petronor-en-cifras\/\" \/>\n<meta property=\"og:locale\" content=\"es_ES\" \/>\n<meta property=\"og:type\" content=\"article\" \/>\n<meta property=\"og:title\" content=\"Petronor en cifras - Petronor\" \/>\n<meta property=\"og:url\" content=\"https:\/\/petronor.eus\/es\/petronor-en-cifras\/\" \/>\n<meta property=\"og:site_name\" content=\"Petronor\" \/>\n<meta property=\"article:modified_time\" content=\"2026-01-09T08:09:07+00:00\" \/>\n<meta name=\"twitter:label1\" content=\"Est. reading time\" \/>\n\t<meta name=\"twitter:data1\" content=\"1 minute\" \/>\n<script type=\"application\/ld+json\" class=\"yoast-schema-graph\">{\"@context\":\"https:\/\/schema.org\",\"@graph\":[{\"@type\":\"WebPage\",\"@id\":\"https:\/\/petronor.eus\/es\/petronor-en-cifras\/\",\"url\":\"https:\/\/petronor.eus\/es\/petronor-en-cifras\/\",\"name\":\"Petronor en cifras - Petronor\",\"isPartOf\":{\"@id\":\"https:\/\/petronor.eus\/es\/#website\"},\"datePublished\":\"2024-09-03T07:10:57+00:00\",\"dateModified\":\"2026-01-09T08:09:07+00:00\",\"breadcrumb\":{\"@id\":\"https:\/\/petronor.eus\/es\/petronor-en-cifras\/#breadcrumb\"},\"inLanguage\":\"es-ES\",\"potentialAction\":[{\"@type\":\"ReadAction\",\"target\":[\"https:\/\/petronor.eus\/es\/petronor-en-cifras\/\"]}]},{\"@type\":\"BreadcrumbList\",\"@id\":\"https:\/\/petronor.eus\/es\/petronor-en-cifras\/#breadcrumb\",\"itemListElement\":[{\"@type\":\"ListItem\",\"position\":1,\"name\":\"Home\",\"item\":\"https:\/\/petronor.eus\/es\/\"},{\"@type\":\"ListItem\",\"position\":2,\"name\":\"Petronor en cifras\"}]},{\"@type\":\"WebSite\",\"@id\":\"https:\/\/petronor.eus\/es\/#website\",\"url\":\"https:\/\/petronor.eus\/es\/\",\"name\":\"Petronor\",\"description\":\"\",\"potentialAction\":[{\"@type\":\"SearchAction\",\"target\":{\"@type\":\"EntryPoint\",\"urlTemplate\":\"https:\/\/petronor.eus\/es\/?s={search_term_string}\"},\"query-input\":{\"@type\":\"PropertyValueSpecification\",\"valueRequired\":true,\"valueName\":\"search_term_string\"}}],\"inLanguage\":\"es-ES\"}]}<\/script>\n<!-- \/ Yoast SEO plugin. -->","yoast_head_json":{"title":"Petronor en cifras - Petronor","robots":{"index":"index","follow":"follow","max-snippet":"max-snippet:-1","max-image-preview":"max-image-preview:large","max-video-preview":"max-video-preview:-1"},"canonical":"https:\/\/petronor.eus\/es\/petronor-en-cifras\/","og_locale":"es_ES","og_type":"article","og_title":"Petronor en cifras - Petronor","og_url":"https:\/\/petronor.eus\/es\/petronor-en-cifras\/","og_site_name":"Petronor","article_modified_time":"2026-01-09T08:09:07+00:00","twitter_misc":{"Est. reading time":"1 minute"},"schema":{"@context":"https:\/\/schema.org","@graph":[{"@type":"WebPage","@id":"https:\/\/petronor.eus\/es\/petronor-en-cifras\/","url":"https:\/\/petronor.eus\/es\/petronor-en-cifras\/","name":"Petronor en cifras - Petronor","isPartOf":{"@id":"https:\/\/petronor.eus\/es\/#website"},"datePublished":"2024-09-03T07:10:57+00:00","dateModified":"2026-01-09T08:09:07+00:00","breadcrumb":{"@id":"https:\/\/petronor.eus\/es\/petronor-en-cifras\/#breadcrumb"},"inLanguage":"es-ES","potentialAction":[{"@type":"ReadAction","target":["https:\/\/petronor.eus\/es\/petronor-en-cifras\/"]}]},{"@type":"BreadcrumbList","@id":"https:\/\/petronor.eus\/es\/petronor-en-cifras\/#breadcrumb","itemListElement":[{"@type":"ListItem","position":1,"name":"Home","item":"https:\/\/petronor.eus\/es\/"},{"@type":"ListItem","position":2,"name":"Petronor en cifras"}]},{"@type":"WebSite","@id":"https:\/\/petronor.eus\/es\/#website","url":"https:\/\/petronor.eus\/es\/","name":"Petronor","description":"","potentialAction":[{"@type":"SearchAction","target":{"@type":"EntryPoint","urlTemplate":"https:\/\/petronor.eus\/es\/?s={search_term_string}"},"query-input":{"@type":"PropertyValueSpecification","valueRequired":true,"valueName":"search_term_string"}}],"inLanguage":"es-ES"}]}},"_links":{"self":[{"href":"https:\/\/petronor.eus\/es\/wp-json\/wp\/v2\/pages\/75693","targetHints":{"allow":["GET"]}}],"collection":[{"href":"https:\/\/petronor.eus\/es\/wp-json\/wp\/v2\/pages"}],"about":[{"href":"https:\/\/petronor.eus\/es\/wp-json\/wp\/v2\/types\/page"}],"author":[{"embeddable":true,"href":"https:\/\/petronor.eus\/es\/wp-json\/wp\/v2\/users\/1"}],"replies":[{"embeddable":true,"href":"https:\/\/petronor.eus\/es\/wp-json\/wp\/v2\/comments?post=75693"}],"version-history":[{"count":27,"href":"https:\/\/petronor.eus\/es\/wp-json\/wp\/v2\/pages\/75693\/revisions"}],"predecessor-version":[{"id":81790,"href":"https:\/\/petronor.eus\/es\/wp-json\/wp\/v2\/pages\/75693\/revisions\/81790"}],"wp:attachment":[{"href":"https:\/\/petronor.eus\/es\/wp-json\/wp\/v2\/media?parent=75693"}],"curies":[{"name":"wp","href":"https:\/\/api.w.org\/{rel}","templated":true}]}}