{"id":75694,"date":"2024-09-13T12:47:54","date_gmt":"2024-09-13T10:47:54","guid":{"rendered":"https:\/\/petronor.eus\/?page_id=75694"},"modified":"2024-12-19T08:52:20","modified_gmt":"2024-12-19T07:52:20","slug":"nuestra-vision-de-la-sostenibilidad","status":"publish","type":"page","link":"https:\/\/petronor.eus\/es\/nuestra-vision-de-la-sostenibilidad\/","title":{"rendered":"NUESTRA VISI\u00d3N DE LA SOSTENIBILIDAD"},"content":{"rendered":"<h1 style=\"margin-top: 0;\">NUESTRA VISI\u00d3N DE LA SOSTENIBILIDAD<\/h1>\n\n<p style=\"margin-top: 0; padding: 10px;\">La meta de Petronor es satisfacer la demanda creciente de energ\u00eda y productos maximizando nuestra contribuci\u00f3n al desarrollo sostenible, y llegar a ser una compa\u00f1\u00eda de cero emisiones netas de Gases Efecto Invernadero (GEI) en 2050, como establece nuestra Pol\u00edtica de Sostenibilidad.<\/p>\n\n<p style=\"margin-top: 0; padding: 10px;\">Con este fin, definimos nuestro Modelo de Sostenibilidad, organizado en seis ejes que incorporan los asuntos m\u00e1s relevantes en materia Ambiental (E), Social (S) y de Gobernanza (G) y que, de esta manera, se acomoda a las Directivas ESG de la Uni\u00f3n Europea, que promueven una estrategia de sostenibilidad de las empresas que se proyecta sobre el conjunto de sus actuaciones<\/p>\n<div class=\"separadorGris\"><\/div>\n<!--\n[row]\n\n[column lg=\"6\" md=\"6\" sm=\"12\" xs=\"12\" class=\"padding15\"]\n[headerConFranja_DerechadoMovil texto=\"CAMBIO CLIM\u00c1TICO\"]\n<div>\n<p class=\"parrafoDestacado\">Queremos ser una compa\u00f1\u00eda cero emisiones en 2050 y para ello nos hemos comprometido con una <u><i><a href=\"es\/hacia-una-refineria-descarbonizada\/hoja-de-ruta-hacia-una-refineria-descarbonizada\/>\"Hoja de Ruta de Descarbonizaci\u00f3n<\/a><\/i><\/u> de nuestra actividad<\/p>\n<\/div>\n[\/column]\n[column lg=\"6\" md=\"6\" sm=\"12\" xs=\"12\" class=\"padding15\"]\n[headerConFranja_DerechadoMovil texto=\"MEDIO AMBIENTE\"]\n<div>\n<p class=\"parrafoDestacado\">Consumimos los recursos indispensables para generar la energ\u00eda m\u00e1s eficiente y apoyamos las iniciativas que promueven la <u><i><a href=\"\/es\/nuestra-vision-de-la-sostenibilidad\/compromiso-con-el-medio-ambiente\/\">mejora del medio ambiente<\/a><\/i><\/u> en nuestro entorno<\/p>\n<\/div>\n[\/column]\n[column lg=\"6\" md=\"6\" sm=\"12\" xs=\"12\" class=\"padding15\"]\n[headerConFranja_DerechadoMovil texto=\"OPERACI\u00d3N SEGURA\"]\n<div>\n<p class=\"parrafoDestacado\">Garantizamos la <u><i><a href=\"\/es\/nuestra-vision-de-la-sostenibilidad\/compromiso-con-la-seguridad\/\">seguridad<\/a><\/i><\/u> de nuestros empleados, contratistas, socios y comunidad local y actuamos ajust\u00e1ndonos a unas reglas estrictas de <u><i><a href=\"\/es\/nuestra-vision-de-la-sostenibilidad\/calidad\/\">calidad<\/a><\/i><\/u>.<\/p>\n<\/div>\n[\/column]\n\n[column lg=\"6\" md=\"6\" sm=\"12\" xs=\"12\" class=\"padding15\"]\n[headerConFranja_DerechadoMovil texto=\"EMPLEO\"]\n<div>\n<p class=\"parrafoDestacado\">Apostamos por un <u><i><a href=\"\/es\/nuestra-vision-de-la-sostenibilidad\/empleo\/\">empleo<\/a><\/i><\/u> de calidad, la formaci\u00f3n y la salud en el empleo y las oportunidades de desarrollo profesional de todas las personas en condiciones de igualdad.<\/p>\n<\/div>\n[\/column]\n[\/row]\n[row]\n[column lg=\"6\" md=\"6\" sm=\"12\" xs=\"12\" class=\"padding15\"]\n[headerConFranja_DerechadoMovil texto=\"INDUSTRIA Y TECNOLOG\u00cdA\"]\n<div>\n<p class=\"parrafoDestacado\">\u201cLideramos proyectos clave de la <u><i><a href=\"\/es\/nuestra-vision-de-la-sostenibilidad\/innovacion-y-tecnologia\/\">transici\u00f3n energ\u00e9tica<\/a><\/i><\/u> en Euskadi.\u201d\n<\/p>\n<\/div>\n[\/column]\n[column lg=\"6\" md=\"6\" sm=\"12\" xs=\"12\" class=\"padding15\"]\n[headerConFranja_DerechadoMovil texto=\"DESARROLLO DEL TERRITORIO\"]\n<div>\n<p class=\"parrafoDestacado\">\u201cTenemos un <u><i><a href=\"\/es\/nuestra-vision-de-la-sostenibilidad\/desarrollo-del-territorio\/\">impacto econ\u00f3mico<\/a><\/i><\/u> relevante en el Territorio y contribuimos al desarrollo econ\u00f3mico, cultural y social de <u><i><a href=\"\/es\/nuestra-vision-de-la-sostenibilidad\/desarrollo-del-territorio\/\">nuestro entorno m\u00e1s cercano<\/a><\/i><\/u>.\u201d\n<\/p>\n<\/div>\n[\/column]\n[\/row]\n-->\n\n\n\n<div class=\"row eje\">\n\n<div class=\"col-lg-4 col-md-4 col-xs-6 col-sm-6\">\n<div id=\"\" class=\"opciones__eje\" style=\"border-color:#878789;\">\n<div style=\"display:flex; flex-direction:row;justify-content:space-around\">\n<img decoding=\"async\" src=\"\/wp-content\/uploads\/2024\/09\/icons8-co2-100.png\" class=\"img-fluid\" style=\"max-width: 75px; max-height:75px; padding-top:10px;\">\n<h3 style=\"color:#878789 !important; padding-top:10px;\" >CAMBIO CLIM\u00c1TICO<\/h3>\n<\/div>\n<span>Queremos ser una compa\u00f1\u00eda cero emisiones en 2050 y para ello nos hemos comprometido con una <u><i><a href=\"\/es\/hacia-una-refineria-descarbonizada\/hoja-de-ruta-hacia-una-refineria-descarbonizada\/\">Hoja de Ruta de Descarbonizaci\u00f3n<\/a><\/i><\/u> de nuestra actividad<\/span>\n<\/div>\n<\/div>\n\n<div class=\"col-lg-4 col-md-4 col-xs-6 col-sm-6\">\n<div id=\"\" class=\"opciones__eje\" style=\"border-color:#E6AD53;\">\n<div style=\"display:flex; flex-direction:row;justify-content:space-around\">\n<img decoding=\"async\" src=\"\/wp-content\/uploads\/2024\/09\/icons8-sun-100.png\" class=\"img-fluid\" style=\"max-width: 75px; max-height:75px; padding-top:10px;\">\n<h3 style=\"color:#E6AD53 !important; padding-top:10px;\" >MEDIO AMBIENTE<\/h3>\n<\/div>\n<span>Consumimos los recursos indispensables para generar la energ\u00eda m\u00e1s eficiente y apoyamos las iniciativas que promueven la <u><i><a href=\"\/es\/nuestra-vision-de-la-sostenibilidad\/compromiso-con-el-medio-ambiente\/\">mejora del medio ambiente<\/a><\/i><\/u> en nuestro entorno<\/span>\n<\/div>\n<\/div>\n\n<div class=\"col-lg-4 col-md-4 col-xs-6 col-sm-6\">\n<div id=\"\" class=\"opciones__eje\" style=\"border-color:#DB495E;\">\n<div style=\"display:flex; flex-direction:row;justify-content:space-around\">\n<img decoding=\"async\" src=\"\/wp-content\/uploads\/2024\/09\/icons8-worker-100.png\" class=\"img-fluid\" style=\"max-width: 75px; max-height:75px; padding-top:10px;\">\n<h3 style=\"color:#DB495E !important; padding-top:10px;\">OPERACI\u00d3N SEGURA<\/h3>\n<\/div>\n<span>Garantizamos la <u><i><a href=\"\/es\/nuestra-vision-de-la-sostenibilidad\/compromiso-con-la-seguridad\/\">seguridad<\/a><\/i><\/u> de nuestros empleados, contratistas, socios y comunidad local y actuamos ajust\u00e1ndonos a unas reglas estrictas de calidad.<\/span>\n<\/div>\n<\/div>\n\n<\/div>\n\n<div class=\"row eje\">\n\n<div class=\"col-lg-4 col-md-4 col-xs-6 col-sm-6\">\n<div id=\"\" class=\"opciones__eje\" style=\"border-color:#3F4C5F;\">\n<div style=\"display:flex; flex-direction:row;justify-content:space-around\">\n<img decoding=\"async\" src=\"\/wp-content\/uploads\/2024\/09\/icons8-group-100.png\" class=\"img-fluid\" style=\"max-width: 75px; max-height:75px; padding-top:10px;\">\n<h3 style=\"color:#3F4C5F!important;padding-top:10px; font-size:27px !important\">EMPLEO<\/h3>\n<\/div>\n<span>Apostamos por un <u><i><a href=\"\/es\/nuestra-vision-de-la-sostenibilidad\/empleo\/\">empleo<\/a><\/i><\/u> de calidad, la formaci\u00f3n y la salud en el empleo y las oportunidades de desarrollo profesional de todas las personas en condiciones de igualdad.<\/span>\n<\/div>\n<\/div>\n\n<div class=\"col-lg-4 col-md-4 col-xs-6 col-sm-6\">\n<div id=\"\" class=\"opciones__eje\" style=\"border-color:#4C9C9B;\">\n<div style=\"display:flex; flex-direction:row;justify-content:space-around\">\n<img decoding=\"async\" src=\"\/wp-content\/uploads\/2024\/09\/icons8-innovation-100.png\" class=\"img-fluid\" style=\"max-width: 75px; max-height:75px; padding-top:10px;\">\n<h3 style=\"color:#4C9C9B!important;padding-top:10px;\">INNOVACI\u00d3N Y TECNOLOG\u00cdA<\/h3>\n<\/div>\n<span>Lideramos proyectos clave de la <u><i><a href=\"\/es\/nuestra-vision-de-la-sostenibilidad\/innovacion-y-tecnologia\/\">transici\u00f3n energ\u00e9tica<\/a><\/i><\/u> en Euskadi<\/span>\n<\/div>\n<\/div>\n\n<div class=\"col-lg-4 col-md-4 col-xs-6 col-sm-6\">\n<div id=\"\" class=\"opciones__eje\" style=\"border-color:#D98968;\">\n<div style=\"display:flex; flex-direction:row;justify-content:space-around\">\n<img decoding=\"async\" src=\"\/wp-content\/uploads\/2024\/09\/icons8-balance-100.png\" class=\"img-fluid\" style=\"max-width: 75px; max-height:75px; padding-top:10px;\">\n<h3 style=\"color:#D98968!important;padding-top:10px;\">DESARROLLO DEL TERRITORIO<\/h3>\n<\/div>\n<span>\u201cTenemos un <u><i><a href=\"\/es\/nuestra-vision-de-la-sostenibilidad\/desarrollo-del-territorio\/\">impacto econ\u00f3mico<\/a><\/i><\/u> relevante en el Territorio y contribuimos al desarrollo econ\u00f3mico, cultural y social de <u><i><a href=\"\/es\/nuestra-vision-de-la-sostenibilidad\/desarrollo-del-territorio\/#impacto_entorno\">nuestro entorno m\u00e1s cercano<\/a><\/i><\/u>.\u201d<\/span>\n<\/div>\n<\/div>\n\n<\/div>\n\n<p style=\"margin-top: 0; padding: 10px;\">De conformidad con el art\u00edculo 29 Bis apartado 8 de la Directiva (UE) 2022\/2464 del Parlamento Europeo y del Consejo de 14 de diciembre de 2022 por lo que respecta a la presentaci\u00f3n de informaci\u00f3n sobre sostenibilidad por parte de las empresas (CSRD), en el siguiente enlace: <u><a href=\"https:\/\/www.repsol.com\/es\/sostenibilidad\/informes-sostenibilidad\/informe-gestion-integrado\/index.cshtml\" target=\"_blank\" rel=\"noopener\">Informe de Gesti\u00f3n Integrado | Repsol<\/a><\/u>, se puede acceder al \u00faltimo Informe de sostenibilidad consolidado de Repsol, S.A., de la que Petronor  es sociedad filial.<\/p>\n\n<div style=\"margin-bottom:30px ; height:1px; clear:both;\"><\/div>\n\n<div class=\"row \">\n<h1 style=\"margin-top: 0;\">OBJETIVOS DE DESARROLLO SOSTENIBLE<\/h1>\n<p style=\"margin-top: 0; padding: 10px;\">El eje en el que se basa el Plan de Sostenibilidad de Petronor est\u00e1 directamente vinculado con los <b>Objetivos de Desarrollo Sostenible<\/b> de Naciones Unidas:<\/p>\n<\/div>\n\n<div class=\"row \">\n<div class=\"col-lg-1 col-md-1 col-xs-12 col-sm-12\">\n<\/div>\n<div class=\"col-lg-2 col-md-2 col-xs-12 col-sm-12\">\n<div class=\"post-thumb\">\n<img decoding=\"async\" class=\"alignnone wp-image-2485 size-full\" src=\"\/wp-content\/uploads\/2024\/09\/S_SDG_Icons-01-07.jpg\" alt=\"Energ\u00eda asequible y no contaminante\"\/>\n<\/div>\n<\/div>\n<div class=\"col-lg-2 col-md-2 col-xs-12 col-sm-12\">\n<div class=\"post-thumb\">\n<img decoding=\"async\" class=\"alignnone wp-image-2485 size-full\" src=\"\/wp-content\/uploads\/2024\/09\/S_SDG_Icons-01-09.jpg\" alt=\"Insustria, innovaci\u00f3n e infraestructura\"\/>\n<\/div>\n<\/div>\n<div class=\"col-lg-2 col-md-2 col-xs-12 col-sm-12\">\n<div class=\"post-thumb\">\n<img decoding=\"async\" class=\"alignnone wp-image-2485 size-full\" src=\"\/wp-content\/uploads\/2024\/09\/S_SDG_Icons-01-12.jpg\" alt=\"Producci\u00f3n y consumo responsables\"\/>\n<\/div>\n<\/div>\n<div class=\"col-lg-2 col-md-2 col-xs-12 col-sm-12\">\n<div class=\"post-thumb\">\n<img decoding=\"async\" class=\"alignnone wp-image-2485 size-full\" src=\"\/wp-content\/uploads\/2024\/09\/S_SDG_Icons-01-13.jpg\" alt=\"Acci\u00f3n por el clima\"\/>\n<\/div>\n<\/div>\n<div class=\"col-lg-2 col-md-2 col-xs-12 col-sm-12\">\n<div class=\"post-thumb\">\n<img decoding=\"async\" class=\"alignnone wp-image-2485 size-full\" src=\"\/wp-content\/uploads\/2024\/09\/S_SDG_Icons-01-17.jpg\" alt=\"Alianzas para lograr objetivos\"\/>\n<\/div>\n<\/div>\n<div class=\"col-lg-1 col-md-1 col-xs-12 col-sm-12\">\n<\/div>\n<\/div>\n<div style=\"margin-bottom:30px ; height:1px; clear:both;\"><\/div>\n","protected":false},"excerpt":{"rendered":"NUESTRA VISI\u00d3N DE LA SOSTENIBILIDAD La meta de Petronor es satisfacer la demanda creciente de energ\u00eda y productos maximizando nuestra contribuci\u00f3n al desarrollo sostenible, y llegar a ser una compa\u00f1\u00eda de cero emisiones netas de Gases Efecto Invernadero (GEI) en 2050, como establece nuestra Pol\u00edtica de Sostenibilidad. Con este fin, definimos nuestro Modelo de Sostenibilidad,","protected":false},"author":1,"featured_media":0,"parent":0,"menu_order":0,"comment_status":"closed","ping_status":"closed","template":"","meta":{"footnotes":""},"class_list":["post-75694","page","type-page","status-publish","hentry"],"yoast_head":"<!-- This site is optimized with the Yoast SEO plugin v24.7 - https:\/\/yoast.com\/wordpress\/plugins\/seo\/ -->\n<title>NUESTRA VISI\u00d3N DE LA SOSTENIBILIDAD - Petronor<\/title>\n<meta name=\"robots\" content=\"index, follow, max-snippet:-1, max-image-preview:large, max-video-preview:-1\" \/>\n<link rel=\"canonical\" href=\"https:\/\/petronor.eus\/es\/nuestra-vision-de-la-sostenibilidad\/\" \/>\n<meta property=\"og:locale\" content=\"es_ES\" \/>\n<meta property=\"og:type\" content=\"article\" \/>\n<meta property=\"og:title\" content=\"NUESTRA VISI\u00d3N DE LA SOSTENIBILIDAD - Petronor\" \/>\n<meta property=\"og:description\" content=\"NUESTRA VISI\u00d3N DE LA SOSTENIBILIDAD La meta de Petronor es satisfacer la demanda creciente de energ\u00eda y productos maximizando nuestra contribuci\u00f3n al desarrollo sostenible, y llegar a ser una compa\u00f1\u00eda de cero emisiones netas de Gases Efecto Invernadero (GEI) en 2050, como establece nuestra Pol\u00edtica de Sostenibilidad. Con este fin, definimos nuestro Modelo de Sostenibilidad,\" \/>\n<meta property=\"og:url\" content=\"https:\/\/petronor.eus\/es\/nuestra-vision-de-la-sostenibilidad\/\" \/>\n<meta property=\"og:site_name\" content=\"Petronor\" \/>\n<meta property=\"article:modified_time\" content=\"2024-12-19T07:52:20+00:00\" \/>\n<meta name=\"twitter:label1\" content=\"Est. reading time\" \/>\n\t<meta name=\"twitter:data1\" content=\"5 minutes\" \/>\n<script type=\"application\/ld+json\" class=\"yoast-schema-graph\">{\"@context\":\"https:\/\/schema.org\",\"@graph\":[{\"@type\":\"WebPage\",\"@id\":\"https:\/\/petronor.eus\/es\/nuestra-vision-de-la-sostenibilidad\/\",\"url\":\"https:\/\/petronor.eus\/es\/nuestra-vision-de-la-sostenibilidad\/\",\"name\":\"NUESTRA VISI\u00d3N DE LA SOSTENIBILIDAD - Petronor\",\"isPartOf\":{\"@id\":\"https:\/\/petronor.eus\/es\/#website\"},\"datePublished\":\"2024-09-13T10:47:54+00:00\",\"dateModified\":\"2024-12-19T07:52:20+00:00\",\"breadcrumb\":{\"@id\":\"https:\/\/petronor.eus\/es\/nuestra-vision-de-la-sostenibilidad\/#breadcrumb\"},\"inLanguage\":\"es-ES\",\"potentialAction\":[{\"@type\":\"ReadAction\",\"target\":[\"https:\/\/petronor.eus\/es\/nuestra-vision-de-la-sostenibilidad\/\"]}]},{\"@type\":\"BreadcrumbList\",\"@id\":\"https:\/\/petronor.eus\/es\/nuestra-vision-de-la-sostenibilidad\/#breadcrumb\",\"itemListElement\":[{\"@type\":\"ListItem\",\"position\":1,\"name\":\"Home\",\"item\":\"https:\/\/petronor.eus\/es\/\"},{\"@type\":\"ListItem\",\"position\":2,\"name\":\"NUESTRA VISI\u00d3N DE LA SOSTENIBILIDAD\"}]},{\"@type\":\"WebSite\",\"@id\":\"https:\/\/petronor.eus\/es\/#website\",\"url\":\"https:\/\/petronor.eus\/es\/\",\"name\":\"Petronor\",\"description\":\"\",\"potentialAction\":[{\"@type\":\"SearchAction\",\"target\":{\"@type\":\"EntryPoint\",\"urlTemplate\":\"https:\/\/petronor.eus\/es\/?s={search_term_string}\"},\"query-input\":{\"@type\":\"PropertyValueSpecification\",\"valueRequired\":true,\"valueName\":\"search_term_string\"}}],\"inLanguage\":\"es-ES\"}]}<\/script>\n<!-- \/ Yoast SEO plugin. -->","yoast_head_json":{"title":"NUESTRA VISI\u00d3N DE LA SOSTENIBILIDAD - Petronor","robots":{"index":"index","follow":"follow","max-snippet":"max-snippet:-1","max-image-preview":"max-image-preview:large","max-video-preview":"max-video-preview:-1"},"canonical":"https:\/\/petronor.eus\/es\/nuestra-vision-de-la-sostenibilidad\/","og_locale":"es_ES","og_type":"article","og_title":"NUESTRA VISI\u00d3N DE LA SOSTENIBILIDAD - Petronor","og_description":"NUESTRA VISI\u00d3N DE LA SOSTENIBILIDAD La meta de Petronor es satisfacer la demanda creciente de energ\u00eda y productos maximizando nuestra contribuci\u00f3n al desarrollo sostenible, y llegar a ser una compa\u00f1\u00eda de cero emisiones netas de Gases Efecto Invernadero (GEI) en 2050, como establece nuestra Pol\u00edtica de Sostenibilidad. Con este fin, definimos nuestro Modelo de Sostenibilidad,","og_url":"https:\/\/petronor.eus\/es\/nuestra-vision-de-la-sostenibilidad\/","og_site_name":"Petronor","article_modified_time":"2024-12-19T07:52:20+00:00","twitter_misc":{"Est. reading time":"5 minutes"},"schema":{"@context":"https:\/\/schema.org","@graph":[{"@type":"WebPage","@id":"https:\/\/petronor.eus\/es\/nuestra-vision-de-la-sostenibilidad\/","url":"https:\/\/petronor.eus\/es\/nuestra-vision-de-la-sostenibilidad\/","name":"NUESTRA VISI\u00d3N DE LA SOSTENIBILIDAD - Petronor","isPartOf":{"@id":"https:\/\/petronor.eus\/es\/#website"},"datePublished":"2024-09-13T10:47:54+00:00","dateModified":"2024-12-19T07:52:20+00:00","breadcrumb":{"@id":"https:\/\/petronor.eus\/es\/nuestra-vision-de-la-sostenibilidad\/#breadcrumb"},"inLanguage":"es-ES","potentialAction":[{"@type":"ReadAction","target":["https:\/\/petronor.eus\/es\/nuestra-vision-de-la-sostenibilidad\/"]}]},{"@type":"BreadcrumbList","@id":"https:\/\/petronor.eus\/es\/nuestra-vision-de-la-sostenibilidad\/#breadcrumb","itemListElement":[{"@type":"ListItem","position":1,"name":"Home","item":"https:\/\/petronor.eus\/es\/"},{"@type":"ListItem","position":2,"name":"NUESTRA VISI\u00d3N DE LA SOSTENIBILIDAD"}]},{"@type":"WebSite","@id":"https:\/\/petronor.eus\/es\/#website","url":"https:\/\/petronor.eus\/es\/","name":"Petronor","description":"","potentialAction":[{"@type":"SearchAction","target":{"@type":"EntryPoint","urlTemplate":"https:\/\/petronor.eus\/es\/?s={search_term_string}"},"query-input":{"@type":"PropertyValueSpecification","valueRequired":true,"valueName":"search_term_string"}}],"inLanguage":"es-ES"}]}},"_links":{"self":[{"href":"https:\/\/petronor.eus\/es\/wp-json\/wp\/v2\/pages\/75694","targetHints":{"allow":["GET"]}}],"collection":[{"href":"https:\/\/petronor.eus\/es\/wp-json\/wp\/v2\/pages"}],"about":[{"href":"https:\/\/petronor.eus\/es\/wp-json\/wp\/v2\/types\/page"}],"author":[{"embeddable":true,"href":"https:\/\/petronor.eus\/es\/wp-json\/wp\/v2\/users\/1"}],"replies":[{"embeddable":true,"href":"https:\/\/petronor.eus\/es\/wp-json\/wp\/v2\/comments?post=75694"}],"version-history":[{"count":143,"href":"https:\/\/petronor.eus\/es\/wp-json\/wp\/v2\/pages\/75694\/revisions"}],"predecessor-version":[{"id":78398,"href":"https:\/\/petronor.eus\/es\/wp-json\/wp\/v2\/pages\/75694\/revisions\/78398"}],"wp:attachment":[{"href":"https:\/\/petronor.eus\/es\/wp-json\/wp\/v2\/media?parent=75694"}],"curies":[{"name":"wp","href":"https:\/\/api.w.org\/{rel}","templated":true}]}}