{"id":75708,"date":"2024-09-13T09:33:30","date_gmt":"2024-09-13T07:33:30","guid":{"rendered":"https:\/\/petronor.eus\/?page_id=75708"},"modified":"2025-01-09T09:45:48","modified_gmt":"2025-01-09T08:45:48","slug":"petronor-en-el-puerto-de-bilbao","status":"publish","type":"page","link":"https:\/\/petronor.eus\/es\/instalaciones\/petronor-en-el-puerto-de-bilbao\/","title":{"rendered":"PETRONOR EN EL PUERTO DE BILBAO"},"content":{"rendered":"<div class=\"row introBlock full-width-section primeraFila maxHeightAuto\">\n<div class=\"col-lg-3 col-md-3 col-xs-12 col-sm-12\">\n<div class=\"menu-menu_instalaciones-container\"><ul id=\"menu-menu_instalaciones\" class=\"subnav\"><li id=\"menu-item-77433\" class=\"menu-item menu-item-type-post_type menu-item-object-page menu-item-77433\"><a href=\"https:\/\/petronor.eus\/es\/instalaciones\/\">INSTALACIONES<\/a><\/li>\n<li id=\"menu-item-76051\" class=\"menu-item menu-item-type-post_type menu-item-object-page menu-item-76051\"><a href=\"https:\/\/petronor.eus\/es\/instalaciones\/petronor-en-el-puerto-de-bilbao\/\">PETRONOR EN EL PUERTO DE BILBAO<\/a><\/li>\n<li id=\"menu-item-76055\" class=\"menu-item menu-item-type-post_type menu-item-object-page menu-item-76055\"><a href=\"https:\/\/petronor.eus\/es\/instalaciones\/productos\/\">PRODUCTOS<\/a><\/li>\n<li id=\"menu-item-76054\" class=\"menu-item menu-item-type-post_type menu-item-object-page menu-item-76054\"><a href=\"https:\/\/petronor.eus\/es\/infografias\/asi-funciona-la-refineria\/\">INFOGRAF\u00cdA &#8220;Como funciona una Refiner\u00eda&#8221;<\/a><\/li>\n<li id=\"menu-item-1566\" class=\"menu-item menu-item-type-post_type menu-item-object-page menu-item-1566\"><a href=\"https:\/\/petronor.eus\/es\/instalaciones\/preguntas-frecuentes\/\">PREGUNTAS FRECUENTES<\/a><\/li>\n<\/ul><\/div>\n<\/div>\n<div class=\"col-lg-9 col-md-9 col-xs-12 col-sm-12\">\n<h1 style=\"margin-top: 0;\">PETRONOR EN EL PUERTO DE BILBAO<\/h1>\n<div id=\"contenedorBannerPB\" style=\"overflow: hidden;\"><img loading=\"lazy\" decoding=\"async\" class=\"alignnone wp-image-2485 size-full\" src=\"\/wp-content\/uploads\/2024\/11\/puertoBilbao.png\" width=\"1176\" height=\"450\" alt=\"Promovemos infraestructuras energ\u00e9ticas en el Puerto de Bilbao. Imagen que muestra las zonas del puerto de Bilbao: oficinas y salas de control, Conexi\u00f3n Esergui\/Tepsa, Terminal Bunkering GNL y Planta de mineralizaci\u00f3n\"\/><\/div>\n<\/div>\n<\/div>\n<div style=\"margin-bottom:30px ; height:1px; clear:both;\"><\/div>\n\n<div class=\"row \">\n\n<h2 style=\"margin-top: 0;\">LA CUENCA ATL\u00c1NTICA<\/h2>\n<div class=\"col-lg-5 col-md-5 col-sm-12 col-xs-12 col-md-push-7\">\n<div class=\"tablaHeader\">\n<div class=\"celda celdaIzquierda \"><h3>Ubicaci\u00f3n estrat\u00e9gica<\/h3><\/div>\n<div class=\"celda\"><div class=\"widgettitlewrapper\">&nbsp;<\/div><\/div>\n<\/div>\n<div class=\"post-thumb\">\n<img loading=\"lazy\" decoding=\"async\" class=\"alignnone wp-image-2485 size-full\" src=\"\/wp-content\/uploads\/2024\/09\/petronor_puertoBilbao2.1_mapa.png\" width=\"1176\" height=\"450\" alt=\"Mapa que muestra la ubicaci\u00f3n estrat\u00e9gica de Petronor en la Cuenca Atl\u00e1ntica\"\/>\n<\/div>\n<\/div>\n<div class=\"col-lg-7 col-md-7 col-sm-12 col-xs-12 col-md-pull-5\">\n<div class=\"tablaHeader\">\n<div class=\"celda celdaIzquierda \"><h3>Rutas y calado<\/h3><\/div>\n<div class=\"celda\"><div class=\"widgettitlewrapper\">&nbsp;<\/div><\/div>\n<\/div>\n<div style=\"margin-bottom:60px ; height:1px; clear:both;\"><\/div>\n<div class=\"col-lg-7 col-md-7 col-sm-12 col-xs-12\" style=\"font-size: 17px!important\">\n<table class=\"table table-striped\" style=\"background-color:#ffff\">\n<tr>\n<th colspan=\"2\">Rutas<\/th>\n<\/tr>\n<tr>\n<td>Nantes &#8211; Burdeos<\/td>\n<td><b>303 km<\/b><\/td>\n<\/tr>\n<tr>\n<td>Nantes &#8211; Biarritz<\/td>\n<td><b>427 km<\/b><\/td>\n<\/tr>\n<tr>\n<td>Burdeos &#8211; Bilbao<\/td>\n<td><b>262 km<\/b><\/td>\n<\/tr>\n<tr>\n<td>Bilbao &#8211; Biarritz<\/td>\n<td><b>133 km<\/b><\/td>\n<\/tr>\n<tr>\n<td>Bilbao &#8211; Gij\u00f3n<\/td>\n<td><b>207 km<\/b><\/td>\n<\/tr>\n<\/table>\n<\/div>\n\n<div class=\"col-lg-5 col-md-5 col-sm-12 col-xs-12\" style=\"font-size: 17px!important\">\n<table class=\"table table-striped\" style=\"background-color:#ffff\">\n<tr>\n<th colspan=\"2\">Calado<\/th>\n<\/tr>\n<tr>\n<td>Burdeos<\/td>\n<td><b>12 m<\/b><\/td>\n<\/tr>\n<tr>\n<td>Biarritz<\/td>\n<td><b>9,6 m<\/b><\/td>\n<\/tr>\n<tr>\n<td>Bilbao<\/td>\n<td><b>31 m<\/b><\/td>\n<\/tr>\n<tr>\n<td>Gij\u00f3n<\/td>\n<td><b>20 m<\/b><\/td>\n<\/tr>\n<\/table>\n<\/div>\n<\/div>\n<\/div>\n<div style=\"margin-bottom:30px ; height:1px; clear:both;\"><\/div>\n<div class=\"row \">\n<h2 style=\"margin-top: 0;\">INSTALACIONES<\/h2>\n<div class=\"col-lg-6 col-md-6 col-sm-12 col-xs-12\">\n  \n    <!--<h3 class=\"border-bottom pb-2\">Espigones: 750.000t<\/h3>-->\n    <div class=\"tablaHeader\">\n<div class=\"celda celdaIzquierda \"><h3>Espigones: 750.000t<\/h3><\/div>\n<div class=\"celda\"><div class=\"widgettitlewrapper\">&nbsp;<\/div><\/div>\n<\/div>\n    <table class=\"table\" style=\"font-size: 18px!important\">\n        <!-- Cabecera de la tabla -->\n        <thead class=\"border-bottom\">\n            <tr>\n                <th scope=\"col\">Crudo y productos<\/th>\n                <th scope=\"col\">Calado<\/th>\n            <\/tr>\n        <\/thead>\n        <!-- Cuerpo de la tabla -->\n        <tbody>\n            <tr style=\"background-color:#DEEBF7\">\n                <td>500.000t<\/br>crudo y productos<\/td>\n                <td><strong>31 m<\/strong><\/td>\n            <\/tr>\n            <tr style=\"background-color:#FFFF\">\n                <td>200.000t<\/br>crudo y productos<\/td>\n                <td><b>19 m<\/b><\/td>\n            <\/tr>\n            <tr style=\"background-color:#DEEBF7\">\n                <td>50.000t<\/br>productos<\/td>\n                <td><b>11,85 m<\/b><\/td>\n            <\/tr>\n        <\/tbody>\n    <\/table>\n<\/div>\n<div class=\"col-lg-6 col-md-6 col-sm-12 col-xs-12\">\n  \n    <!--<h3 class=\"border-bottom pb-2\">Pantalanes: 40.000t<\/h3>-->\n    <div class=\"tablaHeader\">\n<div class=\"celda celdaIzquierda \"><h3>Pantalanes: 40.000t<\/h3><\/div>\n<div class=\"celda\"><div class=\"widgettitlewrapper\">&nbsp;<\/div><\/div>\n<\/div>\n    <table class=\"table\" style=\"font-size: 18px!important\">\n        <!-- Cabecera de la tabla -->\n        <thead class=\"border-bottom\">\n            <tr>\n                <th scope=\"col\">Productos<\/th>\n                <th scope=\"col\">Calado<\/th>\n            <\/tr>\n        <\/thead>\n        <!-- Cuerpo de la tabla -->\n        <tbody>\n            <tr style=\"background-color:#DEEBF7\">\n                <td>18.000t<\/br>LPG<\/td>\n                <td><strong>10 m<\/strong><\/td>\n            <\/tr>\n            <tr style=\"background-color:#FFFF\">\n                <td>18.000t<\/br>LPG y asfalto<\/td>\n                <td><b>10 m<\/b><\/td>\n            <\/tr>\n            <tr style=\"background-color:#DEEBF7\">\n                <td>4.000t<\/br>Productos<\/td>\n                <td><b>7 m<\/b><\/td>\n            <\/tr>\n        <\/tbody>\n    <\/table>\n<\/div>\n<div style=\"margin-bottom:30px ; height:1px; clear:both;\"><\/div>\n<div class=\"col-lg-8 col-md-8 col-sm-12 col-xs-12\">\n<p style=\"font-size: 20px!important\">Petronor tambi\u00e9n cuenta con diversos tanques de almacenamiento para combustible mar\u00edtimo, as\u00ed como expedici\u00f3n de asfaltos y una unidad de recuperaci\u00f3n de vapor de nafta y gasolina.<\/p>\n<\/div>\n\n<\/div>\n\n<div class=\"separadorGris\"><\/div>","protected":false},"excerpt":{"rendered":"","protected":false},"author":1,"featured_media":0,"parent":32,"menu_order":3,"comment_status":"closed","ping_status":"closed","template":"","meta":{"footnotes":""},"class_list":["post-75708","page","type-page","status-publish","hentry"],"yoast_head":"<!-- This site is optimized with the Yoast SEO plugin v24.7 - https:\/\/yoast.com\/wordpress\/plugins\/seo\/ -->\n<title>PETRONOR EN EL PUERTO DE BILBAO - Petronor<\/title>\n<meta name=\"robots\" content=\"index, follow, max-snippet:-1, max-image-preview:large, max-video-preview:-1\" \/>\n<link rel=\"canonical\" href=\"https:\/\/petronor.eus\/es\/instalaciones\/petronor-en-el-puerto-de-bilbao\/\" \/>\n<meta property=\"og:locale\" content=\"es_ES\" \/>\n<meta property=\"og:type\" content=\"article\" \/>\n<meta property=\"og:title\" content=\"PETRONOR EN EL PUERTO DE BILBAO - Petronor\" \/>\n<meta property=\"og:url\" content=\"https:\/\/petronor.eus\/es\/instalaciones\/petronor-en-el-puerto-de-bilbao\/\" \/>\n<meta property=\"og:site_name\" content=\"Petronor\" \/>\n<meta property=\"article:modified_time\" content=\"2025-01-09T08:45:48+00:00\" \/>\n<meta name=\"twitter:label1\" content=\"Est. reading time\" \/>\n\t<meta name=\"twitter:data1\" content=\"2 minutes\" \/>\n<script type=\"application\/ld+json\" class=\"yoast-schema-graph\">{\"@context\":\"https:\/\/schema.org\",\"@graph\":[{\"@type\":\"WebPage\",\"@id\":\"https:\/\/petronor.eus\/es\/instalaciones\/petronor-en-el-puerto-de-bilbao\/\",\"url\":\"https:\/\/petronor.eus\/es\/instalaciones\/petronor-en-el-puerto-de-bilbao\/\",\"name\":\"PETRONOR EN EL PUERTO DE BILBAO - Petronor\",\"isPartOf\":{\"@id\":\"https:\/\/petronor.eus\/es\/#website\"},\"datePublished\":\"2024-09-13T07:33:30+00:00\",\"dateModified\":\"2025-01-09T08:45:48+00:00\",\"breadcrumb\":{\"@id\":\"https:\/\/petronor.eus\/es\/instalaciones\/petronor-en-el-puerto-de-bilbao\/#breadcrumb\"},\"inLanguage\":\"es-ES\",\"potentialAction\":[{\"@type\":\"ReadAction\",\"target\":[\"https:\/\/petronor.eus\/es\/instalaciones\/petronor-en-el-puerto-de-bilbao\/\"]}]},{\"@type\":\"BreadcrumbList\",\"@id\":\"https:\/\/petronor.eus\/es\/instalaciones\/petronor-en-el-puerto-de-bilbao\/#breadcrumb\",\"itemListElement\":[{\"@type\":\"ListItem\",\"position\":1,\"name\":\"Home\",\"item\":\"https:\/\/petronor.eus\/es\/\"},{\"@type\":\"ListItem\",\"position\":2,\"name\":\"INSTALACIONES\",\"item\":\"https:\/\/petronor.eus\/es\/instalaciones\/\"},{\"@type\":\"ListItem\",\"position\":3,\"name\":\"PETRONOR EN EL PUERTO DE BILBAO\"}]},{\"@type\":\"WebSite\",\"@id\":\"https:\/\/petronor.eus\/es\/#website\",\"url\":\"https:\/\/petronor.eus\/es\/\",\"name\":\"Petronor\",\"description\":\"\",\"potentialAction\":[{\"@type\":\"SearchAction\",\"target\":{\"@type\":\"EntryPoint\",\"urlTemplate\":\"https:\/\/petronor.eus\/es\/?s={search_term_string}\"},\"query-input\":{\"@type\":\"PropertyValueSpecification\",\"valueRequired\":true,\"valueName\":\"search_term_string\"}}],\"inLanguage\":\"es-ES\"}]}<\/script>\n<!-- \/ Yoast SEO plugin. -->","yoast_head_json":{"title":"PETRONOR EN EL PUERTO DE BILBAO - Petronor","robots":{"index":"index","follow":"follow","max-snippet":"max-snippet:-1","max-image-preview":"max-image-preview:large","max-video-preview":"max-video-preview:-1"},"canonical":"https:\/\/petronor.eus\/es\/instalaciones\/petronor-en-el-puerto-de-bilbao\/","og_locale":"es_ES","og_type":"article","og_title":"PETRONOR EN EL PUERTO DE BILBAO - Petronor","og_url":"https:\/\/petronor.eus\/es\/instalaciones\/petronor-en-el-puerto-de-bilbao\/","og_site_name":"Petronor","article_modified_time":"2025-01-09T08:45:48+00:00","twitter_misc":{"Est. reading time":"2 minutes"},"schema":{"@context":"https:\/\/schema.org","@graph":[{"@type":"WebPage","@id":"https:\/\/petronor.eus\/es\/instalaciones\/petronor-en-el-puerto-de-bilbao\/","url":"https:\/\/petronor.eus\/es\/instalaciones\/petronor-en-el-puerto-de-bilbao\/","name":"PETRONOR EN EL PUERTO DE BILBAO - Petronor","isPartOf":{"@id":"https:\/\/petronor.eus\/es\/#website"},"datePublished":"2024-09-13T07:33:30+00:00","dateModified":"2025-01-09T08:45:48+00:00","breadcrumb":{"@id":"https:\/\/petronor.eus\/es\/instalaciones\/petronor-en-el-puerto-de-bilbao\/#breadcrumb"},"inLanguage":"es-ES","potentialAction":[{"@type":"ReadAction","target":["https:\/\/petronor.eus\/es\/instalaciones\/petronor-en-el-puerto-de-bilbao\/"]}]},{"@type":"BreadcrumbList","@id":"https:\/\/petronor.eus\/es\/instalaciones\/petronor-en-el-puerto-de-bilbao\/#breadcrumb","itemListElement":[{"@type":"ListItem","position":1,"name":"Home","item":"https:\/\/petronor.eus\/es\/"},{"@type":"ListItem","position":2,"name":"INSTALACIONES","item":"https:\/\/petronor.eus\/es\/instalaciones\/"},{"@type":"ListItem","position":3,"name":"PETRONOR EN EL PUERTO DE BILBAO"}]},{"@type":"WebSite","@id":"https:\/\/petronor.eus\/es\/#website","url":"https:\/\/petronor.eus\/es\/","name":"Petronor","description":"","potentialAction":[{"@type":"SearchAction","target":{"@type":"EntryPoint","urlTemplate":"https:\/\/petronor.eus\/es\/?s={search_term_string}"},"query-input":{"@type":"PropertyValueSpecification","valueRequired":true,"valueName":"search_term_string"}}],"inLanguage":"es-ES"}]}},"_links":{"self":[{"href":"https:\/\/petronor.eus\/es\/wp-json\/wp\/v2\/pages\/75708","targetHints":{"allow":["GET"]}}],"collection":[{"href":"https:\/\/petronor.eus\/es\/wp-json\/wp\/v2\/pages"}],"about":[{"href":"https:\/\/petronor.eus\/es\/wp-json\/wp\/v2\/types\/page"}],"author":[{"embeddable":true,"href":"https:\/\/petronor.eus\/es\/wp-json\/wp\/v2\/users\/1"}],"replies":[{"embeddable":true,"href":"https:\/\/petronor.eus\/es\/wp-json\/wp\/v2\/comments?post=75708"}],"version-history":[{"count":114,"href":"https:\/\/petronor.eus\/es\/wp-json\/wp\/v2\/pages\/75708\/revisions"}],"predecessor-version":[{"id":78720,"href":"https:\/\/petronor.eus\/es\/wp-json\/wp\/v2\/pages\/75708\/revisions\/78720"}],"up":[{"embeddable":true,"href":"https:\/\/petronor.eus\/es\/wp-json\/wp\/v2\/pages\/32"}],"wp:attachment":[{"href":"https:\/\/petronor.eus\/es\/wp-json\/wp\/v2\/media?parent=75708"}],"curies":[{"name":"wp","href":"https:\/\/api.w.org\/{rel}","templated":true}]}}