{"id":75838,"date":"2024-09-16T10:19:09","date_gmt":"2024-09-16T08:19:09","guid":{"rendered":"https:\/\/petronor.eus\/?page_id=75838"},"modified":"2024-09-24T11:36:43","modified_gmt":"2024-09-24T09:36:43","slug":"desarrollo-del-territorio","status":"publish","type":"page","link":"https:\/\/petronor.eus\/es\/nuestra-vision-de-la-sostenibilidad\/desarrollo-del-territorio\/","title":{"rendered":"DESARROLLO DEL TERRITORIO"},"content":{"rendered":"<div class=\"row introBlock full-width-section primeraFila maxHeightAuto\">\n<h1 style=\"margin-top: 0;font-size: 30px!important; background-color:white\">DESARROLLO DEL TERRITORIO<\/h1>\n<\/div>\n<div class=\"row introBlock full-width-section\">\n<div class=\"col-lg-7 col-md-7 col-sm-12 col-xs-12 col-md-push-5\"><img loading=\"lazy\" decoding=\"async\" class=\"alignnone size-full wp-image-2479\" src=\"\/wp-content\/uploads\/2024\/09\/impacto_economico6.png\" width=\"760\" height=\"507\" alt=\"Gr\u00e1fico que muestra el impacto econ\u00f3mico de Petronor con el 41.1% del tr\u00e1fico total del puerto de Bilbao y que se aporta el 9.9% del total de la recaudaci\u00f3n de la Hacienda foral. Datos correspondientes al ejercicio 2023\" \/><\/div>\n<div class=\"col-lg-5 col-md-5 col-sm-12 col-xs-12 col-md-pull-7\">\n\n<div style=\"margin-bottom:30px ; height:1px; clear:both;\"><\/div>\n<h1 style=\"margin-top: 0;\">IMPACTO ECON\u00d3MICO<\/h1>\n<div style=\"margin-bottom:20px ; height:1px; clear:both;\"><\/div>\n<p class=\"font18\" style=\"font-size: 20px!important;\">\n<ul class=\"listaReseteada listaFlechada\" style=\"font-size: 18px!important\";>\n\t<li><b>41,1%<\/b> del tr\u00e1fico total del puerto de Bilbao > 367 buques<\/li>\n<div style=\"margin-bottom:15px ; height:1px; clear:both;\"><\/div>\n\t<li><b>124.9M \u20ac<\/b> facturaci\u00f3n de empresas vascas > 495 empresas<\/li>\n<div style=\"margin-bottom:15px ; height:1px; clear:both;\"><\/div>\n\t<li><b>1608M \u20ac<\/b> generados de impuestos<\/li>\n<div style=\"margin-bottom:15px ; height:1px; clear:both;\"><\/div>\n\t<li><b>936M \u20ac<\/b> aportados a la Hacienda Foral > 9,9% de la recaudaci\u00f3n total<\/li>\n<\/ul>\n<\/p>\n<div class=\"separadorGris\"><\/div>\n<\/div>\n<\/div>\n\n<div style=\"margin-bottom:30px ; height:1px; clear:both;\"><\/div>\n\n<div class=\"row introBlock full-width-section\">\n<div class=\"col-lg-7 col-md-7 col-sm-12 col-xs-12 col-md-push\"><img loading=\"lazy\" decoding=\"async\" class=\"alignnone size-full wp-image-2479\" src=\"\/wp-content\/uploads\/2024\/09\/petronor_cifras5.png\" width=\"760\" height=\"507\" alt=\"Gr\u00e1fico de barras que muestra la inversi\u00f3n total en 2023 de 103.2 millones de euros y la inversi\u00f3n en mantenimiento que es de 37.3 millones de euros. Datos correspondientes al ejercicio de 2023\"\/><\/div>\n<div class=\"col-lg-5 col-md-5 col-sm-12 col-xs-12 col-md-pull\">\n\n<div style=\"margin-bottom:30px ; height:1px; clear:both;\"><\/div>\n<h1 style=\"margin-top: 0;\">IMPACTO ECON\u00d3MICO<\/h1>\n<div style=\"margin-bottom:30px ; height:1px; clear:both;\"><\/div>\n<p class=\"font18\" style=\"font-size: 20px!important;\">\n<ul class=\"listaReseteada listaFlechada font18\" style=\"font-size: 20px!important;\">\n\t<li><b>37.3M \u20ac<\/b> de inversi\u00f3n en mantenimiento<\/li>\n<div style=\"margin-bottom:20px ; height:1px; clear:both;\"><\/div>\n\t<li><b>103.2M \u20ac<\/b> de inversi\u00f3n total<\/li>\n<div style=\"margin-bottom:20px ; height:1px; clear:both;\"><\/div>\n\t<li><b>1853M \u20ac<\/b> de inversiones entre 2008 y 2023<\/li>\n<\/ul>\n<\/p>\n<div class=\"separadorGris\"><\/div>\n<\/div>\n<\/div>\n\n<div style=\"margin-bottom:30px ; height:1px; clear:both;\"><\/div>\n<section id=\"impacto_entorno\">\n<div class=\"row introBlock full-width-section\">\n<div class=\"col-lg-7 col-md-7 col-sm-12 col-xs-12 col-md-push-5\"><img loading=\"lazy\" decoding=\"async\" class=\"alignnone size-full wp-image-2479\" src=\"\/wp-content\/uploads\/2024\/09\/impacto_social_entorno.png\" width=\"760\" height=\"507\" alt=\"Tabla que muestra el impacto social en el entorno, que afecta a 3 municipios, 15000 habitantes y numerosas actividades culturales y medioambientales\"\/><\/div>\n<div class=\"col-lg-5 col-md-5 col-sm-12 col-xs-12 col-md-pull-7\">\n\n<div style=\"margin-bottom:30px ; height:1px; clear:both;\"><\/div>\n<h1 style=\"margin-top: 0;\">IMPACTO SOCIAL EN EL ENTORNO<\/h1>\n<div style=\"margin-bottom:20px ; height:1px; clear:both;\"><\/div>\n<p class=\"font18\" style=\"font-size: 20px!important;\">\n<ul class=\"listaReseteada listaFlechada\" style=\"font-size: 17px!important\">\n\t<li>15.000 habitantes<\/li>\n\t<li>3 municipios<\/li>\n\t<li>M\u00e1s de 120 asociaciones apoyadas<\/li>\n\t<li>Inversi\u00f3n anual de 1,1M \u20ac<\/li>\n<\/ul>\n<\/p>\n<div class=\"separadorGris\"><\/div>\n<div style=\"margin-bottom:20px ; height:1px; clear:both;\"><\/div>\n<div class=\"tablaHeader\">\n<div class=\"celda celdaIzquierda \"><h3>Actividades Apoyadas<\/h3><\/div>\n<div class=\"celda\"><div class=\"widgettitlewrapper\">&nbsp;<\/div><\/div>\n<\/div>\n<ul class=\"listaReseteada listaFlechada\" style=\"font-size: 17px!important\">\n\t<li>Medio Ambiente<\/li>\n\t<li>Deporte escolar<\/li>\n\t<li>Cultura<\/li>\n        <li>Alimentaci\u00f3n saludable<\/li>\n        <li>Vocaciones STEAM<\/li>\n        <li>Acci\u00f3n social<\/li>\n<\/ul>\n<div class=\"rayaGris\"><\/div>\n<\/div>\n<\/div>\n<\/section>\n","protected":false},"excerpt":{"rendered":"","protected":false},"author":1,"featured_media":0,"parent":75694,"menu_order":6,"comment_status":"closed","ping_status":"closed","template":"","meta":{"footnotes":""},"class_list":["post-75838","page","type-page","status-publish","hentry"],"yoast_head":"<!-- This site is optimized with the Yoast SEO plugin v24.7 - https:\/\/yoast.com\/wordpress\/plugins\/seo\/ -->\n<title>DESARROLLO DEL TERRITORIO - Petronor<\/title>\n<meta name=\"robots\" content=\"index, follow, max-snippet:-1, max-image-preview:large, max-video-preview:-1\" \/>\n<link rel=\"canonical\" href=\"https:\/\/petronor.eus\/es\/nuestra-vision-de-la-sostenibilidad\/desarrollo-del-territorio\/\" \/>\n<meta property=\"og:locale\" content=\"es_ES\" \/>\n<meta property=\"og:type\" content=\"article\" \/>\n<meta property=\"og:title\" content=\"DESARROLLO DEL TERRITORIO - Petronor\" \/>\n<meta property=\"og:url\" content=\"https:\/\/petronor.eus\/es\/nuestra-vision-de-la-sostenibilidad\/desarrollo-del-territorio\/\" \/>\n<meta property=\"og:site_name\" content=\"Petronor\" \/>\n<meta property=\"article:modified_time\" content=\"2024-09-24T09:36:43+00:00\" \/>\n<meta name=\"twitter:label1\" content=\"Est. reading time\" \/>\n\t<meta name=\"twitter:data1\" content=\"2 minutes\" \/>\n<script type=\"application\/ld+json\" class=\"yoast-schema-graph\">{\"@context\":\"https:\/\/schema.org\",\"@graph\":[{\"@type\":\"WebPage\",\"@id\":\"https:\/\/petronor.eus\/es\/nuestra-vision-de-la-sostenibilidad\/desarrollo-del-territorio\/\",\"url\":\"https:\/\/petronor.eus\/es\/nuestra-vision-de-la-sostenibilidad\/desarrollo-del-territorio\/\",\"name\":\"DESARROLLO DEL TERRITORIO - Petronor\",\"isPartOf\":{\"@id\":\"https:\/\/petronor.eus\/es\/#website\"},\"datePublished\":\"2024-09-16T08:19:09+00:00\",\"dateModified\":\"2024-09-24T09:36:43+00:00\",\"breadcrumb\":{\"@id\":\"https:\/\/petronor.eus\/es\/nuestra-vision-de-la-sostenibilidad\/desarrollo-del-territorio\/#breadcrumb\"},\"inLanguage\":\"es-ES\",\"potentialAction\":[{\"@type\":\"ReadAction\",\"target\":[\"https:\/\/petronor.eus\/es\/nuestra-vision-de-la-sostenibilidad\/desarrollo-del-territorio\/\"]}]},{\"@type\":\"BreadcrumbList\",\"@id\":\"https:\/\/petronor.eus\/es\/nuestra-vision-de-la-sostenibilidad\/desarrollo-del-territorio\/#breadcrumb\",\"itemListElement\":[{\"@type\":\"ListItem\",\"position\":1,\"name\":\"Home\",\"item\":\"https:\/\/petronor.eus\/es\/\"},{\"@type\":\"ListItem\",\"position\":2,\"name\":\"NUESTRA VISI\u00d3N DE LA SOSTENIBILIDAD\",\"item\":\"https:\/\/petronor.eus\/es\/nuestra-vision-de-la-sostenibilidad\/\"},{\"@type\":\"ListItem\",\"position\":3,\"name\":\"DESARROLLO DEL TERRITORIO\"}]},{\"@type\":\"WebSite\",\"@id\":\"https:\/\/petronor.eus\/es\/#website\",\"url\":\"https:\/\/petronor.eus\/es\/\",\"name\":\"Petronor\",\"description\":\"\",\"potentialAction\":[{\"@type\":\"SearchAction\",\"target\":{\"@type\":\"EntryPoint\",\"urlTemplate\":\"https:\/\/petronor.eus\/es\/?s={search_term_string}\"},\"query-input\":{\"@type\":\"PropertyValueSpecification\",\"valueRequired\":true,\"valueName\":\"search_term_string\"}}],\"inLanguage\":\"es-ES\"}]}<\/script>\n<!-- \/ Yoast SEO plugin. -->","yoast_head_json":{"title":"DESARROLLO DEL TERRITORIO - Petronor","robots":{"index":"index","follow":"follow","max-snippet":"max-snippet:-1","max-image-preview":"max-image-preview:large","max-video-preview":"max-video-preview:-1"},"canonical":"https:\/\/petronor.eus\/es\/nuestra-vision-de-la-sostenibilidad\/desarrollo-del-territorio\/","og_locale":"es_ES","og_type":"article","og_title":"DESARROLLO DEL TERRITORIO - Petronor","og_url":"https:\/\/petronor.eus\/es\/nuestra-vision-de-la-sostenibilidad\/desarrollo-del-territorio\/","og_site_name":"Petronor","article_modified_time":"2024-09-24T09:36:43+00:00","twitter_misc":{"Est. reading time":"2 minutes"},"schema":{"@context":"https:\/\/schema.org","@graph":[{"@type":"WebPage","@id":"https:\/\/petronor.eus\/es\/nuestra-vision-de-la-sostenibilidad\/desarrollo-del-territorio\/","url":"https:\/\/petronor.eus\/es\/nuestra-vision-de-la-sostenibilidad\/desarrollo-del-territorio\/","name":"DESARROLLO DEL TERRITORIO - Petronor","isPartOf":{"@id":"https:\/\/petronor.eus\/es\/#website"},"datePublished":"2024-09-16T08:19:09+00:00","dateModified":"2024-09-24T09:36:43+00:00","breadcrumb":{"@id":"https:\/\/petronor.eus\/es\/nuestra-vision-de-la-sostenibilidad\/desarrollo-del-territorio\/#breadcrumb"},"inLanguage":"es-ES","potentialAction":[{"@type":"ReadAction","target":["https:\/\/petronor.eus\/es\/nuestra-vision-de-la-sostenibilidad\/desarrollo-del-territorio\/"]}]},{"@type":"BreadcrumbList","@id":"https:\/\/petronor.eus\/es\/nuestra-vision-de-la-sostenibilidad\/desarrollo-del-territorio\/#breadcrumb","itemListElement":[{"@type":"ListItem","position":1,"name":"Home","item":"https:\/\/petronor.eus\/es\/"},{"@type":"ListItem","position":2,"name":"NUESTRA VISI\u00d3N DE LA SOSTENIBILIDAD","item":"https:\/\/petronor.eus\/es\/nuestra-vision-de-la-sostenibilidad\/"},{"@type":"ListItem","position":3,"name":"DESARROLLO DEL TERRITORIO"}]},{"@type":"WebSite","@id":"https:\/\/petronor.eus\/es\/#website","url":"https:\/\/petronor.eus\/es\/","name":"Petronor","description":"","potentialAction":[{"@type":"SearchAction","target":{"@type":"EntryPoint","urlTemplate":"https:\/\/petronor.eus\/es\/?s={search_term_string}"},"query-input":{"@type":"PropertyValueSpecification","valueRequired":true,"valueName":"search_term_string"}}],"inLanguage":"es-ES"}]}},"_links":{"self":[{"href":"https:\/\/petronor.eus\/es\/wp-json\/wp\/v2\/pages\/75838","targetHints":{"allow":["GET"]}}],"collection":[{"href":"https:\/\/petronor.eus\/es\/wp-json\/wp\/v2\/pages"}],"about":[{"href":"https:\/\/petronor.eus\/es\/wp-json\/wp\/v2\/types\/page"}],"author":[{"embeddable":true,"href":"https:\/\/petronor.eus\/es\/wp-json\/wp\/v2\/users\/1"}],"replies":[{"embeddable":true,"href":"https:\/\/petronor.eus\/es\/wp-json\/wp\/v2\/comments?post=75838"}],"version-history":[{"count":78,"href":"https:\/\/petronor.eus\/es\/wp-json\/wp\/v2\/pages\/75838\/revisions"}],"predecessor-version":[{"id":76385,"href":"https:\/\/petronor.eus\/es\/wp-json\/wp\/v2\/pages\/75838\/revisions\/76385"}],"up":[{"embeddable":true,"href":"https:\/\/petronor.eus\/es\/wp-json\/wp\/v2\/pages\/75694"}],"wp:attachment":[{"href":"https:\/\/petronor.eus\/es\/wp-json\/wp\/v2\/media?parent=75838"}],"curies":[{"name":"wp","href":"https:\/\/api.w.org\/{rel}","templated":true}]}}