{"id":76096,"date":"2024-09-17T17:33:13","date_gmt":"2024-09-17T15:33:13","guid":{"rendered":"http:\/\/34.255.250.129\/?page_id=76096"},"modified":"2024-11-20T12:23:24","modified_gmt":"2024-11-20T11:23:24","slug":"innovacion-y-tecnologia","status":"publish","type":"page","link":"https:\/\/petronor.eus\/es\/nuestra-vision-de-la-sostenibilidad\/innovacion-y-tecnologia\/","title":{"rendered":"INNOVACI\u00d3N Y TECNOLOG\u00cdA"},"content":{"rendered":"<div class=\"row introBlock full-width-section primeraFila maxHeightAuto\">\n<h1 style=\"margin-top: 0;\">INNOVACI\u00d3N Y TECNOLOG\u00cdA<\/h1>\n<h3>Contenidos<\/h3>\n<ul style=\"font-size: 1.5em;\">\n<li><a href=\"#1\" class=\"indice\">\u200bLiderazgo del Corredor Vasco del Hidr\u00f3geno<\/a><\/li>\n<li><a href=\"#2\" class=\"indice\">Petronor, empresa tractora del EIC\u200b<\/a><\/li>\n<li><a href=\"#3\" class=\"indice\">Proyectos de I+D en 2024<\/a><\/li>\n<ul>\n<li><a href=\"#4\" class=\"indice\">ONTZHI<\/a><\/li>\n<li><a href=\"#5\" class=\"indice\">H2INTEGRA\u200b<\/a><\/li>\n<li><a href=\"#6\" class=\"indice\">HYBIZKAIA<\/a><\/li>\n<li><a href=\"#7\" class=\"indice\">H2BASQUE<\/a><\/li>\n<\/ul>\n<\/ul>\n<\/div>\n<div style=\"margin-bottom:30px ; height:1px; clear:both;\"><\/div>\n\n<a name=\"1\"><\/a>\n<div class=\"row \">\n<div class=\"tablaHeader\">\n<div class=\"celda celdaIzquierda \"><h3>LIDERAZGO DEL CORREDOR VASCO DEL HIDR\u00d3GENO (BH2C)<\/h3><\/div>\n<div class=\"celda\"><div class=\"widgettitlewrapper\">&nbsp;<\/div><\/div>\n<\/div>\n<\/div>\n<div style=\"margin-bottom:20px ; height:1px; clear:both;\"><\/div>\n<div class=\"row \">\n<div class=\"post-thumb\">\n<img loading=\"lazy\" decoding=\"async\" class=\"alignnone wp-image-2485 size-full\" src=\"\/wp-content\/uploads\/2024\/11\/it1.png\" width=\"1176\" height=\"450\" alt=\"Lideramos el Corredor Vasco del Hidr\u00f3geno (BH2C).\"\/>\n<\/div>\n<\/div>\n\n<!--[row]\n<div class=\"post-thumb\">\n<img decoding=\"async\" class=\"alignnone wp-image-2485 size-full\" src=\"\/wp-content\/uploads\/2024\/11\/bh2c_impacto.png\" alt=\"BH2C. Impacto industrial y econ\u00f3mico \"\/>\n<\/div>\n[margin size=\"30\"]\n<p style=\"font-size:20px !important;\">Visita la web oficial del BH2C <u><a href=\"https:\/\/www.bh2c.org\/es\">aqu\u00ed<\/a><\/u>.<\/p>\n[\/row]-->\n<div style=\"margin-bottom:60px ; height:1px; clear:both;\"><\/div>\n\n\n<a name=\"2\"><\/a>\n<div class=\"row \">\n<div class=\"tablaHeader\">\n<div class=\"celda celdaIzquierda \"><h3>EMPRESA TRACTORA DEL EIC.<\/h3><\/div>\n<div class=\"celda\"><div class=\"widgettitlewrapper\">&nbsp;<\/div><\/div>\n<\/div>\n<\/div>\n<div style=\"margin-bottom:20px ; height:1px; clear:both;\"><\/div>\n<div class=\"row \">\n<div class=\"post-thumb\">\n<img decoding=\"async\" class=\"alignnone wp-image-2485 size-full\" src=\"\/wp-content\/uploads\/2024\/11\/it2.png\" alt=\"Empresa tractora del EIC\"\/>\n<\/div>\n<!--[margin size=\"30\"]\n<p style=\"font-size:20px !important;\">Informaci\u00f3n oficial sobre el EIC <u><a href=\"https:\/\/parke.eus\/campus\/abanto\/\">aqu\u00ed<\/a><\/u>.<\/p>-->\n<\/div>\n\n<div style=\"margin-bottom:60px ; height:1px; clear:both;\"><\/div>\n\n<a name=\"3\"><\/a>\n<div class=\"row \">\n<div class=\"tablaHeader\">\n<div class=\"celda celdaIzquierda \"><h3>PROYECTOS DE I+D EN 2024<\/h3><\/div>\n<div class=\"celda\"><div class=\"widgettitlewrapper\">&nbsp;<\/div><\/div>\n<\/div>\n<div style=\"margin-bottom:20px ; height:1px; clear:both;\"><\/div>\n<!--<p class=\"parrafoDestacado\" style=\"font-size: 30px!important\">En el a\u00f1o 2023, hemos destinado 9M\u20ac a proyectos de I+D.<\/p>-->\n<\/div>\n\n<div class=\"row \">\n<div class=\"col-lg-6 col-md-6 col-xs-12 col-sm-12\">\n<div style=\"display:flex;flex-direction:column;justify-content:center;height:350px;\">\n<p style=\"font-size: 1.1rem !important;\">El proyecto <b>IRIA<\/b> es una iniciativa formaliza por las compa\u00f1\u00edas REPSOL S.A. (REPSOL), PETR\u00d3LEOS DEL NORTE S.A. (PETRONOR) y TRADIA TELECOM S.A. y que ha sido financiada por la Uni\u00f3n Europea a trav\u00e9s de los fondos NextGenerationEU. IRIA nos permitir\u00e1 disponer de una red privada 5G en \u00e1mbito industrial que apoyar\u00e1 el despliegue de diversos casos de uso como el despliegue de robots, la asistencia remota experta o el dispositivo personal conectado entre otros, as\u00ed como seguir progresando en la transformaci\u00f3n digital de la compa\u00f1\u00eda. Este proyecto cuenta con un presupuesto de 4,6 M\u20ac.<\/p>\n<\/div>\n<\/div>\n<div class=\"col-lg-6 col-md-6 col-xs-12 col-sm-12\">\n<div class=\"post-thumb\" >\n<img decoding=\"async\" class=\"alignnone wp-image-2485 size-full\" style=\"border-radius:20px\" src=\"\/wp-content\/uploads\/2024\/04\/AF_IRIA_LOGOTIPO_RGB.png\" alt=\"Proyecto IRIA\"\/>\n<\/div>\n<\/div>\n<\/div>\n\n<div style=\"margin-bottom:30px ; height:1px; clear:both;\"><\/div>\n\n<div class=\"row \">\n<div class=\"col-lg-6 col-md-6 col-xs-12 col-sm-12\">\n<div class=\"post-thumb\" >\n<img decoding=\"async\" class=\"alignnone wp-image-2485 size-full\" style=\"border-radius:20px\" src=\"\/wp-content\/uploads\/2024\/10\/proyecto_prestamar.png\" alt=\"Proyecto PRESTAMAR\"\/>\n<\/div>\n<\/div>\n<div class=\"col-lg-6 col-md-6 col-xs-12 col-sm-12\">\n<div style=\"display:flex;flex-direction:column;justify-content:center;height:350px;\">\n<p style=\"font-size: 1.1rem !important;\">El proyecto <b>PRESTAMAR<\/b> ser\u00e1 una soluci\u00f3n innovadora no intrusiva para la ayuda a la toma de decisiones en nuestra terminal mar\u00edtima y la gesti\u00f3n de las operaciones portuarias de forma m\u00e1s inteligente, eficiente y sostenible durante las maniobras de carga y descarga. Este proyecto ha sido financiado por el fondo de capital Ports 4.0 que es el modelo de innovaci\u00f3n abierta corporativa adoptado por Puertos del Estado y las Autoridades Portuarias Espa\u00f1olas.<br>Este proyecto cuenta con un presupuesto de 0,3 M\u20ac.<\/p>\n<\/div>\n<\/div>\n\n<\/div>\n\n<div style=\"margin-bottom:50px ; height:1px; clear:both;\"><\/div>\n\n<a name=\"4\"><\/a>\n<div class=\"row \">\n<div class=\"col-lg-6 col-md-6 col-xs-12 col-sm-12\">\n<div style=\"display:flex;flex-direction:column;justify-content:center;height:600px;\">\n<p style=\"font-size: 1.2rem !important;\">El objetivo de ONTZHi es la investigaci\u00f3n de tecnolog\u00edas y soluciones para el\nalmacenamiento y transporte de hidr\u00f3geno, m\u00e1s seguras, compactas, rentables y sostenibles.<\/p>\n<p style=\"font-size: 1.2rem !important;\">\u200bONTZHi pretende aumentar el conocimiento en el campo de la interacci\u00f3n del H2 con los materiales empleados en los sistemas de A&#038;T y dise\u00f1ar sistemas de protecci\u00f3n de los materiales frente a hidr\u00f3geno para evitar los fen\u00f3menos de degradaci\u00f3n en metales y composites.<\/p>\n<p style=\"font-size: 1.2rem !important;\">Adem\u00e1s, ONTZHi va a desarrollar nuevos materiales y procesos m\u00e1s sostenibles para tanques de movilidad. A su finalizaci\u00f3n, ONTZHi habr\u00e1 desarrollado al menos 2 demostradores a escala laboratorio:\n<ul style=\"font-size: 1.2rem !important;\">\n<li>Un demostrador de recubrimiento barrera de H2.<\/li>\n<li>Uno de tanque de composites reciclable.<\/li>\n<\/ul>\n<\/p>\n<p style=\"font-size: 1.2rem !important;\">Tambi\u00e9n se desarrollar\u00e1 al menos un modelo computacional que se emplear\u00e1 para definir y desarrollar m\u00e9todos de caracterizaci\u00f3n simplificados.\u200b<\/p>\n<\/div>\n<\/div>\n<div class=\"col-lg-6 col-md-6 col-xs-12 col-sm-12\">\n<div class=\"post-thumb\">\n<img decoding=\"async\" class=\"alignnone wp-image-2485 size-full\" style=\"border-radius:20px\" src=\"\/wp-content\/uploads\/2024\/10\/Ontzhi1.jpg\" alt=\"ONTZHI\"\/>\n<\/div>\n<div class=\"post-thumb\">\n<img decoding=\"async\" class=\"alignnone wp-image-2485 size-full\" style=\"border-radius:20px\" src=\"\/wp-content\/uploads\/2024\/11\/it3.png\" alt=\"Entidades participantes\"\/>\n<\/div>\n<\/div>\n<\/div>\n\n<div style=\"margin-bottom:30px ; height:1px; clear:both;\"><\/div>\n\n<a name=\"5\"><\/a>\n<div class=\"row \">\n<div class=\"col-lg-6 col-md-6 col-xs-12 col-sm-12\">\n<div style=\"display:flex;flex-direction:column;justify-content:center;height:750px;\">\n<p style=\"font-size: 1.2rem !important;\">Se trata de un proyecto a desarrollar por un consorcio formado por 12 empresas, con la participaci\u00f3n adicional de 2 centros pertenecientes a la RVCTI, con el objetivo de investigar diferentes soluciones tecnol\u00f3gicas para la implementaci\u00f3n f\u00edsica y digital de un ecosistema de hidr\u00f3geno integral que conecte y gestione \u00f3ptimamente los usos finales de hidr\u00f3geno con la infraestructura de producci\u00f3n, distribuci\u00f3n y dispensaci\u00f3n, con tres l\u00edneas de trabajo:<\/p>\n<p style=\"font-size: 1.2rem !important;\">\u200b\n<ol style=\"font-size: 1.2rem !important;\">\n<li>Optimizar los procesos de toda la cadena de valor mediante una plataforma avanzada que trata y analiza los datos obtenidos por la conectividad con todos los equipamientos y que mediante t\u00e9cnicas de inteligencia artificial, proporciona servicios de predicci\u00f3n y optimizaci\u00f3n. <\/li>\n<li>Capacitarse con las mejores herramientas que permitan optimizar los equipamientos de compresi\u00f3n, almacenamiento, distribuci\u00f3n y dispensaci\u00f3n destinados al suministro de hidrogeno a movilidad y a otros usos.<\/li>\n<li>Dise\u00f1ar sistemas energ\u00e9ticos de hidrogeno capaces de proporcionar de manera flexible las necesidades energ\u00e9ticas de casos de uso del sector del acero, recipientes met\u00e1licos, log\u00edstica portuaria, data center, &#8230;.<\/li>\n<\/ol>\n<\/p>\n\n<\/div>\n<\/div>\n<div class=\"col-lg-6 col-md-6 col-xs-12 col-sm-12\">\n<div class=\"post-thumb\">\n<img decoding=\"async\" class=\"alignnone wp-image-2485 size-full\" style=\"border-radius:20px\" src=\"\/wp-content\/uploads\/2024\/04\/H2INTEGRA-LOGO.jpg\" alt=\"H2INTEGRA\"\/>\n<\/div>\n<div class=\"post-thumb\">\n<img decoding=\"async\" class=\"alignnone wp-image-2485 size-full\" style=\"border-radius:20px\" src=\"\/wp-content\/uploads\/2024\/11\/it4.png\" alt=\"Entidades participantes\"\/>\n<\/div>\n<\/div>\n<\/div>\n\n\n<a name=\"6\"><\/a>\n<div class=\"row \">\n<div class=\"col-lg-6 col-md-6 col-xs-12 col-sm-12\">\n<div style=\"display:flex;flex-direction:column;justify-content:center;height:700px;\">\n<p style=\"font-size: 1.2rem !important;\">Objetivo de desplegar una infraestructura de generaci\u00f3n y suministro de hidr\u00f3geno renovable para uso industrial y de movilidad. Para ello, se acometer\u00e1n las siguientes iniciativas:<\/p>\n<p style=\"font-size: 1.2rem !important;\">\u200b\n<ol style=\"font-size: 1.2rem !important;\">\n<li>El hidr\u00f3geno renovable recibido en la refiner\u00eda, desde un electrolizador de 10MW situado en el Puerto de Bilbao ser\u00e1 purificado hasta obtener la calidad para movilidad. <\/li>\n<li>El hidrogeno purificado ser\u00e1 transportado al Parque Tecnol\u00f3gico de Abanto mediante un hidrogenoducto de 1,9 km. El hidrogeno renovable purificado llegar\u00e1 a la Planta Log\u00edstica del Parque Tecnol\u00f3gico donde ser\u00e1 comprimido y almacenado a diferentes niveles de presi\u00f3n, para realizar carga de botellas o MEGC desde 3 bah\u00edas de carga que trasportar\u00e1n hidr\u00f3geno a hidrolineras y clientes finales.<\/li>\n<li>Al lado de la planta log\u00edstica y aprovechando el almacenamiento realizado en esta, se ubicar\u00e1 una Hidrolinera para dispensaci\u00f3n p\u00fablica a veh\u00edculos ligeros y pesados. <\/li>\n<li>El hidrogeno renovable calidad movilidad ser\u00e1 llevado en MEGC hasta la hidrolinera sat\u00e9lite publica situada en el aeropuerto de Bilbao donde se podr\u00e1 dispensar a veh\u00edculos ligeros, pesados y de handling.<\/li>\n<li>Veh\u00edculos de hidrogeno que SI est\u00e1n subvencionados para recargar en alguna de las dos hidrolineras son 1 autob\u00fas interurbano, 1 cami\u00f3n y 7 autobuses urbanos.<\/li>\n<\/ol>\n<\/p>\n\n<\/div>\n<\/div>\n<div class=\"col-lg-6 col-md-6 col-xs-12 col-sm-12\">\n<div class=\"post-thumb\">\n<img decoding=\"async\" class=\"alignnone wp-image-2485 size-full\" style=\"border-radius:20px\" src=\"\/wp-content\/uploads\/2024\/10\/proyecto_HYBIZKAIA.png\" alt=\"HYBIZKAIA\"\/>\n<\/div>\n<div class=\"post-thumb\">\n<img decoding=\"async\" class=\"alignnone wp-image-2485 size-full\" style=\"border-radius:20px\" src=\"\/wp-content\/uploads\/2024\/10\/proyecto_HYBIZKAIA2.png\" alt=\"Entidades participantes\"\/>\n<\/div>\n<\/div>\n<\/div>\n\n<a name=\"7\"><\/a>\n<div class=\"row \">\n<div class=\"col-lg-6 col-md-6 col-xs-12 col-sm-12\">\n<div style=\"display:flex;flex-direction:column;justify-content:center;height:450px;\">\n<p style=\"font-size: 1.2rem !important;\">El proyecto H2BASQUE tiene como objetivo desarrollar tecnolog\u00edas innovadoras y sus componentes clave para la generaci\u00f3n de hidr\u00f3geno verde como la electr\u00f3lisis PEM (Proton Exchange Membrane), la electrolisis AEM (Anion Exchange Membrane) y los ciclos termo q\u00faimicos a un coste competitivo.<\/p>\n<p style=\"font-size: 1.2rem !important;\">\u200bVa a contribuir a desarrollar tecnolog\u00edas innovadoras de generaci\u00f3n de hidr\u00f3geno verde que permitan: reducir el coste; reducir las emisiones de CO2 y el uso de materiales cr\u00edticos; y mejorar el rendimiento de los procesos de producci\u00f3n de hidr\u00f3geno.<\/p>\n<p style=\"font-size: 1.2rem !important;\">El proyecto ha recibido financiaci\u00f3n del programa ELKARTEK 2021, del Gobierno Vasco.\n<\/p>\n<\/div>\n<\/div>\n<div class=\"col-lg-6 col-md-6 col-xs-12 col-sm-12\">\n<div class=\"post-thumb\">\n<img decoding=\"async\" class=\"alignnone wp-image-2485 size-full\" style=\"border-radius:20px\" src=\"\/wp-content\/uploads\/2024\/11\/it52.png\" alt=\"H2BASQUE\"\/>\n<\/div>\n<div class=\"post-thumb\">\n<img decoding=\"async\" class=\"alignnone wp-image-2485 size-full\" style=\"border-radius:20px\" src=\"\/wp-content\/uploads\/2024\/11\/it6.png\" alt=\"Entidades participantes\"\/>\n<\/div>\n<\/div>\n<\/div>\n\n\n\n\n\n\n\n<!--<a name=\"4\"><\/a>\n[row]\n[headerConFranja texto=\"ROB\u00d3TICA\"]\n[\/row]\n[margin size=\"20\"]\n\n[row]\n[column lg=\"8\" md=\"8\" sm=\"12\" xs=\"12\" ]\n<p style=\"font-size:20px !important;\">Tras la primera prueba de concepto con un AGV, Petronor avanza en el despliegue de 3 AGV para:<\/p>\n<p>\n<ul style=\"font-size:20px !important;\">\n<li>La monitorizaci\u00f3n mediante c\u00e1maras de imagen y t\u00e9rmica, la medici\u00f3n de ruido, la c\u00e1mara ac\u00fastica y los detectores de explosividad y de COVs en tiempo real.<\/li>\n<li>La confecci\u00f3n de un gemelo digital de la planta\u200b.<\/li>\n<li>La movilidad aut\u00f3noma con detecci\u00f3n de obst\u00e1culos y b\u00fasqueda de rutas alternativas ante bloqueos, y la incorporaci\u00f3n de tecnolog\u00edas como LiDAR para la localizaci\u00f3n y la evitaci\u00f3n de colisiones1.\u200b<\/li>\n<\/ul>\n<\/p>\n[\/column]\n[column lg=\"4\" md=\"4\" sm=\"12\" xs=\"12\" ]\n<div class=\"post-thumb\" >\n<img decoding=\"async\" class=\"alignnone wp-image-2485 size-full\" src=\"\/wp-content\/uploads\/2024\/11\/robot.png\" alt=\"Rob\u00f3tica\"\/>\n<\/div>\n[\/column]\n[\/row]\n\n[margin size=\"60\"]\n\n\n<a name=\"5\"><\/a>\n[row]\n[headerConFranja texto=\"RED 5G\"]\n[\/row]\n[margin size=\"20\"]\n\n[row]\n[column lg=\"8\" md=\"8\" sm=\"12\" xs=\"12\" ]\n<p style=\"font-size:18px!important;\">Petronor est\u00e1 desplegando un Servicio de Red Privada 4G y 5G para toda la refiner\u00eda y terminal mar\u00edtima y el Hub de Descabonizaci\u00f3n en el Puerto, encontr\u00e1ndose en estado de desarrollo los siguientes casos de uso: <\/p>\n<p>\n<ul style=\"font-size:18px!important;\">\n<li>Robotizaci\u00f3n: Robot aut\u00f3nomo AGV para inspecciones.\u200b<\/li>\n<li>Asistencia remota experta: Soporte remoto experto en paradas, resoluci\u00f3n de incidencias, validaciones de productos.\u200b<\/li>\n<li>Anal\u00edtica de im\u00e1genes t\u00e9rmicas: optimizaci\u00f3n de eficiencia en hornos.\u200b\u200b<\/li>\n<li>Sens\u00f3rica con anal\u00edtica: Mantenimiento preventivo para rotativos.\u200b<\/li>\n<li>Sens\u00f3rica de trabajador conectado: Mejora de la seguridad conectando los sensores que lleva el trabajador con los sistemas y paneles centrales de seguridad.<\/li>\n<li>Visi\u00f3n computacional sobre procesos, incidentes o seguridad:\u200b<\/li>\n<li>Detecci\u00f3n de fugas y derrames.\u200b<\/li>\n<li>Detecci\u00f3n de intrusiones.\u200b<\/li>\n<li>Geoposicionamiento avanzado: gesti\u00f3n de informaci\u00f3n m\u00e1s detallada sobre el posicionamiento de personas o activos, mejorando la gesti\u00f3n de incidentes y otros procesos.<\/li>\n<\/ul>\n<\/p>\n[\/column]\n[column lg=\"4\" md=\"4\" sm=\"12\" xs=\"12\" ]\n<div class=\"post-thumb\" >\n<img decoding=\"async\" class=\"alignnone wp-image-2485 size-full\" src=\"\/wp-content\/uploads\/2024\/11\/5g.png\" alt=\"Red 5G\"\/>\n<\/div>\n[\/column]\n[\/row]\n\n[margin size=\"60\"]\n\n\n<a name=\"6\"><\/a>\n[row]\n[headerConFranja texto=\"INTELIGENCIA ARTIFICIAL\"]\n[\/row]\n[margin size=\"20\"]\n\n[row]\n[column lg=\"8\" md=\"8\" sm=\"12\" xs=\"12\" ]\n<p style=\"font-size:18px !important;\">Petronor abordar un  primer despliegue de IA generativa con el objetivo de contribuir a:<\/p>\n<p>\n<ul style=\"font-size:18px !important;\">\n<li>La <b>optimizaci\u00f3n de operaciones<\/b> minimizando tareas administrativas: Modelos generativos pueden automatizar la creaci\u00f3n de documentos y agentes que ejecuten de manera aut\u00f3noma m\u00faltiples procesos administrativos, mejorando la productividad.\u200b<\/li>\n<li>La maximizaci\u00f3n de la <b>producci\u00f3n con planificaci\u00f3n avanzada<\/b>: La IA generativa simula escenarios de producci\u00f3n usando datos hist\u00f3ricos, permitiendo experimentar virtualmente con ajustes para optimizar la planificaci\u00f3n.\u200b<\/li>\n<li>El <b>desarrollo de procesos aut\u00f3nomos<\/b>: Modelos generativos dise\u00f1an y mejoran procesos industriales simulando comportamientos reales, reduciendo la intervenci\u00f3n humana y aumentando la eficiencia.\u200b<\/li>\n<li>La mejora de la <b>eficiencia energ\u00e9tica y el mantenimiento predictivo<\/b>. La generaci\u00f3n de datos sint\u00e9ticos puede ayudar a mejorar la precisi\u00f3n de Modelos predictivos y simuladores\u200b.<\/li>\n<\/ul>\n<\/p>\n[\/column]\n[column lg=\"4\" md=\"4\" sm=\"12\" xs=\"12\" ]\n<div class=\"post-thumb\" >\n<img decoding=\"async\" class=\"alignnone wp-image-2485 size-full\" src=\"\/wp-content\/uploads\/2024\/11\/ia.png\" alt=\"Inteligencia Artificial\"\/>\n<\/div>\n[\/column]\n[\/row]-->\n\n\n\n\n<style>\nhtml{scroll-behavior: smooth;}\nh3{\nfont-size:26px !important;\n}\n.indice:hover{\ncolor:#3e6de7;\n}\n<\/style>","protected":false},"excerpt":{"rendered":"","protected":false},"author":1,"featured_media":0,"parent":75694,"menu_order":7,"comment_status":"closed","ping_status":"closed","template":"","meta":{"footnotes":""},"class_list":["post-76096","page","type-page","status-publish","hentry"],"yoast_head":"<!-- This site is optimized with the Yoast SEO plugin v24.7 - https:\/\/yoast.com\/wordpress\/plugins\/seo\/ -->\n<title>INNOVACI\u00d3N Y TECNOLOG\u00cdA - Petronor<\/title>\n<meta name=\"robots\" content=\"index, follow, max-snippet:-1, max-image-preview:large, max-video-preview:-1\" \/>\n<link rel=\"canonical\" href=\"https:\/\/petronor.eus\/es\/nuestra-vision-de-la-sostenibilidad\/innovacion-y-tecnologia\/\" \/>\n<meta property=\"og:locale\" content=\"es_ES\" \/>\n<meta property=\"og:type\" content=\"article\" \/>\n<meta property=\"og:title\" content=\"INNOVACI\u00d3N Y TECNOLOG\u00cdA - Petronor\" \/>\n<meta property=\"og:url\" content=\"https:\/\/petronor.eus\/es\/nuestra-vision-de-la-sostenibilidad\/innovacion-y-tecnologia\/\" \/>\n<meta property=\"og:site_name\" content=\"Petronor\" \/>\n<meta property=\"article:modified_time\" content=\"2024-11-20T11:23:24+00:00\" \/>\n<meta name=\"twitter:label1\" content=\"Est. reading time\" \/>\n\t<meta name=\"twitter:data1\" content=\"7 minutes\" \/>\n<script type=\"application\/ld+json\" class=\"yoast-schema-graph\">{\"@context\":\"https:\/\/schema.org\",\"@graph\":[{\"@type\":\"WebPage\",\"@id\":\"https:\/\/petronor.eus\/es\/nuestra-vision-de-la-sostenibilidad\/innovacion-y-tecnologia\/\",\"url\":\"https:\/\/petronor.eus\/es\/nuestra-vision-de-la-sostenibilidad\/innovacion-y-tecnologia\/\",\"name\":\"INNOVACI\u00d3N Y TECNOLOG\u00cdA - Petronor\",\"isPartOf\":{\"@id\":\"https:\/\/petronor.eus\/es\/#website\"},\"datePublished\":\"2024-09-17T15:33:13+00:00\",\"dateModified\":\"2024-11-20T11:23:24+00:00\",\"breadcrumb\":{\"@id\":\"https:\/\/petronor.eus\/es\/nuestra-vision-de-la-sostenibilidad\/innovacion-y-tecnologia\/#breadcrumb\"},\"inLanguage\":\"es-ES\",\"potentialAction\":[{\"@type\":\"ReadAction\",\"target\":[\"https:\/\/petronor.eus\/es\/nuestra-vision-de-la-sostenibilidad\/innovacion-y-tecnologia\/\"]}]},{\"@type\":\"BreadcrumbList\",\"@id\":\"https:\/\/petronor.eus\/es\/nuestra-vision-de-la-sostenibilidad\/innovacion-y-tecnologia\/#breadcrumb\",\"itemListElement\":[{\"@type\":\"ListItem\",\"position\":1,\"name\":\"Home\",\"item\":\"https:\/\/petronor.eus\/es\/\"},{\"@type\":\"ListItem\",\"position\":2,\"name\":\"NUESTRA VISI\u00d3N DE LA SOSTENIBILIDAD\",\"item\":\"https:\/\/petronor.eus\/es\/nuestra-vision-de-la-sostenibilidad\/\"},{\"@type\":\"ListItem\",\"position\":3,\"name\":\"INNOVACI\u00d3N Y TECNOLOG\u00cdA\"}]},{\"@type\":\"WebSite\",\"@id\":\"https:\/\/petronor.eus\/es\/#website\",\"url\":\"https:\/\/petronor.eus\/es\/\",\"name\":\"Petronor\",\"description\":\"\",\"potentialAction\":[{\"@type\":\"SearchAction\",\"target\":{\"@type\":\"EntryPoint\",\"urlTemplate\":\"https:\/\/petronor.eus\/es\/?s={search_term_string}\"},\"query-input\":{\"@type\":\"PropertyValueSpecification\",\"valueRequired\":true,\"valueName\":\"search_term_string\"}}],\"inLanguage\":\"es-ES\"}]}<\/script>\n<!-- \/ Yoast SEO plugin. -->","yoast_head_json":{"title":"INNOVACI\u00d3N Y TECNOLOG\u00cdA - Petronor","robots":{"index":"index","follow":"follow","max-snippet":"max-snippet:-1","max-image-preview":"max-image-preview:large","max-video-preview":"max-video-preview:-1"},"canonical":"https:\/\/petronor.eus\/es\/nuestra-vision-de-la-sostenibilidad\/innovacion-y-tecnologia\/","og_locale":"es_ES","og_type":"article","og_title":"INNOVACI\u00d3N Y TECNOLOG\u00cdA - Petronor","og_url":"https:\/\/petronor.eus\/es\/nuestra-vision-de-la-sostenibilidad\/innovacion-y-tecnologia\/","og_site_name":"Petronor","article_modified_time":"2024-11-20T11:23:24+00:00","twitter_misc":{"Est. reading time":"7 minutes"},"schema":{"@context":"https:\/\/schema.org","@graph":[{"@type":"WebPage","@id":"https:\/\/petronor.eus\/es\/nuestra-vision-de-la-sostenibilidad\/innovacion-y-tecnologia\/","url":"https:\/\/petronor.eus\/es\/nuestra-vision-de-la-sostenibilidad\/innovacion-y-tecnologia\/","name":"INNOVACI\u00d3N Y TECNOLOG\u00cdA - Petronor","isPartOf":{"@id":"https:\/\/petronor.eus\/es\/#website"},"datePublished":"2024-09-17T15:33:13+00:00","dateModified":"2024-11-20T11:23:24+00:00","breadcrumb":{"@id":"https:\/\/petronor.eus\/es\/nuestra-vision-de-la-sostenibilidad\/innovacion-y-tecnologia\/#breadcrumb"},"inLanguage":"es-ES","potentialAction":[{"@type":"ReadAction","target":["https:\/\/petronor.eus\/es\/nuestra-vision-de-la-sostenibilidad\/innovacion-y-tecnologia\/"]}]},{"@type":"BreadcrumbList","@id":"https:\/\/petronor.eus\/es\/nuestra-vision-de-la-sostenibilidad\/innovacion-y-tecnologia\/#breadcrumb","itemListElement":[{"@type":"ListItem","position":1,"name":"Home","item":"https:\/\/petronor.eus\/es\/"},{"@type":"ListItem","position":2,"name":"NUESTRA VISI\u00d3N DE LA SOSTENIBILIDAD","item":"https:\/\/petronor.eus\/es\/nuestra-vision-de-la-sostenibilidad\/"},{"@type":"ListItem","position":3,"name":"INNOVACI\u00d3N Y TECNOLOG\u00cdA"}]},{"@type":"WebSite","@id":"https:\/\/petronor.eus\/es\/#website","url":"https:\/\/petronor.eus\/es\/","name":"Petronor","description":"","potentialAction":[{"@type":"SearchAction","target":{"@type":"EntryPoint","urlTemplate":"https:\/\/petronor.eus\/es\/?s={search_term_string}"},"query-input":{"@type":"PropertyValueSpecification","valueRequired":true,"valueName":"search_term_string"}}],"inLanguage":"es-ES"}]}},"_links":{"self":[{"href":"https:\/\/petronor.eus\/es\/wp-json\/wp\/v2\/pages\/76096","targetHints":{"allow":["GET"]}}],"collection":[{"href":"https:\/\/petronor.eus\/es\/wp-json\/wp\/v2\/pages"}],"about":[{"href":"https:\/\/petronor.eus\/es\/wp-json\/wp\/v2\/types\/page"}],"author":[{"embeddable":true,"href":"https:\/\/petronor.eus\/es\/wp-json\/wp\/v2\/users\/1"}],"replies":[{"embeddable":true,"href":"https:\/\/petronor.eus\/es\/wp-json\/wp\/v2\/comments?post=76096"}],"version-history":[{"count":272,"href":"https:\/\/petronor.eus\/es\/wp-json\/wp\/v2\/pages\/76096\/revisions"}],"predecessor-version":[{"id":77554,"href":"https:\/\/petronor.eus\/es\/wp-json\/wp\/v2\/pages\/76096\/revisions\/77554"}],"up":[{"embeddable":true,"href":"https:\/\/petronor.eus\/es\/wp-json\/wp\/v2\/pages\/75694"}],"wp:attachment":[{"href":"https:\/\/petronor.eus\/es\/wp-json\/wp\/v2\/media?parent=76096"}],"curies":[{"name":"wp","href":"https:\/\/api.w.org\/{rel}","templated":true}]}}