{"id":76452,"date":"2024-09-27T08:56:52","date_gmt":"2024-09-27T06:56:52","guid":{"rendered":"http:\/\/34.255.250.129\/?page_id=76452"},"modified":"2024-10-04T08:16:01","modified_gmt":"2024-10-04T06:16:01","slug":"petronor-pagina-oficial","status":"publish","type":"page","link":"https:\/\/petronor.eus\/es\/petronor-pagina-oficial\/","title":{"rendered":"Petronor p\u00e1gina oficial"},"content":{"rendered":"<div style=\"\" id=\"\" class=\"col-md-12 nopadding\">\n<\/div>","protected":false},"excerpt":{"rendered":"","protected":false},"author":1,"featured_media":0,"parent":0,"menu_order":38,"comment_status":"open","ping_status":"open","template":"template-home2.php","meta":{"footnotes":""},"class_list":["post-76452","page","type-page","status-publish","hentry"],"yoast_head":"<!-- This site is optimized with the Yoast SEO plugin v24.7 - https:\/\/yoast.com\/wordpress\/plugins\/seo\/ -->\n<title>Petronor p\u00e1gina oficial<\/title>\n<meta name=\"description\" content=\"Petronor p\u00e1gina oficial. Pagina de inicio. Informaci\u00f3n corporativa, de las instalaciones y su entorno: Muskiz, Abanto-Zierbena y Zierbena.\" \/>\n<meta name=\"robots\" content=\"index, follow, max-snippet:-1, max-image-preview:large, max-video-preview:-1\" \/>\n<link rel=\"canonical\" href=\"https:\/\/petronor.eus\/es\/petronor-pagina-oficial\/\" \/>\n<meta property=\"og:locale\" content=\"es_ES\" \/>\n<meta property=\"og:type\" content=\"article\" \/>\n<meta property=\"og:title\" content=\"Petronor p\u00e1gina oficial\" \/>\n<meta property=\"og:description\" content=\"Petronor p\u00e1gina oficial. Pagina de inicio. Informaci\u00f3n corporativa, de las instalaciones y su entorno: Muskiz, Abanto-Zierbena y Zierbena.\" \/>\n<meta property=\"og:url\" content=\"https:\/\/petronor.eus\/es\/petronor-pagina-oficial\/\" \/>\n<meta property=\"og:site_name\" content=\"Petronor\" \/>\n<meta property=\"article:modified_time\" content=\"2024-10-04T06:16:01+00:00\" \/>\n<meta name=\"twitter:label1\" content=\"Est. reading time\" \/>\n\t<meta name=\"twitter:data1\" content=\"1 minute\" \/>\n<script type=\"application\/ld+json\" class=\"yoast-schema-graph\">{\"@context\":\"https:\/\/schema.org\",\"@graph\":[{\"@type\":\"WebPage\",\"@id\":\"https:\/\/petronor.eus\/es\/petronor-pagina-oficial\/\",\"url\":\"https:\/\/petronor.eus\/es\/petronor-pagina-oficial\/\",\"name\":\"Petronor p\u00e1gina oficial\",\"isPartOf\":{\"@id\":\"https:\/\/petronor.eus\/es\/#website\"},\"datePublished\":\"2024-09-27T06:56:52+00:00\",\"dateModified\":\"2024-10-04T06:16:01+00:00\",\"description\":\"Petronor p\u00e1gina oficial. Pagina de inicio. Informaci\u00f3n corporativa, de las instalaciones y su entorno: Muskiz, Abanto-Zierbena y Zierbena.\",\"breadcrumb\":{\"@id\":\"https:\/\/petronor.eus\/es\/petronor-pagina-oficial\/#breadcrumb\"},\"inLanguage\":\"es-ES\",\"potentialAction\":[{\"@type\":\"ReadAction\",\"target\":[\"https:\/\/petronor.eus\/es\/petronor-pagina-oficial\/\"]}]},{\"@type\":\"BreadcrumbList\",\"@id\":\"https:\/\/petronor.eus\/es\/petronor-pagina-oficial\/#breadcrumb\",\"itemListElement\":[{\"@type\":\"ListItem\",\"position\":1,\"name\":\"Home\",\"item\":\"https:\/\/petronor.eus\/es\/\"},{\"@type\":\"ListItem\",\"position\":2,\"name\":\"Petronor p\u00e1gina oficial\"}]},{\"@type\":\"WebSite\",\"@id\":\"https:\/\/petronor.eus\/es\/#website\",\"url\":\"https:\/\/petronor.eus\/es\/\",\"name\":\"Petronor\",\"description\":\"\",\"potentialAction\":[{\"@type\":\"SearchAction\",\"target\":{\"@type\":\"EntryPoint\",\"urlTemplate\":\"https:\/\/petronor.eus\/es\/?s={search_term_string}\"},\"query-input\":{\"@type\":\"PropertyValueSpecification\",\"valueRequired\":true,\"valueName\":\"search_term_string\"}}],\"inLanguage\":\"es-ES\"}]}<\/script>\n<!-- \/ Yoast SEO plugin. -->","yoast_head_json":{"title":"Petronor p\u00e1gina oficial","description":"Petronor p\u00e1gina oficial. Pagina de inicio. Informaci\u00f3n corporativa, de las instalaciones y su entorno: Muskiz, Abanto-Zierbena y Zierbena.","robots":{"index":"index","follow":"follow","max-snippet":"max-snippet:-1","max-image-preview":"max-image-preview:large","max-video-preview":"max-video-preview:-1"},"canonical":"https:\/\/petronor.eus\/es\/petronor-pagina-oficial\/","og_locale":"es_ES","og_type":"article","og_title":"Petronor p\u00e1gina oficial","og_description":"Petronor p\u00e1gina oficial. Pagina de inicio. Informaci\u00f3n corporativa, de las instalaciones y su entorno: Muskiz, Abanto-Zierbena y Zierbena.","og_url":"https:\/\/petronor.eus\/es\/petronor-pagina-oficial\/","og_site_name":"Petronor","article_modified_time":"2024-10-04T06:16:01+00:00","twitter_misc":{"Est. reading time":"1 minute"},"schema":{"@context":"https:\/\/schema.org","@graph":[{"@type":"WebPage","@id":"https:\/\/petronor.eus\/es\/petronor-pagina-oficial\/","url":"https:\/\/petronor.eus\/es\/petronor-pagina-oficial\/","name":"Petronor p\u00e1gina oficial","isPartOf":{"@id":"https:\/\/petronor.eus\/es\/#website"},"datePublished":"2024-09-27T06:56:52+00:00","dateModified":"2024-10-04T06:16:01+00:00","description":"Petronor p\u00e1gina oficial. Pagina de inicio. Informaci\u00f3n corporativa, de las instalaciones y su entorno: Muskiz, Abanto-Zierbena y Zierbena.","breadcrumb":{"@id":"https:\/\/petronor.eus\/es\/petronor-pagina-oficial\/#breadcrumb"},"inLanguage":"es-ES","potentialAction":[{"@type":"ReadAction","target":["https:\/\/petronor.eus\/es\/petronor-pagina-oficial\/"]}]},{"@type":"BreadcrumbList","@id":"https:\/\/petronor.eus\/es\/petronor-pagina-oficial\/#breadcrumb","itemListElement":[{"@type":"ListItem","position":1,"name":"Home","item":"https:\/\/petronor.eus\/es\/"},{"@type":"ListItem","position":2,"name":"Petronor p\u00e1gina oficial"}]},{"@type":"WebSite","@id":"https:\/\/petronor.eus\/es\/#website","url":"https:\/\/petronor.eus\/es\/","name":"Petronor","description":"","potentialAction":[{"@type":"SearchAction","target":{"@type":"EntryPoint","urlTemplate":"https:\/\/petronor.eus\/es\/?s={search_term_string}"},"query-input":{"@type":"PropertyValueSpecification","valueRequired":true,"valueName":"search_term_string"}}],"inLanguage":"es-ES"}]}},"_links":{"self":[{"href":"https:\/\/petronor.eus\/es\/wp-json\/wp\/v2\/pages\/76452","targetHints":{"allow":["GET"]}}],"collection":[{"href":"https:\/\/petronor.eus\/es\/wp-json\/wp\/v2\/pages"}],"about":[{"href":"https:\/\/petronor.eus\/es\/wp-json\/wp\/v2\/types\/page"}],"author":[{"embeddable":true,"href":"https:\/\/petronor.eus\/es\/wp-json\/wp\/v2\/users\/1"}],"replies":[{"embeddable":true,"href":"https:\/\/petronor.eus\/es\/wp-json\/wp\/v2\/comments?post=76452"}],"version-history":[{"count":5,"href":"https:\/\/petronor.eus\/es\/wp-json\/wp\/v2\/pages\/76452\/revisions"}],"predecessor-version":[{"id":76638,"href":"https:\/\/petronor.eus\/es\/wp-json\/wp\/v2\/pages\/76452\/revisions\/76638"}],"wp:attachment":[{"href":"https:\/\/petronor.eus\/es\/wp-json\/wp\/v2\/media?parent=76452"}],"curies":[{"name":"wp","href":"https:\/\/api.w.org\/{rel}","templated":true}]}}