{"id":77266,"date":"2024-11-05T10:55:50","date_gmt":"2024-11-05T09:55:50","guid":{"rendered":"http:\/\/34.255.250.129\/?page_id=77266"},"modified":"2026-01-09T09:41:16","modified_gmt":"2026-01-09T08:41:16","slug":"eficiencia","status":"publish","type":"page","link":"https:\/\/petronor.eus\/es\/hacia-una-refineria-descarbonizada\/hoja-de-ruta-hacia-una-refineria-descarbonizada\/eficiencia\/","title":{"rendered":"EFICIENCIA"},"content":{"rendered":"<div class=\"row introBlock full-width-section primeraFila maxHeightAuto\">\n<h1 style=\"margin-top: 0;\">EFICIENCIA<\/h1>\n<\/div>\n<div class=\"row \">\n<div class=\"col-lg-4 col-md-4 col-xs-12 col-sm-12\">\n<div class=\"post-thumb\">\n<img decoding=\"async\" class=\"alignnone wp-image-2485 size-full\" src=\"\/wp-content\/uploads\/2024\/11\/eficiencia.png\" alt=\"Refiner\u00eda actual m\u00e1s eficiente y reduciendo consumos y emisiones\"\/>\n<\/div>\n<\/div>\n<div class=\"col-lg-8 col-md-8 col-xs-12 col-sm-12\">\n<p style=\"font-size:22px !important; line-height: normal;\">En el per\u00edodo 2024 \u2013 2028 Petronor contempla la ejecuci\u00f3n de <b>10 proyectos<\/b> de mejora de la eficiencia de las instalaciones de la Refiner\u00eda por un importe total de <b>68 millones de euros<\/b>.<\/p>\n<div style=\"margin-bottom:30px ; height:1px; clear:both;\"><\/div>\n<p style=\"font-size:22px !important; line-height: normal;\">Entre ellos hay proyectos de electrificaci\u00f3n, de recuperaci\u00f3n de la energ\u00eda que generan los procesos de la refiner\u00eda, de ahorro del combustible y de recuperaci\u00f3n de calor que permiten hacer la refiner\u00eda actual m\u00e1s eficiente reduciendo el consumo, generando m\u00e1s energ\u00eda propia y reduciendo las emisiones de CO2.<\/p>\n<div style=\"margin-bottom:30px ; height:1px; clear:both;\"><\/div>\n<p style=\"font-size:22px !important; line-height: normal;\">El conjunto de estos supone <b>una reducci\u00f3n de las emisiones de CO2<\/b> de la Refiner\u00eda de <b>93.463 toneladas de CO2 anuales<\/b>. \n<\/p>\n<div style=\"margin-bottom:30px ; height:1px; clear:both;\"><\/div>\n<p style=\"font-size:22px !important; line-height: normal;\">Entre los proyectos destaca el de la adquisici\u00f3n de un nuevo comprensor por valor de 20 millones de euros para una de las Unidades de la Refiner\u00eda. Este  nuevo compresor estar\u00e1 accionado por un motor el\u00e9ctrico con variador de velocidad, m\u00e1s eficiente energ\u00e9ticamente que la actual turbina de vapor a condensaci\u00f3n. <\/p>\n<\/div>\n<\/div>","protected":false},"excerpt":{"rendered":"","protected":false},"author":1,"featured_media":0,"parent":76282,"menu_order":0,"comment_status":"closed","ping_status":"closed","template":"","meta":{"footnotes":""},"class_list":["post-77266","page","type-page","status-publish","hentry"],"yoast_head":"<!-- This site is optimized with the Yoast SEO plugin v24.7 - https:\/\/yoast.com\/wordpress\/plugins\/seo\/ -->\n<title>EFICIENCIA - Petronor<\/title>\n<meta name=\"robots\" content=\"index, follow, max-snippet:-1, max-image-preview:large, max-video-preview:-1\" \/>\n<link rel=\"canonical\" href=\"https:\/\/petronor.eus\/es\/hacia-una-refineria-descarbonizada\/hoja-de-ruta-hacia-una-refineria-descarbonizada\/eficiencia\/\" \/>\n<meta property=\"og:locale\" content=\"es_ES\" \/>\n<meta property=\"og:type\" content=\"article\" \/>\n<meta property=\"og:title\" content=\"EFICIENCIA - Petronor\" \/>\n<meta property=\"og:url\" content=\"https:\/\/petronor.eus\/es\/hacia-una-refineria-descarbonizada\/hoja-de-ruta-hacia-una-refineria-descarbonizada\/eficiencia\/\" \/>\n<meta property=\"og:site_name\" content=\"Petronor\" \/>\n<meta property=\"article:modified_time\" content=\"2026-01-09T08:41:16+00:00\" \/>\n<meta name=\"twitter:label1\" content=\"Est. reading time\" \/>\n\t<meta name=\"twitter:data1\" content=\"2 minutes\" \/>\n<script type=\"application\/ld+json\" class=\"yoast-schema-graph\">{\"@context\":\"https:\/\/schema.org\",\"@graph\":[{\"@type\":\"WebPage\",\"@id\":\"https:\/\/petronor.eus\/es\/hacia-una-refineria-descarbonizada\/hoja-de-ruta-hacia-una-refineria-descarbonizada\/eficiencia\/\",\"url\":\"https:\/\/petronor.eus\/es\/hacia-una-refineria-descarbonizada\/hoja-de-ruta-hacia-una-refineria-descarbonizada\/eficiencia\/\",\"name\":\"EFICIENCIA - Petronor\",\"isPartOf\":{\"@id\":\"https:\/\/petronor.eus\/es\/#website\"},\"datePublished\":\"2024-11-05T09:55:50+00:00\",\"dateModified\":\"2026-01-09T08:41:16+00:00\",\"breadcrumb\":{\"@id\":\"https:\/\/petronor.eus\/es\/hacia-una-refineria-descarbonizada\/hoja-de-ruta-hacia-una-refineria-descarbonizada\/eficiencia\/#breadcrumb\"},\"inLanguage\":\"es-ES\",\"potentialAction\":[{\"@type\":\"ReadAction\",\"target\":[\"https:\/\/petronor.eus\/es\/hacia-una-refineria-descarbonizada\/hoja-de-ruta-hacia-una-refineria-descarbonizada\/eficiencia\/\"]}]},{\"@type\":\"BreadcrumbList\",\"@id\":\"https:\/\/petronor.eus\/es\/hacia-una-refineria-descarbonizada\/hoja-de-ruta-hacia-una-refineria-descarbonizada\/eficiencia\/#breadcrumb\",\"itemListElement\":[{\"@type\":\"ListItem\",\"position\":1,\"name\":\"Home\",\"item\":\"https:\/\/petronor.eus\/es\/\"},{\"@type\":\"ListItem\",\"position\":2,\"name\":\"HACIA UNA REFINER\u00cdA DESCARBONIZADA\",\"item\":\"https:\/\/petronor.eus\/es\/hacia-una-refineria-descarbonizada\/\"},{\"@type\":\"ListItem\",\"position\":3,\"name\":\"HOJA DE RUTA DE LA DESCARBONIZACI\u00d3N\",\"item\":\"https:\/\/petronor.eus\/es\/hacia-una-refineria-descarbonizada\/hoja-de-ruta-hacia-una-refineria-descarbonizada\/\"},{\"@type\":\"ListItem\",\"position\":4,\"name\":\"EFICIENCIA\"}]},{\"@type\":\"WebSite\",\"@id\":\"https:\/\/petronor.eus\/es\/#website\",\"url\":\"https:\/\/petronor.eus\/es\/\",\"name\":\"Petronor\",\"description\":\"\",\"potentialAction\":[{\"@type\":\"SearchAction\",\"target\":{\"@type\":\"EntryPoint\",\"urlTemplate\":\"https:\/\/petronor.eus\/es\/?s={search_term_string}\"},\"query-input\":{\"@type\":\"PropertyValueSpecification\",\"valueRequired\":true,\"valueName\":\"search_term_string\"}}],\"inLanguage\":\"es-ES\"}]}<\/script>\n<!-- \/ Yoast SEO plugin. -->","yoast_head_json":{"title":"EFICIENCIA - Petronor","robots":{"index":"index","follow":"follow","max-snippet":"max-snippet:-1","max-image-preview":"max-image-preview:large","max-video-preview":"max-video-preview:-1"},"canonical":"https:\/\/petronor.eus\/es\/hacia-una-refineria-descarbonizada\/hoja-de-ruta-hacia-una-refineria-descarbonizada\/eficiencia\/","og_locale":"es_ES","og_type":"article","og_title":"EFICIENCIA - Petronor","og_url":"https:\/\/petronor.eus\/es\/hacia-una-refineria-descarbonizada\/hoja-de-ruta-hacia-una-refineria-descarbonizada\/eficiencia\/","og_site_name":"Petronor","article_modified_time":"2026-01-09T08:41:16+00:00","twitter_misc":{"Est. reading time":"2 minutes"},"schema":{"@context":"https:\/\/schema.org","@graph":[{"@type":"WebPage","@id":"https:\/\/petronor.eus\/es\/hacia-una-refineria-descarbonizada\/hoja-de-ruta-hacia-una-refineria-descarbonizada\/eficiencia\/","url":"https:\/\/petronor.eus\/es\/hacia-una-refineria-descarbonizada\/hoja-de-ruta-hacia-una-refineria-descarbonizada\/eficiencia\/","name":"EFICIENCIA - Petronor","isPartOf":{"@id":"https:\/\/petronor.eus\/es\/#website"},"datePublished":"2024-11-05T09:55:50+00:00","dateModified":"2026-01-09T08:41:16+00:00","breadcrumb":{"@id":"https:\/\/petronor.eus\/es\/hacia-una-refineria-descarbonizada\/hoja-de-ruta-hacia-una-refineria-descarbonizada\/eficiencia\/#breadcrumb"},"inLanguage":"es-ES","potentialAction":[{"@type":"ReadAction","target":["https:\/\/petronor.eus\/es\/hacia-una-refineria-descarbonizada\/hoja-de-ruta-hacia-una-refineria-descarbonizada\/eficiencia\/"]}]},{"@type":"BreadcrumbList","@id":"https:\/\/petronor.eus\/es\/hacia-una-refineria-descarbonizada\/hoja-de-ruta-hacia-una-refineria-descarbonizada\/eficiencia\/#breadcrumb","itemListElement":[{"@type":"ListItem","position":1,"name":"Home","item":"https:\/\/petronor.eus\/es\/"},{"@type":"ListItem","position":2,"name":"HACIA UNA REFINER\u00cdA DESCARBONIZADA","item":"https:\/\/petronor.eus\/es\/hacia-una-refineria-descarbonizada\/"},{"@type":"ListItem","position":3,"name":"HOJA DE RUTA DE LA DESCARBONIZACI\u00d3N","item":"https:\/\/petronor.eus\/es\/hacia-una-refineria-descarbonizada\/hoja-de-ruta-hacia-una-refineria-descarbonizada\/"},{"@type":"ListItem","position":4,"name":"EFICIENCIA"}]},{"@type":"WebSite","@id":"https:\/\/petronor.eus\/es\/#website","url":"https:\/\/petronor.eus\/es\/","name":"Petronor","description":"","potentialAction":[{"@type":"SearchAction","target":{"@type":"EntryPoint","urlTemplate":"https:\/\/petronor.eus\/es\/?s={search_term_string}"},"query-input":{"@type":"PropertyValueSpecification","valueRequired":true,"valueName":"search_term_string"}}],"inLanguage":"es-ES"}]}},"_links":{"self":[{"href":"https:\/\/petronor.eus\/es\/wp-json\/wp\/v2\/pages\/77266","targetHints":{"allow":["GET"]}}],"collection":[{"href":"https:\/\/petronor.eus\/es\/wp-json\/wp\/v2\/pages"}],"about":[{"href":"https:\/\/petronor.eus\/es\/wp-json\/wp\/v2\/types\/page"}],"author":[{"embeddable":true,"href":"https:\/\/petronor.eus\/es\/wp-json\/wp\/v2\/users\/1"}],"replies":[{"embeddable":true,"href":"https:\/\/petronor.eus\/es\/wp-json\/wp\/v2\/comments?post=77266"}],"version-history":[{"count":19,"href":"https:\/\/petronor.eus\/es\/wp-json\/wp\/v2\/pages\/77266\/revisions"}],"predecessor-version":[{"id":81812,"href":"https:\/\/petronor.eus\/es\/wp-json\/wp\/v2\/pages\/77266\/revisions\/81812"}],"up":[{"embeddable":true,"href":"https:\/\/petronor.eus\/es\/wp-json\/wp\/v2\/pages\/76282"}],"wp:attachment":[{"href":"https:\/\/petronor.eus\/es\/wp-json\/wp\/v2\/media?parent=77266"}],"curies":[{"name":"wp","href":"https:\/\/api.w.org\/{rel}","templated":true}]}}