{"id":77287,"date":"2024-11-05T11:05:00","date_gmt":"2024-11-05T10:05:00","guid":{"rendered":"http:\/\/34.255.250.129\/?page_id=77287"},"modified":"2026-01-09T09:49:08","modified_gmt":"2026-01-09T08:49:08","slug":"modificacion-de-las-unidades-actuales","status":"publish","type":"page","link":"https:\/\/petronor.eus\/es\/hacia-una-refineria-descarbonizada\/hoja-de-ruta-hacia-una-refineria-descarbonizada\/modificacion-de-las-unidades-actuales\/","title":{"rendered":"MODIFICACI\u00d3N DE LAS UNIDADES ACTUALES"},"content":{"rendered":"<div class=\"row introBlock full-width-section primeraFila maxHeightAuto\">\n<h1 style=\"margin-top: 0;\">MODIFICACI\u00d3N DE LAS UNIDADES ACTUALES<\/h1>\n<\/div>\n<div class=\"row \">\n<div class=\"col-lg-4 col-md-4 col-xs-12 col-sm-12\">\n<div class=\"post-thumb\">\n<img decoding=\"async\" class=\"alignnone wp-image-2485 size-full\" src=\"\/wp-content\/uploads\/2024\/11\/modificacion_unidades.png\" alt=\"Alargar su vida \u00fatil produciendo nuevos productos bajos en carbono\"\/>\n<\/div>\n<\/div>\n<div class=\"col-lg-8 col-md-8 col-xs-12 col-sm-12\">\n<p style=\"font-size:22px !important; line-height: normal;\">En el per\u00edodo 2024 \u2013 2028 Petronor contempla la ejecuci\u00f3n de <b>14 proyectos<\/b> de modificaci\u00f3n de las unidades actuales  de la Refiner\u00eda por un importe total de <b>542 millones de euros<\/b>.<\/p>\n<div style=\"margin-bottom:20px ; height:1px; clear:both;\"><\/div>\n<p style=\"font-size:22px !important; line-height: normal;\">En una Primera Fase,  se incluyen 4 proyectos, que aplican tecnolog\u00edas probadas y que permiten incrementar la capacidad de coprocesado de las unidades incorporando un mayor porcentaje de materias primas de origen  bio en la fabricaci\u00f3n de combustibles.\u200b<\/p>\n<div style=\"margin-bottom:20px ; height:1px; clear:both;\"><\/div>\n<p style=\"font-size:22px !important; line-height: normal;\">La Segunda Fase contempla 10 proyectos que implican tecnolog\u00edas menos maduras y altos grados de coprocesado que pueden llegar a alcanzar el 100% de utilizaci\u00f3n de productos bio y residuos en la fabricaci\u00f3n de combustibles<\/b>. \n<\/p>\n<div style=\"margin-bottom:20px ; height:1px; clear:both;\"><\/div>\n<p style=\"font-size:22px !important; line-height: normal;\">Uno de los proyectos incluidos en esta Segunda Fase es el de la construcci\u00f3n de una Nueva Unidad que va a permitir la fabricaci\u00f3n de propileno de grado pol\u00edmero con una pureza del 99,5%. Este es un producto altamente demandado en el mercado, ya que se utiliza como materia prima en la producci\u00f3n de pol\u00edmeros. Una inversi\u00f3n de 58 M\u20ac que va a reforzar la diversificaci\u00f3n de productos de la Refiner\u00eda y que estar\u00e1 operativa en 2026.\u200b<\/p>\n<\/div>\n<\/div>","protected":false},"excerpt":{"rendered":"","protected":false},"author":1,"featured_media":0,"parent":76282,"menu_order":1,"comment_status":"closed","ping_status":"closed","template":"","meta":{"footnotes":""},"class_list":["post-77287","page","type-page","status-publish","hentry"],"yoast_head":"<!-- This site is optimized with the Yoast SEO plugin v24.7 - https:\/\/yoast.com\/wordpress\/plugins\/seo\/ -->\n<title>MODIFICACI\u00d3N DE LAS UNIDADES ACTUALES - Petronor<\/title>\n<meta name=\"robots\" content=\"index, follow, max-snippet:-1, max-image-preview:large, max-video-preview:-1\" \/>\n<link rel=\"canonical\" href=\"https:\/\/petronor.eus\/es\/hacia-una-refineria-descarbonizada\/hoja-de-ruta-hacia-una-refineria-descarbonizada\/modificacion-de-las-unidades-actuales\/\" \/>\n<meta property=\"og:locale\" content=\"es_ES\" \/>\n<meta property=\"og:type\" content=\"article\" \/>\n<meta property=\"og:title\" content=\"MODIFICACI\u00d3N DE LAS UNIDADES ACTUALES - Petronor\" \/>\n<meta property=\"og:url\" content=\"https:\/\/petronor.eus\/es\/hacia-una-refineria-descarbonizada\/hoja-de-ruta-hacia-una-refineria-descarbonizada\/modificacion-de-las-unidades-actuales\/\" \/>\n<meta property=\"og:site_name\" content=\"Petronor\" \/>\n<meta property=\"article:modified_time\" content=\"2026-01-09T08:49:08+00:00\" \/>\n<meta name=\"twitter:label1\" content=\"Est. reading time\" \/>\n\t<meta name=\"twitter:data1\" content=\"2 minutes\" \/>\n<script type=\"application\/ld+json\" class=\"yoast-schema-graph\">{\"@context\":\"https:\/\/schema.org\",\"@graph\":[{\"@type\":\"WebPage\",\"@id\":\"https:\/\/petronor.eus\/es\/hacia-una-refineria-descarbonizada\/hoja-de-ruta-hacia-una-refineria-descarbonizada\/modificacion-de-las-unidades-actuales\/\",\"url\":\"https:\/\/petronor.eus\/es\/hacia-una-refineria-descarbonizada\/hoja-de-ruta-hacia-una-refineria-descarbonizada\/modificacion-de-las-unidades-actuales\/\",\"name\":\"MODIFICACI\u00d3N DE LAS UNIDADES ACTUALES - Petronor\",\"isPartOf\":{\"@id\":\"https:\/\/petronor.eus\/es\/#website\"},\"datePublished\":\"2024-11-05T10:05:00+00:00\",\"dateModified\":\"2026-01-09T08:49:08+00:00\",\"breadcrumb\":{\"@id\":\"https:\/\/petronor.eus\/es\/hacia-una-refineria-descarbonizada\/hoja-de-ruta-hacia-una-refineria-descarbonizada\/modificacion-de-las-unidades-actuales\/#breadcrumb\"},\"inLanguage\":\"es-ES\",\"potentialAction\":[{\"@type\":\"ReadAction\",\"target\":[\"https:\/\/petronor.eus\/es\/hacia-una-refineria-descarbonizada\/hoja-de-ruta-hacia-una-refineria-descarbonizada\/modificacion-de-las-unidades-actuales\/\"]}]},{\"@type\":\"BreadcrumbList\",\"@id\":\"https:\/\/petronor.eus\/es\/hacia-una-refineria-descarbonizada\/hoja-de-ruta-hacia-una-refineria-descarbonizada\/modificacion-de-las-unidades-actuales\/#breadcrumb\",\"itemListElement\":[{\"@type\":\"ListItem\",\"position\":1,\"name\":\"Home\",\"item\":\"https:\/\/petronor.eus\/es\/\"},{\"@type\":\"ListItem\",\"position\":2,\"name\":\"HACIA UNA REFINER\u00cdA DESCARBONIZADA\",\"item\":\"https:\/\/petronor.eus\/es\/hacia-una-refineria-descarbonizada\/\"},{\"@type\":\"ListItem\",\"position\":3,\"name\":\"HOJA DE RUTA DE LA DESCARBONIZACI\u00d3N\",\"item\":\"https:\/\/petronor.eus\/es\/hacia-una-refineria-descarbonizada\/hoja-de-ruta-hacia-una-refineria-descarbonizada\/\"},{\"@type\":\"ListItem\",\"position\":4,\"name\":\"MODIFICACI\u00d3N DE LAS UNIDADES ACTUALES\"}]},{\"@type\":\"WebSite\",\"@id\":\"https:\/\/petronor.eus\/es\/#website\",\"url\":\"https:\/\/petronor.eus\/es\/\",\"name\":\"Petronor\",\"description\":\"\",\"potentialAction\":[{\"@type\":\"SearchAction\",\"target\":{\"@type\":\"EntryPoint\",\"urlTemplate\":\"https:\/\/petronor.eus\/es\/?s={search_term_string}\"},\"query-input\":{\"@type\":\"PropertyValueSpecification\",\"valueRequired\":true,\"valueName\":\"search_term_string\"}}],\"inLanguage\":\"es-ES\"}]}<\/script>\n<!-- \/ Yoast SEO plugin. -->","yoast_head_json":{"title":"MODIFICACI\u00d3N DE LAS UNIDADES ACTUALES - Petronor","robots":{"index":"index","follow":"follow","max-snippet":"max-snippet:-1","max-image-preview":"max-image-preview:large","max-video-preview":"max-video-preview:-1"},"canonical":"https:\/\/petronor.eus\/es\/hacia-una-refineria-descarbonizada\/hoja-de-ruta-hacia-una-refineria-descarbonizada\/modificacion-de-las-unidades-actuales\/","og_locale":"es_ES","og_type":"article","og_title":"MODIFICACI\u00d3N DE LAS UNIDADES ACTUALES - Petronor","og_url":"https:\/\/petronor.eus\/es\/hacia-una-refineria-descarbonizada\/hoja-de-ruta-hacia-una-refineria-descarbonizada\/modificacion-de-las-unidades-actuales\/","og_site_name":"Petronor","article_modified_time":"2026-01-09T08:49:08+00:00","twitter_misc":{"Est. reading time":"2 minutes"},"schema":{"@context":"https:\/\/schema.org","@graph":[{"@type":"WebPage","@id":"https:\/\/petronor.eus\/es\/hacia-una-refineria-descarbonizada\/hoja-de-ruta-hacia-una-refineria-descarbonizada\/modificacion-de-las-unidades-actuales\/","url":"https:\/\/petronor.eus\/es\/hacia-una-refineria-descarbonizada\/hoja-de-ruta-hacia-una-refineria-descarbonizada\/modificacion-de-las-unidades-actuales\/","name":"MODIFICACI\u00d3N DE LAS UNIDADES ACTUALES - Petronor","isPartOf":{"@id":"https:\/\/petronor.eus\/es\/#website"},"datePublished":"2024-11-05T10:05:00+00:00","dateModified":"2026-01-09T08:49:08+00:00","breadcrumb":{"@id":"https:\/\/petronor.eus\/es\/hacia-una-refineria-descarbonizada\/hoja-de-ruta-hacia-una-refineria-descarbonizada\/modificacion-de-las-unidades-actuales\/#breadcrumb"},"inLanguage":"es-ES","potentialAction":[{"@type":"ReadAction","target":["https:\/\/petronor.eus\/es\/hacia-una-refineria-descarbonizada\/hoja-de-ruta-hacia-una-refineria-descarbonizada\/modificacion-de-las-unidades-actuales\/"]}]},{"@type":"BreadcrumbList","@id":"https:\/\/petronor.eus\/es\/hacia-una-refineria-descarbonizada\/hoja-de-ruta-hacia-una-refineria-descarbonizada\/modificacion-de-las-unidades-actuales\/#breadcrumb","itemListElement":[{"@type":"ListItem","position":1,"name":"Home","item":"https:\/\/petronor.eus\/es\/"},{"@type":"ListItem","position":2,"name":"HACIA UNA REFINER\u00cdA DESCARBONIZADA","item":"https:\/\/petronor.eus\/es\/hacia-una-refineria-descarbonizada\/"},{"@type":"ListItem","position":3,"name":"HOJA DE RUTA DE LA DESCARBONIZACI\u00d3N","item":"https:\/\/petronor.eus\/es\/hacia-una-refineria-descarbonizada\/hoja-de-ruta-hacia-una-refineria-descarbonizada\/"},{"@type":"ListItem","position":4,"name":"MODIFICACI\u00d3N DE LAS UNIDADES ACTUALES"}]},{"@type":"WebSite","@id":"https:\/\/petronor.eus\/es\/#website","url":"https:\/\/petronor.eus\/es\/","name":"Petronor","description":"","potentialAction":[{"@type":"SearchAction","target":{"@type":"EntryPoint","urlTemplate":"https:\/\/petronor.eus\/es\/?s={search_term_string}"},"query-input":{"@type":"PropertyValueSpecification","valueRequired":true,"valueName":"search_term_string"}}],"inLanguage":"es-ES"}]}},"_links":{"self":[{"href":"https:\/\/petronor.eus\/es\/wp-json\/wp\/v2\/pages\/77287","targetHints":{"allow":["GET"]}}],"collection":[{"href":"https:\/\/petronor.eus\/es\/wp-json\/wp\/v2\/pages"}],"about":[{"href":"https:\/\/petronor.eus\/es\/wp-json\/wp\/v2\/types\/page"}],"author":[{"embeddable":true,"href":"https:\/\/petronor.eus\/es\/wp-json\/wp\/v2\/users\/1"}],"replies":[{"embeddable":true,"href":"https:\/\/petronor.eus\/es\/wp-json\/wp\/v2\/comments?post=77287"}],"version-history":[{"count":8,"href":"https:\/\/petronor.eus\/es\/wp-json\/wp\/v2\/pages\/77287\/revisions"}],"predecessor-version":[{"id":81817,"href":"https:\/\/petronor.eus\/es\/wp-json\/wp\/v2\/pages\/77287\/revisions\/81817"}],"up":[{"embeddable":true,"href":"https:\/\/petronor.eus\/es\/wp-json\/wp\/v2\/pages\/76282"}],"wp:attachment":[{"href":"https:\/\/petronor.eus\/es\/wp-json\/wp\/v2\/media?parent=77287"}],"curies":[{"name":"wp","href":"https:\/\/api.w.org\/{rel}","templated":true}]}}