{"id":77295,"date":"2024-11-05T11:27:21","date_gmt":"2024-11-05T10:27:21","guid":{"rendered":"http:\/\/34.255.250.129\/?page_id=77295"},"modified":"2026-01-09T09:47:51","modified_gmt":"2026-01-09T08:47:51","slug":"desarrollo-de-nuevas-unidades","status":"publish","type":"page","link":"https:\/\/petronor.eus\/es\/hacia-una-refineria-descarbonizada\/hoja-de-ruta-hacia-una-refineria-descarbonizada\/desarrollo-de-nuevas-unidades\/","title":{"rendered":"NUEVOS PROYECTOS INDUSTRIALES"},"content":{"rendered":"<div class=\"row introBlock full-width-section primeraFila maxHeightAuto\">\n<h1 style=\"margin-top: 0;\">NUEVOS PROYECTOS INDUSTRIALES<\/h1>\n<\/div>\n<div class=\"row \">\n<div class=\"col-lg-4 col-md-4 col-xs-12 col-sm-12\">\n<div class=\"post-thumb\">\n<img decoding=\"async\" class=\"alignnone wp-image-2485 size-full\" src=\"\/wp-content\/uploads\/2024\/11\/nuevos_proyectos_industriales.png\" alt=\"Producir hidr\u00f3geno, combustibles renovables y otros productos descarbonizados\"\/>\n<\/div>\n<div>\n<p style=\"font-size:22px !important; line-height: normal;\">Socios de los proyectos industriales:<\/p>\n<\/div>\n<div>\n<img decoding=\"async\" src=\"\/wp-content\/uploads\/2024\/11\/logo-conjunto.jpg\" alt=\"logos socios\"\/>\n<\/div>\n<\/div>\n<div class=\"col-lg-8 col-md-8 col-xs-12 col-sm-12\">\n<p style=\"font-size:22px !important; line-height: normal;\">Petronor ha definido hasta el momento <b>7 proyectos<\/b> para el desarrollo de nuevas unidades productivas por un importe total de <b>539 millones de euros<\/b>.<\/p>\n<div style=\"margin-bottom:30px ; height:1px; clear:both;\"><\/div>\n<p style=\"font-size:22px !important; line-height: normal;\">Una de las caracter\u00edsticas de estos proyectos es que algunos de ellos se ubican en el Puerto de Bilbao y que Petronor los gestionar a trav\u00e9s de su filial Alba Free Emission Energy que los desarrolla constituyendo sociedades con otras empresas, como son el EVE, Nortegas, Enagas, OCO, Preco y Aranco.<\/p>\n<div style=\"margin-bottom:30px ; height:1px; clear:both;\"><\/div>\n<p style=\"font-size:22px !important; line-height: normal;\">Entre los proyectos destaca el del parque de 3 electrolilzadores de Petronor para la producci\u00f3n de hidr\u00f3geno renovable. El primero de 2,5 MW ya est\u00e1 en funcionamiento, el de 10MW se est\u00e1 construyendo en el Puerto de Bilbao, y el mayor de ellos, de 100 MW, que se instalar\u00e1 en la Refiner\u00eda, est\u00e1 en la \u00faltima fase de tramitaci\u00f3n habiendo sido declarado de inter\u00e9s europeo<\/b>. \n<\/p>\n<div style=\"margin-bottom:30px ; height:1px; clear:both;\"><\/div>\n<p style=\"font-size:22px !important; line-height: normal;\">Otro de los proyectos remarcable es la Planta demostraci\u00f3n de combustibles sint\u00e9ticos, la primera de este car\u00e1cter en el grupo Repsol y que con una inversi\u00f3n de 120 M\u20ac ha iniciado su construcci\u00f3n en el Puerto de Bilbao.<\/p>\n<div style=\"margin-bottom:30px ; height:1px; clear:both;\"><\/div>\n<p style=\"font-size:22px !important; line-height: normal;\">Finalmente tambi\u00e9n en el Puerto de Bilbao se est\u00e1 construyendo una planta de mineralizaci\u00f3n, basada en el reciclaje de residuos s\u00f3lidos humanos para producir materiales para la construcci\u00f3n. La planta estar\u00e1 finalizada en 2026.<\/p>\n<div style=\"margin-bottom:50px ; height:1px; clear:both;\"><\/div>\n<div style=\"text-align:center;\">\n<a class=\"btn btn-primary boton_home\" href=\"\/es\/categoria_multimedia\/infografias_desarrollo_nuevas_unidades\/\">Link de acceso a las infograf\u00edas de los proyectos en curso de nuevas unidades<\/a>\n<\/div>\n<\/div>\n<\/div>\n\n<style>\n.boton_home {\n    font-size: 20px !important;\n}\n<\/style>","protected":false},"excerpt":{"rendered":"","protected":false},"author":1,"featured_media":0,"parent":76282,"menu_order":2,"comment_status":"closed","ping_status":"closed","template":"","meta":{"footnotes":""},"class_list":["post-77295","page","type-page","status-publish","hentry"],"yoast_head":"<!-- This site is optimized with the Yoast SEO plugin v24.7 - https:\/\/yoast.com\/wordpress\/plugins\/seo\/ -->\n<title>NUEVOS PROYECTOS INDUSTRIALES - Petronor<\/title>\n<meta name=\"robots\" content=\"index, follow, max-snippet:-1, max-image-preview:large, max-video-preview:-1\" \/>\n<link rel=\"canonical\" href=\"https:\/\/petronor.eus\/es\/hacia-una-refineria-descarbonizada\/hoja-de-ruta-hacia-una-refineria-descarbonizada\/desarrollo-de-nuevas-unidades\/\" \/>\n<meta property=\"og:locale\" content=\"es_ES\" \/>\n<meta property=\"og:type\" content=\"article\" \/>\n<meta property=\"og:title\" content=\"NUEVOS PROYECTOS INDUSTRIALES - Petronor\" \/>\n<meta property=\"og:url\" content=\"https:\/\/petronor.eus\/es\/hacia-una-refineria-descarbonizada\/hoja-de-ruta-hacia-una-refineria-descarbonizada\/desarrollo-de-nuevas-unidades\/\" \/>\n<meta property=\"og:site_name\" content=\"Petronor\" \/>\n<meta property=\"article:modified_time\" content=\"2026-01-09T08:47:51+00:00\" \/>\n<meta name=\"twitter:label1\" content=\"Est. reading time\" \/>\n\t<meta name=\"twitter:data1\" content=\"2 minutes\" \/>\n<script type=\"application\/ld+json\" class=\"yoast-schema-graph\">{\"@context\":\"https:\/\/schema.org\",\"@graph\":[{\"@type\":\"WebPage\",\"@id\":\"https:\/\/petronor.eus\/es\/hacia-una-refineria-descarbonizada\/hoja-de-ruta-hacia-una-refineria-descarbonizada\/desarrollo-de-nuevas-unidades\/\",\"url\":\"https:\/\/petronor.eus\/es\/hacia-una-refineria-descarbonizada\/hoja-de-ruta-hacia-una-refineria-descarbonizada\/desarrollo-de-nuevas-unidades\/\",\"name\":\"NUEVOS PROYECTOS INDUSTRIALES - Petronor\",\"isPartOf\":{\"@id\":\"https:\/\/petronor.eus\/es\/#website\"},\"datePublished\":\"2024-11-05T10:27:21+00:00\",\"dateModified\":\"2026-01-09T08:47:51+00:00\",\"breadcrumb\":{\"@id\":\"https:\/\/petronor.eus\/es\/hacia-una-refineria-descarbonizada\/hoja-de-ruta-hacia-una-refineria-descarbonizada\/desarrollo-de-nuevas-unidades\/#breadcrumb\"},\"inLanguage\":\"es-ES\",\"potentialAction\":[{\"@type\":\"ReadAction\",\"target\":[\"https:\/\/petronor.eus\/es\/hacia-una-refineria-descarbonizada\/hoja-de-ruta-hacia-una-refineria-descarbonizada\/desarrollo-de-nuevas-unidades\/\"]}]},{\"@type\":\"BreadcrumbList\",\"@id\":\"https:\/\/petronor.eus\/es\/hacia-una-refineria-descarbonizada\/hoja-de-ruta-hacia-una-refineria-descarbonizada\/desarrollo-de-nuevas-unidades\/#breadcrumb\",\"itemListElement\":[{\"@type\":\"ListItem\",\"position\":1,\"name\":\"Home\",\"item\":\"https:\/\/petronor.eus\/es\/\"},{\"@type\":\"ListItem\",\"position\":2,\"name\":\"HACIA UNA REFINER\u00cdA DESCARBONIZADA\",\"item\":\"https:\/\/petronor.eus\/es\/hacia-una-refineria-descarbonizada\/\"},{\"@type\":\"ListItem\",\"position\":3,\"name\":\"HOJA DE RUTA DE LA DESCARBONIZACI\u00d3N\",\"item\":\"https:\/\/petronor.eus\/es\/hacia-una-refineria-descarbonizada\/hoja-de-ruta-hacia-una-refineria-descarbonizada\/\"},{\"@type\":\"ListItem\",\"position\":4,\"name\":\"NUEVOS PROYECTOS INDUSTRIALES\"}]},{\"@type\":\"WebSite\",\"@id\":\"https:\/\/petronor.eus\/es\/#website\",\"url\":\"https:\/\/petronor.eus\/es\/\",\"name\":\"Petronor\",\"description\":\"\",\"potentialAction\":[{\"@type\":\"SearchAction\",\"target\":{\"@type\":\"EntryPoint\",\"urlTemplate\":\"https:\/\/petronor.eus\/es\/?s={search_term_string}\"},\"query-input\":{\"@type\":\"PropertyValueSpecification\",\"valueRequired\":true,\"valueName\":\"search_term_string\"}}],\"inLanguage\":\"es-ES\"}]}<\/script>\n<!-- \/ Yoast SEO plugin. -->","yoast_head_json":{"title":"NUEVOS PROYECTOS INDUSTRIALES - Petronor","robots":{"index":"index","follow":"follow","max-snippet":"max-snippet:-1","max-image-preview":"max-image-preview:large","max-video-preview":"max-video-preview:-1"},"canonical":"https:\/\/petronor.eus\/es\/hacia-una-refineria-descarbonizada\/hoja-de-ruta-hacia-una-refineria-descarbonizada\/desarrollo-de-nuevas-unidades\/","og_locale":"es_ES","og_type":"article","og_title":"NUEVOS PROYECTOS INDUSTRIALES - Petronor","og_url":"https:\/\/petronor.eus\/es\/hacia-una-refineria-descarbonizada\/hoja-de-ruta-hacia-una-refineria-descarbonizada\/desarrollo-de-nuevas-unidades\/","og_site_name":"Petronor","article_modified_time":"2026-01-09T08:47:51+00:00","twitter_misc":{"Est. reading time":"2 minutes"},"schema":{"@context":"https:\/\/schema.org","@graph":[{"@type":"WebPage","@id":"https:\/\/petronor.eus\/es\/hacia-una-refineria-descarbonizada\/hoja-de-ruta-hacia-una-refineria-descarbonizada\/desarrollo-de-nuevas-unidades\/","url":"https:\/\/petronor.eus\/es\/hacia-una-refineria-descarbonizada\/hoja-de-ruta-hacia-una-refineria-descarbonizada\/desarrollo-de-nuevas-unidades\/","name":"NUEVOS PROYECTOS INDUSTRIALES - Petronor","isPartOf":{"@id":"https:\/\/petronor.eus\/es\/#website"},"datePublished":"2024-11-05T10:27:21+00:00","dateModified":"2026-01-09T08:47:51+00:00","breadcrumb":{"@id":"https:\/\/petronor.eus\/es\/hacia-una-refineria-descarbonizada\/hoja-de-ruta-hacia-una-refineria-descarbonizada\/desarrollo-de-nuevas-unidades\/#breadcrumb"},"inLanguage":"es-ES","potentialAction":[{"@type":"ReadAction","target":["https:\/\/petronor.eus\/es\/hacia-una-refineria-descarbonizada\/hoja-de-ruta-hacia-una-refineria-descarbonizada\/desarrollo-de-nuevas-unidades\/"]}]},{"@type":"BreadcrumbList","@id":"https:\/\/petronor.eus\/es\/hacia-una-refineria-descarbonizada\/hoja-de-ruta-hacia-una-refineria-descarbonizada\/desarrollo-de-nuevas-unidades\/#breadcrumb","itemListElement":[{"@type":"ListItem","position":1,"name":"Home","item":"https:\/\/petronor.eus\/es\/"},{"@type":"ListItem","position":2,"name":"HACIA UNA REFINER\u00cdA DESCARBONIZADA","item":"https:\/\/petronor.eus\/es\/hacia-una-refineria-descarbonizada\/"},{"@type":"ListItem","position":3,"name":"HOJA DE RUTA DE LA DESCARBONIZACI\u00d3N","item":"https:\/\/petronor.eus\/es\/hacia-una-refineria-descarbonizada\/hoja-de-ruta-hacia-una-refineria-descarbonizada\/"},{"@type":"ListItem","position":4,"name":"NUEVOS PROYECTOS INDUSTRIALES"}]},{"@type":"WebSite","@id":"https:\/\/petronor.eus\/es\/#website","url":"https:\/\/petronor.eus\/es\/","name":"Petronor","description":"","potentialAction":[{"@type":"SearchAction","target":{"@type":"EntryPoint","urlTemplate":"https:\/\/petronor.eus\/es\/?s={search_term_string}"},"query-input":{"@type":"PropertyValueSpecification","valueRequired":true,"valueName":"search_term_string"}}],"inLanguage":"es-ES"}]}},"_links":{"self":[{"href":"https:\/\/petronor.eus\/es\/wp-json\/wp\/v2\/pages\/77295","targetHints":{"allow":["GET"]}}],"collection":[{"href":"https:\/\/petronor.eus\/es\/wp-json\/wp\/v2\/pages"}],"about":[{"href":"https:\/\/petronor.eus\/es\/wp-json\/wp\/v2\/types\/page"}],"author":[{"embeddable":true,"href":"https:\/\/petronor.eus\/es\/wp-json\/wp\/v2\/users\/1"}],"replies":[{"embeddable":true,"href":"https:\/\/petronor.eus\/es\/wp-json\/wp\/v2\/comments?post=77295"}],"version-history":[{"count":16,"href":"https:\/\/petronor.eus\/es\/wp-json\/wp\/v2\/pages\/77295\/revisions"}],"predecessor-version":[{"id":81816,"href":"https:\/\/petronor.eus\/es\/wp-json\/wp\/v2\/pages\/77295\/revisions\/81816"}],"up":[{"embeddable":true,"href":"https:\/\/petronor.eus\/es\/wp-json\/wp\/v2\/pages\/76282"}],"wp:attachment":[{"href":"https:\/\/petronor.eus\/es\/wp-json\/wp\/v2\/media?parent=77295"}],"curies":[{"name":"wp","href":"https:\/\/api.w.org\/{rel}","templated":true}]}}