{"id":8,"date":"2014-12-15T12:08:52","date_gmt":"2014-12-15T12:08:52","guid":{"rendered":"https:\/\/petronor.eus\/?page_id=8"},"modified":"2024-10-14T13:18:03","modified_gmt":"2024-10-14T11:18:03","slug":"patrocinio","status":"publish","type":"page","link":"https:\/\/petronor.eus\/es\/patrocinio\/","title":{"rendered":"PATROCINIO"},"content":{"rendered":"<div class=\"row introBlock full-width-section\">\n<div class=\"col-lg-3 col-md-3 col-xs-12 col-sm-12\">\n<h1>PATROCINIOS PETRONOR<\/h1>\n<p class=\"font18\" style=\"font-size: 18px!important;\">Una empresa de las dimensiones de Petronor ha de ser consciente de que sus responsabilidades con sus empleados y sus vecinos no terminan al final de la jornada.<\/p>\nAunque quiz\u00e1 el patrocinio del Athletic Club hasta el a\u00f1o 2015 fue el m\u00e1s sonado, lo cierto es que la Compa\u00f1\u00eda lleva d\u00e9cadas volcada en proyectos deportivos, culturales y sociales m\u00e1s cercanos. Multitud de personas de los municipios del entorno se benefician de estos patrocinios.\n<\/div>\n<div class=\"col-lg-6 col-md-6 col-sm-12 hidden-xs ocultoIpadPortrait\"><iframe loading=\"lazy\" id=\"iframePatrocinio\" src=\"\/\/www.youtube.com\/embed\/b9dCNlFwm1U?rel=0\" width=\"300\" height=\"150\" frameborder=\"0\" allowfullscreen=\"allowfullscreen\"><\/iframe><\/div>\n<div class=\"col-lg-3 col-md-3 col-sm-12 col-xs-12 ocultoIpadPortrait\">\n<div class=\"destacadoDerecha setVideo2\"><a href=\"\/es\/album\/\" title=\"Ir al \u00e1lbum fotogr\u00e1fico\">\n<div class=\"destacadoDerechaArriba\">\n<div class=\"tablaHeader\">\n<div class=\"celda\">COMPLETA NUESTRO \u00c1LBUM<\/div>\n<div class=\"celda\"><\/div>\n<\/div>\n<\/div>\n<div class=\"destacadoDerechaMedio\"><img loading=\"lazy\" decoding=\"async\" class=\"alignnone wp-image-480 size-full\" src=\"https:\/\/petronor.eus\/wp-content\/uploads\/2016\/09\/fanfarre-petronor.jpg\" alt=\"Ir al \u00e1lbum de Petronor\" width=\"599\" height=\"396\" \/><\/div>\n<div class=\"destacadoDerechaAbajo\">\u00bfPodr\u00edas identificar el a\u00f1o y los protagonistas de nuestro \u00e1lbum fotogr\u00e1fico?<\/div>\n<\/div>\n<!--destacadoDerecha-->\n\n<\/div>\n<\/div>\n<div style=\"margin-bottom:30px ; height:1px; clear:both;\"><\/div>\n\n<div class=\"row opciones2\">\n<div class=\"col-lg-3 col-md-3 col-xs-6 col-sm-6\">\n<div id=\"\" class=\"opciones__titulo\">\n<h3 style=\"color: #FFF !important;\">Econom\u00eda Circular<\/h3>\n<span>Cambiar la materia prima con que se alimenta la planta, sustituyendo una parte significativa del crudo por residuos (Biomasa, Residuos urbanos, aceite de cocina usado, etc.. ). Con esto adem\u00e1s contribuimos a dar respuesta a otro de los grandes retos de la sociedad: el tratamiento de los residuos.<\/span>\n\n<\/div>\n<\/div>\n<div class=\"col-lg-3 col-md-3 col-xs-6 col-sm-6\">\n<div id=\"\" class=\"opciones__titulo\">\n<h3 style=\"color: #FFF !important;\">Producir combustibles descarbonizados<\/h3>\nHidr\u00f3geno Renovable, Biocombustibles avanzados y Combustibles sint\u00e9ticos.\n\n\n<\/div>\n<\/div>\n<div class=\"col-lg-3 col-md-3 col-xs-6 col-sm-6\">\n<div id=\"\" class=\"opciones__titulo\">\n<h3 style=\"color: #FFF !important;\">Cambiar la energ\u00eda de proceso<\/h3>\nSustituir el gas natural por el hidrogeno renovable y que toda la energ\u00eda el\u00e9ctrica provenga de fuentes renovables.\n\n<\/div>\n<\/div>\n<div class=\"col-lg-3 col-md-3 col-xs-6 col-sm-6\">\n<div id=\"\" class=\"opciones__titulo\">\n<h3 style=\"color: #FFF !important;\">Captura y utilizaci\u00f3n de CO2<\/h3>\nPara cerrar el balance se proceder\u00e1 a la captura del CO2 generado en el proceso para su utilizaci\u00f3n como materia prima en los combustibles sint\u00e9ticos.\n\n<\/div>\n<\/div>\n<\/div>\n<div style=\"margin-bottom:30px ; height:1px; clear:both;\"><\/div>\n\n<section id=\"acercade\">\n<div class=\"container nopaddingmobile\">\n<div id=\"bloque1\" class=\"col-lg-3 col-md-3 col-sm-6 col-xs-12\">\n<h2>PATROCINIOS DEPORTIVOS<\/h2>\n<h3>Subvencionamos multitud de actividades deportivas de nuestro entorno.<\/h3>\n<div class=\"rayaGris\"><\/div>\n<\/div>\n<div id=\"bloque2\" class=\"col-lg-3 col-md-3 col-sm-6 col-xs-12 nopadding\">\n\n<a title=\"Ir a Bandera Petronor\" href=\"\/es\/patrocinio\/deportivo\/bandera-petronor\/\"><img loading=\"lazy\" decoding=\"async\" class=\"alignnone size-full wp-image-2516 imgZoom\" src=\"https:\/\/petronor.eus\/wp-content\/uploads\/2014\/12\/bandera-petronor-2013.jpg\" alt=\"bandera-petronor-2013\" width=\"450\" height=\"300\" \/><\/a>\n<div class=\"caption\"><\/div>\n<div class=\"caption-text\">\n<h3>Bandera Petronor<\/h3>\n<h4>Damos nombre a la hist\u00f3rica regata<\/h4>\n<\/div>\n&nbsp;\n\n<\/div>\n<div id=\"bloque3\" class=\"col-lg-3 col-md-3 col-sm-6 col-xs-12 nopadding\">\n\n<a title=\"Ir a otros apoyos\" href=\"\/es\/patrocinio\/deportivo\/otros-apoyos\/\"><img loading=\"lazy\" decoding=\"async\" class=\"alignnone size-full wp-image-1013 imgZoom\" src=\"https:\/\/petronor.eus\/wp-content\/uploads\/2016\/09\/campus-futbola-petronor-muskiz.jpg\" alt=\"Otros apoyos\" width=\"768\" height=\"768\" \/><\/a>\n<div class=\"caption\"><\/div>\n<div class=\"caption-text\">\n<h3>Apoyo al deporte base<\/h3>\n<h4>Otros apoyos deportivos<\/h4>\n<\/div>\n&nbsp;\n\n<\/div>\n<div id=\"bloque4\" class=\"col-lg-3 col-md-3 col-sm-6 col-xs-12 nopadding\">\n\n<a title=\"Ir al patrocinio del Athletic Club\" href=\"\/es\/patrocinio\/deportivo\/athletic\/\"><img loading=\"lazy\" decoding=\"async\" class=\"alignnone size-full wp-image-2482 imgZoom\" src=\"https:\/\/petronor.eus\/wp-content\/uploads\/2016\/09\/camiseta-athletic-2008.jpg\" alt=\"2008_patrocinio_athletic\" width=\"450\" height=\"400\" \/><\/a>\n<div class=\"caption\"><\/div>\n<div class=\"caption-text\">\n<h3>Athletic Club (2008-2015)<\/h3>\n<h4>Un patrocinio hist\u00f3rico y un orgullo<\/h4>\n<\/div>\n&nbsp;\n\n<\/div>\n&nbsp;\n\n<\/div>\n<\/section>\n<div class=\"hidden-xs ocultoIpadPortrait\">\n\n<div style=\"margin-bottom:30px ; height:1px; clear:both;\"><\/div>\n<div class=\"ntitle\">\n<h2>NOTICIAS SOBRE PATROCINIO<\/h2>\n<\/div>\n<div class=\"row noticias_wrapper\">\n        <div class=\"col-md-3 col-sm-6 noti-sm\">  \n            <div class=\"nooverflow\">            \n            <a href=\"https:\/\/petronor.eus\/es\/2023\/05\/el-muskiztarra-mikel-sanz-tercero-en-muskizko-udala-sari-nagusia\/\">\n                <img loading=\"lazy\" decoding=\"async\" width=\"480\" height=\"360\" src=\"https:\/\/petronor.eus\/wp-content\/uploads\/2023\/05\/Petronor_Muskizko-udala-sari-nagusia-1-1-480x360.jpg\" class=\"imgZoom wp-post-image\" alt=\"\" \/>\n            <\/a>  \n            <\/div>\n            <h3 class=\"noti-title2\">\n                <a href=\"https:\/\/petronor.eus\/es\/2023\/05\/el-muskiztarra-mikel-sanz-tercero-en-muskizko-udala-sari-nagusia\/\">El muskiztarra Mikel Sanz, tercero en Muskizko Udala Sari Nagusia<\/a>\n            <\/h3>\n            <div class=\"noticias__fecha\">\n                05 mayo 2023\n<div class=\"addthis_toolbox addthis_default_style\"  addthis:url=\"https:\/\/petronor.eus\/es\/2023\/05\/el-muskiztarra-mikel-sanz-tercero-en-muskizko-udala-sari-nagusia\/\"  addthis:title=\"El muskiztarra Mikel Sanz, tercero en Muskizko Udala Sari Nagusia\">\n<a class=\"addthis_button_compact\"><img decoding=\"async\" src=\"https:\/\/petronor.eus\/wp-content\/themes\/petronorx\/img\/compartir.png\" \/><\/a>\n<\/div>\n<script type=\"text\/javascript\" src=\"\/\/s7.addthis.com\/js\/250\/addthis_widget.js#pubid=xa-4dc017615a68fb88\"><\/script>\n            <\/div>\n        <\/div>\n        \n        <div class=\"col-md-3 col-sm-6 noti-sm\">  \n            <div class=\"nooverflow\">            \n            <a href=\"https:\/\/petronor.eus\/es\/2023\/04\/el-ciclista-del-mendiz-mendi-marco-gonzalez-tercero-en-la-prueba-mini-green-series-de-muskiz\/\">\n                <img loading=\"lazy\" decoding=\"async\" width=\"480\" height=\"360\" src=\"https:\/\/petronor.eus\/wp-content\/uploads\/2023\/04\/Petronor_BTT-1-480x360.jpg\" class=\"imgZoom wp-post-image\" alt=\"\" \/>\n            <\/a>  \n            <\/div>\n            <h3 class=\"noti-title2\">\n                <a href=\"https:\/\/petronor.eus\/es\/2023\/04\/el-ciclista-del-mendiz-mendi-marco-gonzalez-tercero-en-la-prueba-mini-green-series-de-muskiz\/\">El ciclista del Mendiz Mendi Marco Gonz\u00e1lez, tercero en la prueba Mini Green Series de Muskiz<\/a>\n            <\/h3>\n            <div class=\"noticias__fecha\">\n                27 abril 2023\n<div class=\"addthis_toolbox addthis_default_style\"  addthis:url=\"https:\/\/petronor.eus\/es\/2023\/04\/el-ciclista-del-mendiz-mendi-marco-gonzalez-tercero-en-la-prueba-mini-green-series-de-muskiz\/\"  addthis:title=\"El ciclista del Mendiz Mendi Marco Gonz\u00e1lez, tercero en la prueba Mini Green Series de Muskiz\">\n<a class=\"addthis_button_compact\"><img decoding=\"async\" src=\"https:\/\/petronor.eus\/wp-content\/themes\/petronorx\/img\/compartir.png\" \/><\/a>\n<\/div>\n<script type=\"text\/javascript\" src=\"\/\/s7.addthis.com\/js\/250\/addthis_widget.js#pubid=xa-4dc017615a68fb88\"><\/script>\n            <\/div>\n        <\/div>\n        \n        <div class=\"col-md-3 col-sm-6 noti-sm\">  \n            <div class=\"nooverflow\">            \n            <a href=\"https:\/\/petronor.eus\/es\/2023\/04\/52-camaras-de-comercio-promueven-las-comunidades-energeticas-locales-siguiendo-el-modelo-de-toda-energia-navarra-disenado-por-edinor\/\">\n                <img loading=\"lazy\" decoding=\"async\" width=\"480\" height=\"360\" src=\"https:\/\/petronor.eus\/wp-content\/uploads\/2023\/04\/Petronor_ComunidadesEnergeticasLocales-1-480x360.jpg\" class=\"imgZoom wp-post-image\" alt=\"\" \/>\n            <\/a>  \n            <\/div>\n            <h3 class=\"noti-title2\">\n                <a href=\"https:\/\/petronor.eus\/es\/2023\/04\/52-camaras-de-comercio-promueven-las-comunidades-energeticas-locales-siguiendo-el-modelo-de-toda-energia-navarra-disenado-por-edinor\/\">52 C\u00e1maras de Comercio promueven las comunidades energ\u00e9ticas locales siguiendo el modelo de Toda Ene...<\/a>\n            <\/h3>\n            <div class=\"noticias__fecha\">\n                20 abril 2023\n<div class=\"addthis_toolbox addthis_default_style\"  addthis:url=\"https:\/\/petronor.eus\/es\/2023\/04\/52-camaras-de-comercio-promueven-las-comunidades-energeticas-locales-siguiendo-el-modelo-de-toda-energia-navarra-disenado-por-edinor\/\"  addthis:title=\"52 C\u00e1maras de Comercio promueven las comunidades energ\u00e9ticas locales siguiendo el modelo de Toda Energ\u00eda Navarra dise\u00f1ado por Edinor\">\n<a class=\"addthis_button_compact\"><img decoding=\"async\" src=\"https:\/\/petronor.eus\/wp-content\/themes\/petronorx\/img\/compartir.png\" \/><\/a>\n<\/div>\n<script type=\"text\/javascript\" src=\"\/\/s7.addthis.com\/js\/250\/addthis_widget.js#pubid=xa-4dc017615a68fb88\"><\/script>\n            <\/div>\n        <\/div>\n        \n        <div class=\"col-md-3 col-sm-6 noti-sm\">  \n            <div class=\"nooverflow\">            \n            <a href=\"https:\/\/petronor.eus\/es\/2023\/04\/regresa-el-campus-de-futbol-petronor\/\">\n                <img loading=\"lazy\" decoding=\"async\" width=\"342\" height=\"360\" src=\"https:\/\/petronor.eus\/wp-content\/uploads\/2023\/04\/Petronor_cartel-2023-castellano-1-342x360.jpg\" class=\"imgZoom wp-post-image\" alt=\"\" \/>\n            <\/a>  \n            <\/div>\n            <h3 class=\"noti-title2\">\n                <a href=\"https:\/\/petronor.eus\/es\/2023\/04\/regresa-el-campus-de-futbol-petronor\/\">Regresa el Campus de F\u00fatbol Petronor<\/a>\n            <\/h3>\n            <div class=\"noticias__fecha\">\n                03 abril 2023\n<div class=\"addthis_toolbox addthis_default_style\"  addthis:url=\"https:\/\/petronor.eus\/es\/2023\/04\/regresa-el-campus-de-futbol-petronor\/\"  addthis:title=\"Regresa el Campus de F\u00fatbol Petronor\">\n<a class=\"addthis_button_compact\"><img decoding=\"async\" src=\"https:\/\/petronor.eus\/wp-content\/themes\/petronorx\/img\/compartir.png\" \/><\/a>\n<\/div>\n<script type=\"text\/javascript\" src=\"\/\/s7.addthis.com\/js\/250\/addthis_widget.js#pubid=xa-4dc017615a68fb88\"><\/script>\n            <\/div>\n        <\/div>\n        <\/div>\n\n<\/div>","protected":false},"excerpt":{"rendered":"PATROCINIOS DEPORTIVOS Subvencionamos multitud de actividades deportivas de nuestro entorno. Bandera Petronor Damos nombre a la hist\u00f3rica regata &nbsp; Apoyo al deporte base Otros apoyos deportivos &nbsp; Athletic Club (2008-2015) Un patrocinio hist\u00f3rico y un orgullo &nbsp; &nbsp; NOTICIAS SOBRE PATROCINIO","protected":false},"author":1,"featured_media":0,"parent":0,"menu_order":3,"comment_status":"open","ping_status":"closed","template":"","meta":{"footnotes":""},"class_list":["post-8","page","type-page","status-publish","hentry"],"yoast_head":"<!-- This site is optimized with the Yoast SEO plugin v24.7 - https:\/\/yoast.com\/wordpress\/plugins\/seo\/ -->\n<title>Patrocinios de Petronor: culturales, sociales y deportivos<\/title>\n<meta name=\"description\" content=\"Abarca diversos eventos y acciones los Patrocinios de Petronor:culturales, sociales y deportivos en el entorno de la refiner\u00eda que tiene en Muskiz\" \/>\n<meta name=\"robots\" content=\"index, follow, max-snippet:-1, max-image-preview:large, max-video-preview:-1\" \/>\n<link rel=\"canonical\" href=\"https:\/\/petronor.eus\/es\/patrocinio\/\" \/>\n<meta property=\"og:locale\" content=\"es_ES\" \/>\n<meta property=\"og:type\" content=\"article\" \/>\n<meta property=\"og:title\" content=\"Patrocinios de Petronor: culturales, sociales y deportivos\" \/>\n<meta property=\"og:description\" content=\"Abarca diversos eventos y acciones los Patrocinios de Petronor:culturales, sociales y deportivos en el entorno de la refiner\u00eda que tiene en Muskiz\" \/>\n<meta property=\"og:url\" content=\"https:\/\/petronor.eus\/es\/patrocinio\/\" \/>\n<meta property=\"og:site_name\" content=\"Petronor\" \/>\n<meta property=\"article:modified_time\" content=\"2024-10-14T11:18:03+00:00\" \/>\n<meta property=\"og:image\" content=\"https:\/\/petronor.eus\/wp-content\/uploads\/2016\/09\/fanfarre-petronor.jpg\" \/>\n<meta name=\"twitter:label1\" content=\"Est. reading time\" \/>\n\t<meta name=\"twitter:data1\" content=\"3 minutes\" \/>\n<script type=\"application\/ld+json\" class=\"yoast-schema-graph\">{\"@context\":\"https:\/\/schema.org\",\"@graph\":[{\"@type\":\"WebPage\",\"@id\":\"https:\/\/petronor.eus\/es\/patrocinio\/\",\"url\":\"https:\/\/petronor.eus\/es\/patrocinio\/\",\"name\":\"Patrocinios de Petronor: culturales, sociales y deportivos\",\"isPartOf\":{\"@id\":\"https:\/\/petronor.eus\/es\/#website\"},\"primaryImageOfPage\":{\"@id\":\"https:\/\/petronor.eus\/es\/patrocinio\/#primaryimage\"},\"image\":{\"@id\":\"https:\/\/petronor.eus\/es\/patrocinio\/#primaryimage\"},\"thumbnailUrl\":\"https:\/\/petronor.eus\/wp-content\/uploads\/2016\/09\/fanfarre-petronor.jpg\",\"datePublished\":\"2014-12-15T12:08:52+00:00\",\"dateModified\":\"2024-10-14T11:18:03+00:00\",\"description\":\"Abarca diversos eventos y acciones los Patrocinios de Petronor:culturales, sociales y deportivos en el entorno de la refiner\u00eda que tiene en Muskiz\",\"breadcrumb\":{\"@id\":\"https:\/\/petronor.eus\/es\/patrocinio\/#breadcrumb\"},\"inLanguage\":\"es-ES\",\"potentialAction\":[{\"@type\":\"ReadAction\",\"target\":[\"https:\/\/petronor.eus\/es\/patrocinio\/\"]}]},{\"@type\":\"ImageObject\",\"inLanguage\":\"es-ES\",\"@id\":\"https:\/\/petronor.eus\/es\/patrocinio\/#primaryimage\",\"url\":\"https:\/\/petronor.eus\/wp-content\/uploads\/2016\/09\/fanfarre-petronor.jpg\",\"contentUrl\":\"https:\/\/petronor.eus\/wp-content\/uploads\/2016\/09\/fanfarre-petronor.jpg\"},{\"@type\":\"BreadcrumbList\",\"@id\":\"https:\/\/petronor.eus\/es\/patrocinio\/#breadcrumb\",\"itemListElement\":[{\"@type\":\"ListItem\",\"position\":1,\"name\":\"Home\",\"item\":\"https:\/\/petronor.eus\/es\/\"},{\"@type\":\"ListItem\",\"position\":2,\"name\":\"PATROCINIO\"}]},{\"@type\":\"WebSite\",\"@id\":\"https:\/\/petronor.eus\/es\/#website\",\"url\":\"https:\/\/petronor.eus\/es\/\",\"name\":\"Petronor\",\"description\":\"\",\"potentialAction\":[{\"@type\":\"SearchAction\",\"target\":{\"@type\":\"EntryPoint\",\"urlTemplate\":\"https:\/\/petronor.eus\/es\/?s={search_term_string}\"},\"query-input\":{\"@type\":\"PropertyValueSpecification\",\"valueRequired\":true,\"valueName\":\"search_term_string\"}}],\"inLanguage\":\"es-ES\"}]}<\/script>\n<!-- \/ Yoast SEO plugin. -->","yoast_head_json":{"title":"Patrocinios de Petronor: culturales, sociales y deportivos","description":"Abarca diversos eventos y acciones los Patrocinios de Petronor:culturales, sociales y deportivos en el entorno de la refiner\u00eda que tiene en Muskiz","robots":{"index":"index","follow":"follow","max-snippet":"max-snippet:-1","max-image-preview":"max-image-preview:large","max-video-preview":"max-video-preview:-1"},"canonical":"https:\/\/petronor.eus\/es\/patrocinio\/","og_locale":"es_ES","og_type":"article","og_title":"Patrocinios de Petronor: culturales, sociales y deportivos","og_description":"Abarca diversos eventos y acciones los Patrocinios de Petronor:culturales, sociales y deportivos en el entorno de la refiner\u00eda que tiene en Muskiz","og_url":"https:\/\/petronor.eus\/es\/patrocinio\/","og_site_name":"Petronor","article_modified_time":"2024-10-14T11:18:03+00:00","og_image":[{"url":"https:\/\/petronor.eus\/wp-content\/uploads\/2016\/09\/fanfarre-petronor.jpg","type":"","width":"","height":""}],"twitter_misc":{"Est. reading time":"3 minutes"},"schema":{"@context":"https:\/\/schema.org","@graph":[{"@type":"WebPage","@id":"https:\/\/petronor.eus\/es\/patrocinio\/","url":"https:\/\/petronor.eus\/es\/patrocinio\/","name":"Patrocinios de Petronor: culturales, sociales y deportivos","isPartOf":{"@id":"https:\/\/petronor.eus\/es\/#website"},"primaryImageOfPage":{"@id":"https:\/\/petronor.eus\/es\/patrocinio\/#primaryimage"},"image":{"@id":"https:\/\/petronor.eus\/es\/patrocinio\/#primaryimage"},"thumbnailUrl":"https:\/\/petronor.eus\/wp-content\/uploads\/2016\/09\/fanfarre-petronor.jpg","datePublished":"2014-12-15T12:08:52+00:00","dateModified":"2024-10-14T11:18:03+00:00","description":"Abarca diversos eventos y acciones los Patrocinios de Petronor:culturales, sociales y deportivos en el entorno de la refiner\u00eda que tiene en Muskiz","breadcrumb":{"@id":"https:\/\/petronor.eus\/es\/patrocinio\/#breadcrumb"},"inLanguage":"es-ES","potentialAction":[{"@type":"ReadAction","target":["https:\/\/petronor.eus\/es\/patrocinio\/"]}]},{"@type":"ImageObject","inLanguage":"es-ES","@id":"https:\/\/petronor.eus\/es\/patrocinio\/#primaryimage","url":"https:\/\/petronor.eus\/wp-content\/uploads\/2016\/09\/fanfarre-petronor.jpg","contentUrl":"https:\/\/petronor.eus\/wp-content\/uploads\/2016\/09\/fanfarre-petronor.jpg"},{"@type":"BreadcrumbList","@id":"https:\/\/petronor.eus\/es\/patrocinio\/#breadcrumb","itemListElement":[{"@type":"ListItem","position":1,"name":"Home","item":"https:\/\/petronor.eus\/es\/"},{"@type":"ListItem","position":2,"name":"PATROCINIO"}]},{"@type":"WebSite","@id":"https:\/\/petronor.eus\/es\/#website","url":"https:\/\/petronor.eus\/es\/","name":"Petronor","description":"","potentialAction":[{"@type":"SearchAction","target":{"@type":"EntryPoint","urlTemplate":"https:\/\/petronor.eus\/es\/?s={search_term_string}"},"query-input":{"@type":"PropertyValueSpecification","valueRequired":true,"valueName":"search_term_string"}}],"inLanguage":"es-ES"}]}},"_links":{"self":[{"href":"https:\/\/petronor.eus\/es\/wp-json\/wp\/v2\/pages\/8","targetHints":{"allow":["GET"]}}],"collection":[{"href":"https:\/\/petronor.eus\/es\/wp-json\/wp\/v2\/pages"}],"about":[{"href":"https:\/\/petronor.eus\/es\/wp-json\/wp\/v2\/types\/page"}],"author":[{"embeddable":true,"href":"https:\/\/petronor.eus\/es\/wp-json\/wp\/v2\/users\/1"}],"replies":[{"embeddable":true,"href":"https:\/\/petronor.eus\/es\/wp-json\/wp\/v2\/comments?post=8"}],"version-history":[{"count":115,"href":"https:\/\/petronor.eus\/es\/wp-json\/wp\/v2\/pages\/8\/revisions"}],"predecessor-version":[{"id":77158,"href":"https:\/\/petronor.eus\/es\/wp-json\/wp\/v2\/pages\/8\/revisions\/77158"}],"wp:attachment":[{"href":"https:\/\/petronor.eus\/es\/wp-json\/wp\/v2\/media?parent=8"}],"curies":[{"name":"wp","href":"https:\/\/api.w.org\/{rel}","templated":true}]}}