{"id":806,"date":"2015-01-06T22:32:25","date_gmt":"2015-01-06T22:32:25","guid":{"rendered":"https:\/\/petronor.eus\/?page_id=806"},"modified":"2019-12-26T10:23:48","modified_gmt":"2019-12-26T09:23:48","slug":"castillos-de-munatones","status":"publish","type":"page","link":"https:\/\/petronor.eus\/es\/nuestro-entorno\/patrimonio-historico\/castillos-de-munatones\/","title":{"rendered":"CASTILLO DE MU\u00d1ATONES"},"content":{"rendered":"<div class=\"row introBlock full-width-section primeraFila\">\r\n<div class=\"col-lg-3 col-md-3 col-xs-12 col-sm-6\">\r\n<ul class=\"subnav\">  <li class=\"page_item page-item-806\"><a href=\"https:\/\/petronor.eus\/es\/nuestro-entorno\/patrimonio-historico\/castillos-de-munatones\/\">CASTILLO DE MU\u00d1ATONES<\/a><\/li>\n<li class=\"page_item page-item-808\"><a href=\"https:\/\/petronor.eus\/es\/nuestro-entorno\/patrimonio-historico\/ferreria-el-pobal\/\">FERRER\u00cdA EL POBAL<\/a><\/li>\n<li class=\"page_item page-item-810\"><a href=\"https:\/\/petronor.eus\/es\/nuestro-entorno\/patrimonio-historico\/museo-de-la-mineria-de-gallarta\/\">MUSEO DE LA MINER\u00cdA DE GALLARTA<\/a><\/li>\n  <\/ul>\r\n<\/div>\r\n<div class=\"col-lg-3 col-md-3 col-xs-12 col-sm-6\">\r\n<h1 style=\"margin-top:0;\">CASTILLO DE MU\u00d1ATONES<\/h1>\r\nLa presencia del Castillo de Mu\u00f1atones en mitad de las instalaciones de Petronor va m\u00e1s all\u00e1 de lo circunstancial. Se ha convertido en <strong>se\u00f1a de identidad<\/strong> de la compa\u00f1\u00eda, a la que aporta su distintiva figura en el logotipo. Forma parte del paisaje tradicional de la regi\u00f3n y desde hace d\u00e9cadas disfruta de la condici\u00f3n de Conjunto Hist\u00f3rico &#8211; Art\u00edstico Nacional.\r\n<\/div>\r\n<div class=\"col-lg-6 col-md-6 col-xs-12 col-sm-12\">\r\n<iframe loading=\"lazy\" id=\"iframePatrocinio\" src=\"\/\/www.youtube.com\/embed\/aMojUZ7yns0\" width=\"300\" height=\"150\" frameborder=\"0\" allowfullscreen=\"allowfullscreen\"><\/iframe>\r\n<\/div>\r\n<\/div>\r\n<div class=\"row \">\r\n<div class=\"col-lg-6 col-md-6 col-xs-12 col-sm-6 col-md-offset-3 col-lg-offset-3\">\r\n<div class=\"row\">\r\n<div class=\"paddin15XS\"><p style=\"margin-top:20px;\">El Castillo de Mu\u00f1atones es el \u00fanico de cuantos permanecen en pie en Bizkaia que mantiene la tradici\u00f3n arquitect\u00f3nica de la regi\u00f3n, basada en la creaci\u00f3n de casas &#8211; torre. Desde su construcci\u00f3n en 1339, el edificio ha sufrido diferentes modificaciones y ampliaciones, que lo acompa\u00f1ar\u00edan de otras dos importantes construcciones: la ermita de San Mart\u00edn de Mu\u00f1atones y el Palacio Salazar.<\/p>\r\n<p>En 1949 la Diputaci\u00f3n Foral de Bizkaia adquiri\u00f3 todo el complejo para restaurarlo, cinco a\u00f1os despu\u00e9s de que fuera declarado Conjunto Hist\u00f3rico &#8211; Art\u00edstico Nacional. El Palacio Salazar fue cedido en 1968 al Ministerio de Informaci\u00f3n y Turismo para su uso como parador, hasta 1973. En ese a\u00f1o, el conjunto de edificios fue adquirido por Petronor, que convirti\u00f3 el palacio en sede social de la empresa y convirti\u00f3 el terreno circundante al complejo en un jard\u00edn p\u00fablico.<\/p>\r\n<p>Por su parte, el Castillo de Mu\u00f1atones fue objeto desde hace a\u00f1os de una cuidadosa restauraci\u00f3n. La Diputaci\u00f3n Foral Bizkaia y el INEM instalaron en \u00e9l una escuela-taller.<\/p><\/div>\r\n<div><!-- START REVOLUTION SLIDER 4.2.1 fullwidth mode -->\n\n<div id=\"rev_slider_1_1_wrapper\" class=\"rev_slider_wrapper fullwidthbanner-container\" style=\"margin:0px auto;background-color:#E9E9E9;padding:0px;margin-top:0px;margin-bottom:0px;max-height:467px;\">\n\t<div id=\"rev_slider_1_1\" class=\"rev_slider fullwidthabanner\" style=\"display:none;max-height:467px;height:467;\">\n<ul>\t<!-- SLIDE  -->\n\t<li data-transition=\"random\" data-slotamount=\"7\" >\n\t\t<!-- MAIN IMAGE -->\n\t\t<img decoding=\"async\" src=\"https:\/\/petronor.eus\/wp-content\/uploads\/2014\/12\/castillo-munhatones-3.jpg\"  alt=\"castillo-munhatones-3\"  data-bgposition=\"center top\" data-bgfit=\"cover\" data-bgrepeat=\"no-repeat\">\n\t\t<!-- LAYERS -->\n\t<\/li>\n\t<!-- SLIDE  -->\n\t<li data-transition=\"random\" data-slotamount=\"7\" >\n\t\t<!-- MAIN IMAGE -->\n\t\t<img decoding=\"async\" src=\"https:\/\/petronor.eus\/wp-content\/uploads\/2015\/01\/castillo-munhatones-2.jpg\"  alt=\"castillo-munhatones-2\"  data-bgposition=\"center top\" data-bgfit=\"cover\" data-bgrepeat=\"no-repeat\">\n\t\t<!-- LAYERS -->\n\t<\/li>\n\t<!-- SLIDE  -->\n\t<li data-transition=\"random\" data-slotamount=\"7\" >\n\t\t<!-- MAIN IMAGE -->\n\t\t<img decoding=\"async\" src=\"https:\/\/petronor.eus\/wp-content\/uploads\/2015\/01\/castillo-munhatones-1.jpg\"  alt=\"castillo-munhatones-1\"  data-bgposition=\"center top\" data-bgfit=\"cover\" data-bgrepeat=\"no-repeat\">\n\t\t<!-- LAYERS -->\n\t<\/li>\n<\/ul>\n<div class=\"tp-bannertimer\"><\/div>\t<\/div>\n<\/div>\t\t\t\n\t\t\t<script type=\"text\/javascript\">\n\n\t\t\t\tvar tpj=jQuery;\t\t\t\t\n\t\t\t\ttpj.noConflict();\t\t\t\t\n\t\t\t\tvar revapi1;\n\t\t\t\t\n\t\t\t\ttpj(document).ready(function() {\n\t\t\t\t\t\t\t\t\n\t\t\t\tif(tpj('#rev_slider_1_1').revolution == undefined)\n\t\t\t\t\trevslider_showDoubleJqueryError('#rev_slider_1_1');\n\t\t\t\telse\n\t\t\t\t   revapi1 = tpj('#rev_slider_1_1').show().revolution(\n\t\t\t\t\t{\n\t\t\t\t\t\tdottedOverlay:\"none\",\n\t\t\t\t\t\tdelay:9000,\n\t\t\t\t\t\tstartwidth:700,\n\t\t\t\t\t\tstartheight:467,\n\t\t\t\t\t\thideThumbs:200,\n\t\t\t\t\t\t\n\t\t\t\t\t\tthumbWidth:100,\n\t\t\t\t\t\tthumbHeight:50,\n\t\t\t\t\t\tthumbAmount:3,\n\t\t\t\t\t\t\n\t\t\t\t\t\tnavigationType:\"bullet\",\n\t\t\t\t\t\tnavigationArrows:\"solo\",\n\t\t\t\t\t\tnavigationStyle:\"round\",\n\t\t\t\t\t\t\n\t\t\t\t\t\ttouchenabled:\"on\",\n\t\t\t\t\t\tonHoverStop:\"on\",\n\t\t\t\t\t\t\n\t\t\t\t\t\tnavigationHAlign:\"center\",\n\t\t\t\t\t\tnavigationVAlign:\"bottom\",\n\t\t\t\t\t\tnavigationHOffset:0,\n\t\t\t\t\t\tnavigationVOffset:20,\n\n\t\t\t\t\t\tsoloArrowLeftHalign:\"left\",\n\t\t\t\t\t\tsoloArrowLeftValign:\"center\",\n\t\t\t\t\t\tsoloArrowLeftHOffset:20,\n\t\t\t\t\t\tsoloArrowLeftVOffset:0,\n\n\t\t\t\t\t\tsoloArrowRightHalign:\"right\",\n\t\t\t\t\t\tsoloArrowRightValign:\"center\",\n\t\t\t\t\t\tsoloArrowRightHOffset:20,\n\t\t\t\t\t\tsoloArrowRightVOffset:0,\n\t\t\t\t\t\t\t\t\n\t\t\t\t\t\tshadow:0,\n\t\t\t\t\t\tfullWidth:\"on\",\n\t\t\t\t\t\tfullScreen:\"off\",\n\n\t\t\t\t\t\tspinner:\"spinner0\",\n\t\t\t\t\t\t\n\t\t\t\t\t\tstopLoop:\"off\",\n\t\t\t\t\t\tstopAfterLoops:-1,\n\t\t\t\t\t\tstopAtSlide:-1,\n\n\t\t\t\t\t\t\n\t\t\t\t\t\tshuffle:\"off\",\n\t\t\t\t\t\t\n\t\t\t\t\t\tautoHeight:\"off\",\t\t\t\t\t\t\n\t\t\t\t\t\tforceFullWidth:\"off\",\t\t\t\t\t\t\n\t\t\t\t\t\t\t\t\t\t\t\t\n\t\t\t\t\t\t\t\t\t\t\t\t\n\t\t\t\t\t\thideThumbsOnMobile:\"off\",\n\t\t\t\t\t\thideBulletsOnMobile:\"off\",\n\t\t\t\t\t\thideArrowsOnMobile:\"off\",\n\t\t\t\t\t\thideThumbsUnderResolution:0,\n\t\t\t\t\t\t\n\t\t\t\t\t\thideSliderAtLimit:0,\n\t\t\t\t\t\thideCaptionAtLimit:0,\n\t\t\t\t\t\thideAllCaptionAtLilmit:0,\n\t\t\t\t\t\tstartWithSlide:0,\n\t\t\t\t\t\tvideoJsPath:\"https:\/\/petronor.eus\/wp-content\/plugins\/revslider\/rs-plugin\/videojs\/\",\n\t\t\t\t\t\tfullScreenOffsetContainer: \"\"\t\n\t\t\t\t\t});\n\t\t\t\t\n\t\t\t\t});\t\/\/ready\n\t\t\t\t\n\t\t\t<\/script>\n\t\t\t\n\t\t\t<!-- END REVOLUTION SLIDER --><\/div>\r\n<\/div>\r\n<\/div>\r\n<div class=\"col-lg-3 col-md-3 col-xs-12 col-sm-6\">\r\n<div class=\"tablaHeader\">\n<div class=\"celda celdaIzquierda \"><h3>+INFO<\/h3><\/div>\n<div class=\"celda\"><div class=\"widgettitlewrapper\">&nbsp;<\/div><\/div>\n<\/div><a href=\"https:\/\/es.slideshare.net\/Petronor\/san-martn-de-muatones-instalaciones-de-petronor-en-muskiz\" target=\"_blank\"><img loading=\"lazy\" decoding=\"async\" src=\"https:\/\/petronor.eus\/wp-content\/uploads\/2015\/01\/portada-libro-san-martin-de-munatones.jpg\" alt=\"portada-libro-san-martin-de-munatones\" width=\"497\" height=\"450\" class=\"alignnone size-full wp-image-2572\" \/><p>&#8220;San Mart\u00edn de Mu\u00f1atones. El Castillo, el Palacio, la Ermita&#8221;<\/p><\/a>\r\n<\/div>\r\n<\/div>","protected":false},"excerpt":{"rendered":"","protected":false},"author":2,"featured_media":0,"parent":50,"menu_order":0,"comment_status":"open","ping_status":"open","template":"","meta":{"footnotes":""},"class_list":["post-806","page","type-page","status-publish","hentry"],"yoast_head":"<!-- This site is optimized with the Yoast SEO plugin v24.7 - https:\/\/yoast.com\/wordpress\/plugins\/seo\/ -->\n<title>Castillo de Mu\u00f1atones - Petronor<\/title>\n<meta name=\"description\" content=\"El Castillo de Mu\u00f1atones, en mitad de las instalaciones de Petronor, es se\u00f1a de identidad de la compa\u00f1\u00eda. Monumento Hist\u00f3rico-art\u00edstico desde 1944.\" \/>\n<meta name=\"robots\" content=\"index, follow, max-snippet:-1, max-image-preview:large, max-video-preview:-1\" \/>\n<link rel=\"canonical\" href=\"https:\/\/petronor.eus\/es\/nuestro-entorno\/patrimonio-historico\/castillos-de-munatones\/\" \/>\n<meta property=\"og:locale\" content=\"es_ES\" \/>\n<meta property=\"og:type\" content=\"article\" \/>\n<meta property=\"og:title\" content=\"Castillo de Mu\u00f1atones - Petronor\" \/>\n<meta property=\"og:description\" content=\"El Castillo de Mu\u00f1atones, en mitad de las instalaciones de Petronor, es se\u00f1a de identidad de la compa\u00f1\u00eda. Monumento Hist\u00f3rico-art\u00edstico desde 1944.\" \/>\n<meta property=\"og:url\" content=\"https:\/\/petronor.eus\/es\/nuestro-entorno\/patrimonio-historico\/castillos-de-munatones\/\" \/>\n<meta property=\"og:site_name\" content=\"Petronor\" \/>\n<meta property=\"article:modified_time\" content=\"2019-12-26T09:23:48+00:00\" \/>\n<meta property=\"og:image\" content=\"https:\/\/petronor.eus\/wp-content\/uploads\/2015\/01\/portada-libro-san-martin-de-munatones.jpg\" \/>\n<meta name=\"twitter:label1\" content=\"Est. reading time\" \/>\n\t<meta name=\"twitter:data1\" content=\"2 minutes\" \/>\n<script type=\"application\/ld+json\" class=\"yoast-schema-graph\">{\"@context\":\"https:\/\/schema.org\",\"@graph\":[{\"@type\":\"WebPage\",\"@id\":\"https:\/\/petronor.eus\/es\/nuestro-entorno\/patrimonio-historico\/castillos-de-munatones\/\",\"url\":\"https:\/\/petronor.eus\/es\/nuestro-entorno\/patrimonio-historico\/castillos-de-munatones\/\",\"name\":\"Castillo de Mu\u00f1atones - Petronor\",\"isPartOf\":{\"@id\":\"https:\/\/petronor.eus\/es\/#website\"},\"primaryImageOfPage\":{\"@id\":\"https:\/\/petronor.eus\/es\/nuestro-entorno\/patrimonio-historico\/castillos-de-munatones\/#primaryimage\"},\"image\":{\"@id\":\"https:\/\/petronor.eus\/es\/nuestro-entorno\/patrimonio-historico\/castillos-de-munatones\/#primaryimage\"},\"thumbnailUrl\":\"https:\/\/petronor.eus\/wp-content\/uploads\/2015\/01\/portada-libro-san-martin-de-munatones.jpg\",\"datePublished\":\"2015-01-06T22:32:25+00:00\",\"dateModified\":\"2019-12-26T09:23:48+00:00\",\"description\":\"El Castillo de Mu\u00f1atones, en mitad de las instalaciones de Petronor, es se\u00f1a de identidad de la compa\u00f1\u00eda. Monumento Hist\u00f3rico-art\u00edstico desde 1944.\",\"breadcrumb\":{\"@id\":\"https:\/\/petronor.eus\/es\/nuestro-entorno\/patrimonio-historico\/castillos-de-munatones\/#breadcrumb\"},\"inLanguage\":\"es-ES\",\"potentialAction\":[{\"@type\":\"ReadAction\",\"target\":[\"https:\/\/petronor.eus\/es\/nuestro-entorno\/patrimonio-historico\/castillos-de-munatones\/\"]}]},{\"@type\":\"ImageObject\",\"inLanguage\":\"es-ES\",\"@id\":\"https:\/\/petronor.eus\/es\/nuestro-entorno\/patrimonio-historico\/castillos-de-munatones\/#primaryimage\",\"url\":\"https:\/\/petronor.eus\/wp-content\/uploads\/2015\/01\/portada-libro-san-martin-de-munatones.jpg\",\"contentUrl\":\"https:\/\/petronor.eus\/wp-content\/uploads\/2015\/01\/portada-libro-san-martin-de-munatones.jpg\"},{\"@type\":\"BreadcrumbList\",\"@id\":\"https:\/\/petronor.eus\/es\/nuestro-entorno\/patrimonio-historico\/castillos-de-munatones\/#breadcrumb\",\"itemListElement\":[{\"@type\":\"ListItem\",\"position\":1,\"name\":\"Home\",\"item\":\"https:\/\/petronor.eus\/es\/\"},{\"@type\":\"ListItem\",\"position\":2,\"name\":\"NUESTRO ENTORNO\",\"item\":\"https:\/\/petronor.eus\/es\/nuestro-entorno\/\"},{\"@type\":\"ListItem\",\"position\":3,\"name\":\"PATRIMONIO HIST\u00d3RICO\",\"item\":\"https:\/\/petronor.eus\/es\/nuestro-entorno\/patrimonio-historico\/\"},{\"@type\":\"ListItem\",\"position\":4,\"name\":\"CASTILLO DE MU\u00d1ATONES\"}]},{\"@type\":\"WebSite\",\"@id\":\"https:\/\/petronor.eus\/es\/#website\",\"url\":\"https:\/\/petronor.eus\/es\/\",\"name\":\"Petronor\",\"description\":\"\",\"potentialAction\":[{\"@type\":\"SearchAction\",\"target\":{\"@type\":\"EntryPoint\",\"urlTemplate\":\"https:\/\/petronor.eus\/es\/?s={search_term_string}\"},\"query-input\":{\"@type\":\"PropertyValueSpecification\",\"valueRequired\":true,\"valueName\":\"search_term_string\"}}],\"inLanguage\":\"es-ES\"}]}<\/script>\n<!-- \/ Yoast SEO plugin. -->","yoast_head_json":{"title":"Castillo de Mu\u00f1atones - Petronor","description":"El Castillo de Mu\u00f1atones, en mitad de las instalaciones de Petronor, es se\u00f1a de identidad de la compa\u00f1\u00eda. Monumento Hist\u00f3rico-art\u00edstico desde 1944.","robots":{"index":"index","follow":"follow","max-snippet":"max-snippet:-1","max-image-preview":"max-image-preview:large","max-video-preview":"max-video-preview:-1"},"canonical":"https:\/\/petronor.eus\/es\/nuestro-entorno\/patrimonio-historico\/castillos-de-munatones\/","og_locale":"es_ES","og_type":"article","og_title":"Castillo de Mu\u00f1atones - Petronor","og_description":"El Castillo de Mu\u00f1atones, en mitad de las instalaciones de Petronor, es se\u00f1a de identidad de la compa\u00f1\u00eda. Monumento Hist\u00f3rico-art\u00edstico desde 1944.","og_url":"https:\/\/petronor.eus\/es\/nuestro-entorno\/patrimonio-historico\/castillos-de-munatones\/","og_site_name":"Petronor","article_modified_time":"2019-12-26T09:23:48+00:00","og_image":[{"url":"https:\/\/petronor.eus\/wp-content\/uploads\/2015\/01\/portada-libro-san-martin-de-munatones.jpg","type":"","width":"","height":""}],"twitter_misc":{"Est. reading time":"2 minutes"},"schema":{"@context":"https:\/\/schema.org","@graph":[{"@type":"WebPage","@id":"https:\/\/petronor.eus\/es\/nuestro-entorno\/patrimonio-historico\/castillos-de-munatones\/","url":"https:\/\/petronor.eus\/es\/nuestro-entorno\/patrimonio-historico\/castillos-de-munatones\/","name":"Castillo de Mu\u00f1atones - Petronor","isPartOf":{"@id":"https:\/\/petronor.eus\/es\/#website"},"primaryImageOfPage":{"@id":"https:\/\/petronor.eus\/es\/nuestro-entorno\/patrimonio-historico\/castillos-de-munatones\/#primaryimage"},"image":{"@id":"https:\/\/petronor.eus\/es\/nuestro-entorno\/patrimonio-historico\/castillos-de-munatones\/#primaryimage"},"thumbnailUrl":"https:\/\/petronor.eus\/wp-content\/uploads\/2015\/01\/portada-libro-san-martin-de-munatones.jpg","datePublished":"2015-01-06T22:32:25+00:00","dateModified":"2019-12-26T09:23:48+00:00","description":"El Castillo de Mu\u00f1atones, en mitad de las instalaciones de Petronor, es se\u00f1a de identidad de la compa\u00f1\u00eda. Monumento Hist\u00f3rico-art\u00edstico desde 1944.","breadcrumb":{"@id":"https:\/\/petronor.eus\/es\/nuestro-entorno\/patrimonio-historico\/castillos-de-munatones\/#breadcrumb"},"inLanguage":"es-ES","potentialAction":[{"@type":"ReadAction","target":["https:\/\/petronor.eus\/es\/nuestro-entorno\/patrimonio-historico\/castillos-de-munatones\/"]}]},{"@type":"ImageObject","inLanguage":"es-ES","@id":"https:\/\/petronor.eus\/es\/nuestro-entorno\/patrimonio-historico\/castillos-de-munatones\/#primaryimage","url":"https:\/\/petronor.eus\/wp-content\/uploads\/2015\/01\/portada-libro-san-martin-de-munatones.jpg","contentUrl":"https:\/\/petronor.eus\/wp-content\/uploads\/2015\/01\/portada-libro-san-martin-de-munatones.jpg"},{"@type":"BreadcrumbList","@id":"https:\/\/petronor.eus\/es\/nuestro-entorno\/patrimonio-historico\/castillos-de-munatones\/#breadcrumb","itemListElement":[{"@type":"ListItem","position":1,"name":"Home","item":"https:\/\/petronor.eus\/es\/"},{"@type":"ListItem","position":2,"name":"NUESTRO ENTORNO","item":"https:\/\/petronor.eus\/es\/nuestro-entorno\/"},{"@type":"ListItem","position":3,"name":"PATRIMONIO HIST\u00d3RICO","item":"https:\/\/petronor.eus\/es\/nuestro-entorno\/patrimonio-historico\/"},{"@type":"ListItem","position":4,"name":"CASTILLO DE MU\u00d1ATONES"}]},{"@type":"WebSite","@id":"https:\/\/petronor.eus\/es\/#website","url":"https:\/\/petronor.eus\/es\/","name":"Petronor","description":"","potentialAction":[{"@type":"SearchAction","target":{"@type":"EntryPoint","urlTemplate":"https:\/\/petronor.eus\/es\/?s={search_term_string}"},"query-input":{"@type":"PropertyValueSpecification","valueRequired":true,"valueName":"search_term_string"}}],"inLanguage":"es-ES"}]}},"_links":{"self":[{"href":"https:\/\/petronor.eus\/es\/wp-json\/wp\/v2\/pages\/806","targetHints":{"allow":["GET"]}}],"collection":[{"href":"https:\/\/petronor.eus\/es\/wp-json\/wp\/v2\/pages"}],"about":[{"href":"https:\/\/petronor.eus\/es\/wp-json\/wp\/v2\/types\/page"}],"author":[{"embeddable":true,"href":"https:\/\/petronor.eus\/es\/wp-json\/wp\/v2\/users\/2"}],"replies":[{"embeddable":true,"href":"https:\/\/petronor.eus\/es\/wp-json\/wp\/v2\/comments?post=806"}],"version-history":[{"count":37,"href":"https:\/\/petronor.eus\/es\/wp-json\/wp\/v2\/pages\/806\/revisions"}],"predecessor-version":[{"id":62011,"href":"https:\/\/petronor.eus\/es\/wp-json\/wp\/v2\/pages\/806\/revisions\/62011"}],"up":[{"embeddable":true,"href":"https:\/\/petronor.eus\/es\/wp-json\/wp\/v2\/pages\/50"}],"wp:attachment":[{"href":"https:\/\/petronor.eus\/es\/wp-json\/wp\/v2\/media?parent=806"}],"curies":[{"name":"wp","href":"https:\/\/api.w.org\/{rel}","templated":true}]}}