{"id":808,"date":"2015-01-06T22:32:51","date_gmt":"2015-01-06T22:32:51","guid":{"rendered":"https:\/\/petronor.eus\/?page_id=808"},"modified":"2017-07-10T10:44:26","modified_gmt":"2017-07-10T08:44:26","slug":"ferreria-el-pobal","status":"publish","type":"page","link":"https:\/\/petronor.eus\/es\/nuestro-entorno\/patrimonio-historico\/ferreria-el-pobal\/","title":{"rendered":"FERRER\u00cdA EL POBAL"},"content":{"rendered":"<div class=\"row introBlock full-width-section primeraFila\">\r\n<div class=\"col-lg-3 col-md-3 col-xs-12 col-sm-6\">\r\n<ul class=\"subnav\">  <li class=\"page_item page-item-806\"><a href=\"https:\/\/petronor.eus\/es\/nuestro-entorno\/patrimonio-historico\/castillos-de-munatones\/\">CASTILLO DE MU\u00d1ATONES<\/a><\/li>\n<li class=\"page_item page-item-808\"><a href=\"https:\/\/petronor.eus\/es\/nuestro-entorno\/patrimonio-historico\/ferreria-el-pobal\/\">FERRER\u00cdA EL POBAL<\/a><\/li>\n<li class=\"page_item page-item-810\"><a href=\"https:\/\/petronor.eus\/es\/nuestro-entorno\/patrimonio-historico\/museo-de-la-mineria-de-gallarta\/\">MUSEO DE LA MINER\u00cdA DE GALLARTA<\/a><\/li>\n  <\/ul>\r\n<\/div>\r\n<div class=\"col-lg-3 col-md-3 col-xs-12 col-sm-6\">\r\n<h1 style=\"margin-top: 0;\">FERRER\u00cdA EL POBAL<\/h1>\r\nA apenas tres kil\u00f3metros del centro de Muskiz se sit\u00faa la <strong>Ferrer\u00eda de El Pobal<\/strong>, uno de los rastros industriales m\u00e1s valiosos de toda Bizkaia. Este antiguo conjunto artesanal acog\u00eda la conversi\u00f3n del mineral de hierro en metal y mantiene en un excelente estado de conservaci\u00f3n muchos de sus elementos.\r\n\r\n<\/div>\r\n<div class=\"col-lg-6 col-md-6 col-xs-12 col-sm-12\">\r\n<img loading=\"lazy\" decoding=\"async\" class=\"alignnone size-full wp-image-2558\" src=\"https:\/\/petronor.eus\/wp-content\/uploads\/2014\/12\/Ferreria_Pobal_2.jpg\" alt=\"Ferreria_Pobal_2\" width=\"800\" height=\"533\" srcset=\"https:\/\/petronor.eus\/wp-content\/uploads\/2014\/12\/Ferreria_Pobal_2.jpg 800w, https:\/\/petronor.eus\/wp-content\/uploads\/2014\/12\/Ferreria_Pobal_2-600x400.jpg 600w\" sizes=\"(max-width: 800px) 100vw, 800px\" \/>\r\n<\/div>\r\n<\/div>\r\n<div class=\"row \">\r\n<div class=\"col-lg-6 col-md-6 col-xs-12 col-sm-6 col-md-offset-3 col-lg-offset-3\">\r\n<p style=\"margin-top: 20px;\"><strong>La historia<\/strong> de este complejo de edificios arranca con la construcci\u00f3n de la ferrer\u00eda original por parte de los Salazar en el siglo XVI. En a\u00f1os posteriores, el edificio se modifica y ampl\u00eda para hacer frente a mayores necesidades de producci\u00f3n, hasta el gran auge del siglo XVIII. De esa \u00e9poca datan los cambios m\u00e1s sustanciales, que se ven a\u00fan hoy en gran parte, ya que se crean la presa, el canal y el t\u00fanel hidr\u00e1ulico, entre otros.<\/p>\r\n<strong>En la actualidad<\/strong> permanece como un relevante conjunto hist\u00f3rico que permite ver c\u00f3mo en un verde escenario delimitado por el r\u00edo Barbad\u00fan, se creaba el metal a partir del mineral de hierro, y cuyos seculares sedimentos rojizos se advierten todav\u00eda en la playa de La Arena.\r\n\r\n<img loading=\"lazy\" decoding=\"async\" class=\"alignnone size-full wp-image-1834\" src=\"\/wp-content\/uploads\/2015\/01\/ferreria-pobal-2.jpg\" alt=\"ferreria-pobal-2\" width=\"766\" height=\"511\" srcset=\"https:\/\/petronor.eus\/wp-content\/uploads\/2015\/01\/ferreria-pobal-2.jpg 766w, https:\/\/petronor.eus\/wp-content\/uploads\/2015\/01\/ferreria-pobal-2-600x400.jpg 600w\" sizes=\"(max-width: 766px) 100vw, 766px\" \/>\r\n<\/div>\r\n<div class=\"col-lg-3 col-md-3 col-xs-12 col-sm-6\">\r\n<div class=\"tablaHeader\">\n<div class=\"celda celdaIzquierda \"><h3>VISITAS<\/h3><\/div>\n<div class=\"celda\"><div class=\"widgettitlewrapper\">&nbsp;<\/div><\/div>\n<\/div>\r\n\r\nLos visitantes pueden ver la ferrer\u00eda y la casa torre del siglo XVI, as\u00ed como el molino y las cuadras. Y tambi\u00e9n pueden apreciar la trabajada estructura hidr\u00e1ulica, formada por la presa, el canal, la antepresa, el t\u00fanel y un puente rom\u00e1nico.\r\n\r\n<a href=\"http:\/\/www.elpobal.com\" target=\"_blank\">www.elpobal.com<\/a>\r\n<\/div>\r\n<\/div>","protected":false},"excerpt":{"rendered":"","protected":false},"author":2,"featured_media":0,"parent":50,"menu_order":1,"comment_status":"open","ping_status":"open","template":"","meta":{"footnotes":""},"class_list":["post-808","page","type-page","status-publish","hentry"],"yoast_head":"<!-- This site is optimized with the Yoast SEO plugin v24.7 - https:\/\/yoast.com\/wordpress\/plugins\/seo\/ -->\n<title>Ferrer\u00eda El Pobal<\/title>\n<meta name=\"description\" content=\"En Muskiz se sit\u00faa la Ferrer\u00eda El Pobal, uno de los rastros industriales m\u00e1s valiosos de Bizkaia. Ferrer\u00eda del siglo XVI y museo en la actualidad.\" \/>\n<meta name=\"robots\" content=\"index, follow, max-snippet:-1, max-image-preview:large, max-video-preview:-1\" \/>\n<link rel=\"canonical\" href=\"https:\/\/petronor.eus\/es\/nuestro-entorno\/patrimonio-historico\/ferreria-el-pobal\/\" \/>\n<meta property=\"og:locale\" content=\"es_ES\" \/>\n<meta property=\"og:type\" content=\"article\" \/>\n<meta property=\"og:title\" content=\"Ferrer\u00eda El Pobal\" \/>\n<meta property=\"og:description\" content=\"En Muskiz se sit\u00faa la Ferrer\u00eda El Pobal, uno de los rastros industriales m\u00e1s valiosos de Bizkaia. Ferrer\u00eda del siglo XVI y museo en la actualidad.\" \/>\n<meta property=\"og:url\" content=\"https:\/\/petronor.eus\/es\/nuestro-entorno\/patrimonio-historico\/ferreria-el-pobal\/\" \/>\n<meta property=\"og:site_name\" content=\"Petronor\" \/>\n<meta property=\"article:modified_time\" content=\"2017-07-10T08:44:26+00:00\" \/>\n<meta property=\"og:image\" content=\"https:\/\/petronor.eus\/wp-content\/uploads\/2014\/12\/Ferreria_Pobal_2.jpg\" \/>\n<meta name=\"twitter:label1\" content=\"Est. reading time\" \/>\n\t<meta name=\"twitter:data1\" content=\"1 minute\" \/>\n<script type=\"application\/ld+json\" class=\"yoast-schema-graph\">{\"@context\":\"https:\/\/schema.org\",\"@graph\":[{\"@type\":\"WebPage\",\"@id\":\"https:\/\/petronor.eus\/es\/nuestro-entorno\/patrimonio-historico\/ferreria-el-pobal\/\",\"url\":\"https:\/\/petronor.eus\/es\/nuestro-entorno\/patrimonio-historico\/ferreria-el-pobal\/\",\"name\":\"Ferrer\u00eda El Pobal\",\"isPartOf\":{\"@id\":\"https:\/\/petronor.eus\/es\/#website\"},\"primaryImageOfPage\":{\"@id\":\"https:\/\/petronor.eus\/es\/nuestro-entorno\/patrimonio-historico\/ferreria-el-pobal\/#primaryimage\"},\"image\":{\"@id\":\"https:\/\/petronor.eus\/es\/nuestro-entorno\/patrimonio-historico\/ferreria-el-pobal\/#primaryimage\"},\"thumbnailUrl\":\"https:\/\/petronor.eus\/wp-content\/uploads\/2014\/12\/Ferreria_Pobal_2.jpg\",\"datePublished\":\"2015-01-06T22:32:51+00:00\",\"dateModified\":\"2017-07-10T08:44:26+00:00\",\"description\":\"En Muskiz se sit\u00faa la Ferrer\u00eda El Pobal, uno de los rastros industriales m\u00e1s valiosos de Bizkaia. Ferrer\u00eda del siglo XVI y museo en la actualidad.\",\"breadcrumb\":{\"@id\":\"https:\/\/petronor.eus\/es\/nuestro-entorno\/patrimonio-historico\/ferreria-el-pobal\/#breadcrumb\"},\"inLanguage\":\"es-ES\",\"potentialAction\":[{\"@type\":\"ReadAction\",\"target\":[\"https:\/\/petronor.eus\/es\/nuestro-entorno\/patrimonio-historico\/ferreria-el-pobal\/\"]}]},{\"@type\":\"ImageObject\",\"inLanguage\":\"es-ES\",\"@id\":\"https:\/\/petronor.eus\/es\/nuestro-entorno\/patrimonio-historico\/ferreria-el-pobal\/#primaryimage\",\"url\":\"https:\/\/petronor.eus\/wp-content\/uploads\/2014\/12\/Ferreria_Pobal_2.jpg\",\"contentUrl\":\"https:\/\/petronor.eus\/wp-content\/uploads\/2014\/12\/Ferreria_Pobal_2.jpg\"},{\"@type\":\"BreadcrumbList\",\"@id\":\"https:\/\/petronor.eus\/es\/nuestro-entorno\/patrimonio-historico\/ferreria-el-pobal\/#breadcrumb\",\"itemListElement\":[{\"@type\":\"ListItem\",\"position\":1,\"name\":\"Home\",\"item\":\"https:\/\/petronor.eus\/es\/\"},{\"@type\":\"ListItem\",\"position\":2,\"name\":\"NUESTRO ENTORNO\",\"item\":\"https:\/\/petronor.eus\/es\/nuestro-entorno\/\"},{\"@type\":\"ListItem\",\"position\":3,\"name\":\"PATRIMONIO HIST\u00d3RICO\",\"item\":\"https:\/\/petronor.eus\/es\/nuestro-entorno\/patrimonio-historico\/\"},{\"@type\":\"ListItem\",\"position\":4,\"name\":\"FERRER\u00cdA EL POBAL\"}]},{\"@type\":\"WebSite\",\"@id\":\"https:\/\/petronor.eus\/es\/#website\",\"url\":\"https:\/\/petronor.eus\/es\/\",\"name\":\"Petronor\",\"description\":\"\",\"potentialAction\":[{\"@type\":\"SearchAction\",\"target\":{\"@type\":\"EntryPoint\",\"urlTemplate\":\"https:\/\/petronor.eus\/es\/?s={search_term_string}\"},\"query-input\":{\"@type\":\"PropertyValueSpecification\",\"valueRequired\":true,\"valueName\":\"search_term_string\"}}],\"inLanguage\":\"es-ES\"}]}<\/script>\n<!-- \/ Yoast SEO plugin. -->","yoast_head_json":{"title":"Ferrer\u00eda El Pobal","description":"En Muskiz se sit\u00faa la Ferrer\u00eda El Pobal, uno de los rastros industriales m\u00e1s valiosos de Bizkaia. Ferrer\u00eda del siglo XVI y museo en la actualidad.","robots":{"index":"index","follow":"follow","max-snippet":"max-snippet:-1","max-image-preview":"max-image-preview:large","max-video-preview":"max-video-preview:-1"},"canonical":"https:\/\/petronor.eus\/es\/nuestro-entorno\/patrimonio-historico\/ferreria-el-pobal\/","og_locale":"es_ES","og_type":"article","og_title":"Ferrer\u00eda El Pobal","og_description":"En Muskiz se sit\u00faa la Ferrer\u00eda El Pobal, uno de los rastros industriales m\u00e1s valiosos de Bizkaia. Ferrer\u00eda del siglo XVI y museo en la actualidad.","og_url":"https:\/\/petronor.eus\/es\/nuestro-entorno\/patrimonio-historico\/ferreria-el-pobal\/","og_site_name":"Petronor","article_modified_time":"2017-07-10T08:44:26+00:00","og_image":[{"url":"https:\/\/petronor.eus\/wp-content\/uploads\/2014\/12\/Ferreria_Pobal_2.jpg","type":"","width":"","height":""}],"twitter_misc":{"Est. reading time":"1 minute"},"schema":{"@context":"https:\/\/schema.org","@graph":[{"@type":"WebPage","@id":"https:\/\/petronor.eus\/es\/nuestro-entorno\/patrimonio-historico\/ferreria-el-pobal\/","url":"https:\/\/petronor.eus\/es\/nuestro-entorno\/patrimonio-historico\/ferreria-el-pobal\/","name":"Ferrer\u00eda El Pobal","isPartOf":{"@id":"https:\/\/petronor.eus\/es\/#website"},"primaryImageOfPage":{"@id":"https:\/\/petronor.eus\/es\/nuestro-entorno\/patrimonio-historico\/ferreria-el-pobal\/#primaryimage"},"image":{"@id":"https:\/\/petronor.eus\/es\/nuestro-entorno\/patrimonio-historico\/ferreria-el-pobal\/#primaryimage"},"thumbnailUrl":"https:\/\/petronor.eus\/wp-content\/uploads\/2014\/12\/Ferreria_Pobal_2.jpg","datePublished":"2015-01-06T22:32:51+00:00","dateModified":"2017-07-10T08:44:26+00:00","description":"En Muskiz se sit\u00faa la Ferrer\u00eda El Pobal, uno de los rastros industriales m\u00e1s valiosos de Bizkaia. Ferrer\u00eda del siglo XVI y museo en la actualidad.","breadcrumb":{"@id":"https:\/\/petronor.eus\/es\/nuestro-entorno\/patrimonio-historico\/ferreria-el-pobal\/#breadcrumb"},"inLanguage":"es-ES","potentialAction":[{"@type":"ReadAction","target":["https:\/\/petronor.eus\/es\/nuestro-entorno\/patrimonio-historico\/ferreria-el-pobal\/"]}]},{"@type":"ImageObject","inLanguage":"es-ES","@id":"https:\/\/petronor.eus\/es\/nuestro-entorno\/patrimonio-historico\/ferreria-el-pobal\/#primaryimage","url":"https:\/\/petronor.eus\/wp-content\/uploads\/2014\/12\/Ferreria_Pobal_2.jpg","contentUrl":"https:\/\/petronor.eus\/wp-content\/uploads\/2014\/12\/Ferreria_Pobal_2.jpg"},{"@type":"BreadcrumbList","@id":"https:\/\/petronor.eus\/es\/nuestro-entorno\/patrimonio-historico\/ferreria-el-pobal\/#breadcrumb","itemListElement":[{"@type":"ListItem","position":1,"name":"Home","item":"https:\/\/petronor.eus\/es\/"},{"@type":"ListItem","position":2,"name":"NUESTRO ENTORNO","item":"https:\/\/petronor.eus\/es\/nuestro-entorno\/"},{"@type":"ListItem","position":3,"name":"PATRIMONIO HIST\u00d3RICO","item":"https:\/\/petronor.eus\/es\/nuestro-entorno\/patrimonio-historico\/"},{"@type":"ListItem","position":4,"name":"FERRER\u00cdA EL POBAL"}]},{"@type":"WebSite","@id":"https:\/\/petronor.eus\/es\/#website","url":"https:\/\/petronor.eus\/es\/","name":"Petronor","description":"","potentialAction":[{"@type":"SearchAction","target":{"@type":"EntryPoint","urlTemplate":"https:\/\/petronor.eus\/es\/?s={search_term_string}"},"query-input":{"@type":"PropertyValueSpecification","valueRequired":true,"valueName":"search_term_string"}}],"inLanguage":"es-ES"}]}},"_links":{"self":[{"href":"https:\/\/petronor.eus\/es\/wp-json\/wp\/v2\/pages\/808","targetHints":{"allow":["GET"]}}],"collection":[{"href":"https:\/\/petronor.eus\/es\/wp-json\/wp\/v2\/pages"}],"about":[{"href":"https:\/\/petronor.eus\/es\/wp-json\/wp\/v2\/types\/page"}],"author":[{"embeddable":true,"href":"https:\/\/petronor.eus\/es\/wp-json\/wp\/v2\/users\/2"}],"replies":[{"embeddable":true,"href":"https:\/\/petronor.eus\/es\/wp-json\/wp\/v2\/comments?post=808"}],"version-history":[{"count":25,"href":"https:\/\/petronor.eus\/es\/wp-json\/wp\/v2\/pages\/808\/revisions"}],"predecessor-version":[{"id":39295,"href":"https:\/\/petronor.eus\/es\/wp-json\/wp\/v2\/pages\/808\/revisions\/39295"}],"up":[{"embeddable":true,"href":"https:\/\/petronor.eus\/es\/wp-json\/wp\/v2\/pages\/50"}],"wp:attachment":[{"href":"https:\/\/petronor.eus\/es\/wp-json\/wp\/v2\/media?parent=808"}],"curies":[{"name":"wp","href":"https:\/\/api.w.org\/{rel}","templated":true}]}}