{"id":810,"date":"2015-01-06T22:33:14","date_gmt":"2015-01-06T22:33:14","guid":{"rendered":"https:\/\/petronor.eus\/?page_id=810"},"modified":"2017-07-10T10:45:45","modified_gmt":"2017-07-10T08:45:45","slug":"museo-de-la-mineria-de-gallarta","status":"publish","type":"page","link":"https:\/\/petronor.eus\/es\/nuestro-entorno\/patrimonio-historico\/museo-de-la-mineria-de-gallarta\/","title":{"rendered":"MUSEO DE LA MINER\u00cdA DE GALLARTA"},"content":{"rendered":"<div class=\"row introBlock full-width-section primeraFila\">\r\n<div class=\"col-lg-3 col-md-3 col-xs-12 col-sm-6\">\r\n<ul class=\"subnav\">  <li class=\"page_item page-item-806\"><a href=\"https:\/\/petronor.eus\/es\/nuestro-entorno\/patrimonio-historico\/castillos-de-munatones\/\">CASTILLO DE MU\u00d1ATONES<\/a><\/li>\n<li class=\"page_item page-item-808\"><a href=\"https:\/\/petronor.eus\/es\/nuestro-entorno\/patrimonio-historico\/ferreria-el-pobal\/\">FERRER\u00cdA EL POBAL<\/a><\/li>\n<li class=\"page_item page-item-810\"><a href=\"https:\/\/petronor.eus\/es\/nuestro-entorno\/patrimonio-historico\/museo-de-la-mineria-de-gallarta\/\">MUSEO DE LA MINER\u00cdA DE GALLARTA<\/a><\/li>\n  <\/ul>\r\n<\/div>\r\n<div class=\"col-lg-3 col-md-3 col-xs-12 col-sm-6\">\r\n<h1 style=\"margin-top:0;\">MUSEO DE LA MINER\u00cdA DE GALLARTA<\/h1>\r\nEl <strong>pasado industrial de Euskadi<\/strong> y especialmente de la regi\u00f3n en la que se sit\u00faa la Refiner\u00eda de Muskiz est\u00e1 <strong>\u00edntimamente ligado a la miner\u00eda<\/strong>.\r\n<p>Por eso \u00e9ste fue el escenario escogido para levantar el Museo de la Miner\u00eda del Pa\u00eds Vasco, en el que se conservan \u00fatiles restaurados para conocer mejor una de las principales fuentes de riqueza de la zona durante d\u00e9cadas.<\/p>\r\n<\/div>\r\n<div class=\"col-lg-6 col-md-6 col-xs-12 col-sm-12\">\r\n<iframe loading=\"lazy\" id=\"iframePatrocinio\" src=\"\/\/www.youtube.com\/embed\/EjeuNakOyn8\" width=\"300\" height=\"150\" frameborder=\"0\" allowfullscreen=\"allowfullscreen\"><\/iframe>\r\n<\/div>\r\n<\/div>\r\n<div class=\"row \">\r\n<div class=\"col-lg-6 col-md-6 col-xs-12 col-sm-6 col-md-offset-3 col-lg-offset-3\">\r\n<p style=\"margin-top:20px;\">Este museo se ubica en Gallarta, ya que a lo largo de muchos a\u00f1os fue el epicentro de la industria minera de la regi\u00f3n. All\u00ed permanecen los rastros de la explotaci\u00f3n a cielo abierto de los montes de Triano, de los que se obten\u00eda mineral de hierro. Estamos en el punto a cielo abierto situado a menor altitud de todo Euskadi: 20 metros por debajo del nivel del mar.<\/p>\r\n<p>La funci\u00f3n de este museo es recopilar y mostrar la informaci\u00f3n acerca de la \u00e9poca minera de la regi\u00f3n, en la que ha quedado un vasto legado de elementos que se empleaban en las diferentes tareas inherentes a la miner\u00eda. De este modo, los visitantes pueden ver piezas de gran valor hist\u00f3rico, como la colecci\u00f3n de vagones (\u00fanica en toda Espa\u00f1a) o \u00fatiles de perforaci\u00f3n. La Asociaci\u00f3n Cultural del Museo Minero, formada por voluntarios desde 1986, es quien ha promovido este proyecto hasta sus condiciones actuales.<\/p>\r\n<p>Para completar el viaje al pasado, al lado del museo se puede ver la mina abierta de Concha II, que es de las pocas que a\u00fan queda accesible. Del resto casi todas han sido regeneradas o tapadas. La visi\u00f3n es espectacular y explica con nitidez la \u00e9poca minera de la regi\u00f3n.<\/p>\r\n<\/div>\r\n<div class=\"col-lg-3 col-md-3 col-xs-12 col-sm-6\">\r\n<div class=\"tablaHeader\">\n<div class=\"celda celdaIzquierda \"><h3>+INFO<\/h3><\/div>\n<div class=\"celda\"><div class=\"widgettitlewrapper\">&nbsp;<\/div><\/div>\n<\/div><a href=\"http:\/\/www.museominero.net\" target=\"_blank\">www.museominero.net<\/a>\r\n<\/div>\r\n<\/div>","protected":false},"excerpt":{"rendered":"","protected":false},"author":2,"featured_media":0,"parent":50,"menu_order":2,"comment_status":"open","ping_status":"open","template":"","meta":{"footnotes":""},"class_list":["post-810","page","type-page","status-publish","hentry"],"yoast_head":"<!-- This site is optimized with the Yoast SEO plugin v24.7 - https:\/\/yoast.com\/wordpress\/plugins\/seo\/ -->\n<title>Museo de la Miner\u00eda de Gallarta - Petronor<\/title>\n<meta name=\"description\" content=\"El Museo Minero del Pa\u00eds Vasco se sit\u00faa cerca de la refiner\u00eda de Petronor. Gallasta fue durante muchos a\u00f1os el epicentro de la industria minera de la regi\u00f3n.\" \/>\n<meta name=\"robots\" content=\"index, follow, max-snippet:-1, max-image-preview:large, max-video-preview:-1\" \/>\n<link rel=\"canonical\" href=\"https:\/\/petronor.eus\/es\/nuestro-entorno\/patrimonio-historico\/museo-de-la-mineria-de-gallarta\/\" \/>\n<meta property=\"og:locale\" content=\"es_ES\" \/>\n<meta property=\"og:type\" content=\"article\" \/>\n<meta property=\"og:title\" content=\"Museo de la Miner\u00eda de Gallarta - Petronor\" \/>\n<meta property=\"og:description\" content=\"El Museo Minero del Pa\u00eds Vasco se sit\u00faa cerca de la refiner\u00eda de Petronor. Gallasta fue durante muchos a\u00f1os el epicentro de la industria minera de la regi\u00f3n.\" \/>\n<meta property=\"og:url\" content=\"https:\/\/petronor.eus\/es\/nuestro-entorno\/patrimonio-historico\/museo-de-la-mineria-de-gallarta\/\" \/>\n<meta property=\"og:site_name\" content=\"Petronor\" \/>\n<meta property=\"article:modified_time\" content=\"2017-07-10T08:45:45+00:00\" \/>\n<meta name=\"twitter:label1\" content=\"Est. reading time\" \/>\n\t<meta name=\"twitter:data1\" content=\"2 minutes\" \/>\n<script type=\"application\/ld+json\" class=\"yoast-schema-graph\">{\"@context\":\"https:\/\/schema.org\",\"@graph\":[{\"@type\":\"WebPage\",\"@id\":\"https:\/\/petronor.eus\/es\/nuestro-entorno\/patrimonio-historico\/museo-de-la-mineria-de-gallarta\/\",\"url\":\"https:\/\/petronor.eus\/es\/nuestro-entorno\/patrimonio-historico\/museo-de-la-mineria-de-gallarta\/\",\"name\":\"Museo de la Miner\u00eda de Gallarta - Petronor\",\"isPartOf\":{\"@id\":\"https:\/\/petronor.eus\/es\/#website\"},\"datePublished\":\"2015-01-06T22:33:14+00:00\",\"dateModified\":\"2017-07-10T08:45:45+00:00\",\"description\":\"El Museo Minero del Pa\u00eds Vasco se sit\u00faa cerca de la refiner\u00eda de Petronor. Gallasta fue durante muchos a\u00f1os el epicentro de la industria minera de la regi\u00f3n.\",\"breadcrumb\":{\"@id\":\"https:\/\/petronor.eus\/es\/nuestro-entorno\/patrimonio-historico\/museo-de-la-mineria-de-gallarta\/#breadcrumb\"},\"inLanguage\":\"es-ES\",\"potentialAction\":[{\"@type\":\"ReadAction\",\"target\":[\"https:\/\/petronor.eus\/es\/nuestro-entorno\/patrimonio-historico\/museo-de-la-mineria-de-gallarta\/\"]}]},{\"@type\":\"BreadcrumbList\",\"@id\":\"https:\/\/petronor.eus\/es\/nuestro-entorno\/patrimonio-historico\/museo-de-la-mineria-de-gallarta\/#breadcrumb\",\"itemListElement\":[{\"@type\":\"ListItem\",\"position\":1,\"name\":\"Home\",\"item\":\"https:\/\/petronor.eus\/es\/\"},{\"@type\":\"ListItem\",\"position\":2,\"name\":\"NUESTRO ENTORNO\",\"item\":\"https:\/\/petronor.eus\/es\/nuestro-entorno\/\"},{\"@type\":\"ListItem\",\"position\":3,\"name\":\"PATRIMONIO HIST\u00d3RICO\",\"item\":\"https:\/\/petronor.eus\/es\/nuestro-entorno\/patrimonio-historico\/\"},{\"@type\":\"ListItem\",\"position\":4,\"name\":\"MUSEO DE LA MINER\u00cdA DE GALLARTA\"}]},{\"@type\":\"WebSite\",\"@id\":\"https:\/\/petronor.eus\/es\/#website\",\"url\":\"https:\/\/petronor.eus\/es\/\",\"name\":\"Petronor\",\"description\":\"\",\"potentialAction\":[{\"@type\":\"SearchAction\",\"target\":{\"@type\":\"EntryPoint\",\"urlTemplate\":\"https:\/\/petronor.eus\/es\/?s={search_term_string}\"},\"query-input\":{\"@type\":\"PropertyValueSpecification\",\"valueRequired\":true,\"valueName\":\"search_term_string\"}}],\"inLanguage\":\"es-ES\"}]}<\/script>\n<!-- \/ Yoast SEO plugin. -->","yoast_head_json":{"title":"Museo de la Miner\u00eda de Gallarta - Petronor","description":"El Museo Minero del Pa\u00eds Vasco se sit\u00faa cerca de la refiner\u00eda de Petronor. Gallasta fue durante muchos a\u00f1os el epicentro de la industria minera de la regi\u00f3n.","robots":{"index":"index","follow":"follow","max-snippet":"max-snippet:-1","max-image-preview":"max-image-preview:large","max-video-preview":"max-video-preview:-1"},"canonical":"https:\/\/petronor.eus\/es\/nuestro-entorno\/patrimonio-historico\/museo-de-la-mineria-de-gallarta\/","og_locale":"es_ES","og_type":"article","og_title":"Museo de la Miner\u00eda de Gallarta - Petronor","og_description":"El Museo Minero del Pa\u00eds Vasco se sit\u00faa cerca de la refiner\u00eda de Petronor. Gallasta fue durante muchos a\u00f1os el epicentro de la industria minera de la regi\u00f3n.","og_url":"https:\/\/petronor.eus\/es\/nuestro-entorno\/patrimonio-historico\/museo-de-la-mineria-de-gallarta\/","og_site_name":"Petronor","article_modified_time":"2017-07-10T08:45:45+00:00","twitter_misc":{"Est. reading time":"2 minutes"},"schema":{"@context":"https:\/\/schema.org","@graph":[{"@type":"WebPage","@id":"https:\/\/petronor.eus\/es\/nuestro-entorno\/patrimonio-historico\/museo-de-la-mineria-de-gallarta\/","url":"https:\/\/petronor.eus\/es\/nuestro-entorno\/patrimonio-historico\/museo-de-la-mineria-de-gallarta\/","name":"Museo de la Miner\u00eda de Gallarta - Petronor","isPartOf":{"@id":"https:\/\/petronor.eus\/es\/#website"},"datePublished":"2015-01-06T22:33:14+00:00","dateModified":"2017-07-10T08:45:45+00:00","description":"El Museo Minero del Pa\u00eds Vasco se sit\u00faa cerca de la refiner\u00eda de Petronor. Gallasta fue durante muchos a\u00f1os el epicentro de la industria minera de la regi\u00f3n.","breadcrumb":{"@id":"https:\/\/petronor.eus\/es\/nuestro-entorno\/patrimonio-historico\/museo-de-la-mineria-de-gallarta\/#breadcrumb"},"inLanguage":"es-ES","potentialAction":[{"@type":"ReadAction","target":["https:\/\/petronor.eus\/es\/nuestro-entorno\/patrimonio-historico\/museo-de-la-mineria-de-gallarta\/"]}]},{"@type":"BreadcrumbList","@id":"https:\/\/petronor.eus\/es\/nuestro-entorno\/patrimonio-historico\/museo-de-la-mineria-de-gallarta\/#breadcrumb","itemListElement":[{"@type":"ListItem","position":1,"name":"Home","item":"https:\/\/petronor.eus\/es\/"},{"@type":"ListItem","position":2,"name":"NUESTRO ENTORNO","item":"https:\/\/petronor.eus\/es\/nuestro-entorno\/"},{"@type":"ListItem","position":3,"name":"PATRIMONIO HIST\u00d3RICO","item":"https:\/\/petronor.eus\/es\/nuestro-entorno\/patrimonio-historico\/"},{"@type":"ListItem","position":4,"name":"MUSEO DE LA MINER\u00cdA DE GALLARTA"}]},{"@type":"WebSite","@id":"https:\/\/petronor.eus\/es\/#website","url":"https:\/\/petronor.eus\/es\/","name":"Petronor","description":"","potentialAction":[{"@type":"SearchAction","target":{"@type":"EntryPoint","urlTemplate":"https:\/\/petronor.eus\/es\/?s={search_term_string}"},"query-input":{"@type":"PropertyValueSpecification","valueRequired":true,"valueName":"search_term_string"}}],"inLanguage":"es-ES"}]}},"_links":{"self":[{"href":"https:\/\/petronor.eus\/es\/wp-json\/wp\/v2\/pages\/810","targetHints":{"allow":["GET"]}}],"collection":[{"href":"https:\/\/petronor.eus\/es\/wp-json\/wp\/v2\/pages"}],"about":[{"href":"https:\/\/petronor.eus\/es\/wp-json\/wp\/v2\/types\/page"}],"author":[{"embeddable":true,"href":"https:\/\/petronor.eus\/es\/wp-json\/wp\/v2\/users\/2"}],"replies":[{"embeddable":true,"href":"https:\/\/petronor.eus\/es\/wp-json\/wp\/v2\/comments?post=810"}],"version-history":[{"count":13,"href":"https:\/\/petronor.eus\/es\/wp-json\/wp\/v2\/pages\/810\/revisions"}],"predecessor-version":[{"id":7390,"href":"https:\/\/petronor.eus\/es\/wp-json\/wp\/v2\/pages\/810\/revisions\/7390"}],"up":[{"embeddable":true,"href":"https:\/\/petronor.eus\/es\/wp-json\/wp\/v2\/pages\/50"}],"wp:attachment":[{"href":"https:\/\/petronor.eus\/es\/wp-json\/wp\/v2\/media?parent=810"}],"curies":[{"name":"wp","href":"https:\/\/api.w.org\/{rel}","templated":true}]}}