{"id":948,"date":"2015-01-10T16:12:51","date_gmt":"2015-01-10T16:12:51","guid":{"rendered":"https:\/\/petronor.eus\/?page_id=948"},"modified":"2017-06-05T18:09:21","modified_gmt":"2017-06-05T16:09:21","slug":"petronor-barria","status":"publish","type":"page","link":"https:\/\/petronor.eus\/es\/sobre-petronor\/proyectos\/petronor-barria\/","title":{"rendered":"PETRONOR BARRIA"},"content":{"rendered":"<div class=\"row introBlock full-width-section primeraFila maxHeightAuto\">\r\n<h1>PETRONOR BARRIA<\/h1>\r\n<div id=\"contenedorBannerPB\" style=\"overflow: hidden;\"><img loading=\"lazy\" decoding=\"async\" class=\"alignnone wp-image-2485 size-full\" src=\"https:\/\/petronor.eus\/wp-content\/uploads\/2015\/01\/PETRONOR0808183C4T1508-e1423570034123.jpg\" alt=\"Panor\u00e1mica a\u00e9rea del entorno de Petronor\" width=\"1176\" height=\"450\" srcset=\"https:\/\/petronor.eus\/wp-content\/uploads\/2015\/01\/PETRONOR0808183C4T1508-e1423570034123.jpg 1176w, https:\/\/petronor.eus\/wp-content\/uploads\/2015\/01\/PETRONOR0808183C4T1508-e1423570034123-600x230.jpg 600w, https:\/\/petronor.eus\/wp-content\/uploads\/2015\/01\/PETRONOR0808183C4T1508-e1423570034123-860x329.jpg 860w\" sizes=\"(max-width: 1176px) 100vw, 1176px\" \/><\/div>\r\n<\/div>\r\n<div style=\"margin-bottom:30px ; height:1px; clear:both;\"><\/div>\r\n<div class=\"row \">\r\n<div class=\"col-lg-6 col-md-6 col-xs-12 col-sm-12\">\r\n<p style=\"margin-top: 0; padding: 10px;\">Petronor en la actualidad ha decidido agilizar sus cambios, adecu\u00e1ndose permanentemente a las exigencias del entorno y los mercados. Este comportamiento reside tanto en el proyecto tecnol\u00f3gico industrial como en el dinamismo de los agentes, trabajadores, accionariado y vecindario. Todos son impulsores del cambio fundamentado en las personas, la seguridad y el medio ambiente.<\/p>\r\n<p style=\"margin-top: 0; padding: 10px;\">Esta nueva \u201cforma de hacer\u201d concilia los aspectos alineados con la Responsabilidad Social Corporativa. Se han definido las herramientas y comportamientos para que las personas sean los impulsores del cambio, donde la empresa act\u00fae considerando su proyecci\u00f3n responsable hacia el entorno. Este modelo de \u00e9xito es la estrategia que la empresa incorpora en el proyecto &#8220;Petronor Barria&#8221;.<\/p>\r\n\r\n<div class=\"hidden-xs\"><div style=\"margin-bottom:30px ; height:1px; clear:both;\"><\/div><\/div>\r\n<\/div>\r\n<div class=\"col-lg-3 col-md-3 col-xs-12 col-sm-6\">\r\n<div style=\"padding: 10px;\"><div class=\"tablaHeader\">\n<div class=\"celda celdaIzquierda \"><h3>6 L\u00cdNEAS ESTRAT\u00c9GICAS<\/h3><\/div>\n<div class=\"celda\"><div class=\"widgettitlewrapper\">&nbsp;<\/div><\/div>\n<\/div>\r\n<div style=\"margin-bottom:10px ; height:1px; clear:both;\"><\/div>\r\n<ol class=\"listaReseteada\">\r\n\t<li>Cambio de cultura, personas y modelo de gesti\u00f3n<\/li>\r\n\t<li>Optimizaci\u00f3n del esquema productivo<\/li>\r\n\t<li>Optimizaci\u00f3n de la disponibilidad<\/li>\r\n\t<li>Eficiencia energ\u00e9tica y reducci\u00f3n de CO<sub>2<\/sub><\/li>\r\n\t<li>Refuerzo de la cultura de seguridad y medioambiente positiva y proactiva<\/li>\r\n\t<li>Mejora de la reputaci\u00f3n corporativa<\/li>\r\n<\/ol>\r\n<\/div>\r\n<\/div>\r\n<div class=\"col-lg-3 col-md-3 col-xs-12 col-sm-6\">\r\n<img loading=\"lazy\" decoding=\"async\" class=\"alignnone size-full wp-image-2486\" src=\"https:\/\/petronor.eus\/wp-content\/uploads\/2015\/01\/grupos-jornada-petronor-barria.jpg\" alt=\"grupos-jornada-petronor-barria\" width=\"500\" height=\"334\" \/>\r\n<div class=\"pieDeFoto\">Grupos de trabajo en las jornadas de Petronor Barria<\/div>\r\n<\/div>\r\n<\/div>\r\n<div style=\"margin-bottom:30px ; height:1px; clear:both;\"><\/div>\r\n<div class=\"row \">\r\n<div class=\"col-lg-5 col-md-5 col-xs-4 col-sm-4\">\r\n<div class=\"separadorGris100\"><\/div>\r\n<\/div>\r\n<div class=\"col-lg-2 col-md-2 col-xs-4 col-sm-4\">\r\n<div style=\"margin-bottom:10px ; height:1px; clear:both;\"><\/div>\r\n<div class=\"botonVolverTexto\"><a href=\"\/es\/sobre-petronor\/proyectos\/\">VOLVER<\/a><\/div>\r\n<\/div>\r\n<div class=\"col-lg-5 col-md-5 col-xs-4 col-sm-4\">\r\n<div class=\"separadorGris100\"><\/div>\r\n<\/div>\r\n<\/div>","protected":false},"excerpt":{"rendered":"","protected":false},"author":1,"featured_media":0,"parent":24,"menu_order":0,"comment_status":"open","ping_status":"open","template":"","meta":{"footnotes":""},"class_list":["post-948","page","type-page","status-publish","hentry"],"yoast_head":"<!-- This site is optimized with the Yoast SEO plugin v24.7 - https:\/\/yoast.com\/wordpress\/plugins\/seo\/ -->\n<title>Petronor Barria-Las personas: los impulsores del cambio<\/title>\n<meta name=\"description\" content=\"Las herramientas y comportamientos para que las personas sean los impulsores del cambio. Las 6 l\u00edneas estrat\u00e9gicas de Petronor Barria.\" \/>\n<meta name=\"robots\" content=\"index, follow, max-snippet:-1, max-image-preview:large, max-video-preview:-1\" \/>\n<link rel=\"canonical\" href=\"https:\/\/petronor.eus\/es\/sobre-petronor\/proyectos\/petronor-barria\/\" \/>\n<meta property=\"og:locale\" content=\"es_ES\" \/>\n<meta property=\"og:type\" content=\"article\" \/>\n<meta property=\"og:title\" content=\"Petronor Barria-Las personas: los impulsores del cambio\" \/>\n<meta property=\"og:description\" content=\"Las herramientas y comportamientos para que las personas sean los impulsores del cambio. Las 6 l\u00edneas estrat\u00e9gicas de Petronor Barria.\" \/>\n<meta property=\"og:url\" content=\"https:\/\/petronor.eus\/es\/sobre-petronor\/proyectos\/petronor-barria\/\" \/>\n<meta property=\"og:site_name\" content=\"Petronor\" \/>\n<meta property=\"article:modified_time\" content=\"2017-06-05T16:09:21+00:00\" \/>\n<meta property=\"og:image\" content=\"https:\/\/petronor.eus\/wp-content\/uploads\/2015\/01\/PETRONOR0808183C4T1508-e1423570034123.jpg\" \/>\n<meta name=\"twitter:label1\" content=\"Est. reading time\" \/>\n\t<meta name=\"twitter:data1\" content=\"1 minute\" \/>\n<script type=\"application\/ld+json\" class=\"yoast-schema-graph\">{\"@context\":\"https:\/\/schema.org\",\"@graph\":[{\"@type\":\"WebPage\",\"@id\":\"https:\/\/petronor.eus\/es\/sobre-petronor\/proyectos\/petronor-barria\/\",\"url\":\"https:\/\/petronor.eus\/es\/sobre-petronor\/proyectos\/petronor-barria\/\",\"name\":\"Petronor Barria-Las personas: los impulsores del cambio\",\"isPartOf\":{\"@id\":\"https:\/\/petronor.eus\/es\/#website\"},\"primaryImageOfPage\":{\"@id\":\"https:\/\/petronor.eus\/es\/sobre-petronor\/proyectos\/petronor-barria\/#primaryimage\"},\"image\":{\"@id\":\"https:\/\/petronor.eus\/es\/sobre-petronor\/proyectos\/petronor-barria\/#primaryimage\"},\"thumbnailUrl\":\"https:\/\/petronor.eus\/wp-content\/uploads\/2015\/01\/PETRONOR0808183C4T1508-e1423570034123.jpg\",\"datePublished\":\"2015-01-10T16:12:51+00:00\",\"dateModified\":\"2017-06-05T16:09:21+00:00\",\"description\":\"Las herramientas y comportamientos para que las personas sean los impulsores del cambio. Las 6 l\u00edneas estrat\u00e9gicas de Petronor Barria.\",\"breadcrumb\":{\"@id\":\"https:\/\/petronor.eus\/es\/sobre-petronor\/proyectos\/petronor-barria\/#breadcrumb\"},\"inLanguage\":\"es-ES\",\"potentialAction\":[{\"@type\":\"ReadAction\",\"target\":[\"https:\/\/petronor.eus\/es\/sobre-petronor\/proyectos\/petronor-barria\/\"]}]},{\"@type\":\"ImageObject\",\"inLanguage\":\"es-ES\",\"@id\":\"https:\/\/petronor.eus\/es\/sobre-petronor\/proyectos\/petronor-barria\/#primaryimage\",\"url\":\"https:\/\/petronor.eus\/wp-content\/uploads\/2015\/01\/PETRONOR0808183C4T1508-e1423570034123.jpg\",\"contentUrl\":\"https:\/\/petronor.eus\/wp-content\/uploads\/2015\/01\/PETRONOR0808183C4T1508-e1423570034123.jpg\"},{\"@type\":\"BreadcrumbList\",\"@id\":\"https:\/\/petronor.eus\/es\/sobre-petronor\/proyectos\/petronor-barria\/#breadcrumb\",\"itemListElement\":[{\"@type\":\"ListItem\",\"position\":1,\"name\":\"Home\",\"item\":\"https:\/\/petronor.eus\/es\/\"},{\"@type\":\"ListItem\",\"position\":2,\"name\":\"SOBRE PETRONOR\",\"item\":\"https:\/\/petronor.eus\/es\/sobre-petronor\/\"},{\"@type\":\"ListItem\",\"position\":3,\"name\":\"PROYECTOS\",\"item\":\"https:\/\/petronor.eus\/es\/sobre-petronor\/proyectos\/\"},{\"@type\":\"ListItem\",\"position\":4,\"name\":\"PETRONOR BARRIA\"}]},{\"@type\":\"WebSite\",\"@id\":\"https:\/\/petronor.eus\/es\/#website\",\"url\":\"https:\/\/petronor.eus\/es\/\",\"name\":\"Petronor\",\"description\":\"\",\"potentialAction\":[{\"@type\":\"SearchAction\",\"target\":{\"@type\":\"EntryPoint\",\"urlTemplate\":\"https:\/\/petronor.eus\/es\/?s={search_term_string}\"},\"query-input\":{\"@type\":\"PropertyValueSpecification\",\"valueRequired\":true,\"valueName\":\"search_term_string\"}}],\"inLanguage\":\"es-ES\"}]}<\/script>\n<!-- \/ Yoast SEO plugin. -->","yoast_head_json":{"title":"Petronor Barria-Las personas: los impulsores del cambio","description":"Las herramientas y comportamientos para que las personas sean los impulsores del cambio. Las 6 l\u00edneas estrat\u00e9gicas de Petronor Barria.","robots":{"index":"index","follow":"follow","max-snippet":"max-snippet:-1","max-image-preview":"max-image-preview:large","max-video-preview":"max-video-preview:-1"},"canonical":"https:\/\/petronor.eus\/es\/sobre-petronor\/proyectos\/petronor-barria\/","og_locale":"es_ES","og_type":"article","og_title":"Petronor Barria-Las personas: los impulsores del cambio","og_description":"Las herramientas y comportamientos para que las personas sean los impulsores del cambio. Las 6 l\u00edneas estrat\u00e9gicas de Petronor Barria.","og_url":"https:\/\/petronor.eus\/es\/sobre-petronor\/proyectos\/petronor-barria\/","og_site_name":"Petronor","article_modified_time":"2017-06-05T16:09:21+00:00","og_image":[{"url":"https:\/\/petronor.eus\/wp-content\/uploads\/2015\/01\/PETRONOR0808183C4T1508-e1423570034123.jpg","type":"","width":"","height":""}],"twitter_misc":{"Est. reading time":"1 minute"},"schema":{"@context":"https:\/\/schema.org","@graph":[{"@type":"WebPage","@id":"https:\/\/petronor.eus\/es\/sobre-petronor\/proyectos\/petronor-barria\/","url":"https:\/\/petronor.eus\/es\/sobre-petronor\/proyectos\/petronor-barria\/","name":"Petronor Barria-Las personas: los impulsores del cambio","isPartOf":{"@id":"https:\/\/petronor.eus\/es\/#website"},"primaryImageOfPage":{"@id":"https:\/\/petronor.eus\/es\/sobre-petronor\/proyectos\/petronor-barria\/#primaryimage"},"image":{"@id":"https:\/\/petronor.eus\/es\/sobre-petronor\/proyectos\/petronor-barria\/#primaryimage"},"thumbnailUrl":"https:\/\/petronor.eus\/wp-content\/uploads\/2015\/01\/PETRONOR0808183C4T1508-e1423570034123.jpg","datePublished":"2015-01-10T16:12:51+00:00","dateModified":"2017-06-05T16:09:21+00:00","description":"Las herramientas y comportamientos para que las personas sean los impulsores del cambio. Las 6 l\u00edneas estrat\u00e9gicas de Petronor Barria.","breadcrumb":{"@id":"https:\/\/petronor.eus\/es\/sobre-petronor\/proyectos\/petronor-barria\/#breadcrumb"},"inLanguage":"es-ES","potentialAction":[{"@type":"ReadAction","target":["https:\/\/petronor.eus\/es\/sobre-petronor\/proyectos\/petronor-barria\/"]}]},{"@type":"ImageObject","inLanguage":"es-ES","@id":"https:\/\/petronor.eus\/es\/sobre-petronor\/proyectos\/petronor-barria\/#primaryimage","url":"https:\/\/petronor.eus\/wp-content\/uploads\/2015\/01\/PETRONOR0808183C4T1508-e1423570034123.jpg","contentUrl":"https:\/\/petronor.eus\/wp-content\/uploads\/2015\/01\/PETRONOR0808183C4T1508-e1423570034123.jpg"},{"@type":"BreadcrumbList","@id":"https:\/\/petronor.eus\/es\/sobre-petronor\/proyectos\/petronor-barria\/#breadcrumb","itemListElement":[{"@type":"ListItem","position":1,"name":"Home","item":"https:\/\/petronor.eus\/es\/"},{"@type":"ListItem","position":2,"name":"SOBRE PETRONOR","item":"https:\/\/petronor.eus\/es\/sobre-petronor\/"},{"@type":"ListItem","position":3,"name":"PROYECTOS","item":"https:\/\/petronor.eus\/es\/sobre-petronor\/proyectos\/"},{"@type":"ListItem","position":4,"name":"PETRONOR BARRIA"}]},{"@type":"WebSite","@id":"https:\/\/petronor.eus\/es\/#website","url":"https:\/\/petronor.eus\/es\/","name":"Petronor","description":"","potentialAction":[{"@type":"SearchAction","target":{"@type":"EntryPoint","urlTemplate":"https:\/\/petronor.eus\/es\/?s={search_term_string}"},"query-input":{"@type":"PropertyValueSpecification","valueRequired":true,"valueName":"search_term_string"}}],"inLanguage":"es-ES"}]}},"_links":{"self":[{"href":"https:\/\/petronor.eus\/es\/wp-json\/wp\/v2\/pages\/948","targetHints":{"allow":["GET"]}}],"collection":[{"href":"https:\/\/petronor.eus\/es\/wp-json\/wp\/v2\/pages"}],"about":[{"href":"https:\/\/petronor.eus\/es\/wp-json\/wp\/v2\/types\/page"}],"author":[{"embeddable":true,"href":"https:\/\/petronor.eus\/es\/wp-json\/wp\/v2\/users\/1"}],"replies":[{"embeddable":true,"href":"https:\/\/petronor.eus\/es\/wp-json\/wp\/v2\/comments?post=948"}],"version-history":[{"count":71,"href":"https:\/\/petronor.eus\/es\/wp-json\/wp\/v2\/pages\/948\/revisions"}],"predecessor-version":[{"id":39211,"href":"https:\/\/petronor.eus\/es\/wp-json\/wp\/v2\/pages\/948\/revisions\/39211"}],"up":[{"embeddable":true,"href":"https:\/\/petronor.eus\/es\/wp-json\/wp\/v2\/pages\/24"}],"wp:attachment":[{"href":"https:\/\/petronor.eus\/es\/wp-json\/wp\/v2\/media?parent=948"}],"curies":[{"name":"wp","href":"https:\/\/api.w.org\/{rel}","templated":true}]}}