{"id":95,"date":"2014-12-15T12:41:45","date_gmt":"2014-12-15T12:41:45","guid":{"rendered":"https:\/\/petronor.eus\/?page_id=95"},"modified":"2024-09-13T13:00:08","modified_gmt":"2024-09-13T11:00:08","slug":"compromiso-con-la-seguridad","status":"publish","type":"page","link":"https:\/\/petronor.eus\/es\/nuestra-vision-de-la-sostenibilidad\/compromiso-con-la-seguridad\/","title":{"rendered":"COMPROMISO CON LA SEGURIDAD"},"content":{"rendered":"<div class=\"row introBlock full-width-section primeraFila\">\r\n<div class=\"col-lg-3 col-md-3 col-xs-12 col-sm-12\"><div class=\"menu-menu_compromisos-container\"><ul id=\"menu-menu_compromisos\" class=\"subnav\"><li id=\"menu-item-1595\" class=\"menu-item menu-item-type-post_type menu-item-object-page menu-item-1595\"><a href=\"https:\/\/petronor.eus\/es\/nuestra-vision-de-la-sostenibilidad\/compromiso-con-el-medio-ambiente\/\">MEDIO AMBIENTE<\/a><\/li>\n<li id=\"menu-item-1596\" class=\"menu-item menu-item-type-post_type menu-item-object-page menu-item-1596\"><a href=\"https:\/\/petronor.eus\/es\/nuestra-vision-de-la-sostenibilidad\/compromiso-con-la-seguridad\/\">OPERACI\u00d3N SEGURA<\/a><\/li>\n<li id=\"menu-item-76708\" class=\"menu-item menu-item-type-post_type menu-item-object-page menu-item-76708\"><a href=\"https:\/\/petronor.eus\/es\/nuestra-vision-de-la-sostenibilidad\/empleo\/\">EMPLEO<\/a><\/li>\n<li id=\"menu-item-76709\" class=\"menu-item menu-item-type-post_type menu-item-object-page menu-item-76709\"><a href=\"https:\/\/petronor.eus\/es\/nuestra-vision-de-la-sostenibilidad\/innovacion-y-tecnologia\/\">INNOVACI\u00d3N Y TECNOLOG\u00cdA<\/a><\/li>\n<li id=\"menu-item-76710\" class=\"menu-item menu-item-type-post_type menu-item-object-page menu-item-76710\"><a href=\"https:\/\/petronor.eus\/es\/nuestra-vision-de-la-sostenibilidad\/desarrollo-del-territorio\/\">DESARROLLO DEL TERRITORIO<\/a><\/li>\n<\/ul><\/div><\/div>\r\n<div class=\"col-lg-4 col-md-4 col-xs-12 col-sm-12\">\r\n<div style=\"margin-bottom:20px ; height:1px; clear:both;\"><\/div>\r\n<h1>COMPROMISO CON LA SEGURIDAD<\/h1>\r\n<p class=\"font18\" style=\"font-size: 18px!important;\">La salud y seguridad de empleados, contratistas y poblaci\u00f3n del entorno, es una prioridad absoluta de la Refiner\u00eda de Petronor, constituyendo una parte esencial de su compromiso con la sociedad.<\/p>\r\n\r\n<div class=\"separadorGris\"><\/div>\r\n<div style=\"margin-bottom:15px ; height:1px; clear:both;\"><\/div>\r\nRealizamos nuestras actividades de forma segura y responsable. Cumplimos todas las leyes y reglamentos legales vigentes, as\u00ed como las mejores pr\u00e1cticas se\u00f1aladas por exigentes c\u00f3digos internacionales en materia de seguridad.\r\n<div style=\"margin-bottom:15px ; height:1px; clear:both;\"><\/div>\r\n<div class=\"rayaGris\">&nbsp;<\/div>\r\n<\/div>\r\n<div class=\"col-lg-5 col-md-5 hidden-sm hidden-xs\"><img loading=\"lazy\" decoding=\"async\" class=\"alignnone wp-image-4530 size-full\" src=\"https:\/\/petronor.eus\/wp-content\/uploads\/2014\/12\/refineria-compromiso-seguridad.jpg\" alt=\"Operaciones regulares de mantenimiento\" width=\"800\" height=\"627\" srcset=\"https:\/\/petronor.eus\/wp-content\/uploads\/2014\/12\/refineria-compromiso-seguridad.jpg 800w, https:\/\/petronor.eus\/wp-content\/uploads\/2014\/12\/refineria-compromiso-seguridad-600x470.jpg 600w\" sizes=\"(max-width: 800px) 100vw, 800px\" \/><\/div>\r\n<\/div>\r\n<div style=\"margin-bottom:30px ; height:1px; clear:both;\"><\/div>\r\n<div class=\"row tabsSeguridad\">\r\n<div class=\"col-lg-8 col-md-8 col-xs-12 col-sm-12 col-md-offset-3 col-lg-offset-3\">\r\n<div class=\"clearfix\"><\/div><div class=\"cycletabs-wrapper\"><ul id=\"myctabs\"><li><a href=\"javascript:void(0)\">PREVENCI\u00d3N<\/a><\/li><li><a href=\"javascript:void(0)\">MANTENIMIENTO<\/a><\/li><li><a href=\"javascript:void(0)\">EVALUACI\u00d3N <\/a><\/li><li><a href=\"javascript:void(0)\">CONTROL<\/a><\/li><\/ul>\n    <div class=\"cycle-slideshow\"  data-cycle-fx=\"fade\" data-cycle-\"timeout=0\" data-cycle-pager=\"#myctabs\" data-cycle-pager-template=\"\" data-cycle-slides=\"&gt; div\" data-cycle-prev=\"#prev2\"  data-cycle-next=\"#next2\" data-cycle-timeout=\"0\" data-allow-wrap=\"false\">\n    <div class=\"tabcycle\"><div class=\"row\">\r\n<div class=\"col-lg-4 col-md-5 col-xs-3 col-sm-3\">\r\n<div class=\"hidden-xs\"><div class=\"rayaGris\">&nbsp;<\/div><\/div>\r\n<\/div>\r\n<div class=\"col-lg-4 col-md-2 col-xs-6 col-sm-6\">\r\n<h3 class=\"h3compromisos\">PREVENCI\u00d3N<\/h3>\r\n<\/div>\r\n<div class=\"col-lg-4 col-md-5 col-xs-3 col-sm-3\">\r\n<div class=\"hidden-xs\"><div class=\"rayaGris\">&nbsp;<\/div><\/div>\r\n<\/div>\r\n<\/div>\r\n<div style=\"margin-bottom:20px ; height:1px; clear:both;\"><\/div>\r\n\r\nLa <strong>prevenci\u00f3n de riesgos laborales e industriales<\/strong> est\u00e1 integrada dentro del sistema general de gesti\u00f3n de la Refiner\u00eda. Se sustenta en una serie de procesos evaluadores de riesgos, unas l\u00edneas de actuaci\u00f3n de la actividad preventiva y unos controles peri\u00f3dicos.\r\n<h4 class=\"h4compromisos\">Medidas preventivas\/correctivas<\/h4>\r\nMedidas preventivas\/correctivas en instalaciones, equipos, lugares y puestos de trabajo, provenientes de evaluaciones de riesgos de puestos de trabajo; estudios de seguridad de los procesos; inspecciones derivadas de normativas legales; inspecciones de reaseguradores; todo tipo de auditor\u00edas externas e internas; inspecciones programadas; desarrollo de programas de mantenimiento predictivo, preventivo y correctivo de instalaciones y equipos; programas de mantenimiento de instalaciones de detecci\u00f3n\/actuaci\u00f3n contra incendios; fichas informativas de productos; vigilancia de la salud; medidas derivadas de la investigaci\u00f3n de todo tipo de sucesos incidentales; observaciones preventivas de seguridad; medidas sugeridas por los representantes de los trabajadores adscritos al comit\u00e9 de seguridad y salud de la Refiner\u00eda.\r\n<div class=\"separadorGrisGris\"><\/div>\r\n<h4 class=\"h4compromisos\">Informaci\u00f3n a los trabajadores<\/h4>\r\nInformaci\u00f3n a los trabajadores de los riesgos, medidas de prevenci\u00f3n y protecci\u00f3n de su puesto, con la consiguiente formaci\u00f3n y entrenamiento en el desarrollo de sus tareas.\r\n<div class=\"separadorGrisGris\"><\/div>\r\n<h4 class=\"h4compromisos\">Procedimientos e instrucciones<\/h4>\r\nProcedimientos e instrucciones, para operaciones y trabajos que requieran pautas de actuaci\u00f3n predeterminadas, en las que est\u00e1 contrastada la seguridad.\r\n<div class=\"separadorGrisGris\"><\/div>\r\n<h4 class=\"h4compromisos\">Medidas de emergencia<\/h4>\r\nMedidas de emergencia mitigantes de las hipot\u00e9ticas consecuencias, en caso de fallo en cadena de todas las medidas preventivas.\r\n<div class=\"separadorGrisGris\"><\/div>\r\n<h4 class=\"h4compromisos\">Vigilancia de la salud<\/h4>\r\nVigilancia de la salud a cargo del servicio de salud laboral de Petronor.\r\n<div class=\"separadorGrisGris\"><\/div>\r\n<h4 class=\"h4compromisos\">Coordinaci\u00f3n de actividades empresariales<\/h4>\r\nCoordinaci\u00f3n de actividades empresariales dada la actividad de las numerosas empresas contratistas que, junto al personal de Petronor, desarrollan sus trabajos en la Refiner\u00eda y terminal mar\u00edtima.<\/div><div class=\"tabcycle\"><div class=\"row\">\r\n<div class=\"col-lg-4 col-md-5 col-xs-3 col-sm-3\">\r\n<div class=\"hidden-xs\"><div class=\"rayaGris\">&nbsp;<\/div><\/div>\r\n<\/div>\r\n<div class=\"col-lg-4 col-md-2 col-xs-6 col-sm-6\">\r\n<h3 class=\"h3compromisos\">MANTENIMIENTO<\/h3>\r\n<\/div>\r\n<div class=\"col-lg-4 col-md-5 col-xs-3 col-sm-3\">\r\n<div class=\"hidden-xs\"><div class=\"rayaGris\">&nbsp;<\/div><\/div>\r\n<\/div>\r\n<\/div>\r\n<div style=\"margin-bottom:20px ; height:1px; clear:both;\"><\/div>\r\n\r\nLas <strong>operaciones regulares de mantenimiento<\/strong> son esenciales para que los equipos, las m\u00e1quinas y el entorno de trabajo se conserven seguros y fiables. Tambi\u00e9n ayudan a eliminar los peligros del lugar de trabajo. Un mantenimiento inadecuado o nulo puede conducir a situaciones peligrosas, accidentes y problemas de salud.\r\n\r\nEl mantenimiento es una actividad de alto riesgo. Y debe realizarse de forma segura.\r\n<div class=\"separadorGrisGris\"><\/div>\r\n&#8211; Los accidentes (como resbalones, traspi\u00e9s y ca\u00eddas) se producen por falta de mantenimiento o por la deficiente calidad de \u00e9ste.\r\n<div class=\"separadorGrisGris\"><\/div>\r\n&#8211; La falta de mantenimiento y revisi\u00f3n peri\u00f3dica de los equipos y m\u00e1quinas de construcci\u00f3n puede causar el fallo de \u00e9stos y provocar lesiones a los operarios y a otros trabajadores (p. ej., defectos en cintas transportadoras, gr\u00faas, montacargas, escaleras de mano, etc.).\r\n<div class=\"separadorGrisGris\"><\/div>\r\n&#8211; En el sector de la restauraci\u00f3n, los niveles bajos de mantenimiento son una de las principales causas subyacentes de accidentes. La mayor\u00eda de los accidentes debidos a un mantenimiento deficiente est\u00e1n relacionados con los equipos (p. ej., fallos en tomas de corriente o cables, aparatos de gas sin un mantenimiento adecuado) o se producen debido a fugas y vertidos.\r\n<div class=\"separadorGrisGris\"><\/div>\r\n&#8211; Los equipos cruciales de seguridad pueden fallar por falta de mantenimiento y provocar accidentes graves.\r\n\r\nPara m\u00e1s informaci\u00f3n, vea la secci\u00f3n dedicada al mantenimiento en el sitio web de la <abbr lang=\"es\" title=\"Agencia Europea de Seguridad y Salud en el Trabajo\">EU-OSHA<\/abbr>.\r\n\r\n<a class=\"btn btn-default btn-lg\" style=\"width: 100%;\" title=\"Se abrir\u00e1 en nueva pesta\u00f1a\" href=\"https:\/\/osha.europa.eu\/es\" target=\"_blank\" rel=\"noopener\">Agencia Europea de Seguridad y Salud en el Trabajo (EU-OSHA): Mantenimiento<\/a><\/div><div class=\"tabcycle\"><div class=\"row\">\r\n<div class=\"col-lg-4 col-md-5 col-xs-3 col-sm-3\">\r\n<div class=\"hidden-xs\"><div class=\"rayaGris\">&nbsp;<\/div><\/div>\r\n<\/div>\r\n<div class=\"col-lg-4 col-md-2 col-xs-6 col-sm-6\">\r\n<h3 class=\"h3compromisos\">EVALUACI\u00d3N<\/h3>\r\n<\/div>\r\n<div class=\"col-lg-4 col-md-5 col-xs-3 col-sm-3\">\r\n<div class=\"hidden-xs\"><div class=\"rayaGris\">&nbsp;<\/div><\/div>\r\n<\/div>\r\n<\/div>\r\n<h4 class=\"h4compromisos\">En fase de dise\u00f1o<\/h4>\r\nPrevenci\u00f3n de riesgos en fase de dise\u00f1o, evalu\u00e1ndose los riesgos de nuevas instalaciones o ampliaciones a las existentes, antes de su puesta en servicio, empleando las t\u00e9cnicas de mayor reconocido prestigio en la industria del refino.\r\n<div class=\"separadorGrisGris\"><\/div>\r\n<h4 class=\"h4compromisos\">En la compra<\/h4>\r\nPrevenci\u00f3n de riesgos en la compra de equipos, materiales y productos, sujetos a altas especificaciones de seguridad.\r\n<div class=\"separadorGrisGris\"><\/div>\r\n<h4 class=\"h4compromisos\">En la fase de operaci\u00f3n y mantenimiento<\/h4>\r\nPrevenci\u00f3n de riesgos n la fase de operaci\u00f3n y mantenimiento, que abarca la evaluaci\u00f3n de todos los puestos y lugares de trabajo, incluyendo hipot\u00e9ticas influencias en el entorno.\r\n<div class=\"separadorGrisGris\"><\/div>\r\n<h4 class=\"h4compromisos\">Sustancias peligrosas<\/h4>\r\nPrevenci\u00f3n de sucesos en los que pudieran intervenir sustancias peligrosas, sujeta a estrictas inspecciones de la Administraci\u00f3n.<\/div><div class=\"tabcycle\"><div class=\"row\">\r\n<div class=\"col-lg-4 col-md-5 col-xs-4 col-sm-3\">\r\n<div class=\"hidden-xs\"><div class=\"rayaGris\">&nbsp;<\/div><\/div>\r\n<\/div>\r\n<div class=\"col-lg-4 col-md-2 col-xs-4 col-sm-6\">\r\n<h3 class=\"h3compromisos\">CONTROL<\/h3>\r\n<\/div>\r\n<div class=\"col-lg-4 col-md-5 col-xs-4 col-sm-3\">\r\n<div class=\"hidden-xs\"><div class=\"rayaGris\">&nbsp;<\/div><\/div>\r\n<\/div>\r\n<\/div>\r\n<div style=\"margin-bottom:20px ; height:1px; clear:both;\"><\/div>\r\n<div id=\"certificadosControl\"><a href=\"\/wp-content\/uploads\/2020\/10\/CertificadoSST-0071_2018_2020-10-26.pdf\" target=\"_blank\" rel=\"noopener\"><img loading=\"lazy\" decoding=\"async\" class=\"alignnone wp-image-164 size-full\" title=\"Descargar documento\" src=\"https:\/\/petronor.eus\/wp-content\/uploads\/2020\/10\/petronor-certificado-aenor-calidad-de-sistemas-de-gestion-seguridad-y-salud-del-trabajo.jpg\" alt=\"Certificado AENOR\" width=\"198\" height=\"280\" \/><\/a><a href=\"\/wp-content\/uploads\/2020\/10\/IQNetES-SST-0071-2018_2020-10-26.pdf\" target=\"_blank\" rel=\"noopener\"><img loading=\"lazy\" decoding=\"async\" class=\"alignnone wp-image-165 size-full\" title=\"Descargar documento\" src=\"https:\/\/petronor.eus\/wp-content\/uploads\/2020\/10\/certificado-iqnet.jpg\" alt=\"Certificado IQNET\" width=\"198\" height=\"280\" \/><\/a><\/div>\r\n<div style=\"clear: both;\"><\/div>\r\n<div style=\"margin-bottom:20px ; height:1px; clear:both;\"><\/div>\r\n<h4 class=\"h4compromisos\">Explotaci\u00f3n<\/h4>\r\nControles de explotaci\u00f3n de las instalaciones y equipos, mediante programas de mantenimiento as\u00ed como inspecciones peri\u00f3dicas que responden a la normativa legal y a exigentes normativas de reconocido prestigio.\r\n<div class=\"separadorGrisGris\"><\/div>\r\n<h4 class=\"h4compromisos\">Incendios<\/h4>\r\nControl de las instalaciones de detecci\u00f3n\/actuaci\u00f3n contra incendios, al objeto de garantizar su disponibilidad y correcto funcionamiento, en caso de tener que activar los planes de contingencia existentes.\r\n<div class=\"separadorGrisGris\"><\/div>\r\n<h4 class=\"h4compromisos\">Ejecuci\u00f3n de trabajos<\/h4>\r\nControl de la ejecuci\u00f3n de trabajos a trav\u00e9s del sistema de permisos de trabajo, herramienta que constituye una autentica evaluaci\u00f3n de riesgos \u201cin situ\u201d de todo trabajo que se realiza en la Refiner\u00eda.\r\n<div class=\"separadorGrisGris\"><\/div>\r\n<h4 class=\"h4compromisos\">Auditor\u00edas<\/h4>\r\nAuditor\u00edas legales y voluntarias que van m\u00e1s all\u00e1 de las exigencias administrativas, destinadas a comprobar que nuestro sistema de gesti\u00f3n de la seguridad, as\u00ed como de nuestro servicio de prevenci\u00f3n propio, est\u00e1 correctamente implantado, mantenido, y cumpliendo la legislaci\u00f3n vigente. Prueba de ello es la certificaci\u00f3n ISO 45001:2018, que sustituye al est\u00e1ndar OHSAS.<\/br><\/br>\r\n<div id=\"botonesControl\"><a class=\"btn btn-default btn-lg iconoDescargar\" title=\"Descargar PDF\" href=\"\/wp-content\/uploads\/2020\/10\/CertificadoSST-0071_2018_2020-10-26.pdf\" target=\"_blank\" rel=\"noopener\"><i class=\"glyphicon glyphicon-save\"><\/i> Certificado<\/br> ISO 45001<\/a>\r\n<a class=\"btn btn-default btn-lg iconoDescargar\" title=\"Descargar PDF\" href=\"https:\/\/petronor.eus\/wp-content\/uploads\/2016\/12\/Certificado-de-inspeccion-Petronor-2016.pdf\" target=\"_blank\" rel=\"noopener\"><i class=\"glyphicon glyphicon-save\"><\/i> Certificado SGS<\/br> Inspecci\u00f3n Reglamentaria<\/a>\r\n<a class=\"btn btn-default btn-lg iconoDescargar\" title=\"Descargar PDF\" href=\"https:\/\/petronor.eus\/wp-content\/uploads\/2015\/05\/AUDIPREL_PETRONOR_2014.pdf\" target=\"_blank\" rel=\"noopener\"><i class=\"glyphicon glyphicon-save\"><\/i>Diploma Auditoria<\/br> Reglamentaria PRL<\/a><\/div>\r\n<div style=\"clear: both;\"><\/div><\/div><\/div>\n    <div id=\"prev2\"><\/div><div id=\"next2\"><\/div>\n    <\/div><!-- tabs-wrapper end --><div class=\"clear\"><\/div>\r\n<\/div>\r\n<\/div>\r\n<div class=\"hidden-xs\"><div style=\"margin-bottom:150px ; height:1px; clear:both;\"><\/div>\r\n<div class=\"row \">\u00a0<\/div><\/div>","protected":false},"excerpt":{"rendered":"","protected":false},"author":1,"featured_media":0,"parent":75694,"menu_order":3,"comment_status":"open","ping_status":"closed","template":"","meta":{"footnotes":""},"class_list":["post-95","page","type-page","status-publish","hentry"],"yoast_head":"<!-- This site is optimized with the Yoast SEO plugin v24.7 - https:\/\/yoast.com\/wordpress\/plugins\/seo\/ -->\n<title>compromiso con la seguridad<\/title>\n<meta name=\"description\" content=\"Actuaciones de prevenci\u00f3n, evaluaci\u00f3n y control de riesgos laborales de Petronor y labores de mantenimiento en la refiner\u00eda.\" \/>\n<meta name=\"robots\" content=\"index, follow, max-snippet:-1, max-image-preview:large, max-video-preview:-1\" \/>\n<link rel=\"canonical\" href=\"https:\/\/petronor.eus\/es\/nuestra-vision-de-la-sostenibilidad\/compromiso-con-la-seguridad\/\" \/>\n<meta property=\"og:locale\" content=\"es_ES\" \/>\n<meta property=\"og:type\" content=\"article\" \/>\n<meta property=\"og:title\" content=\"compromiso con la seguridad\" \/>\n<meta property=\"og:description\" content=\"Actuaciones de prevenci\u00f3n, evaluaci\u00f3n y control de riesgos laborales de Petronor y labores de mantenimiento en la refiner\u00eda.\" \/>\n<meta property=\"og:url\" content=\"https:\/\/petronor.eus\/es\/nuestra-vision-de-la-sostenibilidad\/compromiso-con-la-seguridad\/\" \/>\n<meta property=\"og:site_name\" content=\"Petronor\" \/>\n<meta property=\"article:modified_time\" content=\"2024-09-13T11:00:08+00:00\" \/>\n<meta property=\"og:image\" content=\"https:\/\/petronor.eus\/wp-content\/uploads\/2014\/12\/refineria-compromiso-seguridad.jpg\" \/>\n<meta name=\"twitter:label1\" content=\"Est. reading time\" \/>\n\t<meta name=\"twitter:data1\" content=\"5 minutes\" \/>\n<script type=\"application\/ld+json\" class=\"yoast-schema-graph\">{\"@context\":\"https:\/\/schema.org\",\"@graph\":[{\"@type\":\"WebPage\",\"@id\":\"https:\/\/petronor.eus\/es\/nuestra-vision-de-la-sostenibilidad\/compromiso-con-la-seguridad\/\",\"url\":\"https:\/\/petronor.eus\/es\/nuestra-vision-de-la-sostenibilidad\/compromiso-con-la-seguridad\/\",\"name\":\"compromiso con la seguridad\",\"isPartOf\":{\"@id\":\"https:\/\/petronor.eus\/es\/#website\"},\"primaryImageOfPage\":{\"@id\":\"https:\/\/petronor.eus\/es\/nuestra-vision-de-la-sostenibilidad\/compromiso-con-la-seguridad\/#primaryimage\"},\"image\":{\"@id\":\"https:\/\/petronor.eus\/es\/nuestra-vision-de-la-sostenibilidad\/compromiso-con-la-seguridad\/#primaryimage\"},\"thumbnailUrl\":\"https:\/\/petronor.eus\/wp-content\/uploads\/2014\/12\/refineria-compromiso-seguridad.jpg\",\"datePublished\":\"2014-12-15T12:41:45+00:00\",\"dateModified\":\"2024-09-13T11:00:08+00:00\",\"description\":\"Actuaciones de prevenci\u00f3n, evaluaci\u00f3n y control de riesgos laborales de Petronor y labores de mantenimiento en la refiner\u00eda.\",\"breadcrumb\":{\"@id\":\"https:\/\/petronor.eus\/es\/nuestra-vision-de-la-sostenibilidad\/compromiso-con-la-seguridad\/#breadcrumb\"},\"inLanguage\":\"es-ES\",\"potentialAction\":[{\"@type\":\"ReadAction\",\"target\":[\"https:\/\/petronor.eus\/es\/nuestra-vision-de-la-sostenibilidad\/compromiso-con-la-seguridad\/\"]}]},{\"@type\":\"ImageObject\",\"inLanguage\":\"es-ES\",\"@id\":\"https:\/\/petronor.eus\/es\/nuestra-vision-de-la-sostenibilidad\/compromiso-con-la-seguridad\/#primaryimage\",\"url\":\"https:\/\/petronor.eus\/wp-content\/uploads\/2014\/12\/refineria-compromiso-seguridad.jpg\",\"contentUrl\":\"https:\/\/petronor.eus\/wp-content\/uploads\/2014\/12\/refineria-compromiso-seguridad.jpg\"},{\"@type\":\"BreadcrumbList\",\"@id\":\"https:\/\/petronor.eus\/es\/nuestra-vision-de-la-sostenibilidad\/compromiso-con-la-seguridad\/#breadcrumb\",\"itemListElement\":[{\"@type\":\"ListItem\",\"position\":1,\"name\":\"Home\",\"item\":\"https:\/\/petronor.eus\/es\/\"},{\"@type\":\"ListItem\",\"position\":2,\"name\":\"NUESTRA VISI\u00d3N DE LA SOSTENIBILIDAD\",\"item\":\"https:\/\/petronor.eus\/es\/nuestra-vision-de-la-sostenibilidad\/\"},{\"@type\":\"ListItem\",\"position\":3,\"name\":\"COMPROMISO CON LA SEGURIDAD\"}]},{\"@type\":\"WebSite\",\"@id\":\"https:\/\/petronor.eus\/es\/#website\",\"url\":\"https:\/\/petronor.eus\/es\/\",\"name\":\"Petronor\",\"description\":\"\",\"potentialAction\":[{\"@type\":\"SearchAction\",\"target\":{\"@type\":\"EntryPoint\",\"urlTemplate\":\"https:\/\/petronor.eus\/es\/?s={search_term_string}\"},\"query-input\":{\"@type\":\"PropertyValueSpecification\",\"valueRequired\":true,\"valueName\":\"search_term_string\"}}],\"inLanguage\":\"es-ES\"}]}<\/script>\n<!-- \/ Yoast SEO plugin. -->","yoast_head_json":{"title":"compromiso con la seguridad","description":"Actuaciones de prevenci\u00f3n, evaluaci\u00f3n y control de riesgos laborales de Petronor y labores de mantenimiento en la refiner\u00eda.","robots":{"index":"index","follow":"follow","max-snippet":"max-snippet:-1","max-image-preview":"max-image-preview:large","max-video-preview":"max-video-preview:-1"},"canonical":"https:\/\/petronor.eus\/es\/nuestra-vision-de-la-sostenibilidad\/compromiso-con-la-seguridad\/","og_locale":"es_ES","og_type":"article","og_title":"compromiso con la seguridad","og_description":"Actuaciones de prevenci\u00f3n, evaluaci\u00f3n y control de riesgos laborales de Petronor y labores de mantenimiento en la refiner\u00eda.","og_url":"https:\/\/petronor.eus\/es\/nuestra-vision-de-la-sostenibilidad\/compromiso-con-la-seguridad\/","og_site_name":"Petronor","article_modified_time":"2024-09-13T11:00:08+00:00","og_image":[{"url":"https:\/\/petronor.eus\/wp-content\/uploads\/2014\/12\/refineria-compromiso-seguridad.jpg","type":"","width":"","height":""}],"twitter_misc":{"Est. reading time":"5 minutes"},"schema":{"@context":"https:\/\/schema.org","@graph":[{"@type":"WebPage","@id":"https:\/\/petronor.eus\/es\/nuestra-vision-de-la-sostenibilidad\/compromiso-con-la-seguridad\/","url":"https:\/\/petronor.eus\/es\/nuestra-vision-de-la-sostenibilidad\/compromiso-con-la-seguridad\/","name":"compromiso con la seguridad","isPartOf":{"@id":"https:\/\/petronor.eus\/es\/#website"},"primaryImageOfPage":{"@id":"https:\/\/petronor.eus\/es\/nuestra-vision-de-la-sostenibilidad\/compromiso-con-la-seguridad\/#primaryimage"},"image":{"@id":"https:\/\/petronor.eus\/es\/nuestra-vision-de-la-sostenibilidad\/compromiso-con-la-seguridad\/#primaryimage"},"thumbnailUrl":"https:\/\/petronor.eus\/wp-content\/uploads\/2014\/12\/refineria-compromiso-seguridad.jpg","datePublished":"2014-12-15T12:41:45+00:00","dateModified":"2024-09-13T11:00:08+00:00","description":"Actuaciones de prevenci\u00f3n, evaluaci\u00f3n y control de riesgos laborales de Petronor y labores de mantenimiento en la refiner\u00eda.","breadcrumb":{"@id":"https:\/\/petronor.eus\/es\/nuestra-vision-de-la-sostenibilidad\/compromiso-con-la-seguridad\/#breadcrumb"},"inLanguage":"es-ES","potentialAction":[{"@type":"ReadAction","target":["https:\/\/petronor.eus\/es\/nuestra-vision-de-la-sostenibilidad\/compromiso-con-la-seguridad\/"]}]},{"@type":"ImageObject","inLanguage":"es-ES","@id":"https:\/\/petronor.eus\/es\/nuestra-vision-de-la-sostenibilidad\/compromiso-con-la-seguridad\/#primaryimage","url":"https:\/\/petronor.eus\/wp-content\/uploads\/2014\/12\/refineria-compromiso-seguridad.jpg","contentUrl":"https:\/\/petronor.eus\/wp-content\/uploads\/2014\/12\/refineria-compromiso-seguridad.jpg"},{"@type":"BreadcrumbList","@id":"https:\/\/petronor.eus\/es\/nuestra-vision-de-la-sostenibilidad\/compromiso-con-la-seguridad\/#breadcrumb","itemListElement":[{"@type":"ListItem","position":1,"name":"Home","item":"https:\/\/petronor.eus\/es\/"},{"@type":"ListItem","position":2,"name":"NUESTRA VISI\u00d3N DE LA SOSTENIBILIDAD","item":"https:\/\/petronor.eus\/es\/nuestra-vision-de-la-sostenibilidad\/"},{"@type":"ListItem","position":3,"name":"COMPROMISO CON LA SEGURIDAD"}]},{"@type":"WebSite","@id":"https:\/\/petronor.eus\/es\/#website","url":"https:\/\/petronor.eus\/es\/","name":"Petronor","description":"","potentialAction":[{"@type":"SearchAction","target":{"@type":"EntryPoint","urlTemplate":"https:\/\/petronor.eus\/es\/?s={search_term_string}"},"query-input":{"@type":"PropertyValueSpecification","valueRequired":true,"valueName":"search_term_string"}}],"inLanguage":"es-ES"}]}},"_links":{"self":[{"href":"https:\/\/petronor.eus\/es\/wp-json\/wp\/v2\/pages\/95","targetHints":{"allow":["GET"]}}],"collection":[{"href":"https:\/\/petronor.eus\/es\/wp-json\/wp\/v2\/pages"}],"about":[{"href":"https:\/\/petronor.eus\/es\/wp-json\/wp\/v2\/types\/page"}],"author":[{"embeddable":true,"href":"https:\/\/petronor.eus\/es\/wp-json\/wp\/v2\/users\/1"}],"replies":[{"embeddable":true,"href":"https:\/\/petronor.eus\/es\/wp-json\/wp\/v2\/comments?post=95"}],"version-history":[{"count":205,"href":"https:\/\/petronor.eus\/es\/wp-json\/wp\/v2\/pages\/95\/revisions"}],"predecessor-version":[{"id":78282,"href":"https:\/\/petronor.eus\/es\/wp-json\/wp\/v2\/pages\/95\/revisions\/78282"}],"up":[{"embeddable":true,"href":"https:\/\/petronor.eus\/es\/wp-json\/wp\/v2\/pages\/75694"}],"wp:attachment":[{"href":"https:\/\/petronor.eus\/es\/wp-json\/wp\/v2\/media?parent=95"}],"curies":[{"name":"wp","href":"https:\/\/api.w.org\/{rel}","templated":true}]}}