{"id":97,"date":"2014-12-15T12:42:07","date_gmt":"2014-12-15T12:42:07","guid":{"rendered":"https:\/\/petronor.eus\/?page_id=97"},"modified":"2025-05-29T08:18:04","modified_gmt":"2025-05-29T06:18:04","slug":"compromiso-con-el-medio-ambiente","status":"publish","type":"page","link":"https:\/\/petronor.eus\/es\/nuestra-vision-de-la-sostenibilidad\/compromiso-con-el-medio-ambiente\/","title":{"rendered":"COMPROMISO CON EL MEDIO AMBIENTE"},"content":{"rendered":"<div class=\"row introBlock full-width-section primeraFila\">\n<div class=\"col-lg-3 col-md-3 col-xs-12 col-sm-12\"><div class=\"menu-menu_compromisos-container\"><ul id=\"menu-menu_compromisos\" class=\"subnav\"><li id=\"menu-item-1595\" class=\"menu-item menu-item-type-post_type menu-item-object-page menu-item-1595\"><a href=\"https:\/\/petronor.eus\/es\/nuestra-vision-de-la-sostenibilidad\/compromiso-con-el-medio-ambiente\/\">MEDIO AMBIENTE<\/a><\/li>\n<li id=\"menu-item-1596\" class=\"menu-item menu-item-type-post_type menu-item-object-page menu-item-1596\"><a href=\"https:\/\/petronor.eus\/es\/nuestra-vision-de-la-sostenibilidad\/compromiso-con-la-seguridad\/\">OPERACI\u00d3N SEGURA<\/a><\/li>\n<li id=\"menu-item-76708\" class=\"menu-item menu-item-type-post_type menu-item-object-page menu-item-76708\"><a href=\"https:\/\/petronor.eus\/es\/nuestra-vision-de-la-sostenibilidad\/empleo\/\">EMPLEO<\/a><\/li>\n<li id=\"menu-item-76709\" class=\"menu-item menu-item-type-post_type menu-item-object-page menu-item-76709\"><a href=\"https:\/\/petronor.eus\/es\/nuestra-vision-de-la-sostenibilidad\/innovacion-y-tecnologia\/\">INNOVACI\u00d3N Y TECNOLOG\u00cdA<\/a><\/li>\n<li id=\"menu-item-76710\" class=\"menu-item menu-item-type-post_type menu-item-object-page menu-item-76710\"><a href=\"https:\/\/petronor.eus\/es\/nuestra-vision-de-la-sostenibilidad\/desarrollo-del-territorio\/\">DESARROLLO DEL TERRITORIO<\/a><\/li>\n<\/ul><\/div><\/div>\n<div class=\"col-lg-4 col-md-4 col-xs-12 col-sm-12\"><div style=\"margin-bottom:20px ; height:1px; clear:both;\"><\/div>\n<h1>COMPROMISO CON EL MEDIO AMBIENTE<\/h1>\n<p class=\"font18\" style=\"font-size: 18px!important;\">Petronor, responsable con todas sus actuaciones, orienta toda su actividad hacia la minimizaci\u00f3n de los impactos en el entorno m\u00e1s all\u00e1 del cumplimiento de la legislaci\u00f3n, implantando las MTD&#8217;s (Mejores Tecnolog\u00edas Disponibles), como queda reflejado en la <u>Certificaci\u00f3n del Sistema de Gesti\u00f3n Ambiental de acuerdo con la norma ISO 14001<\/u> (<a title=\"Descargar PDF\" href=\"\/wp-content\/uploads\/2025\/05\/CertificadoGA-2018-0152_ES_2025-05-28.pdf\" target=\"_blank\" rel=\"noopener\"><u>Aenor<\/u><\/a>, <a title=\"Descargar PDF\" href=\"\/wp-content\/uploads\/2025\/05\/IQNetES-2018-0152_2025-05-28.pdf\" target=\"_blank\" rel=\"noopener\"><u>IQNet<\/u><\/a>).<\/p>\n\n<div class=\"separadorGris\"><\/div>\n<div style=\"margin-bottom:10px ; height:1px; clear:both;\"><\/div>\nEste compromiso se materializa en objetivos y metas ambientales, recogidos en el <strong>Plan Estrat\u00e9gico de Medio Ambiente<\/strong> (PEMA), que son desplegados a todos los niveles de la organizaci\u00f3n, mediante los correspondientes planes de acci\u00f3n.\n<div style=\"margin-bottom:10px ; height:1px; clear:both;\"><\/div>\n<div class=\"rayaGris\">&nbsp;<\/div>\n<\/div>\n<div class=\"col-lg-5 col-md-5 hidden-sm hidden-xs\"><img loading=\"lazy\" decoding=\"async\" class=\"alignnone size-full wp-image-4544\" src=\"https:\/\/petronor.eus\/wp-content\/uploads\/2014\/12\/refineria-compromiso-medioambiente.jpg\" alt=\"refineria-compromiso-medioambiente\" width=\"800\" height=\"627\" srcset=\"https:\/\/petronor.eus\/wp-content\/uploads\/2014\/12\/refineria-compromiso-medioambiente.jpg 800w, https:\/\/petronor.eus\/wp-content\/uploads\/2014\/12\/refineria-compromiso-medioambiente-600x470.jpg 600w\" sizes=\"(max-width: 800px) 100vw, 800px\" \/><\/div>\n<\/div><div style=\"margin-bottom:30px ; height:1px; clear:both;\"><\/div>\n<div class=\"row tabsSeguridad\">\n<div class=\"col-lg-8 col-md-8 col-xs-12 col-sm-12 col-md-offset-3 col-lg-offset-3\"><div class=\"clearfix\"><\/div><div class=\"cycletabs-wrapper\"><ul id=\"myctabs\"><li><a href=\"javascript:void(0)\">FORMACI\u00d3N<\/a><\/li><li><a href=\"javascript:void(0)\">SEGUIMIENTO <\/a><\/li><li><a href=\"javascript:void(0)\">PLANIFICACI\u00d3N<\/a><\/li><li><a href=\"javascript:void(0)\">PROTECCI\u00d3N<\/a><\/li><li><a href=\"javascript:void(0)\">CONTROL<\/a><\/li><\/ul>\n    <div class=\"cycle-slideshow\"  data-cycle-fx=\"fade\" data-cycle-\"timeout=0\" data-cycle-pager=\"#myctabs\" data-cycle-pager-template=\"\" data-cycle-slides=\"&gt; div\" data-cycle-prev=\"#prev2\"  data-cycle-next=\"#next2\" data-cycle-timeout=\"0\" data-allow-wrap=\"false\">\n    <div class=\"tabcycle\"><div class=\"row\">\n<div class=\"col-lg-4 col-md-5 col-xs-4 col-sm-3\"><\/div>\n<div class=\"col-lg-4 col-md-2 col-xs-4 col-sm-6\">\n<h3 class=\"h3compromisos\">FORMACI\u00d3N<\/h3>\n<\/div>\n<div class=\"col-lg-4 col-md-5 col-xs-4 col-sm-3\"><\/div>\n<\/div>\n<p style=\"text-align: center;\">En la Compa\u00f1\u00eda se <strong>imparte formaci\u00f3n ambiental<\/strong> adaptada a las funciones y responsabilidades de los empleados, asi como hacemos part\u00edcipes a nuestros colaboradores de las pr\u00e1cticas ambientales establecidas en Petronor. Con esta formaci\u00f3n y sensibilizaci\u00f3n posibilitamos estrechar el compromiso de todas nuestras actividades con el Medio Ambiente.<\/p><\/div><div class=\"tabcycle\"><div class=\"row\">\n<div class=\"col-lg-4 col-md-5 col-xs-4 col-sm-3\"><\/div>\n<div class=\"col-lg-4 col-md-2 col-xs-4 col-sm-6\">\n<h3 class=\"h3compromisos\">SEGUIMIENTO<\/h3>\n<\/div>\n<div class=\"col-lg-4 col-md-5 col-xs-4 col-sm-3\"><\/div>\n<\/div>\n<p style=\"text-align: center;\">De acuerdo a nuestro principio b\u00e1sico de prevenci\u00f3n y minimizaci\u00f3n de impactos asociados a nuestra actividad, realizamos un <strong>seguimiento en continuo de los par\u00e1metros ambientales<\/strong>; esto lo monitorizamos a trav\u00e9s de indicadores representativos que nos ayudan a mejorar. Estos indicadores son referenciados por organismos p\u00fablicos y centros universitarios.<\/p>\n<div style=\"margin-bottom:20px ; height:1px; clear:both;\"><\/div>\n<p style=\"text-align: center;\"><a class=\"btn btn-default btn-lg iconoDescargar\" title=\"Descargar PDF\" href=\"https:\/\/petronor.eus\/wp-content\/uploads\/2022\/12\/convenio-apb-2022.pdf\" target=\"_blank\" rel=\"noopener\">Convenio de Buenas Pr\u00e1cticas Ambientales con la autoridad portuaria de Bilbao<\/a><\/p><\/div><div class=\"tabcycle\"><div class=\"row\">\n<div class=\"col-lg-4 col-md-5 col-xs-4 col-sm-3\"><\/div>\n<div class=\"col-lg-4 col-md-2 col-xs-4 col-sm-6\">\n<h3 class=\"h3compromisos\">PLANIFICACI\u00d3N<\/h3>\n<\/div>\n<div class=\"col-lg-4 col-md-5 col-xs-4 col-sm-3\"><\/div>\n<\/div>\n<p style=\"text-align: center;\">Otra herramienta que utilizamos para detectar oportunidades de mejora y avanzar en la mejora continua de la gesti\u00f3n del Medio Ambiente es la <strong>planificaci\u00f3n de auditorias<\/strong> que queda reflejada en un programa anual.<\/p><\/div><div class=\"tabcycle\"><div class=\"row\">\n<div class=\"col-lg-4 col-md-5 col-xs-4 col-sm-3\"><\/div>\n<div class=\"col-lg-4 col-md-2 col-xs-4 col-sm-6\">\n<h3 class=\"h3compromisos\">PROTECCI\u00d3N<\/h3>\n<\/div>\n<div class=\"col-lg-4 col-md-5 col-xs-4 col-sm-3\"><\/div>\n<\/div>\n<p style=\"text-align: center;\">Consecuente con sus compromisos, Petronor desarrolla <strong>dos v\u00edas para la protecci\u00f3n de su entorno<\/strong>: por un lado, controlando las emisiones al aire, manteniendo una optimizada gesti\u00f3n del agua, reduciendo los olores y ruidos al m\u00ednimo posible y reciclando la mayor cantidad de residuos; por el otro, fabricando productos cada vez m\u00e1s limpios gracias a tecnolog\u00eda de vanguardia.<\/p><\/div><div class=\"tabcycle\"><div class=\"row\">\n<div class=\"col-lg-4 col-md-5 col-xs-4 col-sm-3\">\n<div class=\"hidden-xs\"><div class=\"rayaGris\">&nbsp;<\/div><\/div>\n<\/div>\n<div class=\"col-lg-4 col-md-2 col-xs-4 col-sm-6\">\n<h3 class=\"h3compromisos\">CONTROL<\/h3>\n<\/div>\n<div class=\"col-lg-4 col-md-5 col-xs-4 col-sm-3\">\n<div class=\"hidden-xs\"><div class=\"rayaGris\">&nbsp;<\/div><\/div>\n<\/div>\n<\/div>\n<div style=\"margin-bottom:20px ; height:1px; clear:both;\"><\/div>\n\n<div style=\"visibility:hidden;\">\n\nControles de explotaci\u00f3n de las instalaciones y equipos, mediante programas de mantenimiento as\u00ed como inspecciones peri\u00f3dicas que responden a la normativa legal y a exigentes normativas de reconocido prestigio.\n<div class=\"separadorGrisGris\"><\/div>\n<\/div>\n<div id=\"botonesControl\" style=\"display:flex; flex-direction:row; justify-content:center;\"><a class=\"btn btn-default btn-lg iconoDescargar\" title=\"Descargar PDF\" href=\"\/wp-content\/uploads\/2024\/12\/CertificadoGE-2018-0028_ES_2024-10-24.pdf\" target=\"_blank\" rel=\"noopener\"><i class=\"glyphicon glyphicon-save\"><\/i> Certificado AENOR GE<\/a>\n\n<a class=\"btn btn-default btn-lg iconoDescargar\" title=\"Descargar PDF\" href=\"\/wp-content\/uploads\/2024\/12\/IQNetES-GE-2018-0028_2024-10-24.pdf\" target=\"_blank\" rel=\"noopener\"><i class=\"glyphicon glyphicon-save\"><\/i>Certificado IQNET GE<\/a><\/div>\n<div style=\"clear: both;\"><\/div><\/div><\/div>\n    <div id=\"prev2\"><\/div><div id=\"next2\"><\/div>\n    <\/div><!-- tabs-wrapper end --><div class=\"clear\"><\/div><\/div><\/div>\n<div style=\"margin-bottom:150px ; height:1px; clear:both;\"><\/div>\n\n<div class=\"row tablaTurquesa\">\n<div class=\"col-lg-3 col-md-3 col-xs-12 col-sm-6\">\n<h3>C\u00d3MO PROTEGEMOS EL ENTORNO<\/h3>\n<\/div>\n\n<div class=\"col-lg-3 col-md-3 col-xs-12 col-sm-6\">\n<div class=\"marginTopIcono\"><img loading=\"lazy\" decoding=\"async\" class=\"aligncenter size-full wp-image-1186\" src=\"\/wp-content\/uploads\/2014\/12\/icono-mediambiente-1.png\" alt=\"icono-medio-ambiente-agua\" width=\"50\" height=\"51\" \/><\/div>\nCompromiso con el\nAGUA\n<\/div>\n\n<div class=\"col-lg-3 col-md-3 col-xs-12 col-sm-6\">\n<div class=\"marginTopIcono\"><img loading=\"lazy\" decoding=\"async\" class=\"aligncenter size-full wp-image-1200\" src=\"\/wp-content\/uploads\/2014\/12\/icono-mediambiente-2.png\" alt=\"ingurumen-ikurra\" width=\"50\" height=\"51\" \/><\/div>\nGesti\u00f3n del\n\nAIRE\n<\/div>\n\n<div class=\"col-lg-3 col-md-3 col-xs-12 col-sm-6\">\n<div class=\"marginTopIcono\"><img loading=\"lazy\" decoding=\"async\" class=\"aligncenter size-full wp-image-1201\" src=\"\/wp-content\/uploads\/2014\/12\/icono-mediambiente-3.png\" alt=\"ingurumena-zarata-ikurra\" width=\"50\" height=\"51\" \/><\/div>\nGesti\u00f3n de\n\nOLORES Y RUIDO\n<\/div>\n\n<div class=\"col-lg-3 col-md-3 col-xs-12 col-sm-6 hidden-sm hidden-xs\">\u00a0<\/div>\n<div class=\"col-lg-3 col-md-3 col-xs-12 col-sm-6\">\n<div class=\"marginTopIcono\"><img loading=\"lazy\" decoding=\"async\" class=\"aligncenter size-full wp-image-1202\" src=\"\/wp-content\/uploads\/2014\/12\/icono-mediambiente-4.png\" alt=\"ingumena-lurzorua-ikurra\" width=\"50\" height=\"51\" \/><\/div>\nGesti\u00f3n de los\n\nSUELOS\n<\/div>\n\n<div class=\"col-lg-3 col-md-3 col-xs-12 col-sm-6\">\n<div class=\"marginTopIcono\"><img loading=\"lazy\" decoding=\"async\" class=\"aligncenter size-full wp-image-1203\" src=\"\/wp-content\/uploads\/2014\/12\/icono-mediambiente-5.png\" alt=\"ingurumen-hondakinak-ikurra\" width=\"50\" height=\"51\" \/><\/div>\nTratamiento de\n\nRESIDUOS\n\n<\/div>\n<div class=\"col-lg-3 col-md-3 col-xs-12 col-sm-6\">\n<div class=\"marginTopIcono\"><img loading=\"lazy\" decoding=\"async\" class=\"aligncenter size-full wp-image-1204\" src=\"\/wp-content\/uploads\/2014\/12\/icono-mediambiente-6.png\" alt=\"ingumen-ikurra-energia\" width=\"50\" height=\"51\" \/><\/div>\nAhorro\n\nENERG\u00c9TICO\n\n<\/div><\/div>\n\n<div style=\"margin-bottom:30px ; height:1px; clear:both;\"><\/div>\n\n<div class=\"row \">\n<div class=\"col-lg-12 col-md-12 col-xs-12 col-sm-12\">\n<div class=\"post-thumb\" style=\"background-color:#E7E6E6;\">\n<img loading=\"lazy\" decoding=\"async\" class=\"alignnone wp-image-2485 size-full\" src=\"\/wp-content\/uploads\/2024\/11\/compromiso_entorno.png\" width=\"1176\" height=\"450\" alt=\"Compromiso con el entorno\"\/>\n<p style=\"padding:50px; font-size:20px !important;\"><a href=\"\/wp-content\/uploads\/2024\/07\/2024-Plan-Sostenibilidad-ES-web.pdf\" target=\"__blank\" rel=\"noopener\">Ver Plan de Sostenibilidad de Petronor 2024.<\/a><\/p>\n<\/div>\n<\/div>\n<\/div>","protected":false},"excerpt":{"rendered":"","protected":false},"author":1,"featured_media":0,"parent":75694,"menu_order":2,"comment_status":"open","ping_status":"closed","template":"","meta":{"footnotes":""},"class_list":["post-97","page","type-page","status-publish","hentry"],"yoast_head":"<!-- This site is optimized with the Yoast SEO plugin v24.7 - https:\/\/yoast.com\/wordpress\/plugins\/seo\/ -->\n<title>Compromiso con el medio ambiente<\/title>\n<meta name=\"description\" content=\"Informaci\u00f3n sobre el compromiso con el medio ambiente de Petronor para minimizar el impacto de la refiner\u00eda de Muskiz y c\u00f3mo protegemos el entorno.\" \/>\n<meta name=\"robots\" content=\"index, follow, max-snippet:-1, max-image-preview:large, max-video-preview:-1\" \/>\n<link rel=\"canonical\" href=\"https:\/\/petronor.eus\/es\/nuestra-vision-de-la-sostenibilidad\/compromiso-con-el-medio-ambiente\/\" \/>\n<meta property=\"og:locale\" content=\"es_ES\" \/>\n<meta property=\"og:type\" content=\"article\" \/>\n<meta property=\"og:title\" content=\"Compromiso con el medio ambiente\" \/>\n<meta property=\"og:description\" content=\"Informaci\u00f3n sobre el compromiso con el medio ambiente de Petronor para minimizar el impacto de la refiner\u00eda de Muskiz y c\u00f3mo protegemos el entorno.\" \/>\n<meta property=\"og:url\" content=\"https:\/\/petronor.eus\/es\/nuestra-vision-de-la-sostenibilidad\/compromiso-con-el-medio-ambiente\/\" \/>\n<meta property=\"og:site_name\" content=\"Petronor\" \/>\n<meta property=\"article:modified_time\" content=\"2025-05-29T06:18:04+00:00\" \/>\n<meta property=\"og:image\" content=\"https:\/\/petronor.eus\/wp-content\/uploads\/2014\/12\/refineria-compromiso-medioambiente.jpg\" \/>\n<meta name=\"twitter:label1\" content=\"Est. reading time\" \/>\n\t<meta name=\"twitter:data1\" content=\"4 minutes\" \/>\n<script type=\"application\/ld+json\" class=\"yoast-schema-graph\">{\"@context\":\"https:\/\/schema.org\",\"@graph\":[{\"@type\":\"WebPage\",\"@id\":\"https:\/\/petronor.eus\/es\/nuestra-vision-de-la-sostenibilidad\/compromiso-con-el-medio-ambiente\/\",\"url\":\"https:\/\/petronor.eus\/es\/nuestra-vision-de-la-sostenibilidad\/compromiso-con-el-medio-ambiente\/\",\"name\":\"Compromiso con el medio ambiente\",\"isPartOf\":{\"@id\":\"https:\/\/petronor.eus\/es\/#website\"},\"primaryImageOfPage\":{\"@id\":\"https:\/\/petronor.eus\/es\/nuestra-vision-de-la-sostenibilidad\/compromiso-con-el-medio-ambiente\/#primaryimage\"},\"image\":{\"@id\":\"https:\/\/petronor.eus\/es\/nuestra-vision-de-la-sostenibilidad\/compromiso-con-el-medio-ambiente\/#primaryimage\"},\"thumbnailUrl\":\"https:\/\/petronor.eus\/wp-content\/uploads\/2014\/12\/refineria-compromiso-medioambiente.jpg\",\"datePublished\":\"2014-12-15T12:42:07+00:00\",\"dateModified\":\"2025-05-29T06:18:04+00:00\",\"description\":\"Informaci\u00f3n sobre el compromiso con el medio ambiente de Petronor para minimizar el impacto de la refiner\u00eda de Muskiz y c\u00f3mo protegemos el entorno.\",\"breadcrumb\":{\"@id\":\"https:\/\/petronor.eus\/es\/nuestra-vision-de-la-sostenibilidad\/compromiso-con-el-medio-ambiente\/#breadcrumb\"},\"inLanguage\":\"es-ES\",\"potentialAction\":[{\"@type\":\"ReadAction\",\"target\":[\"https:\/\/petronor.eus\/es\/nuestra-vision-de-la-sostenibilidad\/compromiso-con-el-medio-ambiente\/\"]}]},{\"@type\":\"ImageObject\",\"inLanguage\":\"es-ES\",\"@id\":\"https:\/\/petronor.eus\/es\/nuestra-vision-de-la-sostenibilidad\/compromiso-con-el-medio-ambiente\/#primaryimage\",\"url\":\"https:\/\/petronor.eus\/wp-content\/uploads\/2014\/12\/refineria-compromiso-medioambiente.jpg\",\"contentUrl\":\"https:\/\/petronor.eus\/wp-content\/uploads\/2014\/12\/refineria-compromiso-medioambiente.jpg\"},{\"@type\":\"BreadcrumbList\",\"@id\":\"https:\/\/petronor.eus\/es\/nuestra-vision-de-la-sostenibilidad\/compromiso-con-el-medio-ambiente\/#breadcrumb\",\"itemListElement\":[{\"@type\":\"ListItem\",\"position\":1,\"name\":\"Home\",\"item\":\"https:\/\/petronor.eus\/es\/\"},{\"@type\":\"ListItem\",\"position\":2,\"name\":\"NUESTRA VISI\u00d3N DE LA SOSTENIBILIDAD\",\"item\":\"https:\/\/petronor.eus\/es\/nuestra-vision-de-la-sostenibilidad\/\"},{\"@type\":\"ListItem\",\"position\":3,\"name\":\"COMPROMISO CON EL MEDIO AMBIENTE\"}]},{\"@type\":\"WebSite\",\"@id\":\"https:\/\/petronor.eus\/es\/#website\",\"url\":\"https:\/\/petronor.eus\/es\/\",\"name\":\"Petronor\",\"description\":\"\",\"potentialAction\":[{\"@type\":\"SearchAction\",\"target\":{\"@type\":\"EntryPoint\",\"urlTemplate\":\"https:\/\/petronor.eus\/es\/?s={search_term_string}\"},\"query-input\":{\"@type\":\"PropertyValueSpecification\",\"valueRequired\":true,\"valueName\":\"search_term_string\"}}],\"inLanguage\":\"es-ES\"}]}<\/script>\n<!-- \/ Yoast SEO plugin. -->","yoast_head_json":{"title":"Compromiso con el medio ambiente","description":"Informaci\u00f3n sobre el compromiso con el medio ambiente de Petronor para minimizar el impacto de la refiner\u00eda de Muskiz y c\u00f3mo protegemos el entorno.","robots":{"index":"index","follow":"follow","max-snippet":"max-snippet:-1","max-image-preview":"max-image-preview:large","max-video-preview":"max-video-preview:-1"},"canonical":"https:\/\/petronor.eus\/es\/nuestra-vision-de-la-sostenibilidad\/compromiso-con-el-medio-ambiente\/","og_locale":"es_ES","og_type":"article","og_title":"Compromiso con el medio ambiente","og_description":"Informaci\u00f3n sobre el compromiso con el medio ambiente de Petronor para minimizar el impacto de la refiner\u00eda de Muskiz y c\u00f3mo protegemos el entorno.","og_url":"https:\/\/petronor.eus\/es\/nuestra-vision-de-la-sostenibilidad\/compromiso-con-el-medio-ambiente\/","og_site_name":"Petronor","article_modified_time":"2025-05-29T06:18:04+00:00","og_image":[{"url":"https:\/\/petronor.eus\/wp-content\/uploads\/2014\/12\/refineria-compromiso-medioambiente.jpg","type":"","width":"","height":""}],"twitter_misc":{"Est. reading time":"4 minutes"},"schema":{"@context":"https:\/\/schema.org","@graph":[{"@type":"WebPage","@id":"https:\/\/petronor.eus\/es\/nuestra-vision-de-la-sostenibilidad\/compromiso-con-el-medio-ambiente\/","url":"https:\/\/petronor.eus\/es\/nuestra-vision-de-la-sostenibilidad\/compromiso-con-el-medio-ambiente\/","name":"Compromiso con el medio ambiente","isPartOf":{"@id":"https:\/\/petronor.eus\/es\/#website"},"primaryImageOfPage":{"@id":"https:\/\/petronor.eus\/es\/nuestra-vision-de-la-sostenibilidad\/compromiso-con-el-medio-ambiente\/#primaryimage"},"image":{"@id":"https:\/\/petronor.eus\/es\/nuestra-vision-de-la-sostenibilidad\/compromiso-con-el-medio-ambiente\/#primaryimage"},"thumbnailUrl":"https:\/\/petronor.eus\/wp-content\/uploads\/2014\/12\/refineria-compromiso-medioambiente.jpg","datePublished":"2014-12-15T12:42:07+00:00","dateModified":"2025-05-29T06:18:04+00:00","description":"Informaci\u00f3n sobre el compromiso con el medio ambiente de Petronor para minimizar el impacto de la refiner\u00eda de Muskiz y c\u00f3mo protegemos el entorno.","breadcrumb":{"@id":"https:\/\/petronor.eus\/es\/nuestra-vision-de-la-sostenibilidad\/compromiso-con-el-medio-ambiente\/#breadcrumb"},"inLanguage":"es-ES","potentialAction":[{"@type":"ReadAction","target":["https:\/\/petronor.eus\/es\/nuestra-vision-de-la-sostenibilidad\/compromiso-con-el-medio-ambiente\/"]}]},{"@type":"ImageObject","inLanguage":"es-ES","@id":"https:\/\/petronor.eus\/es\/nuestra-vision-de-la-sostenibilidad\/compromiso-con-el-medio-ambiente\/#primaryimage","url":"https:\/\/petronor.eus\/wp-content\/uploads\/2014\/12\/refineria-compromiso-medioambiente.jpg","contentUrl":"https:\/\/petronor.eus\/wp-content\/uploads\/2014\/12\/refineria-compromiso-medioambiente.jpg"},{"@type":"BreadcrumbList","@id":"https:\/\/petronor.eus\/es\/nuestra-vision-de-la-sostenibilidad\/compromiso-con-el-medio-ambiente\/#breadcrumb","itemListElement":[{"@type":"ListItem","position":1,"name":"Home","item":"https:\/\/petronor.eus\/es\/"},{"@type":"ListItem","position":2,"name":"NUESTRA VISI\u00d3N DE LA SOSTENIBILIDAD","item":"https:\/\/petronor.eus\/es\/nuestra-vision-de-la-sostenibilidad\/"},{"@type":"ListItem","position":3,"name":"COMPROMISO CON EL MEDIO AMBIENTE"}]},{"@type":"WebSite","@id":"https:\/\/petronor.eus\/es\/#website","url":"https:\/\/petronor.eus\/es\/","name":"Petronor","description":"","potentialAction":[{"@type":"SearchAction","target":{"@type":"EntryPoint","urlTemplate":"https:\/\/petronor.eus\/es\/?s={search_term_string}"},"query-input":{"@type":"PropertyValueSpecification","valueRequired":true,"valueName":"search_term_string"}}],"inLanguage":"es-ES"}]}},"_links":{"self":[{"href":"https:\/\/petronor.eus\/es\/wp-json\/wp\/v2\/pages\/97","targetHints":{"allow":["GET"]}}],"collection":[{"href":"https:\/\/petronor.eus\/es\/wp-json\/wp\/v2\/pages"}],"about":[{"href":"https:\/\/petronor.eus\/es\/wp-json\/wp\/v2\/types\/page"}],"author":[{"embeddable":true,"href":"https:\/\/petronor.eus\/es\/wp-json\/wp\/v2\/users\/1"}],"replies":[{"embeddable":true,"href":"https:\/\/petronor.eus\/es\/wp-json\/wp\/v2\/comments?post=97"}],"version-history":[{"count":165,"href":"https:\/\/petronor.eus\/es\/wp-json\/wp\/v2\/pages\/97\/revisions"}],"predecessor-version":[{"id":80717,"href":"https:\/\/petronor.eus\/es\/wp-json\/wp\/v2\/pages\/97\/revisions\/80717"}],"up":[{"embeddable":true,"href":"https:\/\/petronor.eus\/es\/wp-json\/wp\/v2\/pages\/75694"}],"wp:attachment":[{"href":"https:\/\/petronor.eus\/es\/wp-json\/wp\/v2\/media?parent=97"}],"curies":[{"name":"wp","href":"https:\/\/api.w.org\/{rel}","templated":true}]}}