{"id":40462,"date":"2017-10-02T15:11:14","date_gmt":"2017-10-02T13:11:14","guid":{"rendered":"https:\/\/petronor.eus\/?page_id=40462"},"modified":"2018-01-15T13:15:26","modified_gmt":"2018-01-15T11:15:26","slug":"jardunaldia-mugarik-gabeko-etorkizuna-gure-alabentzat","status":"publish","type":"page","link":"https:\/\/petronor.eus\/eu\/babesa\/kultura\/jardunaldia-mugarik-gabeko-etorkizuna-gure-alabentzat\/","title":{"rendered":"JARDUNALDIA: Mugarik gabeko etorkizuna gure alabentzat"},"content":{"rendered":"<div class=\"row introBlock full-width-section primeraFila\">\r\n<div class=\"col-lg-2 col-md-3 col-xs-12 col-sm-12\">\r\n<div class=\"menu-menu_cultural-euskera-container\"><ul id=\"menu-menu_cultural-euskera\" class=\"subnav\"><li id=\"menu-item-32391\" class=\"menu-item menu-item-type-post_type menu-item-object-page menu-item-32391\"><a href=\"https:\/\/petronor.eus\/eu\/babesa\/kultura\/kazetarien-trebatzea\/\">KAZETARIEN TREBATZEA<\/a><\/li>\n<li id=\"menu-item-40467\" class=\"menu-item menu-item-type-post_type menu-item-object-page menu-item-40467\"><a href=\"https:\/\/petronor.eus\/eu\/babesa\/kultura\/jardunaldia-mugarik-gabeko-etorkizuna-gure-alabentzat\/\">JARDUNALDIA: Mugarik gabeko etorkizuna gure alabentzat<\/a><\/li>\n<\/ul><\/div>\r\n<\/div>\r\n<div class=\"col-lg-3 col-md-3 col-xs-12 col-sm-12\">\r\n<h1 style=\"margin-top: 0;\">JARDUNALDIA: MUGARIK GABEKO ETORKIZUNA GURE ALABENTZAT<\/h1>\r\n<p class=\"font18\" style=\"font-size: 18px!important;\"><b>Petronor-ek, Bizkaiko Emakumezko Enpresari eta Zuzendarien Elkartearekin eta Somorrostroko Prestakuntza Zentroaren lankidetzaz, gure alabei zuzenduriko prestakuntza teknikorako informazio jardunaldia antolatu du.<\/b><\/p>\r\nJardunaldia, datorren urriaren 25ean, arratsaldeko 19:00tan, Muskizko Kultura etxeko M. aretoan egingo da.\r\n\r\n<\/div>\r\n<div class=\"no-padding-right-child\"><div class=\"col-lg-7 col-md-5 col-xs-12 col-sm-12\">\r\n<img loading=\"lazy\" decoding=\"async\" class=\"alignnone size-full wp-image-2228 fullwidth\" src=\"https:\/\/petronor.eus\/wp-content\/uploads\/2017\/10\/O68AOZ0-.jpeg\" alt=\"mugarik gabe\" width=\"584\" height=\"337\" \/><\/div><\/div>\r\n<\/div>\r\n<div class=\"row \">\r\n<div class=\"col-lg-5 col-md-10 col-sm-12 col-xs-12 col-lg-offset-2 col-md-offset-1 egitaraua-col\">\r\n\r\n<div class=\"tablaHeader derechadoMovil\">\n<div class=\"celda celdaIzquierda\"><h3>FORMAZIO TEKNIKOA<\/h3><\/div>\n<div class=\"celda\"><div class=\"widgettitlewrapper\">&nbsp;<\/div><\/div>\n<\/div>\r\n\r\n\r\n<br>Nola lagundu geure alabei?<br> <br>Nola eman etorkizuna?<br>\r\n\r\n\r\n<br>Guraso guztiok nekez erantzun daitezkeen galdera horiek egiten dizkiogu geure buruari. Ez dago ez erantzun \r\nerrazik ez erantzun bakarrik. Hala ere, argi dago eurentzat oso lagungarria izango dela prestakuntza sendoa \r\nedukitzea oztoporik eta kristalezko sabairik gabeko lan-munduan. Bertan, gainera, nahierako bizimodua aukeratu \r\neta banakako askatasunez garatu ahal izango dute, laneratzeko eta etorkizuna marrazteko aukera eskaintzen dien \r\nprestakuntzaren bidez.<br>\r\n\r\n<br> Prestakuntza horrek, etorkizun horrek, prestakuntza teknikoa du izena (lanbide- heziketa \r\nedota unibertsitarioa), eta Batxilergo Teknikoa amaitutakoan egiten da. Emakumeek bide luzea egin behar dute \r\narlo horretan, gero eta profesional gehiago behar direla kontuan hartuta&#8230; Lan ona dago. Zergatik ez zure \r\nalabarentzat?<br>\r\n\r\n\r\n\r\n<br> Errealitate hori eta zure alabarentzako etorkizun hori ezagutu ditzazun, jardunaldi hau prestatu dugu.Hori dela eta, hiru erakundeen artean ekintza bateraturen bat egiteko  ekimena sortu da: Petronor, <a href=\"http:\/\/www.aedbiz.org\/\" target=\"_blank\">AED<\/a> eta <a href=\"http:\/\/www.somorrostro.com\/\" target=\"_blank\">Somorrostroko Prestakuntza Zentroa<\/a>.<\/a><br>\r\n\r\n\r\n<br><div class=\"titulo-rojo\">EGUNA-ORDUA-LEKUA<\/div>\r\n<p class=\"parrafoDestacado\">\r\n\r\n<br>Eguna: urriak 25 asteazkena<br>\r\n\r\n<br>Ordua: 19:00.<br>\r\n\r\n<br>Lekua: M aretoa Kultura Etxea Muskiz. Sarrera doan.<\/a><\/p>\r\n\r\n\r\n<\/div>\r\n<!-- FIN PARTE IZQUIERDA -->\r\n<div class=\"col-lg-4 col-md-10 col-sm-12 col-xs-12 col-lg-offset-1 col-md-offset-1 right-col-row\"><div class=\"tablaHeader derechadoMovil\">\n<div class=\"celda celdaIzquierda\"><h3>EGITARAUA<\/h3><\/div>\n<div class=\"celda\"><div class=\"widgettitlewrapper\">&nbsp;<\/div><\/div>\n<\/div><br>\r\n\r\n<br>\u2022 <strong>Ongietorria<\/strong>.<\/strong><br>\r\n<br>\u2022 <strong>Emakume bat obran bertan.<\/strong> Lourdes Ubieta Lemos. Amantegiko Garraio eta Kalitateko zuzendaria.<br>\r\n<br>\u2022 <strong>Aita eta alaba, findegian.<\/strong> Francisco Javier Garc\u00eda Huete eta Irati Garc\u00eda Mart\u00edn. Petronor.<br>\r\n<br>\u2022 <strong>Prestakuntza teknikoa neska gazteen artean.<\/strong> Javier Laiseca. Somorrostroko Prestakuntza Zentroa.<br>\r\n<br>\u2022 <strong>Petronorren beken programa.<\/strong>. Rosal\u00eda Ferre\u00f1o<br>\r\n<br>\u2022 <strong>Galderak.<\/strong><br>\r\n\r\n\r\n\r\n\r\n<p style=\"margin-top: 30px;\">\r\n<img decoding=\"async\" src=\"https:\/\/petronor.eus\/wp-content\/uploads\/2017\/10\/petronor_logo.png\" alt=\"Petronor\" width=\"140\">\r\n<a href=\"http:\/\/www.aedbiz.org\/eu\/\" target=\"_blank\"><img decoding=\"async\" class=\"\" src=\"https:\/\/petronor.eus\/wp-content\/uploads\/2017\/10\/AED_logo.png\" alt=\"AED\" width=\"210\"><\/a>\r\n<a href=\"http:\/\/www.somorrostro.com\/\" target=\"_blank\"><img decoding=\"async\" style=\"\" src=\"https:\/\/petronor.eus\/wp-content\/uploads\/2018\/01\/logo_somo.jpg\" alt=\"Somorrostro\" width=\"150\"><\/a>\r\n<\/p>\r\n\r\n<\/div>\r\n<!-- FIN PARTE DERECHA -->\r\n<\/div>","protected":false},"excerpt":{"rendered":"","protected":false},"author":3,"featured_media":0,"parent":8471,"menu_order":0,"comment_status":"open","ping_status":"open","template":"","meta":{"footnotes":""},"class_list":["post-40462","page","type-page","status-publish","hentry"],"yoast_head":"<!-- This site is optimized with the Yoast SEO plugin v24.7 - https:\/\/yoast.com\/wordpress\/plugins\/seo\/ -->\n<title>JARDUNALDIA: Mugarik gabeko etorkizuna gure alabentzat - Petronor<\/title>\n<meta name=\"robots\" content=\"index, follow, max-snippet:-1, max-image-preview:large, max-video-preview:-1\" \/>\n<link rel=\"canonical\" href=\"https:\/\/petronor.eus\/eu\/babesa\/kultura\/jardunaldia-mugarik-gabeko-etorkizuna-gure-alabentzat\/\" \/>\n<meta property=\"og:locale\" content=\"en_US\" \/>\n<meta property=\"og:type\" content=\"article\" \/>\n<meta property=\"og:title\" content=\"JARDUNALDIA: Mugarik gabeko etorkizuna gure alabentzat - Petronor\" \/>\n<meta property=\"og:url\" content=\"https:\/\/petronor.eus\/eu\/babesa\/kultura\/jardunaldia-mugarik-gabeko-etorkizuna-gure-alabentzat\/\" \/>\n<meta property=\"og:site_name\" content=\"Petronor\" \/>\n<meta property=\"article:modified_time\" content=\"2018-01-15T11:15:26+00:00\" \/>\n<meta property=\"og:image\" content=\"https:\/\/petronor.eus\/wp-content\/uploads\/2017\/10\/O68AOZ0-.jpeg\" \/>\n<meta name=\"twitter:label1\" content=\"Est. reading time\" \/>\n\t<meta name=\"twitter:data1\" content=\"1 minutua\" \/>\n<script type=\"application\/ld+json\" class=\"yoast-schema-graph\">{\"@context\":\"https:\/\/schema.org\",\"@graph\":[{\"@type\":\"WebPage\",\"@id\":\"https:\/\/petronor.eus\/eu\/babesa\/kultura\/jardunaldia-mugarik-gabeko-etorkizuna-gure-alabentzat\/\",\"url\":\"https:\/\/petronor.eus\/eu\/babesa\/kultura\/jardunaldia-mugarik-gabeko-etorkizuna-gure-alabentzat\/\",\"name\":\"JARDUNALDIA: Mugarik gabeko etorkizuna gure alabentzat - Petronor\",\"isPartOf\":{\"@id\":\"https:\/\/petronor.eus\/es\/#website\"},\"primaryImageOfPage\":{\"@id\":\"https:\/\/petronor.eus\/eu\/babesa\/kultura\/jardunaldia-mugarik-gabeko-etorkizuna-gure-alabentzat\/#primaryimage\"},\"image\":{\"@id\":\"https:\/\/petronor.eus\/eu\/babesa\/kultura\/jardunaldia-mugarik-gabeko-etorkizuna-gure-alabentzat\/#primaryimage\"},\"thumbnailUrl\":\"https:\/\/petronor.eus\/wp-content\/uploads\/2017\/10\/O68AOZ0-.jpeg\",\"datePublished\":\"2017-10-02T13:11:14+00:00\",\"dateModified\":\"2018-01-15T11:15:26+00:00\",\"breadcrumb\":{\"@id\":\"https:\/\/petronor.eus\/eu\/babesa\/kultura\/jardunaldia-mugarik-gabeko-etorkizuna-gure-alabentzat\/#breadcrumb\"},\"inLanguage\":\"eu\",\"potentialAction\":[{\"@type\":\"ReadAction\",\"target\":[\"https:\/\/petronor.eus\/eu\/babesa\/kultura\/jardunaldia-mugarik-gabeko-etorkizuna-gure-alabentzat\/\"]}]},{\"@type\":\"ImageObject\",\"inLanguage\":\"eu\",\"@id\":\"https:\/\/petronor.eus\/eu\/babesa\/kultura\/jardunaldia-mugarik-gabeko-etorkizuna-gure-alabentzat\/#primaryimage\",\"url\":\"https:\/\/petronor.eus\/wp-content\/uploads\/2017\/10\/O68AOZ0-.jpeg\",\"contentUrl\":\"https:\/\/petronor.eus\/wp-content\/uploads\/2017\/10\/O68AOZ0-.jpeg\"},{\"@type\":\"BreadcrumbList\",\"@id\":\"https:\/\/petronor.eus\/eu\/babesa\/kultura\/jardunaldia-mugarik-gabeko-etorkizuna-gure-alabentzat\/#breadcrumb\",\"itemListElement\":[{\"@type\":\"ListItem\",\"position\":1,\"name\":\"Home\",\"item\":\"https:\/\/petronor.eus\/eu\/\"},{\"@type\":\"ListItem\",\"position\":2,\"name\":\"BABESA\",\"item\":\"https:\/\/petronor.eus\/eu\/babesa\/\"},{\"@type\":\"ListItem\",\"position\":3,\"name\":\"KULTURA\",\"item\":\"https:\/\/petronor.eus\/eu\/babesa\/kultura\/\"},{\"@type\":\"ListItem\",\"position\":4,\"name\":\"JARDUNALDIA: Mugarik gabeko etorkizuna gure alabentzat\"}]},{\"@type\":\"WebSite\",\"@id\":\"https:\/\/petronor.eus\/es\/#website\",\"url\":\"https:\/\/petronor.eus\/es\/\",\"name\":\"Petronor\",\"description\":\"\",\"potentialAction\":[{\"@type\":\"SearchAction\",\"target\":{\"@type\":\"EntryPoint\",\"urlTemplate\":\"https:\/\/petronor.eus\/es\/?s={search_term_string}\"},\"query-input\":{\"@type\":\"PropertyValueSpecification\",\"valueRequired\":true,\"valueName\":\"search_term_string\"}}],\"inLanguage\":\"eu\"}]}<\/script>\n<!-- \/ Yoast SEO plugin. -->","yoast_head_json":{"title":"JARDUNALDIA: Mugarik gabeko etorkizuna gure alabentzat - Petronor","robots":{"index":"index","follow":"follow","max-snippet":"max-snippet:-1","max-image-preview":"max-image-preview:large","max-video-preview":"max-video-preview:-1"},"canonical":"https:\/\/petronor.eus\/eu\/babesa\/kultura\/jardunaldia-mugarik-gabeko-etorkizuna-gure-alabentzat\/","og_locale":"en_US","og_type":"article","og_title":"JARDUNALDIA: Mugarik gabeko etorkizuna gure alabentzat - Petronor","og_url":"https:\/\/petronor.eus\/eu\/babesa\/kultura\/jardunaldia-mugarik-gabeko-etorkizuna-gure-alabentzat\/","og_site_name":"Petronor","article_modified_time":"2018-01-15T11:15:26+00:00","og_image":[{"url":"https:\/\/petronor.eus\/wp-content\/uploads\/2017\/10\/O68AOZ0-.jpeg","type":"","width":"","height":""}],"twitter_misc":{"Est. reading time":"1 minutua"},"schema":{"@context":"https:\/\/schema.org","@graph":[{"@type":"WebPage","@id":"https:\/\/petronor.eus\/eu\/babesa\/kultura\/jardunaldia-mugarik-gabeko-etorkizuna-gure-alabentzat\/","url":"https:\/\/petronor.eus\/eu\/babesa\/kultura\/jardunaldia-mugarik-gabeko-etorkizuna-gure-alabentzat\/","name":"JARDUNALDIA: Mugarik gabeko etorkizuna gure alabentzat - Petronor","isPartOf":{"@id":"https:\/\/petronor.eus\/es\/#website"},"primaryImageOfPage":{"@id":"https:\/\/petronor.eus\/eu\/babesa\/kultura\/jardunaldia-mugarik-gabeko-etorkizuna-gure-alabentzat\/#primaryimage"},"image":{"@id":"https:\/\/petronor.eus\/eu\/babesa\/kultura\/jardunaldia-mugarik-gabeko-etorkizuna-gure-alabentzat\/#primaryimage"},"thumbnailUrl":"https:\/\/petronor.eus\/wp-content\/uploads\/2017\/10\/O68AOZ0-.jpeg","datePublished":"2017-10-02T13:11:14+00:00","dateModified":"2018-01-15T11:15:26+00:00","breadcrumb":{"@id":"https:\/\/petronor.eus\/eu\/babesa\/kultura\/jardunaldia-mugarik-gabeko-etorkizuna-gure-alabentzat\/#breadcrumb"},"inLanguage":"eu","potentialAction":[{"@type":"ReadAction","target":["https:\/\/petronor.eus\/eu\/babesa\/kultura\/jardunaldia-mugarik-gabeko-etorkizuna-gure-alabentzat\/"]}]},{"@type":"ImageObject","inLanguage":"eu","@id":"https:\/\/petronor.eus\/eu\/babesa\/kultura\/jardunaldia-mugarik-gabeko-etorkizuna-gure-alabentzat\/#primaryimage","url":"https:\/\/petronor.eus\/wp-content\/uploads\/2017\/10\/O68AOZ0-.jpeg","contentUrl":"https:\/\/petronor.eus\/wp-content\/uploads\/2017\/10\/O68AOZ0-.jpeg"},{"@type":"BreadcrumbList","@id":"https:\/\/petronor.eus\/eu\/babesa\/kultura\/jardunaldia-mugarik-gabeko-etorkizuna-gure-alabentzat\/#breadcrumb","itemListElement":[{"@type":"ListItem","position":1,"name":"Home","item":"https:\/\/petronor.eus\/eu\/"},{"@type":"ListItem","position":2,"name":"BABESA","item":"https:\/\/petronor.eus\/eu\/babesa\/"},{"@type":"ListItem","position":3,"name":"KULTURA","item":"https:\/\/petronor.eus\/eu\/babesa\/kultura\/"},{"@type":"ListItem","position":4,"name":"JARDUNALDIA: Mugarik gabeko etorkizuna gure alabentzat"}]},{"@type":"WebSite","@id":"https:\/\/petronor.eus\/es\/#website","url":"https:\/\/petronor.eus\/es\/","name":"Petronor","description":"","potentialAction":[{"@type":"SearchAction","target":{"@type":"EntryPoint","urlTemplate":"https:\/\/petronor.eus\/es\/?s={search_term_string}"},"query-input":{"@type":"PropertyValueSpecification","valueRequired":true,"valueName":"search_term_string"}}],"inLanguage":"eu"}]}},"_links":{"self":[{"href":"https:\/\/petronor.eus\/eu\/wp-json\/wp\/v2\/pages\/40462","targetHints":{"allow":["GET"]}}],"collection":[{"href":"https:\/\/petronor.eus\/eu\/wp-json\/wp\/v2\/pages"}],"about":[{"href":"https:\/\/petronor.eus\/eu\/wp-json\/wp\/v2\/types\/page"}],"author":[{"embeddable":true,"href":"https:\/\/petronor.eus\/eu\/wp-json\/wp\/v2\/users\/3"}],"replies":[{"embeddable":true,"href":"https:\/\/petronor.eus\/eu\/wp-json\/wp\/v2\/comments?post=40462"}],"version-history":[{"count":5,"href":"https:\/\/petronor.eus\/eu\/wp-json\/wp\/v2\/pages\/40462\/revisions"}],"predecessor-version":[{"id":41762,"href":"https:\/\/petronor.eus\/eu\/wp-json\/wp\/v2\/pages\/40462\/revisions\/41762"}],"up":[{"embeddable":true,"href":"https:\/\/petronor.eus\/eu\/wp-json\/wp\/v2\/pages\/8471"}],"wp:attachment":[{"href":"https:\/\/petronor.eus\/eu\/wp-json\/wp\/v2\/media?parent=40462"}],"curies":[{"name":"wp","href":"https:\/\/api.w.org\/{rel}","templated":true}]}}