{"id":7403,"date":"2015-06-17T06:32:43","date_gmt":"2015-06-17T06:32:43","guid":{"rendered":"https:\/\/petronor.eus\/?page_id=7403"},"modified":"2017-06-07T15:57:20","modified_gmt":"2017-06-07T13:57:20","slug":"naturi-buruzko-artikuluak","status":"publish","type":"page","link":"https:\/\/petronor.eus\/eu\/gure-ingurunea\/natur-ingurunea\/naturi-buruzko-artikuluak\/","title":{"rendered":"NATURARI BURUZKO ARTIKULUAK"},"content":{"rendered":"<div class=\"row \">\r\n<div class=\"col-lg-4 col-md-4 col-xs-12 col-sm-12\">\r\n<div class=\"visible-sm visible-xs\"><div style=\"margin-bottom:10px ; height:1px; clear:both;\"><\/div><\/div>\r\n<h1 style=\"margin-top: 0;\">NATURARI BURUZKO ARTIKULUAK<\/h1>\r\n<div class=\"tablaHeader derechadoMovil\">\n<div class=\"celda celdaIzquierda\"><h3>EGILEA<\/h3><\/div>\n<div class=\"celda\"><div class=\"widgettitlewrapper\">&nbsp;<\/div><\/div>\n<\/div>\r\n<p class=\"font18\" style=\"font-size: 18px!important;\">Fernando Pedro P\u00e9rez<\/p>\r\n&nbsp;\r\n\r\nNatura-zale eta argazkilari bilbotar honek hogei urte daramatza Euskal Herriko landaretza eta fauna aztertzen eta 100 liburutik gora idatzi ditu biodibertsitateari eta naturari buruz. Fernando Pedro P\u00e9rez, gainera, <a title=\"Ir a Asociaci\u00f3n para la Defensa de las Especies en V\u00edas de Extinci\u00f3n\" href=\"http:\/\/www.adeve.es\/\" target=\"_blank\"><u>Desagertzeko Arriskuan dauden Espezieen Defentsarako Elkartearen<\/u><\/a> presidentea da, eta Naturan espezializatuta dagoen euskal aldizkari bakarraren zuzendaria: Naturaren Ahotsa.\r\n\r\n<\/div>\r\n<div class=\"col-lg-4 col-md-4 col-xs-6 col-sm-6\">\r\n<img loading=\"lazy\" decoding=\"async\" class=\"alignnone size-full wp-image-2591\" src=\"https:\/\/petronor.eus\/wp-content\/uploads\/2014\/12\/Fernando-Pedro-Perez.jpg\" alt=\"Fernando Pedro P\u00e9rez\" width=\"300\" height=\"371\" \/>\r\n<\/div>\r\n<div class=\"col-lg-4 col-md-4 col-xs-6 col-sm-6\">\r\n<div class=\"tablaHeader\">\n<div class=\"celda celdaIzquierda \"><h3>AZKEN BOLADAN IRAKURRIENA<\/h3><\/div>\n<div class=\"celda\"><div class=\"widgettitlewrapper\">&nbsp;<\/div><\/div>\n<\/div>\n    <ul class=\"reportajesWidget\">\n        <li>\n            <h4><a href=\"https:\/\/petronor.eus\/eu\/reportajes\/barbaduneko-angulak\/\">Barbaduneko angulak<\/a><\/h4>            \n        <\/li>\n        <li>\n            <h4><a href=\"https:\/\/petronor.eus\/eu\/reportajes\/suge-gorbataduna-igerilari-arina\/\">Suge gorbataduna, igerilari arina<\/a><\/h4>            \n        <\/li>\n        <li>\n            <h4><a href=\"https:\/\/petronor.eus\/eu\/reportajes\/karraspioa-gure-kostaldeko-arrainik-ugarienetako-bat\/\">Karraspioa, gure kostaldeko arrainik ugarienetako bat<\/a><\/h4>            \n        <\/li>\n        <li>\n            <h4><a href=\"https:\/\/petronor.eus\/eu\/reportajes\/pauma-tximeleta-lepidoptero-negutarra\/\">Pauma tximeleta, lepidoptero negutarra<\/a><\/h4>            \n        <\/li>\n        <li>\n            <h4><a href=\"https:\/\/petronor.eus\/eu\/reportajes\/suge-biperaka-kalterik-ez-duen-bipera\/\">Suge biperakara, kalterik ez duen bipera<\/a><\/h4>            \n        <\/li><\/ul>\r\n<\/div>\r\n<\/div>","protected":false},"excerpt":{"rendered":"","protected":false},"author":3,"featured_media":0,"parent":8497,"menu_order":3,"comment_status":"open","ping_status":"open","template":"template-reportajes.php","meta":{"footnotes":""},"class_list":["post-7403","page","type-page","status-publish","hentry"],"yoast_head":"<!-- This site is optimized with the Yoast SEO plugin v24.7 - https:\/\/yoast.com\/wordpress\/plugins\/seo\/ -->\n<title>NATURARI BURUZKO ARTIKULUAK<\/title>\n<meta name=\"description\" content=\"Naturari buruzko artikuluak: Fernando Pedro Perezek Muskizeko Petronor findegi inguruko natur espezieen azterketa.\" \/>\n<meta name=\"robots\" content=\"index, follow, max-snippet:-1, max-image-preview:large, max-video-preview:-1\" \/>\n<link rel=\"canonical\" href=\"https:\/\/petronor.eus\/eu\/gure-ingurunea\/natur-ingurunea\/naturi-buruzko-artikuluak\/\" \/>\n<meta property=\"og:locale\" content=\"en_US\" \/>\n<meta property=\"og:type\" content=\"article\" \/>\n<meta property=\"og:title\" content=\"NATURARI BURUZKO ARTIKULUAK\" \/>\n<meta property=\"og:description\" content=\"Naturari buruzko artikuluak: Fernando Pedro Perezek Muskizeko Petronor findegi inguruko natur espezieen azterketa.\" \/>\n<meta property=\"og:url\" content=\"https:\/\/petronor.eus\/eu\/gure-ingurunea\/natur-ingurunea\/naturi-buruzko-artikuluak\/\" \/>\n<meta property=\"og:site_name\" content=\"Petronor\" \/>\n<meta property=\"article:modified_time\" content=\"2017-06-07T13:57:20+00:00\" \/>\n<meta property=\"og:image\" content=\"https:\/\/petronor.eus\/wp-content\/uploads\/2014\/12\/Fernando-Pedro-Perez.jpg\" \/>\n<script type=\"application\/ld+json\" class=\"yoast-schema-graph\">{\"@context\":\"https:\/\/schema.org\",\"@graph\":[{\"@type\":\"WebPage\",\"@id\":\"https:\/\/petronor.eus\/eu\/gure-ingurunea\/natur-ingurunea\/naturi-buruzko-artikuluak\/\",\"url\":\"https:\/\/petronor.eus\/eu\/gure-ingurunea\/natur-ingurunea\/naturi-buruzko-artikuluak\/\",\"name\":\"NATURARI BURUZKO ARTIKULUAK\",\"isPartOf\":{\"@id\":\"https:\/\/petronor.eus\/es\/#website\"},\"primaryImageOfPage\":{\"@id\":\"https:\/\/petronor.eus\/eu\/gure-ingurunea\/natur-ingurunea\/naturi-buruzko-artikuluak\/#primaryimage\"},\"image\":{\"@id\":\"https:\/\/petronor.eus\/eu\/gure-ingurunea\/natur-ingurunea\/naturi-buruzko-artikuluak\/#primaryimage\"},\"thumbnailUrl\":\"https:\/\/petronor.eus\/wp-content\/uploads\/2014\/12\/Fernando-Pedro-Perez.jpg\",\"datePublished\":\"2015-06-17T06:32:43+00:00\",\"dateModified\":\"2017-06-07T13:57:20+00:00\",\"description\":\"Naturari buruzko artikuluak: Fernando Pedro Perezek Muskizeko Petronor findegi inguruko natur espezieen azterketa.\",\"breadcrumb\":{\"@id\":\"https:\/\/petronor.eus\/eu\/gure-ingurunea\/natur-ingurunea\/naturi-buruzko-artikuluak\/#breadcrumb\"},\"inLanguage\":\"eu\",\"potentialAction\":[{\"@type\":\"ReadAction\",\"target\":[\"https:\/\/petronor.eus\/eu\/gure-ingurunea\/natur-ingurunea\/naturi-buruzko-artikuluak\/\"]}]},{\"@type\":\"ImageObject\",\"inLanguage\":\"eu\",\"@id\":\"https:\/\/petronor.eus\/eu\/gure-ingurunea\/natur-ingurunea\/naturi-buruzko-artikuluak\/#primaryimage\",\"url\":\"https:\/\/petronor.eus\/wp-content\/uploads\/2014\/12\/Fernando-Pedro-Perez.jpg\",\"contentUrl\":\"https:\/\/petronor.eus\/wp-content\/uploads\/2014\/12\/Fernando-Pedro-Perez.jpg\"},{\"@type\":\"BreadcrumbList\",\"@id\":\"https:\/\/petronor.eus\/eu\/gure-ingurunea\/natur-ingurunea\/naturi-buruzko-artikuluak\/#breadcrumb\",\"itemListElement\":[{\"@type\":\"ListItem\",\"position\":1,\"name\":\"Home\",\"item\":\"https:\/\/petronor.eus\/eu\/\"},{\"@type\":\"ListItem\",\"position\":2,\"name\":\"GURE INGURUNEA\",\"item\":\"https:\/\/petronor.eus\/eu\/gure-ingurunea\/\"},{\"@type\":\"ListItem\",\"position\":3,\"name\":\"NATUR INGURUNEA\",\"item\":\"https:\/\/petronor.eus\/eu\/gure-ingurunea\/natur-ingurunea\/\"},{\"@type\":\"ListItem\",\"position\":4,\"name\":\"NATURARI BURUZKO ARTIKULUAK\"}]},{\"@type\":\"WebSite\",\"@id\":\"https:\/\/petronor.eus\/es\/#website\",\"url\":\"https:\/\/petronor.eus\/es\/\",\"name\":\"Petronor\",\"description\":\"\",\"potentialAction\":[{\"@type\":\"SearchAction\",\"target\":{\"@type\":\"EntryPoint\",\"urlTemplate\":\"https:\/\/petronor.eus\/es\/?s={search_term_string}\"},\"query-input\":{\"@type\":\"PropertyValueSpecification\",\"valueRequired\":true,\"valueName\":\"search_term_string\"}}],\"inLanguage\":\"eu\"}]}<\/script>\n<!-- \/ Yoast SEO plugin. -->","yoast_head_json":{"title":"NATURARI BURUZKO ARTIKULUAK","description":"Naturari buruzko artikuluak: Fernando Pedro Perezek Muskizeko Petronor findegi inguruko natur espezieen azterketa.","robots":{"index":"index","follow":"follow","max-snippet":"max-snippet:-1","max-image-preview":"max-image-preview:large","max-video-preview":"max-video-preview:-1"},"canonical":"https:\/\/petronor.eus\/eu\/gure-ingurunea\/natur-ingurunea\/naturi-buruzko-artikuluak\/","og_locale":"en_US","og_type":"article","og_title":"NATURARI BURUZKO ARTIKULUAK","og_description":"Naturari buruzko artikuluak: Fernando Pedro Perezek Muskizeko Petronor findegi inguruko natur espezieen azterketa.","og_url":"https:\/\/petronor.eus\/eu\/gure-ingurunea\/natur-ingurunea\/naturi-buruzko-artikuluak\/","og_site_name":"Petronor","article_modified_time":"2017-06-07T13:57:20+00:00","og_image":[{"url":"https:\/\/petronor.eus\/wp-content\/uploads\/2014\/12\/Fernando-Pedro-Perez.jpg","type":"","width":"","height":""}],"schema":{"@context":"https:\/\/schema.org","@graph":[{"@type":"WebPage","@id":"https:\/\/petronor.eus\/eu\/gure-ingurunea\/natur-ingurunea\/naturi-buruzko-artikuluak\/","url":"https:\/\/petronor.eus\/eu\/gure-ingurunea\/natur-ingurunea\/naturi-buruzko-artikuluak\/","name":"NATURARI BURUZKO ARTIKULUAK","isPartOf":{"@id":"https:\/\/petronor.eus\/es\/#website"},"primaryImageOfPage":{"@id":"https:\/\/petronor.eus\/eu\/gure-ingurunea\/natur-ingurunea\/naturi-buruzko-artikuluak\/#primaryimage"},"image":{"@id":"https:\/\/petronor.eus\/eu\/gure-ingurunea\/natur-ingurunea\/naturi-buruzko-artikuluak\/#primaryimage"},"thumbnailUrl":"https:\/\/petronor.eus\/wp-content\/uploads\/2014\/12\/Fernando-Pedro-Perez.jpg","datePublished":"2015-06-17T06:32:43+00:00","dateModified":"2017-06-07T13:57:20+00:00","description":"Naturari buruzko artikuluak: Fernando Pedro Perezek Muskizeko Petronor findegi inguruko natur espezieen azterketa.","breadcrumb":{"@id":"https:\/\/petronor.eus\/eu\/gure-ingurunea\/natur-ingurunea\/naturi-buruzko-artikuluak\/#breadcrumb"},"inLanguage":"eu","potentialAction":[{"@type":"ReadAction","target":["https:\/\/petronor.eus\/eu\/gure-ingurunea\/natur-ingurunea\/naturi-buruzko-artikuluak\/"]}]},{"@type":"ImageObject","inLanguage":"eu","@id":"https:\/\/petronor.eus\/eu\/gure-ingurunea\/natur-ingurunea\/naturi-buruzko-artikuluak\/#primaryimage","url":"https:\/\/petronor.eus\/wp-content\/uploads\/2014\/12\/Fernando-Pedro-Perez.jpg","contentUrl":"https:\/\/petronor.eus\/wp-content\/uploads\/2014\/12\/Fernando-Pedro-Perez.jpg"},{"@type":"BreadcrumbList","@id":"https:\/\/petronor.eus\/eu\/gure-ingurunea\/natur-ingurunea\/naturi-buruzko-artikuluak\/#breadcrumb","itemListElement":[{"@type":"ListItem","position":1,"name":"Home","item":"https:\/\/petronor.eus\/eu\/"},{"@type":"ListItem","position":2,"name":"GURE INGURUNEA","item":"https:\/\/petronor.eus\/eu\/gure-ingurunea\/"},{"@type":"ListItem","position":3,"name":"NATUR INGURUNEA","item":"https:\/\/petronor.eus\/eu\/gure-ingurunea\/natur-ingurunea\/"},{"@type":"ListItem","position":4,"name":"NATURARI BURUZKO ARTIKULUAK"}]},{"@type":"WebSite","@id":"https:\/\/petronor.eus\/es\/#website","url":"https:\/\/petronor.eus\/es\/","name":"Petronor","description":"","potentialAction":[{"@type":"SearchAction","target":{"@type":"EntryPoint","urlTemplate":"https:\/\/petronor.eus\/es\/?s={search_term_string}"},"query-input":{"@type":"PropertyValueSpecification","valueRequired":true,"valueName":"search_term_string"}}],"inLanguage":"eu"}]}},"_links":{"self":[{"href":"https:\/\/petronor.eus\/eu\/wp-json\/wp\/v2\/pages\/7403","targetHints":{"allow":["GET"]}}],"collection":[{"href":"https:\/\/petronor.eus\/eu\/wp-json\/wp\/v2\/pages"}],"about":[{"href":"https:\/\/petronor.eus\/eu\/wp-json\/wp\/v2\/types\/page"}],"author":[{"embeddable":true,"href":"https:\/\/petronor.eus\/eu\/wp-json\/wp\/v2\/users\/3"}],"replies":[{"embeddable":true,"href":"https:\/\/petronor.eus\/eu\/wp-json\/wp\/v2\/comments?post=7403"}],"version-history":[{"count":10,"href":"https:\/\/petronor.eus\/eu\/wp-json\/wp\/v2\/pages\/7403\/revisions"}],"predecessor-version":[{"id":25522,"href":"https:\/\/petronor.eus\/eu\/wp-json\/wp\/v2\/pages\/7403\/revisions\/25522"}],"up":[{"embeddable":true,"href":"https:\/\/petronor.eus\/eu\/wp-json\/wp\/v2\/pages\/8497"}],"wp:attachment":[{"href":"https:\/\/petronor.eus\/eu\/wp-json\/wp\/v2\/media?parent=7403"}],"curies":[{"name":"wp","href":"https:\/\/api.w.org\/{rel}","templated":true}]}}