{"id":74460,"date":"2024-04-10T09:19:12","date_gmt":"2024-04-10T07:19:12","guid":{"rendered":"http:\/\/52.16.126.81\/?page_id=74460"},"modified":"2024-04-22T11:45:07","modified_gmt":"2024-04-22T09:45:07","slug":"h2integra","status":"publish","type":"page","link":"https:\/\/petronor.eus\/eu\/petronorri-buruz\/proiektuak\/h2integra\/","title":{"rendered":"H2INTEGRA"},"content":{"rendered":"<div class=\"row introBlock full-width-section primeraFila maxHeightAuto\">\n<h1>H2INTEGRA proiektua<\/h1>\n<div id=\"contenedorBannerPB\" style=\"overflow: hidden;\"><img loading=\"lazy\" decoding=\"async\" class=\"alignnone wp-image-2485 size-full\" src=\"https:\/\/petronor.eus\/wp-content\/uploads\/2024\/04\/H2integra-info.png\" alt=\"H2INTEGRA\" width=\"1176\" height=\"450\" \/><\/div>\n<\/div>\n<div style=\"margin-bottom:30px ; height:1px; clear:both;\"><\/div>\n<div class=\"row \">\n<div class=\"col-lg-8 col-md-8 col-xs-12 col-sm-12\">\n<h2 style=\"color: #01247E;font-size: 26px;font-weight: 100;\n    margin-bottom: 15px;\n    padding-bottom: 10px;\n    font-family: 'Dosis', Arial, Helvetica, Verdana, sans-serif;\">H2INTEGRA proiektua<\/h2>\n<p style=\"margin-top: 0; padding: 10px;\">H2INTEGRA <b>Petronor<\/b> buru duen I+G proiektu bat da, eta honako izenburu hau du: <b>\u201cIrtenbide teknologikoak garatzea hidrogeno-logistika azken erabilerekin ahalik eta ondoen integratzeko\u201d<\/b>.<\/p>\n\n<p style=\"margin-top: 0; padding: 10px;\"><b>H2INTEGRA<\/b> proiektuaren helburua da hidrogeno-ekosistema bat sortzeko irtenbide fisiko eta digitalak ikertzea; ekosistema horren sorrera, konpresioa, biltegiratzea, banaketa eta azken erabilera ahalik eta ondoen konektatzeko eta kudeatzeko. Proiektuari buruzko informazio guztia hemen aurki dezakezu: <a href=\"https:\/\/www.h2integraproject.tupartneradhoc.com\/\">H2 INTEGRA<\/a>.<\/p>\n\n<p style=\"margin-top: 0; padding: 10px;\">Ikerketa industrialaren alorreko lankidetza-hitzarmen bat da, urte anitzekoa (2023-2025); bertan parte hartuko dute Zientzia, Teknologia eta Berrikuntzaren Euskal Sareko erakunde eta eragile hauek: Petr\u00f3leos del Norte SA (liderra), Envases Metal\u00fargicos de \u00c1lava SA, P.Q.C. Power Quality Control SL, TEAM Ingenier\u00eda y Consultor\u00eda SL, Tubos Reunidos Group SL Unipersonal, IBIL Gestor de Carga de Veh\u00edculo El\u00e9ctrico SA, CSP Iberian Bilbao Terminal SL, Sarralle Engineering SL, Hydrogen On Site SL, Nortegas Energia Grupo SAU, ALBA Emission Free Energy SA eta FERRO Maquinaria DE Elevaci\u00f3n SL.<\/p>\n\n<br\/>\n<br\/>\n\n<p style=\"margin-top: 0; padding: 10px;\"><b>EUSKO JAURLARITZAK (EKONOMIAREN GARAPEN JASANGARRITASUN ETA INGURUMEN SAILA) ETA EUROPAR BATASUNAK ESKUALDE GARAPENEKO EUROPAKO FUNTSAREN BIDEZ (2021-2027) FINANTZATUTAKO JARDUKETA<\/b><\/p>\n\n<p style=\"margin-top: 0; padding: 10px; text-align:center;\"><b>Proiektuaren zk.<\/b>: ZE-2023\/00016<\/p>\n\n<div class=\"hidden-xs\"><div style=\"margin-bottom:30px ; height:1px; clear:both;\"><\/div><\/div>\n<\/div>\n<!-- FIN PARTE IZQUIERDA -->\n<div class=\"col-lg-4 col-md-4 col-sm-12 col-xs-12\">\n<img decoding=\"async\" src=\"https:\/\/petronor.eus\/wp-content\/uploads\/2024\/04\/GOBIERNO-VASCO.png\" alt=\"logo constitucional\" \/>\n<img decoding=\"async\" src=\"https:\/\/petronor.eus\/wp-content\/uploads\/2024\/04\/COFINANCIADO-POR-LA-UNION-EUROPEA.png\" alt=\"logo constitucional\" \/>\n\n<\/div>\n\n<!-- FIN PARTE DERECHA -->\n<\/div>","protected":false},"excerpt":{"rendered":"","protected":false},"author":1,"featured_media":0,"parent":8337,"menu_order":0,"comment_status":"open","ping_status":"closed","template":"","meta":{"footnotes":""},"class_list":["post-74460","page","type-page","status-publish","hentry"],"yoast_head":"<!-- This site is optimized with the Yoast SEO plugin v24.7 - https:\/\/yoast.com\/wordpress\/plugins\/seo\/ -->\n<title>H2INTEGRA<\/title>\n<meta name=\"robots\" content=\"index, follow, max-snippet:-1, max-image-preview:large, max-video-preview:-1\" \/>\n<link rel=\"canonical\" href=\"https:\/\/petronor.eus\/eu\/petronorri-buruz\/proiektuak\/h2integra\/\" \/>\n<meta property=\"og:locale\" content=\"en_US\" \/>\n<meta property=\"og:type\" content=\"article\" \/>\n<meta property=\"og:title\" content=\"H2INTEGRA\" \/>\n<meta property=\"og:url\" content=\"https:\/\/petronor.eus\/eu\/petronorri-buruz\/proiektuak\/h2integra\/\" \/>\n<meta property=\"og:site_name\" content=\"Petronor\" \/>\n<meta property=\"article:modified_time\" content=\"2024-04-22T09:45:07+00:00\" \/>\n<meta property=\"og:image\" content=\"https:\/\/petronor.eus\/wp-content\/uploads\/2024\/04\/H2integra-info.png\" \/>\n<meta name=\"twitter:label1\" content=\"Est. reading time\" \/>\n\t<meta name=\"twitter:data1\" content=\"2 minutua\" \/>\n<script type=\"application\/ld+json\" class=\"yoast-schema-graph\">{\"@context\":\"https:\/\/schema.org\",\"@graph\":[{\"@type\":\"WebPage\",\"@id\":\"https:\/\/petronor.eus\/eu\/petronorri-buruz\/proiektuak\/h2integra\/\",\"url\":\"https:\/\/petronor.eus\/eu\/petronorri-buruz\/proiektuak\/h2integra\/\",\"name\":\"H2INTEGRA\",\"isPartOf\":{\"@id\":\"https:\/\/petronor.eus\/es\/#website\"},\"primaryImageOfPage\":{\"@id\":\"https:\/\/petronor.eus\/eu\/petronorri-buruz\/proiektuak\/h2integra\/#primaryimage\"},\"image\":{\"@id\":\"https:\/\/petronor.eus\/eu\/petronorri-buruz\/proiektuak\/h2integra\/#primaryimage\"},\"thumbnailUrl\":\"https:\/\/petronor.eus\/wp-content\/uploads\/2024\/04\/H2integra-info.png\",\"datePublished\":\"2024-04-10T07:19:12+00:00\",\"dateModified\":\"2024-04-22T09:45:07+00:00\",\"breadcrumb\":{\"@id\":\"https:\/\/petronor.eus\/eu\/petronorri-buruz\/proiektuak\/h2integra\/#breadcrumb\"},\"inLanguage\":\"eu\",\"potentialAction\":[{\"@type\":\"ReadAction\",\"target\":[\"https:\/\/petronor.eus\/eu\/petronorri-buruz\/proiektuak\/h2integra\/\"]}]},{\"@type\":\"ImageObject\",\"inLanguage\":\"eu\",\"@id\":\"https:\/\/petronor.eus\/eu\/petronorri-buruz\/proiektuak\/h2integra\/#primaryimage\",\"url\":\"https:\/\/petronor.eus\/wp-content\/uploads\/2024\/04\/H2integra-info.png\",\"contentUrl\":\"https:\/\/petronor.eus\/wp-content\/uploads\/2024\/04\/H2integra-info.png\"},{\"@type\":\"BreadcrumbList\",\"@id\":\"https:\/\/petronor.eus\/eu\/petronorri-buruz\/proiektuak\/h2integra\/#breadcrumb\",\"itemListElement\":[{\"@type\":\"ListItem\",\"position\":1,\"name\":\"Home\",\"item\":\"https:\/\/petronor.eus\/eu\/\"},{\"@type\":\"ListItem\",\"position\":2,\"name\":\"PETRONORRI BURUZ\",\"item\":\"https:\/\/petronor.eus\/eu\/petronorri-buruz\/\"},{\"@type\":\"ListItem\",\"position\":3,\"name\":\"PROIEKTUAK\",\"item\":\"https:\/\/petronor.eus\/eu\/petronorri-buruz\/proiektuak\/\"},{\"@type\":\"ListItem\",\"position\":4,\"name\":\"H2INTEGRA\"}]},{\"@type\":\"WebSite\",\"@id\":\"https:\/\/petronor.eus\/es\/#website\",\"url\":\"https:\/\/petronor.eus\/es\/\",\"name\":\"Petronor\",\"description\":\"\",\"potentialAction\":[{\"@type\":\"SearchAction\",\"target\":{\"@type\":\"EntryPoint\",\"urlTemplate\":\"https:\/\/petronor.eus\/es\/?s={search_term_string}\"},\"query-input\":{\"@type\":\"PropertyValueSpecification\",\"valueRequired\":true,\"valueName\":\"search_term_string\"}}],\"inLanguage\":\"eu\"}]}<\/script>\n<!-- \/ Yoast SEO plugin. -->","yoast_head_json":{"title":"H2INTEGRA","robots":{"index":"index","follow":"follow","max-snippet":"max-snippet:-1","max-image-preview":"max-image-preview:large","max-video-preview":"max-video-preview:-1"},"canonical":"https:\/\/petronor.eus\/eu\/petronorri-buruz\/proiektuak\/h2integra\/","og_locale":"en_US","og_type":"article","og_title":"H2INTEGRA","og_url":"https:\/\/petronor.eus\/eu\/petronorri-buruz\/proiektuak\/h2integra\/","og_site_name":"Petronor","article_modified_time":"2024-04-22T09:45:07+00:00","og_image":[{"url":"https:\/\/petronor.eus\/wp-content\/uploads\/2024\/04\/H2integra-info.png","type":"","width":"","height":""}],"twitter_misc":{"Est. reading time":"2 minutua"},"schema":{"@context":"https:\/\/schema.org","@graph":[{"@type":"WebPage","@id":"https:\/\/petronor.eus\/eu\/petronorri-buruz\/proiektuak\/h2integra\/","url":"https:\/\/petronor.eus\/eu\/petronorri-buruz\/proiektuak\/h2integra\/","name":"H2INTEGRA","isPartOf":{"@id":"https:\/\/petronor.eus\/es\/#website"},"primaryImageOfPage":{"@id":"https:\/\/petronor.eus\/eu\/petronorri-buruz\/proiektuak\/h2integra\/#primaryimage"},"image":{"@id":"https:\/\/petronor.eus\/eu\/petronorri-buruz\/proiektuak\/h2integra\/#primaryimage"},"thumbnailUrl":"https:\/\/petronor.eus\/wp-content\/uploads\/2024\/04\/H2integra-info.png","datePublished":"2024-04-10T07:19:12+00:00","dateModified":"2024-04-22T09:45:07+00:00","breadcrumb":{"@id":"https:\/\/petronor.eus\/eu\/petronorri-buruz\/proiektuak\/h2integra\/#breadcrumb"},"inLanguage":"eu","potentialAction":[{"@type":"ReadAction","target":["https:\/\/petronor.eus\/eu\/petronorri-buruz\/proiektuak\/h2integra\/"]}]},{"@type":"ImageObject","inLanguage":"eu","@id":"https:\/\/petronor.eus\/eu\/petronorri-buruz\/proiektuak\/h2integra\/#primaryimage","url":"https:\/\/petronor.eus\/wp-content\/uploads\/2024\/04\/H2integra-info.png","contentUrl":"https:\/\/petronor.eus\/wp-content\/uploads\/2024\/04\/H2integra-info.png"},{"@type":"BreadcrumbList","@id":"https:\/\/petronor.eus\/eu\/petronorri-buruz\/proiektuak\/h2integra\/#breadcrumb","itemListElement":[{"@type":"ListItem","position":1,"name":"Home","item":"https:\/\/petronor.eus\/eu\/"},{"@type":"ListItem","position":2,"name":"PETRONORRI BURUZ","item":"https:\/\/petronor.eus\/eu\/petronorri-buruz\/"},{"@type":"ListItem","position":3,"name":"PROIEKTUAK","item":"https:\/\/petronor.eus\/eu\/petronorri-buruz\/proiektuak\/"},{"@type":"ListItem","position":4,"name":"H2INTEGRA"}]},{"@type":"WebSite","@id":"https:\/\/petronor.eus\/es\/#website","url":"https:\/\/petronor.eus\/es\/","name":"Petronor","description":"","potentialAction":[{"@type":"SearchAction","target":{"@type":"EntryPoint","urlTemplate":"https:\/\/petronor.eus\/es\/?s={search_term_string}"},"query-input":{"@type":"PropertyValueSpecification","valueRequired":true,"valueName":"search_term_string"}}],"inLanguage":"eu"}]}},"_links":{"self":[{"href":"https:\/\/petronor.eus\/eu\/wp-json\/wp\/v2\/pages\/74460","targetHints":{"allow":["GET"]}}],"collection":[{"href":"https:\/\/petronor.eus\/eu\/wp-json\/wp\/v2\/pages"}],"about":[{"href":"https:\/\/petronor.eus\/eu\/wp-json\/wp\/v2\/types\/page"}],"author":[{"embeddable":true,"href":"https:\/\/petronor.eus\/eu\/wp-json\/wp\/v2\/users\/1"}],"replies":[{"embeddable":true,"href":"https:\/\/petronor.eus\/eu\/wp-json\/wp\/v2\/comments?post=74460"}],"version-history":[{"count":3,"href":"https:\/\/petronor.eus\/eu\/wp-json\/wp\/v2\/pages\/74460\/revisions"}],"predecessor-version":[{"id":74933,"href":"https:\/\/petronor.eus\/eu\/wp-json\/wp\/v2\/pages\/74460\/revisions\/74933"}],"up":[{"embeddable":true,"href":"https:\/\/petronor.eus\/eu\/wp-json\/wp\/v2\/pages\/8337"}],"wp:attachment":[{"href":"https:\/\/petronor.eus\/eu\/wp-json\/wp\/v2\/media?parent=74460"}],"curies":[{"name":"wp","href":"https:\/\/api.w.org\/{rel}","templated":true}]}}