{"id":77626,"date":"2024-11-20T16:58:42","date_gmt":"2024-11-20T15:58:42","guid":{"rendered":"http:\/\/34.255.250.129\/?page_id=77626"},"modified":"2024-11-27T09:48:32","modified_gmt":"2024-11-27T08:48:32","slug":"lurraldearen-garapena","status":"publish","type":"page","link":"https:\/\/petronor.eus\/eu\/jasangarritasunari-buruz-dugun-ikuspegia\/lurraldearen-garapena\/","title":{"rendered":"LURRALDEAREN GARAPENA"},"content":{"rendered":"<div class=\"row introBlock full-width-section primeraFila maxHeightAuto\">\n<h1 style=\"margin-top: 0;font-size: 30px!important; background-color:white\">LURRALDEAREN GARAPENA<\/h1>\n<\/div>\n<div class=\"row introBlock full-width-section\">\n<div class=\"col-lg-7 col-md-7 col-sm-12 col-xs-12 col-md-push-5\"><img loading=\"lazy\" decoding=\"async\" class=\"alignnone size-full wp-image-2479\" src=\"\/wp-content\/uploads\/2024\/11\/desarrollo_territorio1.png\" width=\"760\" height=\"507\" alt=\"Gr\u00e1fico que muestra el impacto econ\u00f3mico de Petronor con el 41.1% del tr\u00e1fico total del puerto de Bilbao y que se aporta el 9.9% del total de la recaudaci\u00f3n de la Hacienda foral. Datos correspondientes al ejercicio 2023\" \/><\/div>\n<div class=\"col-lg-5 col-md-5 col-sm-12 col-xs-12 col-md-pull-7\">\n\n<div style=\"margin-bottom:30px ; height:1px; clear:both;\"><\/div>\n<h1 style=\"margin-top: 0;\">INPAKTU EKONOMIKOA<\/h1>\n<div style=\"margin-bottom:20px ; height:1px; clear:both;\"><\/div>\n<p class=\"font18\" style=\"font-size: 20px!important;\">\n<ul class=\"listaReseteada listaFlechada\" style=\"font-size: 18px!important\";>\n \t<li>Bilboko portuko trafiko osoaren <b>% 41,1<\/b> > > 367 ontzi<\/li>\n<div style=\"margin-bottom:15px ; height:1px; clear:both;\"><\/div><\/p>\n\n \t<li><b>124,9 M\u20acko<\/b> fakturazioa euskal enpresentzat > 495 enpresa<\/li>\n<div style=\"margin-bottom:15px ; height:1px; clear:both;\"><\/div>\n \t<li><b>1.608 M\u20ac<\/b> sortuta zergetan<\/li>\n<div style=\"margin-bottom:15px ; height:1px; clear:both;\"><\/div>\n \t<li><b>936 M\u20acko<\/b> ekarpena Foru Ogasunarentzat > bilketa osoaren % 9,9<\/li>\n<\/ul>\n<div class=\"separadorGris\"><\/div>\n<\/div>\n<\/div>\n\n<div style=\"margin-bottom:30px ; height:1px; clear:both;\"><\/div>\n\n<div class=\"row introBlock full-width-section\">\n<div class=\"col-lg-7 col-md-7 col-sm-12 col-xs-12 col-md-push\"><img loading=\"lazy\" decoding=\"async\" class=\"alignnone size-full wp-image-2479\" src=\"\/wp-content\/uploads\/2024\/11\/desarrollo_territorio2.png\" width=\"760\" height=\"507\" alt=\"Gr\u00e1fico de barras que muestra la inversi\u00f3n total en 2023 de 103.2 millones de euros y la inversi\u00f3n en mantenimiento que es de 37.3 millones de euros. Datos correspondientes al ejercicio de 2023\"\/><\/div>\n<div class=\"col-lg-5 col-md-5 col-sm-12 col-xs-12 col-md-pull\">\n\n<div style=\"margin-bottom:30px ; height:1px; clear:both;\"><\/div>\n<h1 style=\"margin-top: 0;\">INPAKTU EKONOMIKOA<\/h1>\n<div style=\"margin-bottom:30px ; height:1px; clear:both;\"><\/div>\n<p class=\"font18\" style=\"font-size: 20px!important;\">\n<ul class=\"listaReseteada listaFlechada font18\" style=\"font-size: 20px!important;\">\n \t<li><b>37,3 M\u20acko<\/b> inbertsioa mantentze-lanetan<\/li>\n<div style=\"margin-bottom:20px ; height:1px; clear:both;\"><\/div><\/p>\n\n \t<li><b>103,2 M\u20acko<\/b> guztizko inbertsioa<\/li>\n<div style=\"margin-bottom:20px ; height:1px; clear:both;\"><\/div>\n \t<li><b>1.853 M\u20acko<\/b> inbertsioak 2008tik 2023ra bitartean<\/li>\n<\/ul>\n<div class=\"separadorGris\"><\/div>\n<\/div>\n<\/div>\n\n<div style=\"margin-bottom:30px ; height:1px; clear:both;\"><\/div>\n\n<section id=\"inpaktua_ingurunean\">\n<div class=\"row introBlock full-width-section\">\n<div class=\"col-lg-7 col-md-7 col-sm-12 col-xs-12 col-md-push-5\"><img loading=\"lazy\" decoding=\"async\" class=\"alignnone size-full wp-image-2479\" src=\"\/wp-content\/uploads\/2024\/11\/cifras_petronor_eus1.png\" width=\"760\" height=\"507\" alt=\"Tabla que muestra el impacto social en el entorno, que afecta a 3 municipios, 15000 habitantes y numerosas actividades culturales y medioambientales\"\/><\/div>\n<div class=\"col-lg-5 col-md-5 col-sm-12 col-xs-12 col-md-pull-7\">\n\n<div style=\"margin-bottom:30px ; height:1px; clear:both;\"><\/div>\n<h1 style=\"margin-top: 0;\">GIZARTE INPAKTUA INGURUNEAN<\/h1>\n<div style=\"margin-bottom:20px ; height:1px; clear:both;\"><\/div>\n<p class=\"font18\" style=\"font-size: 20px!important;\">\n<ul class=\"listaReseteada listaFlechada\" style=\"font-size: 17px!important\">\n \t<li>15.000 bizilagun<\/li>\n \t<li>3 udalerri<\/li>\n \t<li>120 elkarte baino gehiago babestu dira<\/li>\n \t<li>Urteko inbertsioa: 1,1 M\u20ac<\/li>\n<\/ul>\n<div class=\"separadorGris\"><\/div>\n<div style=\"margin-bottom:20px ; height:1px; clear:both;\"><\/div>\n<div class=\"tablaHeader\">\n<div class=\"celda celdaIzquierda \"><h3>Babestutako jarduerak<\/h3><\/div>\n<div class=\"celda\"><div class=\"widgettitlewrapper\">&nbsp;<\/div><\/div>\n<\/div><\/p>\n\n<ul class=\"listaReseteada listaFlechada\" style=\"font-size: 17px!important\">\n \t<li>Ingurumena<\/li>\n \t<li>Eskola-Kirola<\/li>\n \t<li>Kultura<\/li>\n \t<li>Elikadura osasungarria<\/li>\n \t<li>STEAM bokazioak<\/li>\n \t<li>Gizarte Ekintza<\/li>\n<\/ul>\n<div class=\"rayaGris\"><\/div>\n<\/div>\n<\/div>\n<\/section>","protected":false},"excerpt":{"rendered":"","protected":false},"author":1,"featured_media":0,"parent":77661,"menu_order":6,"comment_status":"closed","ping_status":"closed","template":"","meta":{"footnotes":""},"class_list":["post-77626","page","type-page","status-publish","hentry"],"yoast_head":"<!-- This site is optimized with the Yoast SEO plugin v24.7 - https:\/\/yoast.com\/wordpress\/plugins\/seo\/ -->\n<title>LURRALDEAREN GARAPENA - Petronor<\/title>\n<meta name=\"robots\" content=\"index, follow, max-snippet:-1, max-image-preview:large, max-video-preview:-1\" \/>\n<link rel=\"canonical\" href=\"https:\/\/petronor.eus\/eu\/jasangarritasunari-buruz-dugun-ikuspegia\/lurraldearen-garapena\/\" \/>\n<meta property=\"og:locale\" content=\"en_US\" \/>\n<meta property=\"og:type\" content=\"article\" \/>\n<meta property=\"og:title\" content=\"LURRALDEAREN GARAPENA - Petronor\" \/>\n<meta property=\"og:url\" content=\"https:\/\/petronor.eus\/eu\/jasangarritasunari-buruz-dugun-ikuspegia\/lurraldearen-garapena\/\" \/>\n<meta property=\"og:site_name\" content=\"Petronor\" \/>\n<meta property=\"article:modified_time\" content=\"2024-11-27T08:48:32+00:00\" \/>\n<meta name=\"twitter:label1\" content=\"Est. reading time\" \/>\n\t<meta name=\"twitter:data1\" content=\"2 minutua\" \/>\n<script type=\"application\/ld+json\" class=\"yoast-schema-graph\">{\"@context\":\"https:\/\/schema.org\",\"@graph\":[{\"@type\":\"WebPage\",\"@id\":\"https:\/\/petronor.eus\/eu\/jasangarritasunari-buruz-dugun-ikuspegia\/lurraldearen-garapena\/\",\"url\":\"https:\/\/petronor.eus\/eu\/jasangarritasunari-buruz-dugun-ikuspegia\/lurraldearen-garapena\/\",\"name\":\"LURRALDEAREN GARAPENA - Petronor\",\"isPartOf\":{\"@id\":\"https:\/\/petronor.eus\/es\/#website\"},\"datePublished\":\"2024-11-20T15:58:42+00:00\",\"dateModified\":\"2024-11-27T08:48:32+00:00\",\"breadcrumb\":{\"@id\":\"https:\/\/petronor.eus\/eu\/jasangarritasunari-buruz-dugun-ikuspegia\/lurraldearen-garapena\/#breadcrumb\"},\"inLanguage\":\"eu\",\"potentialAction\":[{\"@type\":\"ReadAction\",\"target\":[\"https:\/\/petronor.eus\/eu\/jasangarritasunari-buruz-dugun-ikuspegia\/lurraldearen-garapena\/\"]}]},{\"@type\":\"BreadcrumbList\",\"@id\":\"https:\/\/petronor.eus\/eu\/jasangarritasunari-buruz-dugun-ikuspegia\/lurraldearen-garapena\/#breadcrumb\",\"itemListElement\":[{\"@type\":\"ListItem\",\"position\":1,\"name\":\"Home\",\"item\":\"https:\/\/petronor.eus\/eu\/\"},{\"@type\":\"ListItem\",\"position\":2,\"name\":\"JASANGARRITASUNARI BURUZ DUGUN IKUSPEGIA\",\"item\":\"https:\/\/petronor.eus\/eu\/jasangarritasunari-buruz-dugun-ikuspegia\/\"},{\"@type\":\"ListItem\",\"position\":3,\"name\":\"LURRALDEAREN GARAPENA\"}]},{\"@type\":\"WebSite\",\"@id\":\"https:\/\/petronor.eus\/es\/#website\",\"url\":\"https:\/\/petronor.eus\/es\/\",\"name\":\"Petronor\",\"description\":\"\",\"potentialAction\":[{\"@type\":\"SearchAction\",\"target\":{\"@type\":\"EntryPoint\",\"urlTemplate\":\"https:\/\/petronor.eus\/es\/?s={search_term_string}\"},\"query-input\":{\"@type\":\"PropertyValueSpecification\",\"valueRequired\":true,\"valueName\":\"search_term_string\"}}],\"inLanguage\":\"eu\"}]}<\/script>\n<!-- \/ Yoast SEO plugin. -->","yoast_head_json":{"title":"LURRALDEAREN GARAPENA - Petronor","robots":{"index":"index","follow":"follow","max-snippet":"max-snippet:-1","max-image-preview":"max-image-preview:large","max-video-preview":"max-video-preview:-1"},"canonical":"https:\/\/petronor.eus\/eu\/jasangarritasunari-buruz-dugun-ikuspegia\/lurraldearen-garapena\/","og_locale":"en_US","og_type":"article","og_title":"LURRALDEAREN GARAPENA - Petronor","og_url":"https:\/\/petronor.eus\/eu\/jasangarritasunari-buruz-dugun-ikuspegia\/lurraldearen-garapena\/","og_site_name":"Petronor","article_modified_time":"2024-11-27T08:48:32+00:00","twitter_misc":{"Est. reading time":"2 minutua"},"schema":{"@context":"https:\/\/schema.org","@graph":[{"@type":"WebPage","@id":"https:\/\/petronor.eus\/eu\/jasangarritasunari-buruz-dugun-ikuspegia\/lurraldearen-garapena\/","url":"https:\/\/petronor.eus\/eu\/jasangarritasunari-buruz-dugun-ikuspegia\/lurraldearen-garapena\/","name":"LURRALDEAREN GARAPENA - Petronor","isPartOf":{"@id":"https:\/\/petronor.eus\/es\/#website"},"datePublished":"2024-11-20T15:58:42+00:00","dateModified":"2024-11-27T08:48:32+00:00","breadcrumb":{"@id":"https:\/\/petronor.eus\/eu\/jasangarritasunari-buruz-dugun-ikuspegia\/lurraldearen-garapena\/#breadcrumb"},"inLanguage":"eu","potentialAction":[{"@type":"ReadAction","target":["https:\/\/petronor.eus\/eu\/jasangarritasunari-buruz-dugun-ikuspegia\/lurraldearen-garapena\/"]}]},{"@type":"BreadcrumbList","@id":"https:\/\/petronor.eus\/eu\/jasangarritasunari-buruz-dugun-ikuspegia\/lurraldearen-garapena\/#breadcrumb","itemListElement":[{"@type":"ListItem","position":1,"name":"Home","item":"https:\/\/petronor.eus\/eu\/"},{"@type":"ListItem","position":2,"name":"JASANGARRITASUNARI BURUZ DUGUN IKUSPEGIA","item":"https:\/\/petronor.eus\/eu\/jasangarritasunari-buruz-dugun-ikuspegia\/"},{"@type":"ListItem","position":3,"name":"LURRALDEAREN GARAPENA"}]},{"@type":"WebSite","@id":"https:\/\/petronor.eus\/es\/#website","url":"https:\/\/petronor.eus\/es\/","name":"Petronor","description":"","potentialAction":[{"@type":"SearchAction","target":{"@type":"EntryPoint","urlTemplate":"https:\/\/petronor.eus\/es\/?s={search_term_string}"},"query-input":{"@type":"PropertyValueSpecification","valueRequired":true,"valueName":"search_term_string"}}],"inLanguage":"eu"}]}},"_links":{"self":[{"href":"https:\/\/petronor.eus\/eu\/wp-json\/wp\/v2\/pages\/77626","targetHints":{"allow":["GET"]}}],"collection":[{"href":"https:\/\/petronor.eus\/eu\/wp-json\/wp\/v2\/pages"}],"about":[{"href":"https:\/\/petronor.eus\/eu\/wp-json\/wp\/v2\/types\/page"}],"author":[{"embeddable":true,"href":"https:\/\/petronor.eus\/eu\/wp-json\/wp\/v2\/users\/1"}],"replies":[{"embeddable":true,"href":"https:\/\/petronor.eus\/eu\/wp-json\/wp\/v2\/comments?post=77626"}],"version-history":[{"count":3,"href":"https:\/\/petronor.eus\/eu\/wp-json\/wp\/v2\/pages\/77626\/revisions"}],"predecessor-version":[{"id":78025,"href":"https:\/\/petronor.eus\/eu\/wp-json\/wp\/v2\/pages\/77626\/revisions\/78025"}],"up":[{"embeddable":true,"href":"https:\/\/petronor.eus\/eu\/wp-json\/wp\/v2\/pages\/77661"}],"wp:attachment":[{"href":"https:\/\/petronor.eus\/eu\/wp-json\/wp\/v2\/media?parent=77626"}],"curies":[{"name":"wp","href":"https:\/\/api.w.org\/{rel}","templated":true}]}}