{"id":77629,"date":"2024-11-20T17:22:33","date_gmt":"2024-11-20T16:22:33","guid":{"rendered":"http:\/\/34.255.250.129\/?page_id=77629"},"modified":"2026-01-14T13:07:57","modified_gmt":"2026-01-14T12:07:57","slug":"deskarbonizaziorako-ibilbide-orria","status":"publish","type":"page","link":"https:\/\/petronor.eus\/eu\/findegi-deskarbonizatu-baterantz\/deskarbonizaziorako-ibilbide-orria\/","title":{"rendered":"DESKARBONIZAZIORAKO IBILBIDE-ORRIA"},"content":{"rendered":"<div class=\"row introBlock full-width-section primeraFila maxHeightAuto\">\n<h1 style=\"margin-top: 0;\">DESKARBONIZAZIORAKO IBILBIDE-ORRIA 2030, ABIAN DAUDEN PROIEKTUAK<\/h1>\n<div id=\"contenedorBannerPB\" style=\"overflow: hidden;\"><img loading=\"lazy\" decoding=\"async\" class=\"alignnone wp-image-2485 size-full\"\n        src=\"\/wp-content\/uploads\/2026\/01\/ruta_descarbonizacion_eus20260114.png\" alt=\"DESKARBONIZAZIORAKO IBILBIDE-ORRIA\"\n        width=\"550\" height=\"450\" \/><\/div>\n<\/div>\n<div style=\"margin-bottom:30px ; height:1px; clear:both;\"><\/div>\n<div class=\"row \">\n<div class=\"col-12\" style=\"padding: 35px;\">\n<!--\n<p style=\"margin-top: 0; padding: 10px;\">Repsol fue la primera compa\u00f1\u00eda, en el a\u00f1o 2019, en hacer p\u00fablico su compromiso\n    con las Cero Emisiones Netas en 2050.<\/p>\n<p style=\"margin-top: 0; padding: 10px;\">Con el fin de dar cumplimiento a este objetivo, la Hoja de Ruta de Petronor\n    hacia una Refiner\u00eda completamente descarbonizada en 2050, ha definido un primer per\u00edodo 2024 \u2013 2030 que actualmente\n    comprende 36 proyectos, con una inversi\u00f3n total de 1200 millones de euros en el per\u00edodo 2024 \u2013 2028.<\/p>\n<p style=\"margin-top: 0; padding: 10px;\">Los proyectos se clasifican en tres categor\u00edas.<\/p>\n\n-->\n<div class=\"post-thumb\">\n   <a target=\"_blank\" href=\"eu\/findegi-deskarbonizatu-baterantz\/deskarbonizaziorako-ibilbide-orria\/efizientzia\/\" rel=\"noopener\"><\/a>\n<a target=\"_blank\" href=\"https:\/\/petronor.eus\/eu\/findegi-deskarbonizatu-baterantz\/deskarbonizaziorako-ibilbide-orria\/egungo-unitateen-eraldaketa\/\" rel=\"noopener\"><\/a>\n<a target=\"_blank\" href=\"https:\/\/petronor.eus\/eu\/findegi-deskarbonizatu-baterantz\/deskarbonizaziorako-ibilbide-orria\/industria-proiektu-berriak\/\" rel=\"noopener\"><\/a>\n<img loading=\"lazy\" decoding=\"async\" class=\"alignnone wp-image-2485 size-full\" src=\"\/wp-content\/uploads\/2024\/11\/hoja_ruta_eus.png\"\n        alt=\"hoja hacia una refiner\u00eda descarbonizada\" width=\"1176\" height=\"450\" \/><\/div>\n<\/div>\n<\/div>\n\n<style>\ndiv.post-thumb > a:first-of-type {\n  position: absolute;\n  width: 325px;\n  height: 480px;\n}\ndiv.post-thumb > a:nth-of-type(2) {\n  margin-left: calc(260px + 85px + 10px);\n  position: absolute;\n  width: 380px;\n  height: 480px;\n}\ndiv.post-thumb > a:last-of-type {\n  margin-left: calc(660px + 100px + 10px);\n  position: absolute;\n  width: 360px;\n  height: 480px;\n}\nimg.post-thumb {\n  margin: 0 auto;\n  display: block;\n}\n\n@media (width <= 900px){\ndiv.post-thumb > a:first-of-type {\n  position: absolute;\n  width: 100px;\n  height: 150px;\n}\n\ndiv.post-thumb > a:nth-of-type(2) {\n  margin-left: calc(100px + 10px);\n  position: absolute;\n  width: 120px;\n  height: 150px;\n}\n\ndiv.post-thumb > a:last-of-type {\n  margin-left: calc(220px + 10px);\n  position: absolute;\n  width: 120px;\n  height: 150px;\n}\n}\n<\/style>","protected":false},"excerpt":{"rendered":"","protected":false},"author":1,"featured_media":76284,"parent":77631,"menu_order":1,"comment_status":"closed","ping_status":"closed","template":"","meta":{"footnotes":""},"class_list":["post-77629","page","type-page","status-publish","has-post-thumbnail","hentry"],"yoast_head":"<!-- This site is optimized with the Yoast SEO plugin v24.7 - https:\/\/yoast.com\/wordpress\/plugins\/seo\/ -->\n<title>DESKARBONIZAZIORAKO IBILBIDE-ORRIA - Petronor<\/title>\n<meta name=\"robots\" content=\"index, follow, max-snippet:-1, max-image-preview:large, max-video-preview:-1\" \/>\n<link rel=\"canonical\" href=\"https:\/\/petronor.eus\/eu\/findegi-deskarbonizatu-baterantz\/deskarbonizaziorako-ibilbide-orria\/\" \/>\n<meta property=\"og:locale\" content=\"en_US\" \/>\n<meta property=\"og:type\" content=\"article\" \/>\n<meta property=\"og:title\" content=\"DESKARBONIZAZIORAKO IBILBIDE-ORRIA - Petronor\" \/>\n<meta property=\"og:url\" content=\"https:\/\/petronor.eus\/eu\/findegi-deskarbonizatu-baterantz\/deskarbonizaziorako-ibilbide-orria\/\" \/>\n<meta property=\"og:site_name\" content=\"Petronor\" \/>\n<meta property=\"article:modified_time\" content=\"2026-01-14T12:07:57+00:00\" \/>\n<meta property=\"og:image\" content=\"https:\/\/petronor.eus\/wp-content\/uploads\/2024\/09\/hoja-descarbonizacion.png\" \/>\n\t<meta property=\"og:image:width\" content=\"541\" \/>\n\t<meta property=\"og:image:height\" content=\"308\" \/>\n\t<meta property=\"og:image:type\" content=\"image\/png\" \/>\n<meta name=\"twitter:label1\" content=\"Est. reading time\" \/>\n\t<meta name=\"twitter:data1\" content=\"1 minutua\" \/>\n<script type=\"application\/ld+json\" class=\"yoast-schema-graph\">{\"@context\":\"https:\/\/schema.org\",\"@graph\":[{\"@type\":\"WebPage\",\"@id\":\"https:\/\/petronor.eus\/eu\/findegi-deskarbonizatu-baterantz\/deskarbonizaziorako-ibilbide-orria\/\",\"url\":\"https:\/\/petronor.eus\/eu\/findegi-deskarbonizatu-baterantz\/deskarbonizaziorako-ibilbide-orria\/\",\"name\":\"DESKARBONIZAZIORAKO IBILBIDE-ORRIA - Petronor\",\"isPartOf\":{\"@id\":\"https:\/\/petronor.eus\/es\/#website\"},\"primaryImageOfPage\":{\"@id\":\"https:\/\/petronor.eus\/eu\/findegi-deskarbonizatu-baterantz\/deskarbonizaziorako-ibilbide-orria\/#primaryimage\"},\"image\":{\"@id\":\"https:\/\/petronor.eus\/eu\/findegi-deskarbonizatu-baterantz\/deskarbonizaziorako-ibilbide-orria\/#primaryimage\"},\"thumbnailUrl\":\"https:\/\/petronor.eus\/wp-content\/uploads\/2024\/09\/hoja-descarbonizacion.png\",\"datePublished\":\"2024-11-20T16:22:33+00:00\",\"dateModified\":\"2026-01-14T12:07:57+00:00\",\"breadcrumb\":{\"@id\":\"https:\/\/petronor.eus\/eu\/findegi-deskarbonizatu-baterantz\/deskarbonizaziorako-ibilbide-orria\/#breadcrumb\"},\"inLanguage\":\"eu\",\"potentialAction\":[{\"@type\":\"ReadAction\",\"target\":[\"https:\/\/petronor.eus\/eu\/findegi-deskarbonizatu-baterantz\/deskarbonizaziorako-ibilbide-orria\/\"]}]},{\"@type\":\"ImageObject\",\"inLanguage\":\"eu\",\"@id\":\"https:\/\/petronor.eus\/eu\/findegi-deskarbonizatu-baterantz\/deskarbonizaziorako-ibilbide-orria\/#primaryimage\",\"url\":\"https:\/\/petronor.eus\/wp-content\/uploads\/2024\/09\/hoja-descarbonizacion.png\",\"contentUrl\":\"https:\/\/petronor.eus\/wp-content\/uploads\/2024\/09\/hoja-descarbonizacion.png\",\"width\":541,\"height\":308},{\"@type\":\"BreadcrumbList\",\"@id\":\"https:\/\/petronor.eus\/eu\/findegi-deskarbonizatu-baterantz\/deskarbonizaziorako-ibilbide-orria\/#breadcrumb\",\"itemListElement\":[{\"@type\":\"ListItem\",\"position\":1,\"name\":\"Home\",\"item\":\"https:\/\/petronor.eus\/eu\/\"},{\"@type\":\"ListItem\",\"position\":2,\"name\":\"FINDEGI DESKARBONIZATU BATERANTZ\",\"item\":\"https:\/\/petronor.eus\/eu\/findegi-deskarbonizatu-baterantz\/\"},{\"@type\":\"ListItem\",\"position\":3,\"name\":\"DESKARBONIZAZIORAKO IBILBIDE-ORRIA\"}]},{\"@type\":\"WebSite\",\"@id\":\"https:\/\/petronor.eus\/es\/#website\",\"url\":\"https:\/\/petronor.eus\/es\/\",\"name\":\"Petronor\",\"description\":\"\",\"potentialAction\":[{\"@type\":\"SearchAction\",\"target\":{\"@type\":\"EntryPoint\",\"urlTemplate\":\"https:\/\/petronor.eus\/es\/?s={search_term_string}\"},\"query-input\":{\"@type\":\"PropertyValueSpecification\",\"valueRequired\":true,\"valueName\":\"search_term_string\"}}],\"inLanguage\":\"eu\"}]}<\/script>\n<!-- \/ Yoast SEO plugin. -->","yoast_head_json":{"title":"DESKARBONIZAZIORAKO IBILBIDE-ORRIA - Petronor","robots":{"index":"index","follow":"follow","max-snippet":"max-snippet:-1","max-image-preview":"max-image-preview:large","max-video-preview":"max-video-preview:-1"},"canonical":"https:\/\/petronor.eus\/eu\/findegi-deskarbonizatu-baterantz\/deskarbonizaziorako-ibilbide-orria\/","og_locale":"en_US","og_type":"article","og_title":"DESKARBONIZAZIORAKO IBILBIDE-ORRIA - Petronor","og_url":"https:\/\/petronor.eus\/eu\/findegi-deskarbonizatu-baterantz\/deskarbonizaziorako-ibilbide-orria\/","og_site_name":"Petronor","article_modified_time":"2026-01-14T12:07:57+00:00","og_image":[{"width":541,"height":308,"url":"https:\/\/petronor.eus\/wp-content\/uploads\/2024\/09\/hoja-descarbonizacion.png","type":"image\/png"}],"twitter_misc":{"Est. reading time":"1 minutua"},"schema":{"@context":"https:\/\/schema.org","@graph":[{"@type":"WebPage","@id":"https:\/\/petronor.eus\/eu\/findegi-deskarbonizatu-baterantz\/deskarbonizaziorako-ibilbide-orria\/","url":"https:\/\/petronor.eus\/eu\/findegi-deskarbonizatu-baterantz\/deskarbonizaziorako-ibilbide-orria\/","name":"DESKARBONIZAZIORAKO IBILBIDE-ORRIA - Petronor","isPartOf":{"@id":"https:\/\/petronor.eus\/es\/#website"},"primaryImageOfPage":{"@id":"https:\/\/petronor.eus\/eu\/findegi-deskarbonizatu-baterantz\/deskarbonizaziorako-ibilbide-orria\/#primaryimage"},"image":{"@id":"https:\/\/petronor.eus\/eu\/findegi-deskarbonizatu-baterantz\/deskarbonizaziorako-ibilbide-orria\/#primaryimage"},"thumbnailUrl":"https:\/\/petronor.eus\/wp-content\/uploads\/2024\/09\/hoja-descarbonizacion.png","datePublished":"2024-11-20T16:22:33+00:00","dateModified":"2026-01-14T12:07:57+00:00","breadcrumb":{"@id":"https:\/\/petronor.eus\/eu\/findegi-deskarbonizatu-baterantz\/deskarbonizaziorako-ibilbide-orria\/#breadcrumb"},"inLanguage":"eu","potentialAction":[{"@type":"ReadAction","target":["https:\/\/petronor.eus\/eu\/findegi-deskarbonizatu-baterantz\/deskarbonizaziorako-ibilbide-orria\/"]}]},{"@type":"ImageObject","inLanguage":"eu","@id":"https:\/\/petronor.eus\/eu\/findegi-deskarbonizatu-baterantz\/deskarbonizaziorako-ibilbide-orria\/#primaryimage","url":"https:\/\/petronor.eus\/wp-content\/uploads\/2024\/09\/hoja-descarbonizacion.png","contentUrl":"https:\/\/petronor.eus\/wp-content\/uploads\/2024\/09\/hoja-descarbonizacion.png","width":541,"height":308},{"@type":"BreadcrumbList","@id":"https:\/\/petronor.eus\/eu\/findegi-deskarbonizatu-baterantz\/deskarbonizaziorako-ibilbide-orria\/#breadcrumb","itemListElement":[{"@type":"ListItem","position":1,"name":"Home","item":"https:\/\/petronor.eus\/eu\/"},{"@type":"ListItem","position":2,"name":"FINDEGI DESKARBONIZATU BATERANTZ","item":"https:\/\/petronor.eus\/eu\/findegi-deskarbonizatu-baterantz\/"},{"@type":"ListItem","position":3,"name":"DESKARBONIZAZIORAKO IBILBIDE-ORRIA"}]},{"@type":"WebSite","@id":"https:\/\/petronor.eus\/es\/#website","url":"https:\/\/petronor.eus\/es\/","name":"Petronor","description":"","potentialAction":[{"@type":"SearchAction","target":{"@type":"EntryPoint","urlTemplate":"https:\/\/petronor.eus\/es\/?s={search_term_string}"},"query-input":{"@type":"PropertyValueSpecification","valueRequired":true,"valueName":"search_term_string"}}],"inLanguage":"eu"}]}},"_links":{"self":[{"href":"https:\/\/petronor.eus\/eu\/wp-json\/wp\/v2\/pages\/77629","targetHints":{"allow":["GET"]}}],"collection":[{"href":"https:\/\/petronor.eus\/eu\/wp-json\/wp\/v2\/pages"}],"about":[{"href":"https:\/\/petronor.eus\/eu\/wp-json\/wp\/v2\/types\/page"}],"author":[{"embeddable":true,"href":"https:\/\/petronor.eus\/eu\/wp-json\/wp\/v2\/users\/1"}],"replies":[{"embeddable":true,"href":"https:\/\/petronor.eus\/eu\/wp-json\/wp\/v2\/comments?post=77629"}],"version-history":[{"count":7,"href":"https:\/\/petronor.eus\/eu\/wp-json\/wp\/v2\/pages\/77629\/revisions"}],"predecessor-version":[{"id":81874,"href":"https:\/\/petronor.eus\/eu\/wp-json\/wp\/v2\/pages\/77629\/revisions\/81874"}],"up":[{"embeddable":true,"href":"https:\/\/petronor.eus\/eu\/wp-json\/wp\/v2\/pages\/77631"}],"wp:featuredmedia":[{"embeddable":true,"href":"https:\/\/petronor.eus\/eu\/wp-json\/wp\/v2\/media\/76284"}],"wp:attachment":[{"href":"https:\/\/petronor.eus\/eu\/wp-json\/wp\/v2\/media?parent=77629"}],"curies":[{"name":"wp","href":"https:\/\/api.w.org\/{rel}","templated":true}]}}