{"id":77833,"date":"2024-11-25T12:47:06","date_gmt":"2024-11-25T11:47:06","guid":{"rendered":"http:\/\/34.255.250.129\/?page_id=77833"},"modified":"2024-11-27T09:03:40","modified_gmt":"2024-11-27T08:03:40","slug":"innovacion-y-tecnologia","status":"publish","type":"page","link":"https:\/\/petronor.eus\/eu\/jasangarritasunari-buruz-dugun-ikuspegia\/innovacion-y-tecnologia\/","title":{"rendered":"BERRIKUNTZA ETA TEKNOLOGIA"},"content":{"rendered":"<div class=\"row introBlock full-width-section primeraFila maxHeightAuto\">\n<h1 style=\"margin-top: 0;\">BERRIKUNTZA ETA TEKNOLOGIA<\/h1>\n<h3>Contenidos<\/h3>\n<ul style=\"font-size: 1.5em;\">\n \t<li><a href=\"#1\" class=\"indice\">Hidrogenoaren Euskal Korridorea (BH2C) lideratzen dugu<\/a><\/li>\n \t<li><a href=\"#2\" class=\"indice\">EICren enpresa trakziogilea gara\u200b<\/a><\/li>\n \t<li><a href=\"#3\" class=\"indice\">I+Dko proiektuak 2024an<\/a><\/li>\n<ul>\n \t<li><a href=\"#4\" class=\"indice\">ONTZHI<\/a><\/li>\n \t<li><a href=\"#5\" class=\"indice\">H2INTEGRA\u200b<\/a><\/li>\n \t<li><a href=\"#6\" class=\"indice\">HYBIZKAIA<\/a><\/li>\n \t<li><a href=\"#7\" class=\"indice\">H2BASQUE<\/a><\/li>\n<\/ul>\n<\/ul>\n<\/div>\n<div style=\"margin-bottom:30px ; height:1px; clear:both;\"><\/div>\n\n<a name=\"1\"><\/a>\n<div class=\"row \">\n<div class=\"tablaHeader\">\n<div class=\"celda celdaIzquierda \"><h3>HIDROGENOAREN EUSKAL KORRIDOREA (BH2C) LIDERATZEN DUGU<\/h3><\/div>\n<div class=\"celda\"><div class=\"widgettitlewrapper\">&nbsp;<\/div><\/div>\n<\/div>\n<\/div>\n<div style=\"margin-bottom:20px ; height:1px; clear:both;\"><\/div>\n<div class=\"row \">\n<div class=\"post-thumb\">\n<img loading=\"lazy\" decoding=\"async\" class=\"alignnone wp-image-2485 size-full\" src=\"\/wp-content\/uploads\/2024\/11\/1.png\" width=\"1176\" height=\"450\" alt=\"HIDROGENOAREN EUSKAL KORRIDOREA (BH2C) LIDERATZEN DUGU.\"\/><\/div>\n<\/div>\n\n<!--[row]\n<div class=\"post-thumb\">\n<img decoding=\"async\" class=\"alignnone wp-image-2485 size-full\" src=\"\/wp-content\/uploads\/2024\/11\/bh2c_impacto.png\" alt=\"BH2C. Impacto industrial y econ\u00f3mico \"\/><\/div>\n[margin size=\"30\"]\n<p style=\"font-size:20px !important;\">Visita la web oficial del BH2C <u><a href=\"https:\/\/www.bh2c.org\/es\">aqu\u00ed<\/a><\/u>.<\/p>\n\n[\/row]-->\n<div style=\"margin-bottom:60px ; height:1px; clear:both;\"><\/div>\n\n<a name=\"2\"><\/a>\n<div class=\"row \">\n<div class=\"tablaHeader\">\n<div class=\"celda celdaIzquierda \"><h3>EICREN ENPRESA TRAKZIOGILEA GARA<\/h3><\/div>\n<div class=\"celda\"><div class=\"widgettitlewrapper\">&nbsp;<\/div><\/div>\n<\/div>\n<\/div>\n<div style=\"margin-bottom:20px ; height:1px; clear:both;\"><\/div>\n<div class=\"row \">\n<div class=\"post-thumb\">\n<img decoding=\"async\" class=\"alignnone wp-image-2485 size-full\" src=\"\/wp-content\/uploads\/2024\/11\/it7.png\" alt=\"Empresa tractora del EIC\"\/><\/div>\n<!--[margin size=\"30\"]\n<p style=\"font-size:20px !important;\">Informaci\u00f3n oficial sobre el EIC <u><a href=\"https:\/\/parke.eus\/campus\/abanto\/\">aqu\u00ed<\/a><\/u>.<\/p>\n\n-->\n<\/div>\n\n<div style=\"margin-bottom:60px ; height:1px; clear:both;\"><\/div>\n\n<a name=\"3\"><\/a>\n<div class=\"row \">\n<div class=\"tablaHeader\">\n<div class=\"celda celdaIzquierda \"><h3>I+DKO PROIEKTUAK 2024AN<\/h3><\/div>\n<div class=\"celda\"><div class=\"widgettitlewrapper\">&nbsp;<\/div><\/div>\n<\/div>\n<div style=\"margin-bottom:20px ; height:1px; clear:both;\"><\/div>\n<!--\n<p class=\"parrafoDestacado\" style=\"font-size: 30px!important\">En el a\u00f1o 2023, hemos destinado 9M\u20ac a proyectos de I+D.<\/p>\n\n-->\n<\/div>\n\n<div class=\"row \">\n<div class=\"col-lg-6 col-md-6 col-xs-12 col-sm-12\">\n<div style=\"display:flex;flex-direction:column;justify-content:center;height:350px;\">\n<p style=\"font-size: 1.1rem !important;\"><b>IRIA<\/b> proiektua REPSOL S.A. (REPSOL), PETR\u00d3LEOS DEL NORTE S.A. (PETRONOR) eta TRADIA TELECOM S.A. konpainiek formalizatu eta Europar Batasunak NextGenerationEU funtsen bitartez finantzatutako ekimena da. IRIA proiektuari esker, 5G sare pribatu bat erabiltzeko aukera izango dugu industria-eremuan, roboten hedapena, urruneko laguntza aditua, konektatutako gailu pertsonala eta antzeko erabilera-kasuak zabaltzen laguntzeko, konpainiaren eraldaketa digitalean aurrera egiten jarraitzeaz gain. Proiektu honek 4,6 milioi euroko aurrekontua du.<\/p>\n\n<\/div>\n<\/div>\n<div class=\"col-lg-6 col-md-6 col-xs-12 col-sm-12\">\n<div class=\"post-thumb\" >\n<img decoding=\"async\" class=\"alignnone wp-image-2485 size-full\" style=\"border-radius:20px\" src=\"\/wp-content\/uploads\/2024\/04\/AF_IRIA_LOGOTIPO_RGB.png\" alt=\"Proyecto IRIA\"\/><\/div>\n<\/div>\n<\/div>\n\n<div style=\"margin-bottom:30px ; height:1px; clear:both;\"><\/div>\n\n<div class=\"row \">\n<div class=\"col-lg-6 col-md-6 col-xs-12 col-sm-12\">\n<div class=\"post-thumb\" >\n<img decoding=\"async\" class=\"alignnone wp-image-2485 size-full\" style=\"border-radius:20px\" src=\"\/wp-content\/uploads\/2024\/10\/proyecto_prestamar.png\" alt=\"Proyecto PRESTAMAR\"\/><\/div>\n<\/div>\n<div class=\"col-lg-6 col-md-6 col-xs-12 col-sm-12\">\n<div style=\"display:flex;flex-direction:column;justify-content:center;height:350px;\">\n<p style=\"font-size: 1.1rem !important;\"><b>PRESTAMAR<\/b> (PRedicci\u00f3n de ESTAbilidad en aMARre edo amarralekuetako egonkortasunari buruzko predikzioa) deritzon proiektua, gure itsas-terminalean erabakiak hartzen eta zamalanetan portuko eragiketak modu adimentsu, efiziente eta jasangarriagoan kudeatzen laguntzeko soluzio berritzaile ez-intrusiboa izango da. Proiektu hau Ports 4.0 kapital-funtsak finantzatu du, hauxe baita Estatuko Portuek eta Espainiako Portu Agintaritzek abiatutako berrikuntza korporatibo irekirako eredua. Proiektuak 0,3 milioi euroko aurrekontua du.<\/p>\n\n<\/div>\n<\/div>\n\n<\/div>\n\n<div style=\"margin-bottom:50px ; height:1px; clear:both;\"><\/div>\n\n<a name=\"4\"><\/a>\n<div class=\"row \">\n<div class=\"col-lg-6 col-md-6 col-xs-12 col-sm-12\">\n<div style=\"display:flex;flex-direction:column;justify-content:center;height:600px;\">\n<p style=\"font-size: 1.2rem !important;\">ONTZHi proiektuaren helburua hidrogenoa biltegiratu eta garraiatzeko teknologia eta soluzio seguruagoak, konpaktuagoak, errentagarriagoak eta jasangarriagoak ikertzea da.<\/p>\n<p style=\"font-size: 1.2rem !important;\">\u200bONTZHi-rekin, H2ak A&#038;T sistemetan erabilitako materialekin duen interakzioaren arloko ezagutza areagotu eta materialak hidrogenotik babesteko sistemak diseinatu nahi dira, metaletan nahiz konpositeetan degradazio-fenomenoak saihesteko.\u200b<\/p>\n<p style=\"font-size: 1.2rem !important;\">Gainera, ONTZHi-k material berriak eta prozesu jasangarriagoak garatuko ditu mugikortasuneko tangetarako. Amaieran, ONTZHi-k gutxienez, laborategi-eskalako 2 frogatzaile garatuko ditu:\u200b<\/p>\n\n<ul style=\"font-size: 1.2rem !important;\">\n \t<li>H2aren hesiaren estaldura-frogatzaile bat.<\/li>\n \t<li>Konpositezko tanga birziklagarri bat.<\/li>\n<\/ul>\n<p style=\"font-size: 1.2rem !important;\">\u200bEra berean, gutxienez, eredu konputazional bat garatuko da, karakterizazio-metodo sinplifikatuak definitu eta garatzen laguntzeko.\u200b<\/p>\n\n<\/div>\n<\/div>\n<div class=\"col-lg-6 col-md-6 col-xs-12 col-sm-12\">\n<div class=\"post-thumb\">\n<img decoding=\"async\" class=\"alignnone wp-image-2485 size-full\" style=\"border-radius:20px\" src=\"\/wp-content\/uploads\/2024\/10\/Ontzhi1.jpg\" alt=\"ONTZHI\"\/><\/div>\n<div class=\"post-thumb\">\n<img decoding=\"async\" class=\"alignnone wp-image-2485 size-full\" style=\"border-radius:20px\" src=\"\/wp-content\/uploads\/2024\/11\/4.png\" alt=\"Erakunde partaideak\u200b\"\/><\/div>\n<\/div>\n<\/div>\n\n<div style=\"margin-bottom:30px ; height:1px; clear:both;\"><\/div>\n\n<a name=\"5\"><\/a>\n<div class=\"row \">\n<div class=\"col-lg-6 col-md-6 col-xs-12 col-sm-12\">\n<div style=\"display:flex;flex-direction:column;justify-content:center;height:750px;\">\n<p style=\"font-size: 1.2rem !important;\">Proiektu hau 12 enpresak osatutako partzuergo batek garatuko du, ZTBESeko 2 zentroren laguntzaz, hidrogeno-sistema integralaren inplementazio fisiko eta digitalerako soluzio teknologiko desberdinak garatzeko asmoz, hidrogenoaren amaierako erabilerak hidrogenoa ekoiztu, banatu eta hornitzeko azpiegiturarekin modu optimoan konektatuz eta kudeatuz, hiru lan-ildo hauen arabera:\u200b<\/p>\n<p style=\"font-size: 1.2rem !important;\">\u200b<\/p>\n\n<ol style=\"font-size: 1.2rem !important;\">\n \t<li>Ekipamendu guztiekiko konektibitartearekin lortutako datuak tratatu eta analizatu eta adimen artifizialeko tekniken laguntzaz predikzio eta optimizazio zerbitzuak ematen dituen plataforma aurreratu baten bidez, balio-kate osoko prozesuak optimizatzea.<\/li>\n \t<li>Hidrogenoa konprimatu, biltegiratu, banatu eta hornitzeko ekipamenduak optimizatzen lagun dezaketen tresnarik onenekin trebatzea, mugikortasunerako eta beste erabilera batzuetarako hidrogenoaren horniketari begira.\u200b<\/li>\n \t<li>Altzairuaren, metalezko ontzien, portuko logistikaren, data-centerren eta abarren sektoreko erabilera-kasuen energia-beharrak malgutasunez estaltzeko gai diren hidrogenozko energia-sistemak diseinatzea.\u200b<\/li>\n<\/ol>\n<\/div>\n<\/div>\n<div class=\"col-lg-6 col-md-6 col-xs-12 col-sm-12\">\n<div class=\"post-thumb\">\n<img decoding=\"async\" class=\"alignnone wp-image-2485 size-full\" style=\"border-radius:20px\" src=\"\/wp-content\/uploads\/2024\/04\/H2INTEGRA-LOGO.jpg\" alt=\"H2INTEGRA\"\/><\/div>\n<div class=\"post-thumb\">\n<img decoding=\"async\" class=\"alignnone wp-image-2485 size-full\" style=\"border-radius:20px\" src=\"\/wp-content\/uploads\/2024\/11\/3.png\" alt=\"Erakunde partaideak\u200b\"\/><\/div>\n<\/div>\n<\/div>\n\n<a name=\"6\"><\/a>\n<div class=\"row \">\n<div class=\"col-lg-6 col-md-6 col-xs-12 col-sm-12\">\n<div style=\"display:flex;flex-direction:column;justify-content:center;height:700px;\">\n<p style=\"font-size: 1.2rem !important;\">Helburua hidrogeno berriztagarria sortu eta hornitzeko azpiegitura bat zabaltzea da, industrian nahiz mugikortasunean erabiltzeko. Horretarako, honako ekimen hauei ekingo zaie:<\/p>\n<p style=\"font-size: 1.2rem !important;\">\u200b<\/p>\n\n<ol style=\"font-size: 1.2rem !important;\">\n \t<li>Bilboko Portuan kokatutako 10 MWeko elektrolizagailu batetik findegian jasotako hidrogeno berriztagarria purifikatu egingo da, mugikortasunerako kalitatea lortu arte.<\/li>\n \t<li>Hidrogeno purifikatua Abantoko Parke Teknologikora garraiatuko da 1,9 km-ko hidrogenobide baten bitartez. Hidrogeno berriztagarri purifikatua Parke Teknologikoko Logistika-instalaziora iritsi eta bertan konprimatu eta presio-maila desberdinetan biltegiratuko da, botilak edo MEGCak kargatzeko lanak hidrogenoa hidrogeno-hornitegietara eta amaierako bezeroetara eramango duten 3 karga-badiatan eginez.\u200b<\/li>\n \t<li>Logistika-instalazioaren ondoan, bertan egindako biltegiratzea aprobetxatuz, hidrogeno-hornitegi bat jarriko da, ibilgailu arin eta astunen horniketa publikoa egiteko.<\/li>\n \t<li>Mugikortasuneko kalitatea duen hidrogeno berriztagarria MEGCetan eramango da Bilboko aireportuan kokatutako hidrogeno-hornitegi satelitera, ibilgailu arinak, astunak eta handling-ekoak hornitu ahal izateko.<\/li>\n \t<li>Bi hidrogeno-hornitegi horietako batean birkargatzeko diruz lagunduta dauden hidrogeno bidezko ibilgailuak: hiriarteko autobus bat, kamioi bat eta 7 hiri-autobus.<\/li>\n<\/ol>\n<\/div>\n<\/div>\n<div class=\"col-lg-6 col-md-6 col-xs-12 col-sm-12\">\n<div class=\"post-thumb\">\n<img decoding=\"async\" class=\"alignnone wp-image-2485 size-full\" style=\"border-radius:20px\" src=\"\/wp-content\/uploads\/2024\/10\/proyecto_HYBIZKAIA.png\" alt=\"HYBIZKAIA\"\/><\/div>\n<div class=\"post-thumb\">\n<img decoding=\"async\" class=\"alignnone wp-image-2485 size-full\" style=\"border-radius:20px\" src=\"\/wp-content\/uploads\/2024\/10\/proyecto_HYBIZKAIA2.png\" alt=\"Erakunde partaideak\u200b\"\/><\/div>\n<\/div>\n<\/div>\n\n<a name=\"7\"><\/a>\n<div class=\"row \">\n<div class=\"col-lg-6 col-md-6 col-xs-12 col-sm-12\">\n<div style=\"display:flex;flex-direction:column;justify-content:center;height:450px;\">\n<p style=\"font-size: 1.2rem !important;\">H2BASQUE proiektuaren helburua hidrogeno berdea sortzeko teknologia berritzaileak eta hauen giltzarrizko osagaiak kostu lehiakorrean garatzea da, PEM (Proton Exchange Membrane) elektrolisia, AEM (Anion Exchange Membrane) elektrolisia eta ziklo termokimikoak kasu.\u200b<\/p>\n<p style=\"font-size: 1.2rem !important;\">\u200bHoriei esker hidrogeno berdea ekoizteko garatu ahal izango diren teknologia berritzaileek kostuak gutxitzen eta CO2 isurpenak zein material kritikoen erabilera murrizten lagunduko dute, hidrogenoa ekoizteko prozesuen errendimendua hobetzeaz gain.\u200b<\/p>\n<p style=\"font-size: 1.2rem !important;\">Proiektua Eusko Jaurlaritzaren ELKARTEK 2021 programaren finantzaketa jaso du.\u200b<\/p>\n\n<\/div>\n<\/div>\n<div class=\"col-lg-6 col-md-6 col-xs-12 col-sm-12\">\n<div class=\"post-thumb\">\n<img decoding=\"async\" class=\"alignnone wp-image-2485 size-full\" style=\"border-radius:20px\" src=\"\/wp-content\/uploads\/2024\/11\/it52.png\" alt=\"H2BASQUE\"\/><\/div>\n<div class=\"post-thumb\">\n<img decoding=\"async\" class=\"alignnone wp-image-2485 size-full\" style=\"border-radius:20px\" src=\"\/wp-content\/uploads\/2024\/11\/5.png\" alt=\"Erakunde partaideak\u200b\"\/><\/div>\n<\/div>\n<\/div>\n\n<!--<a name=\"4\"><\/a>\n[row]\n[headerConFranja texto=\"ROB\u00d3TICA\"]\n[\/row]\n[margin size=\"20\"]\n\n[row]\n[column lg=\"8\" md=\"8\" sm=\"12\" xs=\"12\" ]\n<p style=\"font-size:20px !important;\">Tras la primera prueba de concepto con un AGV, Petronor avanza en el despliegue de 3 AGV para:<\/p>\n\n<ul style=\"font-size:20px !important;\">\n \t<li>La monitorizaci\u00f3n mediante c\u00e1maras de imagen y t\u00e9rmica, la medici\u00f3n de ruido, la c\u00e1mara ac\u00fastica y los detectores de explosividad y de COVs en tiempo real.<\/li>\n \t<li>La confecci\u00f3n de un gemelo digital de la planta\u200b.<\/li>\n \t<li>La movilidad aut\u00f3noma con detecci\u00f3n de obst\u00e1culos y b\u00fasqueda de rutas alternativas ante bloqueos, y la incorporaci\u00f3n de tecnolog\u00edas como LiDAR para la localizaci\u00f3n y la evitaci\u00f3n de colisiones1.\u200b<\/li>\n<\/ul>\n[\/column]\n[column lg=\"4\" md=\"4\" sm=\"12\" xs=\"12\" ]\n<div class=\"post-thumb\" >\n<img decoding=\"async\" class=\"alignnone wp-image-2485 size-full\" src=\"\/wp-content\/uploads\/2024\/11\/robot.png\" alt=\"Rob\u00f3tica\"\/><\/div>\n[\/column]\n[\/row]\n\n[margin size=\"60\"]\n\n<a name=\"5\"><\/a>\n[row]\n[headerConFranja texto=\"RED 5G\"]\n[\/row]\n[margin size=\"20\"]\n\n[row]\n[column lg=\"8\" md=\"8\" sm=\"12\" xs=\"12\" ]\n<p style=\"font-size:18px!important;\">Petronor est\u00e1 desplegando un Servicio de Red Privada 4G y 5G para toda la refiner\u00eda y terminal mar\u00edtima y el Hub de Descabonizaci\u00f3n en el Puerto, encontr\u00e1ndose en estado de desarrollo los siguientes casos de uso:<\/p>\n\n<ul style=\"font-size:18px!important;\">\n \t<li>Robotizaci\u00f3n: Robot aut\u00f3nomo AGV para inspecciones.\u200b<\/li>\n \t<li>Asistencia remota experta: Soporte remoto experto en paradas, resoluci\u00f3n de incidencias, validaciones de productos.\u200b<\/li>\n \t<li>Anal\u00edtica de im\u00e1genes t\u00e9rmicas: optimizaci\u00f3n de eficiencia en hornos.\u200b\u200b<\/li>\n \t<li>Sens\u00f3rica con anal\u00edtica: Mantenimiento preventivo para rotativos.\u200b<\/li>\n \t<li>Sens\u00f3rica de trabajador conectado: Mejora de la seguridad conectando los sensores que lleva el trabajador con los sistemas y paneles centrales de seguridad.<\/li>\n \t<li>Visi\u00f3n computacional sobre procesos, incidentes o seguridad:\u200b<\/li>\n \t<li>Detecci\u00f3n de fugas y derrames.\u200b<\/li>\n \t<li>Detecci\u00f3n de intrusiones.\u200b<\/li>\n \t<li>Geoposicionamiento avanzado: gesti\u00f3n de informaci\u00f3n m\u00e1s detallada sobre el posicionamiento de personas o activos, mejorando la gesti\u00f3n de incidentes y otros procesos.<\/li>\n<\/ul>\n[\/column]\n[column lg=\"4\" md=\"4\" sm=\"12\" xs=\"12\" ]\n<div class=\"post-thumb\" >\n<img decoding=\"async\" class=\"alignnone wp-image-2485 size-full\" src=\"\/wp-content\/uploads\/2024\/11\/5g.png\" alt=\"Red 5G\"\/><\/div>\n[\/column]\n[\/row]\n\n[margin size=\"60\"]\n\n<a name=\"6\"><\/a>\n[row]\n[headerConFranja texto=\"INTELIGENCIA ARTIFICIAL\"]\n[\/row]\n[margin size=\"20\"]\n\n[row]\n[column lg=\"8\" md=\"8\" sm=\"12\" xs=\"12\" ]\n<p style=\"font-size:18px !important;\">Petronor abordar un  primer despliegue de IA generativa con el objetivo de contribuir a:<\/p>\n\n<ul style=\"font-size:18px !important;\">\n \t<li>La <b>optimizaci\u00f3n de operaciones<\/b> minimizando tareas administrativas: Modelos generativos pueden automatizar la creaci\u00f3n de documentos y agentes que ejecuten de manera aut\u00f3noma m\u00faltiples procesos administrativos, mejorando la productividad.\u200b<\/li>\n \t<li>La maximizaci\u00f3n de la <b>producci\u00f3n con planificaci\u00f3n avanzada<\/b>: La IA generativa simula escenarios de producci\u00f3n usando datos hist\u00f3ricos, permitiendo experimentar virtualmente con ajustes para optimizar la planificaci\u00f3n.\u200b<\/li>\n \t<li>El <b>desarrollo de procesos aut\u00f3nomos<\/b>: Modelos generativos dise\u00f1an y mejoran procesos industriales simulando comportamientos reales, reduciendo la intervenci\u00f3n humana y aumentando la eficiencia.\u200b<\/li>\n \t<li>La mejora de la <b>eficiencia energ\u00e9tica y el mantenimiento predictivo<\/b>. La generaci\u00f3n de datos sint\u00e9ticos puede ayudar a mejorar la precisi\u00f3n de Modelos predictivos y simuladores\u200b.<\/li>\n<\/ul>\n[\/column]\n[column lg=\"4\" md=\"4\" sm=\"12\" xs=\"12\" ]\n<div class=\"post-thumb\" >\n<img decoding=\"async\" class=\"alignnone wp-image-2485 size-full\" src=\"\/wp-content\/uploads\/2024\/11\/ia.png\" alt=\"Inteligencia Artificial\"\/><\/div>\n[\/column]\n[\/row]-->\n\n<style>\nhtml{scroll-behavior: smooth;}<br \/>\nh3{<br \/>\nfont-size:26px !important;<br \/>\n}<br \/>\n.indice:hover{<br \/>\ncolor:#3e6de7;<br \/>\n}<br \/>\n<\/style>","protected":false},"excerpt":{"rendered":"","protected":false},"author":1,"featured_media":0,"parent":77661,"menu_order":7,"comment_status":"closed","ping_status":"closed","template":"","meta":{"footnotes":""},"class_list":["post-77833","page","type-page","status-publish","hentry"],"yoast_head":"<!-- This site is optimized with the Yoast SEO plugin v24.7 - https:\/\/yoast.com\/wordpress\/plugins\/seo\/ -->\n<title>BERRIKUNTZA ETA TEKNOLOGIA - Petronor<\/title>\n<meta name=\"robots\" content=\"index, follow, max-snippet:-1, max-image-preview:large, max-video-preview:-1\" \/>\n<link rel=\"canonical\" href=\"https:\/\/petronor.eus\/eu\/jasangarritasunari-buruz-dugun-ikuspegia\/innovacion-y-tecnologia\/\" \/>\n<meta property=\"og:locale\" content=\"en_US\" \/>\n<meta property=\"og:type\" content=\"article\" \/>\n<meta property=\"og:title\" content=\"BERRIKUNTZA ETA TEKNOLOGIA - Petronor\" \/>\n<meta property=\"og:url\" content=\"https:\/\/petronor.eus\/eu\/jasangarritasunari-buruz-dugun-ikuspegia\/innovacion-y-tecnologia\/\" \/>\n<meta property=\"og:site_name\" content=\"Petronor\" \/>\n<meta property=\"article:modified_time\" content=\"2024-11-27T08:03:40+00:00\" \/>\n<meta name=\"twitter:label1\" content=\"Est. reading time\" \/>\n\t<meta name=\"twitter:data1\" content=\"6 minutua\" \/>\n<script type=\"application\/ld+json\" class=\"yoast-schema-graph\">{\"@context\":\"https:\/\/schema.org\",\"@graph\":[{\"@type\":\"WebPage\",\"@id\":\"https:\/\/petronor.eus\/eu\/jasangarritasunari-buruz-dugun-ikuspegia\/innovacion-y-tecnologia\/\",\"url\":\"https:\/\/petronor.eus\/eu\/jasangarritasunari-buruz-dugun-ikuspegia\/innovacion-y-tecnologia\/\",\"name\":\"BERRIKUNTZA ETA TEKNOLOGIA - Petronor\",\"isPartOf\":{\"@id\":\"https:\/\/petronor.eus\/es\/#website\"},\"datePublished\":\"2024-11-25T11:47:06+00:00\",\"dateModified\":\"2024-11-27T08:03:40+00:00\",\"breadcrumb\":{\"@id\":\"https:\/\/petronor.eus\/eu\/jasangarritasunari-buruz-dugun-ikuspegia\/innovacion-y-tecnologia\/#breadcrumb\"},\"inLanguage\":\"eu\",\"potentialAction\":[{\"@type\":\"ReadAction\",\"target\":[\"https:\/\/petronor.eus\/eu\/jasangarritasunari-buruz-dugun-ikuspegia\/innovacion-y-tecnologia\/\"]}]},{\"@type\":\"BreadcrumbList\",\"@id\":\"https:\/\/petronor.eus\/eu\/jasangarritasunari-buruz-dugun-ikuspegia\/innovacion-y-tecnologia\/#breadcrumb\",\"itemListElement\":[{\"@type\":\"ListItem\",\"position\":1,\"name\":\"Home\",\"item\":\"https:\/\/petronor.eus\/eu\/\"},{\"@type\":\"ListItem\",\"position\":2,\"name\":\"JASANGARRITASUNARI BURUZ DUGUN IKUSPEGIA\",\"item\":\"https:\/\/petronor.eus\/eu\/jasangarritasunari-buruz-dugun-ikuspegia\/\"},{\"@type\":\"ListItem\",\"position\":3,\"name\":\"BERRIKUNTZA ETA TEKNOLOGIA\"}]},{\"@type\":\"WebSite\",\"@id\":\"https:\/\/petronor.eus\/es\/#website\",\"url\":\"https:\/\/petronor.eus\/es\/\",\"name\":\"Petronor\",\"description\":\"\",\"potentialAction\":[{\"@type\":\"SearchAction\",\"target\":{\"@type\":\"EntryPoint\",\"urlTemplate\":\"https:\/\/petronor.eus\/es\/?s={search_term_string}\"},\"query-input\":{\"@type\":\"PropertyValueSpecification\",\"valueRequired\":true,\"valueName\":\"search_term_string\"}}],\"inLanguage\":\"eu\"}]}<\/script>\n<!-- \/ Yoast SEO plugin. -->","yoast_head_json":{"title":"BERRIKUNTZA ETA TEKNOLOGIA - Petronor","robots":{"index":"index","follow":"follow","max-snippet":"max-snippet:-1","max-image-preview":"max-image-preview:large","max-video-preview":"max-video-preview:-1"},"canonical":"https:\/\/petronor.eus\/eu\/jasangarritasunari-buruz-dugun-ikuspegia\/innovacion-y-tecnologia\/","og_locale":"en_US","og_type":"article","og_title":"BERRIKUNTZA ETA TEKNOLOGIA - Petronor","og_url":"https:\/\/petronor.eus\/eu\/jasangarritasunari-buruz-dugun-ikuspegia\/innovacion-y-tecnologia\/","og_site_name":"Petronor","article_modified_time":"2024-11-27T08:03:40+00:00","twitter_misc":{"Est. reading time":"6 minutua"},"schema":{"@context":"https:\/\/schema.org","@graph":[{"@type":"WebPage","@id":"https:\/\/petronor.eus\/eu\/jasangarritasunari-buruz-dugun-ikuspegia\/innovacion-y-tecnologia\/","url":"https:\/\/petronor.eus\/eu\/jasangarritasunari-buruz-dugun-ikuspegia\/innovacion-y-tecnologia\/","name":"BERRIKUNTZA ETA TEKNOLOGIA - Petronor","isPartOf":{"@id":"https:\/\/petronor.eus\/es\/#website"},"datePublished":"2024-11-25T11:47:06+00:00","dateModified":"2024-11-27T08:03:40+00:00","breadcrumb":{"@id":"https:\/\/petronor.eus\/eu\/jasangarritasunari-buruz-dugun-ikuspegia\/innovacion-y-tecnologia\/#breadcrumb"},"inLanguage":"eu","potentialAction":[{"@type":"ReadAction","target":["https:\/\/petronor.eus\/eu\/jasangarritasunari-buruz-dugun-ikuspegia\/innovacion-y-tecnologia\/"]}]},{"@type":"BreadcrumbList","@id":"https:\/\/petronor.eus\/eu\/jasangarritasunari-buruz-dugun-ikuspegia\/innovacion-y-tecnologia\/#breadcrumb","itemListElement":[{"@type":"ListItem","position":1,"name":"Home","item":"https:\/\/petronor.eus\/eu\/"},{"@type":"ListItem","position":2,"name":"JASANGARRITASUNARI BURUZ DUGUN IKUSPEGIA","item":"https:\/\/petronor.eus\/eu\/jasangarritasunari-buruz-dugun-ikuspegia\/"},{"@type":"ListItem","position":3,"name":"BERRIKUNTZA ETA TEKNOLOGIA"}]},{"@type":"WebSite","@id":"https:\/\/petronor.eus\/es\/#website","url":"https:\/\/petronor.eus\/es\/","name":"Petronor","description":"","potentialAction":[{"@type":"SearchAction","target":{"@type":"EntryPoint","urlTemplate":"https:\/\/petronor.eus\/es\/?s={search_term_string}"},"query-input":{"@type":"PropertyValueSpecification","valueRequired":true,"valueName":"search_term_string"}}],"inLanguage":"eu"}]}},"_links":{"self":[{"href":"https:\/\/petronor.eus\/eu\/wp-json\/wp\/v2\/pages\/77833","targetHints":{"allow":["GET"]}}],"collection":[{"href":"https:\/\/petronor.eus\/eu\/wp-json\/wp\/v2\/pages"}],"about":[{"href":"https:\/\/petronor.eus\/eu\/wp-json\/wp\/v2\/types\/page"}],"author":[{"embeddable":true,"href":"https:\/\/petronor.eus\/eu\/wp-json\/wp\/v2\/users\/1"}],"replies":[{"embeddable":true,"href":"https:\/\/petronor.eus\/eu\/wp-json\/wp\/v2\/comments?post=77833"}],"version-history":[{"count":4,"href":"https:\/\/petronor.eus\/eu\/wp-json\/wp\/v2\/pages\/77833\/revisions"}],"predecessor-version":[{"id":77986,"href":"https:\/\/petronor.eus\/eu\/wp-json\/wp\/v2\/pages\/77833\/revisions\/77986"}],"up":[{"embeddable":true,"href":"https:\/\/petronor.eus\/eu\/wp-json\/wp\/v2\/pages\/77661"}],"wp:attachment":[{"href":"https:\/\/petronor.eus\/eu\/wp-json\/wp\/v2\/media?parent=77833"}],"curies":[{"name":"wp","href":"https:\/\/api.w.org\/{rel}","templated":true}]}}