{"id":8350,"date":"2015-06-22T08:43:51","date_gmt":"2015-06-22T08:43:51","guid":{"rendered":"https:\/\/petronor.eus\/?page_id=8350"},"modified":"2024-11-27T16:23:19","modified_gmt":"2024-11-27T15:23:19","slug":"instalazioak","status":"publish","type":"page","link":"https:\/\/petronor.eus\/eu\/instalazioak\/","title":{"rendered":"INSTALAZIOAK"},"content":{"rendered":"<div class=\"row introBlock full-width-section primeraFila\">\n<div class=\"col-lg-3 col-md-3 col-xs-12 col-sm-12\">\n<div class=\"menu-menu_instalaciones-euskera0-container\"><ul id=\"menu-menu_instalaciones-euskera0\" class=\"subnav\"><li id=\"menu-item-77822\" class=\"menu-item menu-item-type-post_type menu-item-object-page menu-item-77822\"><a href=\"https:\/\/petronor.eus\/eu\/instalazioak\/\">INSTALAZIOAK<\/a><\/li>\n<li id=\"menu-item-77823\" class=\"menu-item menu-item-type-post_type menu-item-object-page menu-item-77823\"><a href=\"https:\/\/petronor.eus\/eu\/instalazioak\/petronor-bilboko-portuak\/\">PETRONOR BILBOKO PORTUAK<\/a><\/li>\n<li id=\"menu-item-77824\" class=\"menu-item menu-item-type-post_type menu-item-object-page menu-item-77824\"><a href=\"https:\/\/petronor.eus\/eu\/instalazioak\/produktuak\/\">PRODUKTUAK<\/a><\/li>\n<li id=\"menu-item-77825\" class=\"menu-item menu-item-type-post_type menu-item-object-page menu-item-77825\"><a href=\"https:\/\/petronor.eus\/eu\/infografiak\/horrela-dabil-findegia\/\">INFOGRAFIAK &#8220;Horrela dabil findegia&#8221;<\/a><\/li>\n<li id=\"menu-item-77826\" class=\"menu-item menu-item-type-post_type menu-item-object-page menu-item-77826\"><a href=\"https:\/\/petronor.eus\/eu\/instalazioak\/maiz-egiten-diren-galderak\/\">MAIZ EGITEN DIREN GALDERAK<\/a><\/li>\n<\/ul><\/div>\n<\/div>\n<div class=\"col-lg-3 col-md-3 col-xs-12 col-sm-12\">\n<h1>INSTALAZIOAK<\/h1>\n<p class=\"font18\" style=\"font-size: 18px!important;\">Petronorren findegiak urtean 12 milioi tona (MTm\/urte) destilatzeko gaitasuna ahalbidetzen duen bihurketa-eskema du (Eraberritua, FCC, Biskomurrizketa eta Mild-hydrocracker).<\/p>\n\n<div class=\"separadorGris\"><\/div>\n220 hektareako azalerarekin, 894.000 m<sup>3<\/sup> petrolio gordin, 1.279.000 tona lehengai, amaitutako produktuen 922 mila m<sup>3<\/sup> eta bitarteko produktuen 254.600 m<sup>3<\/sup> biltegiratzeko gaitasuna du.\n<div class=\"rayaGris\"><\/div>\n<\/div>\n<div class=\"col-lg-6 col-md-6 col-xs-12 col-sm-12\">\n<img loading=\"lazy\" decoding=\"async\" id=\"img-instalaciones-1\" class=\"alignright size-full wp-image-2642\" src=\"https:\/\/petronor.eus\/wp-content\/uploads\/2014\/12\/instalaciones-atardecer.jpg\" alt=\"instalaciones-atardecer\" width=\"600\" height=\"350\" \/>\n<\/div>\n<\/div>\n\n<div style=\"margin-bottom:10px ; height:1px; clear:both;\"><\/div>\n\n<div class=\"row \">\n<div class=\"col-lg-6 col-md-6 col-xs-12 col-sm-12\">\n<div class=\"tablaHeader derechadoMovil\">\n<div class=\"celda celdaIzquierda\"><h3>EZAUGARRI TEKNIKOAK<\/h3><\/div>\n<div class=\"celda\"><div class=\"widgettitlewrapper\">&nbsp;<\/div><\/div>\n<\/div>\n<img loading=\"lazy\" decoding=\"async\" class=\"alignnone size-full wp-image-5274\" src=\"\/wp-content\/uploads\/2024\/11\/instalaciones_eus.png\" alt=\"Petronor a vista de p\u00e1jaro\" width=\"570\" height=\"206\" \/><div style=\"margin-bottom:15px ; height:1px; clear:both;\"><\/div>\n<div class=\"separadorGris\"><\/div>\n<div style=\"margin-bottom:15px ; height:1px; clear:both;\"><\/div>\n\nIndustriagune honek hiru eremu nagusi ditu:\n\n<div style=\"margin-bottom:15px ; height:1px; clear:both;\"><\/div>\n<div class=\"row\"><div class=\"col-lg-6 col-md- col-sm- col-xs- col-lg-offset-  one-half\"><span class=\"spanAzul\">1. eta 2. findegiak:<\/span> Bi findegi tradizional eta kokizazio atzeratuko instalazio bat daude, produktuen tratamendurako dagozkien unitateak barne, baita hidrogenoa ekoizteko bi unitate eta gasolioak hutsean desulfuratzeko unitate bat ere.<span class=\"spanAzul\">FMU:<\/span> Kokizazio atzeratuko instalazio bat, eta PGL desulfuratu eta tratatzeko eta nafta desulfuratzeko unitate osagarriak.\n\n<\/div>\n<div class=\"col-lg-6 col-md- col-sm- col-xs- col-lg-offset-  one-half\">\n\n<span class=\"spanAzul\">Bihurketa:<\/span> Hutsean destilatzeko, biskositatea murrizteko eta <abbr title=\"Fluid Catalytic Cracking\">FCC<\/abbr>, unitateak ditu, baita produktuen tratamendurako unitateak ere, petrolioaren deribatu astunen kopurua minimizatzeko.\n\n<\/div>\n\n<\/div>\n<\/div><div class=\"col-lg-3 col-md-3 col-xs-12 col-sm-6\">\n<div class=\"tablaHeader derechadoMovil\">\n<div class=\"celda celdaIzquierda\"><h3>ITSAS TERMINALA<\/h3><\/div>\n<div class=\"celda\"><div class=\"widgettitlewrapper\">&nbsp;<\/div><\/div>\n<\/div>\n<img loading=\"lazy\" decoding=\"async\" class=\"alignnone size-full wp-image-2644\" src=\"https:\/\/petronor.eus\/wp-content\/uploads\/2014\/12\/terminal-maritimo-petronor.jpg\" alt=\"terminal-maritimo-petronor\" width=\"371\" height=\"287\" \/><div style=\"margin-bottom:15px ; height:1px; clear:both;\"><\/div>\n<div class=\"separadorGris\"><\/div>\n<div style=\"margin-bottom:15px ; height:1px; clear:both;\"><\/div>\n\nItsas-instalazioek honako elementu hauek dituzte:\n<div style=\"margin-bottom:15px ; height:1px; clear:both;\"><\/div>\n<ul class=\"listaReseteada listaFlechada paddinIzquierdo15XS\">\n \t<li>3.000 metroko <strong>kai-muturra<\/strong> eta hiru atrakaleku, 500.000, 150.000 eta 50.000 tonako ontzietarako.<\/li>\n \t<li>3 atrakaleku dituen <strong>pantalana<\/strong>; atrakaleku horietako bi 30.000 tonako itsasontzietarako dira eta bestea 3.500 tonako ontzietarako.<\/li>\n \t<li><strong>Itsas-erregaia (gasolioa, fuel-olioa)<\/strong> biltegiratzeko andelak.<\/li>\n \t<li><strong>Petrolio <\/strong> gordinaren ontziak deskargatzen laguntzeko ponpak.<\/li>\n \t<li><strong>Lasta-uren<\/strong> harrera.<\/li>\n<\/ul>\n<!--<div class=\"hidden-xs hidden-sm\">&#091;button style=\"btn-default btn-lg ancho100\" icon=\"glyphicon glyphicon-save\" align=\"left\" type=\"link\" target=\"true\" title=\"M\u00e1s informaci\u00f3n  (En ingl\u00e9s)\" link=\"https:\/\/www.repsol.com\/content\/dam\/repsol-corporate\/es\/conocenos\/documentos-conocenos\/tpq-petronor-bilbao.pdf\"&#093;<\/div>\n<div class=\"hidden-lg hidden-md\">&#091;button style=\"btn-default btn-lg ancho100\" icon=\"glyphicon glyphicon-save\" align=\"left\" type=\"link\" target=\"true\" title=\"M\u00e1s informaci\u00f3n sobre\nTerminal mar\u00edtima de Refino\nen Repsol (EN)\" link=\"https:\/\/www.repsol.com\/content\/dam\/repsol-corporate\/es\/conocenos\/documentos-conocenos\/tpq-petronor-bilbao.pdf\"&#093;<\/div>-->\n<\/div><div class=\"col-lg-3 col-md-3 col-xs-12 col-sm-6\">\n<div class=\"tablaHeader derechadoMovil\">\n<div class=\"celda celdaIzquierda\"><h3>OLIOBIDEA<\/h3><\/div>\n<div class=\"celda\"><div class=\"widgettitlewrapper\">&nbsp;<\/div><\/div>\n<\/div>\n<img loading=\"lazy\" decoding=\"async\" class=\"alignnone size-full wp-image-2645\" src=\"https:\/\/petronor.eus\/wp-content\/uploads\/2014\/12\/oleoducto-instalaciones-petronor.jpg\" alt=\"oleoducto-instalaciones-petronor\" width=\"371\" height=\"287\" \/><div style=\"margin-bottom:15px ; height:1px; clear:both;\"><\/div>\n<div class=\"separadorGris\"><\/div>\n<div style=\"margin-bottom:15px ; height:1px; clear:both;\"><\/div>\n\nFindegia itsas-terminalarekin konektatzen duen poliduktua honako linea hauek osatzen dute:\n<div style=\"margin-bottom:15px ; height:1px; clear:both;\"><\/div>\n<ul class=\"listaReseteada listaFlechada paddinIzquierdo15XS\">\n \t<li>Propilenoa (6&#8243;-ko \u00d8).<\/li>\n \t<li>PGL (8&#8243;-ko \u00d8).<\/li>\n \t<li>Produktu bereziak (14&#8243;-ko \u00d8).<\/li>\n \t<li>2 gasolina-olio (2 \u00d7 12&#8243;-ko \u00d8).<\/li>\n \t<li>Gasolioa (14&#8243;-ko \u00d8).<\/li>\n \t<li>Fuel-olioa (1 \u00d7 20&#8243;-ko \u00d8).<\/li>\n \t<li>Petrolio gordina (42&#8243;-ko \u00d8).<\/li>\n<\/ul>\n<\/div>\n<\/div>\n<div style=\"margin-bottom:30px ; height:1px; clear:both;\"><\/div>\n\n<section id=\"acercade\">\n\n<div id=\"bloque2\" class=\"col-lg-3 col-md-3 col-sm-6 col-xs-12 nopadding\">\n\n<a href=\"\/eu\/infografiak\/horrela-dabil-findegia\/\"><img loading=\"lazy\" decoding=\"async\" class=\"alignnone size-full wp-image-2459 imgZoom\" title=\"Ir a la infograf\u00eda\" src=\"\/wp-content\/uploads\/2014\/12\/asi-funciona-la-refineria.jpg\" alt=\"asi-funciona-la-refineria\" width=\"400\" height=\"400\" srcset=\"https:\/\/petronor.eus\/wp-content\/uploads\/2014\/12\/asi-funciona-la-refineria.jpg 400w, https:\/\/petronor.eus\/wp-content\/uploads\/2014\/12\/asi-funciona-la-refineria-150x150.jpg 150w, https:\/\/petronor.eus\/wp-content\/uploads\/2014\/12\/asi-funciona-la-refineria-300x300.jpg 300w, https:\/\/petronor.eus\/wp-content\/uploads\/2014\/12\/asi-funciona-la-refineria-70x70.jpg 70w\" sizes=\"(max-width: 400px) 100vw, 400px\" \/><\/a>\n<div class=\"caption\"><\/div>\n<div class=\"caption-text\">\n<h3 style=\"padding-bottom: 15px;\">Honela funtzionatzen du findegiak<\/h3>\n<\/div>\n<\/div>\n<div id=\"bloque3\" class=\"col-lg-3 col-md-3 col-sm-6 col-xs-12 nopadding\"><a href=\"\/eu\/infografiak\/bitxikeriak\/\">\n<img loading=\"lazy\" decoding=\"async\" class=\"alignnone size-full wp-image-2784 imgZoom\" title=\"Ir a la infograf\u00eda\" src=\"\/wp-content\/uploads\/2024\/11\/curiosidades_eus.png\" alt=\"curiosidades\" width=\"400\" height=\"400\" \/><\/a>\n<div class=\"caption\"><\/div>\n<div class=\"caption-text\">\n<h3 style=\"padding-bottom: 15px;\">Bitxikeriak<\/h3>\n<\/div>\n<\/div>\n<div id=\"bloque4\" class=\"col-lg-3 col-md-3 col-sm-6 col-xs-12 nopadding\"><a href=\"\/eu\/infografiak\/haurrentzako-zerbitzugunea\/\">\n<img loading=\"lazy\" decoding=\"async\" class=\"alignnone size-full wp-image-2469 imgZoom\" title=\"Ir a la infograf\u00eda\" src=\"https:\/\/petronor.eus\/wp-content\/uploads\/2014\/12\/estaciones-para-ninios.jpg\" alt=\"estaciones-para-ninios\" width=\"400\" height=\"400\" srcset=\"https:\/\/petronor.eus\/wp-content\/uploads\/2014\/12\/estaciones-para-ninios.jpg 400w, https:\/\/petronor.eus\/wp-content\/uploads\/2014\/12\/estaciones-para-ninios-150x150.jpg 150w, https:\/\/petronor.eus\/wp-content\/uploads\/2014\/12\/estaciones-para-ninios-300x300.jpg 300w, https:\/\/petronor.eus\/wp-content\/uploads\/2014\/12\/estaciones-para-ninios-70x70.jpg 70w\" sizes=\"(max-width: 400px) 100vw, 400px\" \/><\/a>\n<div class=\"caption\"><\/div>\n<div class=\"caption-text\">\n<h3>Zerbitzugunea umeentzat<\/h3>\n<\/div>\n<\/div>\n\n<\/section>","protected":false},"excerpt":{"rendered":"Honela funtzionatzen du findegiak Bitxikeriak Zerbitzugunea umeentzat","protected":false},"author":1,"featured_media":0,"parent":0,"menu_order":37,"comment_status":"open","ping_status":"open","template":"","meta":{"footnotes":""},"class_list":["post-8350","page","type-page","status-publish","hentry"],"yoast_head":"<!-- This site is optimized with the Yoast SEO plugin v24.7 - https:\/\/yoast.com\/wordpress\/plugins\/seo\/ -->\n<title>Petronorren instalazioak<\/title>\n<meta name=\"description\" content=\"Petronorren industria konplexuaren instalazioak, ezaugarriak eta infografiak: findegia, oliobidea eta itsas terminala.\" \/>\n<meta name=\"robots\" content=\"index, follow, max-snippet:-1, max-image-preview:large, max-video-preview:-1\" \/>\n<link rel=\"canonical\" href=\"https:\/\/petronor.eus\/eu\/instalazioak\/\" \/>\n<meta property=\"og:locale\" content=\"en_US\" \/>\n<meta property=\"og:type\" content=\"article\" \/>\n<meta property=\"og:title\" content=\"Petronorren instalazioak\" \/>\n<meta property=\"og:description\" content=\"Petronorren industria konplexuaren instalazioak, ezaugarriak eta infografiak: findegia, oliobidea eta itsas terminala.\" \/>\n<meta property=\"og:url\" content=\"https:\/\/petronor.eus\/eu\/instalazioak\/\" \/>\n<meta property=\"og:site_name\" content=\"Petronor\" \/>\n<meta property=\"article:modified_time\" content=\"2024-11-27T15:23:19+00:00\" \/>\n<meta property=\"og:image\" content=\"https:\/\/petronor.eus\/wp-content\/uploads\/2014\/12\/instalaciones-atardecer.jpg\" \/>\n<meta name=\"twitter:label1\" content=\"Est. reading time\" \/>\n\t<meta name=\"twitter:data1\" content=\"3 minutua\" \/>\n<script type=\"application\/ld+json\" class=\"yoast-schema-graph\">{\"@context\":\"https:\/\/schema.org\",\"@graph\":[{\"@type\":\"WebPage\",\"@id\":\"https:\/\/petronor.eus\/eu\/instalazioak\/\",\"url\":\"https:\/\/petronor.eus\/eu\/instalazioak\/\",\"name\":\"Petronorren instalazioak\",\"isPartOf\":{\"@id\":\"https:\/\/petronor.eus\/es\/#website\"},\"primaryImageOfPage\":{\"@id\":\"https:\/\/petronor.eus\/eu\/instalazioak\/#primaryimage\"},\"image\":{\"@id\":\"https:\/\/petronor.eus\/eu\/instalazioak\/#primaryimage\"},\"thumbnailUrl\":\"https:\/\/petronor.eus\/wp-content\/uploads\/2014\/12\/instalaciones-atardecer.jpg\",\"datePublished\":\"2015-06-22T08:43:51+00:00\",\"dateModified\":\"2024-11-27T15:23:19+00:00\",\"description\":\"Petronorren industria konplexuaren instalazioak, ezaugarriak eta infografiak: findegia, oliobidea eta itsas terminala.\",\"breadcrumb\":{\"@id\":\"https:\/\/petronor.eus\/eu\/instalazioak\/#breadcrumb\"},\"inLanguage\":\"eu\",\"potentialAction\":[{\"@type\":\"ReadAction\",\"target\":[\"https:\/\/petronor.eus\/eu\/instalazioak\/\"]}]},{\"@type\":\"ImageObject\",\"inLanguage\":\"eu\",\"@id\":\"https:\/\/petronor.eus\/eu\/instalazioak\/#primaryimage\",\"url\":\"https:\/\/petronor.eus\/wp-content\/uploads\/2014\/12\/instalaciones-atardecer.jpg\",\"contentUrl\":\"https:\/\/petronor.eus\/wp-content\/uploads\/2014\/12\/instalaciones-atardecer.jpg\"},{\"@type\":\"BreadcrumbList\",\"@id\":\"https:\/\/petronor.eus\/eu\/instalazioak\/#breadcrumb\",\"itemListElement\":[{\"@type\":\"ListItem\",\"position\":1,\"name\":\"Home\",\"item\":\"https:\/\/petronor.eus\/eu\/\"},{\"@type\":\"ListItem\",\"position\":2,\"name\":\"INSTALAZIOAK\"}]},{\"@type\":\"WebSite\",\"@id\":\"https:\/\/petronor.eus\/es\/#website\",\"url\":\"https:\/\/petronor.eus\/es\/\",\"name\":\"Petronor\",\"description\":\"\",\"potentialAction\":[{\"@type\":\"SearchAction\",\"target\":{\"@type\":\"EntryPoint\",\"urlTemplate\":\"https:\/\/petronor.eus\/es\/?s={search_term_string}\"},\"query-input\":{\"@type\":\"PropertyValueSpecification\",\"valueRequired\":true,\"valueName\":\"search_term_string\"}}],\"inLanguage\":\"eu\"}]}<\/script>\n<!-- \/ Yoast SEO plugin. -->","yoast_head_json":{"title":"Petronorren instalazioak","description":"Petronorren industria konplexuaren instalazioak, ezaugarriak eta infografiak: findegia, oliobidea eta itsas terminala.","robots":{"index":"index","follow":"follow","max-snippet":"max-snippet:-1","max-image-preview":"max-image-preview:large","max-video-preview":"max-video-preview:-1"},"canonical":"https:\/\/petronor.eus\/eu\/instalazioak\/","og_locale":"en_US","og_type":"article","og_title":"Petronorren instalazioak","og_description":"Petronorren industria konplexuaren instalazioak, ezaugarriak eta infografiak: findegia, oliobidea eta itsas terminala.","og_url":"https:\/\/petronor.eus\/eu\/instalazioak\/","og_site_name":"Petronor","article_modified_time":"2024-11-27T15:23:19+00:00","og_image":[{"url":"https:\/\/petronor.eus\/wp-content\/uploads\/2014\/12\/instalaciones-atardecer.jpg","type":"","width":"","height":""}],"twitter_misc":{"Est. reading time":"3 minutua"},"schema":{"@context":"https:\/\/schema.org","@graph":[{"@type":"WebPage","@id":"https:\/\/petronor.eus\/eu\/instalazioak\/","url":"https:\/\/petronor.eus\/eu\/instalazioak\/","name":"Petronorren instalazioak","isPartOf":{"@id":"https:\/\/petronor.eus\/es\/#website"},"primaryImageOfPage":{"@id":"https:\/\/petronor.eus\/eu\/instalazioak\/#primaryimage"},"image":{"@id":"https:\/\/petronor.eus\/eu\/instalazioak\/#primaryimage"},"thumbnailUrl":"https:\/\/petronor.eus\/wp-content\/uploads\/2014\/12\/instalaciones-atardecer.jpg","datePublished":"2015-06-22T08:43:51+00:00","dateModified":"2024-11-27T15:23:19+00:00","description":"Petronorren industria konplexuaren instalazioak, ezaugarriak eta infografiak: findegia, oliobidea eta itsas terminala.","breadcrumb":{"@id":"https:\/\/petronor.eus\/eu\/instalazioak\/#breadcrumb"},"inLanguage":"eu","potentialAction":[{"@type":"ReadAction","target":["https:\/\/petronor.eus\/eu\/instalazioak\/"]}]},{"@type":"ImageObject","inLanguage":"eu","@id":"https:\/\/petronor.eus\/eu\/instalazioak\/#primaryimage","url":"https:\/\/petronor.eus\/wp-content\/uploads\/2014\/12\/instalaciones-atardecer.jpg","contentUrl":"https:\/\/petronor.eus\/wp-content\/uploads\/2014\/12\/instalaciones-atardecer.jpg"},{"@type":"BreadcrumbList","@id":"https:\/\/petronor.eus\/eu\/instalazioak\/#breadcrumb","itemListElement":[{"@type":"ListItem","position":1,"name":"Home","item":"https:\/\/petronor.eus\/eu\/"},{"@type":"ListItem","position":2,"name":"INSTALAZIOAK"}]},{"@type":"WebSite","@id":"https:\/\/petronor.eus\/es\/#website","url":"https:\/\/petronor.eus\/es\/","name":"Petronor","description":"","potentialAction":[{"@type":"SearchAction","target":{"@type":"EntryPoint","urlTemplate":"https:\/\/petronor.eus\/es\/?s={search_term_string}"},"query-input":{"@type":"PropertyValueSpecification","valueRequired":true,"valueName":"search_term_string"}}],"inLanguage":"eu"}]}},"_links":{"self":[{"href":"https:\/\/petronor.eus\/eu\/wp-json\/wp\/v2\/pages\/8350","targetHints":{"allow":["GET"]}}],"collection":[{"href":"https:\/\/petronor.eus\/eu\/wp-json\/wp\/v2\/pages"}],"about":[{"href":"https:\/\/petronor.eus\/eu\/wp-json\/wp\/v2\/types\/page"}],"author":[{"embeddable":true,"href":"https:\/\/petronor.eus\/eu\/wp-json\/wp\/v2\/users\/1"}],"replies":[{"embeddable":true,"href":"https:\/\/petronor.eus\/eu\/wp-json\/wp\/v2\/comments?post=8350"}],"version-history":[{"count":24,"href":"https:\/\/petronor.eus\/eu\/wp-json\/wp\/v2\/pages\/8350\/revisions"}],"predecessor-version":[{"id":78154,"href":"https:\/\/petronor.eus\/eu\/wp-json\/wp\/v2\/pages\/8350\/revisions\/78154"}],"wp:attachment":[{"href":"https:\/\/petronor.eus\/eu\/wp-json\/wp\/v2\/media?parent=8350"}],"curies":[{"name":"wp","href":"https:\/\/api.w.org\/{rel}","templated":true}]}}