{"id":8389,"date":"2015-06-22T10:30:58","date_gmt":"2015-06-22T10:30:58","guid":{"rendered":"https:\/\/petronor.eus\/?page_id=8389"},"modified":"2025-05-29T08:19:45","modified_gmt":"2025-05-29T06:19:45","slug":"ingurumenarekiko-konpromisoa","status":"publish","type":"page","link":"https:\/\/petronor.eus\/eu\/jasangarritasunari-buruz-dugun-ikuspegia\/ingurumenarekiko-konpromisoa\/","title":{"rendered":"INGURUMENAREKIKO KONPROMISOA"},"content":{"rendered":"<div class=\"row introBlock full-width-section primeraFila\">\n<div class=\"col-lg-3 col-md-3 col-xs-12 col-sm-12\"><div class=\"menu-menu_compromisos-euskera0-container\"><ul id=\"menu-menu_compromisos-euskera0\" class=\"subnav\"><li id=\"menu-item-8563\" class=\"menu-item menu-item-type-post_type menu-item-object-page menu-item-8563\"><a href=\"https:\/\/petronor.eus\/eu\/jasangarritasunari-buruz-dugun-ikuspegia\/ingurumenarekiko-konpromisoa\/\">INGURUMENA<\/a><\/li>\n<li id=\"menu-item-8562\" class=\"menu-item menu-item-type-post_type menu-item-object-page menu-item-8562\"><a href=\"https:\/\/petronor.eus\/eu\/jasangarritasunari-buruz-dugun-ikuspegia\/segurtasun-konpromisoa\/\">ERAGIKETA SEGURUA<\/a><\/li>\n<li id=\"menu-item-77820\" class=\"menu-item menu-item-type-post_type menu-item-object-page menu-item-77820\"><a href=\"https:\/\/petronor.eus\/eu\/jasangarritasunari-buruz-dugun-ikuspegia\/enplegua\/\">ENPLEGUA<\/a><\/li>\n<li id=\"menu-item-77821\" class=\"menu-item menu-item-type-post_type menu-item-object-page menu-item-77821\"><a href=\"https:\/\/petronor.eus\/eu\/jasangarritasunari-buruz-dugun-ikuspegia\/lurraldearen-garapena\/\">LURRALDEAREN GARAPENA<\/a><\/li>\n<\/ul><\/div><\/div>\n<div class=\"col-lg-4 col-md-4 col-xs-12 col-sm-12\"><div style=\"margin-bottom:20px ; height:1px; clear:both;\"><\/div>\n<h1>INGURUMENAREKIKO KONPROMISOA<\/h1>\n<p class=\"font18\" style=\"font-size: 18px!important;\">Petronorrek bere gain hartzen du bere jarduera guztien erantzukizuna; hala, bada, ahal beste murrizten ditugu konpainiaren jardunak inguruan sortzen dituen eraginak, baita legediak ezarritako arauetatik harago ere. Horretarako, Teknika Erabilgarri Onenak (TEO) ezarri ditugu, ISO 14001 arauaren araberako <u>Ingurumena Kudeatzeko Sistemaren Ziurtagiriak<\/u> (<a title=\"PDFa Deskargatu\" href=\"\/wp-content\/uploads\/2025\/05\/CertificadoGA-2018-0152_ES_2025-05-28.pdf\" target=\"_blank\" rel=\"noopener\"><u>Aenor<\/u><\/a>, <a title=\"PDFa Deskargatu\" href=\"\/wp-content\/uploads\/2025\/05\/IQNetES-2018-0152_2025-05-28.pdf\" target=\"_blank\" rel=\"noopener\"><u>IQNet<\/u><\/a>) erakusten duenez.<\/p>\n\n<div class=\"separadorGris\"><\/div>\n<div style=\"margin-bottom:10px ; height:1px; clear:both;\"><\/div>\nIngurumenari Buruzko Plan Estrategikoan zehaztutako helburu eta helmugetan gauzatzen da ingurumenaren alde hartutako konpromiso hori, eta helburu nahiz helmuga horiek erakundearen maila guztietan ezartzen ditugu\n<div style=\"margin-bottom:10px ; height:1px; clear:both;\"><\/div>\n<div class=\"rayaGris\">&nbsp;<\/div>\n<\/div>\n<div class=\"col-lg-5 col-md-5 hidden-sm hidden-xs\"><img loading=\"lazy\" decoding=\"async\" class=\"alignnone size-full wp-image-4544\" src=\"https:\/\/petronor.eus\/wp-content\/uploads\/2014\/12\/refineria-compromiso-medioambiente.jpg\" alt=\"findegia-ingurumen-konpromisoa\" width=\"800\" height=\"627\" srcset=\"https:\/\/petronor.eus\/wp-content\/uploads\/2014\/12\/refineria-compromiso-medioambiente.jpg 800w, https:\/\/petronor.eus\/wp-content\/uploads\/2014\/12\/refineria-compromiso-medioambiente-600x470.jpg 600w\" sizes=\"(max-width: 800px) 100vw, 800px\" \/><\/div>\n<\/div><div style=\"margin-bottom:30px ; height:1px; clear:both;\"><\/div>\n<div class=\"row tabsSeguridad\">\n<div class=\"col-lg-8 col-md-8 col-xs-12 col-sm-12 col-md-offset-3 col-lg-offset-3\"><div class=\"clearfix\"><\/div><div class=\"cycletabs-wrapper\"><ul id=\"myctabs\"><li><a href=\"javascript:void(0)\">PRESTAKUNTZA<\/a><\/li><li><a href=\"javascript:void(0)\">SEGIMENDUA<\/a><\/li><li><a href=\"javascript:void(0)\">IKUSKARITZA-PLANGINTZA<\/a><\/li><li><a href=\"javascript:void(0)\">BABESA<\/a><\/li><li><a href=\"javascript:void(0)\">KONTROLA<\/a><\/li><\/ul>\n    <div class=\"cycle-slideshow\"  data-cycle-fx=\"fade\" data-cycle-\"timeout=0\" data-cycle-pager=\"#myctabs\" data-cycle-pager-template=\"\" data-cycle-slides=\"&gt; div\" data-cycle-prev=\"#prev2\"  data-cycle-next=\"#next2\" data-cycle-timeout=\"0\" data-allow-wrap=\"false\">\n    <div class=\"tabcycle\"><div class=\"row\">\n<div class=\"col-lg-4 col-md-5 col-xs-4 col-sm-3\"><\/div>\n<div class=\"col-lg-4 col-md-2 col-xs-4 col-sm-6\">\n<h3 class=\"h3compromisos\">PRESTAKUNTZA<\/h3>\n<\/div>\n<div class=\"col-lg-4 col-md-5 col-xs-4 col-sm-3\"><\/div>\n<\/div>\n<p style=\"text-align: center;\">Langile guztiek beren egitekoei eta ardurei egokitutako <strong> ingurumenari buruzko prestakuntza<\/strong> jasotzen dute gure enpresan, eta lankide ditugun enpresei ere ingurumenaren arloan ezarrita dauden jardunbideak jakinarazten zaizkie. Prestakuntza eta sentsibilizazio horren bidez, bada, ingurumenaren alde hartutako konpromisoa gauzatzeko aukera dugu gure jarduera guztietan.<\/p><\/div><div class=\"tabcycle\"><div class=\"row\">\n<div class=\"col-lg-4 col-md-5 col-xs-4 col-sm-3\"><\/div>\n<div class=\"col-lg-4 col-md-2 col-xs-4 col-sm-6\">\n<h3 class=\"h3compromisos\">SEGIMENDUA<\/h3>\n<\/div>\n<div class=\"col-lg-4 col-md-5 col-xs-4 col-sm-3\"><\/div>\n<\/div>\n<p style=\"text-align: center;\">Gure jardunaren eragin kaltegarriak saihesteko edo murrizteko oinarrizko printzipio horrekin bat, <strong>ingurumen-parametroen segimendua egiten dugu etengabe<\/strong>; eta segimendu hori adierazle batzuen bidez monitorizatzen dugu, hobetzen jarraitzeko. Adierazle horiek, gainera, erakunde publikoek eta unibertsitateek ezarritakoak dira.<\/p>\n<div style=\"margin-bottom:20px ; height:1px; clear:both;\"><\/div>\n<p style=\"text-align: center;\"><a class=\"btn btn-default btn-lg iconoDescargar\" title=\"Descargar PDF\" href=\"https:\/\/petronor.eus\/wp-content\/uploads\/2022\/12\/convenio-apb-2022.pdf\" target=\"_blank\" rel=\"noopener\">Ingurumen Jardunbide Egokien hitzarmen sinatzea Bilboko Portu Agintaritzarekin<\/a><\/p><\/div><div class=\"tabcycle\"><div class=\"row\">\n<div class=\"col-lg-4 col-md-5 col-xs-4 col-sm-3\"><\/div>\n<div class=\"col-lg-4 col-md-2 col-xs-4 col-sm-6\">\n<h3 class=\"h3compromisos\">IKUSKARITZA-PLANGINTZA<\/h3>\n<\/div>\n<div class=\"col-lg-4 col-md-5 col-xs-4 col-sm-3\"><\/div>\n<\/div>\n<p style=\"text-align: center;\">Urteko programan islatuta dagoen <strong>ikuskaritza-plangintza <\/strong> da ingurumenaren arloan etengabe hobetzen jarraitzeko beste tresna bat.<\/p><\/div><div class=\"tabcycle\"><div class=\"row\">\n<div class=\"col-lg-4 col-md-5 col-xs-4 col-sm-3\"><\/div>\n<div class=\"col-lg-4 col-md-2 col-xs-4 col-sm-6\">\n<h3 class=\"h3compromisos\">BABESA<\/h3>\n<\/div>\n<div class=\"col-lg-4 col-md-5 col-xs-4 col-sm-3\"><\/div>\n<\/div>\n<p style=\"text-align: center;\">Petronorren beti betetzen dugu hitza, eta <strong>ingurua babesteko bi bide jorratzen ditugu:<\/strong> batetik, airera egiten diren isuriak kontrolatu, ura egokiro kudeatu, zarata eta usaina ahal beste murriztu eta hondakin gehienak birziklatu egiten ditugu, eta, bestetik, gero eta produktu garbiagoak erabiltzen ditugu, abangoardiako teknologia baliatuz.<\/p><\/div><div class=\"tabcycle\"><div class=\"row\">\n<div class=\"col-lg-4 col-md-5 col-xs-4 col-sm-3\">\n<div class=\"hidden-xs\"><div class=\"rayaGris\">&nbsp;<\/div><\/div>\n<\/div>\n<div class=\"col-lg-4 col-md-2 col-xs-4 col-sm-6\">\n<h3 class=\"h3compromisos\">KONTROLA<\/h3>\n<\/div>\n<div class=\"col-lg-4 col-md-5 col-xs-4 col-sm-3\">\n<div class=\"hidden-xs\"><div class=\"rayaGris\">&nbsp;<\/div><\/div>\n<\/div>\n<\/div>\n<div style=\"margin-bottom:20px ; height:1px; clear:both;\"><\/div>\n\n<div style=\"visibility:hidden;\">\n\nControles de explotaci\u00f3n de las instalaciones y equipos, mediante programas de mantenimiento as\u00ed como inspecciones peri\u00f3dicas que responden a la normativa legal y a exigentes normativas de reconocido prestigio.\n<div class=\"separadorGrisGris\"><\/div>\n<\/div>\n<div id=\"botonesControl\" style=\"display:flex; flex-direction:row; justify-content:center;\"><a class=\"btn btn-default btn-lg iconoDescargar\" title=\"PDFa jaitsi\" href=\"\/wp-content\/uploads\/2024\/12\/CertificadoGE-2018-0028_ES_2024-10-24.pdf\" target=\"_blank\" rel=\"noopener\"><i class=\"glyphicon glyphicon-save\"><\/i>Ziurtagiria AENOR GE<\/a>\n\n<a class=\"btn btn-default btn-lg iconoDescargar\" title=\"PDFa jaitsi\" href=\"\/wp-content\/uploads\/2024\/12\/IQNetES-GE-2018-0028_2024-10-24.pdf\" target=\"_blank\" rel=\"noopener\"><i class=\"glyphicon glyphicon-save\"><\/i>Ziurtagiria IQNET GE<\/a><\/div>\n<div style=\"clear: both;\"><\/div><\/div><\/div>\n    <div id=\"prev2\"><\/div><div id=\"next2\"><\/div>\n    <\/div><!-- tabs-wrapper end --><div class=\"clear\"><\/div><\/div><\/div>\n<div style=\"margin-bottom:150px ; height:1px; clear:both;\"><\/div>\n<div class=\"row tablaTurquesa\">\n<div><div class=\"col-lg-3 col-md-3 col-xs-12 col-sm-6\">\n<h3>INGURUMENA ZAINTZEN<\/h3>\n<\/div>\n\n<div class=\"col-lg-3 col-md-3 col-xs-12 col-sm-6\">\n<div class=\"marginTopIcono\"><a title=\"URA zaintzeko konpromisora joan\" href=\"https:\/\/petronor.eus\/eu\/jasangarritasunari-buruz-dugun-ikuspegia\/ingurumenarekiko-konpromisoa\/ura\/\"><img loading=\"lazy\" decoding=\"async\" class=\"aligncenter size-full wp-image-1186\" src=\"\/wp-content\/uploads\/2014\/12\/icono-mediambiente-1.png\" alt=\"icono-medio-ambiente-agua\" width=\"50\" height=\"51\" \/><\/a><\/div>\nURA zaintzeko konpromisoa\n<\/div>\n\n<div class=\"col-lg-3 col-md-3 col-xs-12 col-sm-6\">\n<div class=\"marginTopIcono\"><a title=\"AIREREN kudeaketara joan\" href=\"https:\/\/petronor.eus\/eu\/jasangarritasunari-buruz-dugun-ikuspegia\/ingurumenarekiko-konpromisoa\/aire\/\"><img loading=\"lazy\" decoding=\"async\" class=\"aligncenter size-full wp-image-1200\" src=\"\/wp-content\/uploads\/2014\/12\/icono-mediambiente-2.png\" alt=\"ingurumen-ikurra\" width=\"50\" height=\"51\" \/><\/a><\/div>\nAIREAREN kudeaketa\n<\/div>\n\n<div class=\"col-lg-3 col-md-3 col-xs-12 col-sm-6\">\n<div class=\"marginTopIcono\"><a title=\"USAINEN ETA ZARATAREN kudeaketara joan\" href=\"https:\/\/petronor.eus\/eu\/jasangarritasunari-buruz-dugun-ikuspegia\/ingurumenarekiko-konpromisoa\/oloresruido\/\"><img loading=\"lazy\" decoding=\"async\" class=\"aligncenter size-full wp-image-1201\" src=\"\/wp-content\/uploads\/2014\/12\/icono-mediambiente-3.png\" alt=\"ingurumena-zarata-ikurra\" width=\"50\" height=\"51\" \/><\/a><\/div>\nUSAINEN ETA ZARATAREN kudeaketa\n<\/div>\n\n<\/div>\n<div><div class=\"col-lg-3 col-md-3 col-xs-12 col-sm-6 hidden-sm hidden-xs\">\u00a0<\/div><div class=\"col-lg-3 col-md-3 col-xs-12 col-sm-6\">\n<div class=\"marginTopIcono\"><a title=\"LURZORUAREN kudeaketara joan\" href=\"https:\/\/petronor.eus\/eu\/jasangarritasunari-buruz-dugun-ikuspegia\/ingurumenarekiko-konpromisoa\/lurzorua\/\"><img loading=\"lazy\" decoding=\"async\" class=\"aligncenter size-full wp-image-1202\" src=\"\/wp-content\/uploads\/2014\/12\/icono-mediambiente-4.png\" alt=\"ingumena-lurzorua-ikurra\" width=\"50\" height=\"51\" \/><\/a><\/div>\nLURZORUAREN kudeaketa\n<\/div>\n\n<div class=\"col-lg-3 col-md-3 col-xs-12 col-sm-6\">\n<div class=\"marginTopIcono\"><a title=\"HONDAKINEN kudeaketara joan\" href=\"https:\/\/petronor.eus\/eu\/jasangarritasunari-buruz-dugun-ikuspegia\/ingurumenarekiko-konpromisoa\/hondakinen\/\"><img loading=\"lazy\" decoding=\"async\" class=\"aligncenter size-full wp-image-1203\" src=\"\/wp-content\/uploads\/2014\/12\/icono-mediambiente-5.png\" alt=\"ingurumen-hondakinak-ikurra\" width=\"50\" height=\"51\" \/><\/a><\/div>\nHONDAKINEN kudeaketa\n<\/div>\n\n<div class=\"col-lg-3 col-md-3 col-xs-12 col-sm-6\">\n<div class=\"marginTopIcono\"><a title=\"ENERGIA aurrezpenera joan\" href=\"https:\/\/petronor.eus\/eu\/jasangarritasunari-buruz-dugun-ikuspegia\/ingurumenarekiko-konpromisoa\/energia-aurrezpena\/\"><img loading=\"lazy\" decoding=\"async\" class=\"aligncenter size-full wp-image-1204\" src=\"\/wp-content\/uploads\/2014\/12\/icono-mediambiente-6.png\" alt=\"ingumen-ikurra-energia\" width=\"50\" height=\"51\" \/><\/a><\/div>\nENERGIA aurrezketa\n<\/div>\n\n<\/div>\n<\/div>\n\n<div style=\"margin-bottom:30px ; height:1px; clear:both;\"><\/div>\n\n<div class=\"row \">\n<div class=\"col-lg-12 col-md-12 col-xs-12 col-sm-12\">\n<div class=\"post-thumb\" style=\"background-color:#E7E6E6;\">\n<img loading=\"lazy\" decoding=\"async\" class=\"alignnone wp-image-2485 size-full\" src=\"\/wp-content\/uploads\/2024\/11\/compromiso_entorno_EUS.png\" width=\"1176\" height=\"450\" alt=\"INGURUNEAREKIKO KONPROMISOA\"\/>\n<p style=\"padding:50px; font-size:20px !important;\"><a href=\"\/wp-content\/uploads\/2024\/07\/2024-Plan-Sostenibilidad-EUS-web.pdf\" target=\"__blank\" rel=\"noopener\">Ikusi: Petronor 2024ren Iraunkortasun Plana.<\/a><\/p>\n<\/div>\n<\/div>\n<\/div>","protected":false},"excerpt":{"rendered":"","protected":false},"author":1,"featured_media":0,"parent":77661,"menu_order":2,"comment_status":"open","ping_status":"closed","template":"","meta":{"footnotes":""},"class_list":["post-8389","page","type-page","status-publish","hentry"],"yoast_head":"<!-- This site is optimized with the Yoast SEO plugin v24.7 - https:\/\/yoast.com\/wordpress\/plugins\/seo\/ -->\n<title>INGURUMENAREKIKO KONPROMISOA<\/title>\n<meta name=\"description\" content=\"Petronorren ingurumenarekiko konpromisoa, Muskizeko findegiaren inpaktua gutxiagotzeko eta ingurunea nola babesten dugun informazioa eskura duzu.\" \/>\n<meta name=\"robots\" content=\"index, follow, max-snippet:-1, max-image-preview:large, max-video-preview:-1\" \/>\n<link rel=\"canonical\" href=\"https:\/\/petronor.eus\/eu\/jasangarritasunari-buruz-dugun-ikuspegia\/ingurumenarekiko-konpromisoa\/\" \/>\n<meta property=\"og:locale\" content=\"en_US\" \/>\n<meta property=\"og:type\" content=\"article\" \/>\n<meta property=\"og:title\" content=\"INGURUMENAREKIKO KONPROMISOA\" \/>\n<meta property=\"og:description\" content=\"Petronorren ingurumenarekiko konpromisoa, Muskizeko findegiaren inpaktua gutxiagotzeko eta ingurunea nola babesten dugun informazioa eskura duzu.\" \/>\n<meta property=\"og:url\" content=\"https:\/\/petronor.eus\/eu\/jasangarritasunari-buruz-dugun-ikuspegia\/ingurumenarekiko-konpromisoa\/\" \/>\n<meta property=\"og:site_name\" content=\"Petronor\" \/>\n<meta property=\"article:modified_time\" content=\"2025-05-29T06:19:45+00:00\" \/>\n<meta property=\"og:image\" content=\"https:\/\/petronor.eus\/wp-content\/uploads\/2014\/12\/refineria-compromiso-medioambiente.jpg\" \/>\n<meta name=\"twitter:label1\" content=\"Est. reading time\" \/>\n\t<meta name=\"twitter:data1\" content=\"4 minutua\" \/>\n<script type=\"application\/ld+json\" class=\"yoast-schema-graph\">{\"@context\":\"https:\/\/schema.org\",\"@graph\":[{\"@type\":\"WebPage\",\"@id\":\"https:\/\/petronor.eus\/eu\/jasangarritasunari-buruz-dugun-ikuspegia\/ingurumenarekiko-konpromisoa\/\",\"url\":\"https:\/\/petronor.eus\/eu\/jasangarritasunari-buruz-dugun-ikuspegia\/ingurumenarekiko-konpromisoa\/\",\"name\":\"INGURUMENAREKIKO KONPROMISOA\",\"isPartOf\":{\"@id\":\"https:\/\/petronor.eus\/es\/#website\"},\"primaryImageOfPage\":{\"@id\":\"https:\/\/petronor.eus\/eu\/jasangarritasunari-buruz-dugun-ikuspegia\/ingurumenarekiko-konpromisoa\/#primaryimage\"},\"image\":{\"@id\":\"https:\/\/petronor.eus\/eu\/jasangarritasunari-buruz-dugun-ikuspegia\/ingurumenarekiko-konpromisoa\/#primaryimage\"},\"thumbnailUrl\":\"https:\/\/petronor.eus\/wp-content\/uploads\/2014\/12\/refineria-compromiso-medioambiente.jpg\",\"datePublished\":\"2015-06-22T10:30:58+00:00\",\"dateModified\":\"2025-05-29T06:19:45+00:00\",\"description\":\"Petronorren ingurumenarekiko konpromisoa, Muskizeko findegiaren inpaktua gutxiagotzeko eta ingurunea nola babesten dugun informazioa eskura duzu.\",\"breadcrumb\":{\"@id\":\"https:\/\/petronor.eus\/eu\/jasangarritasunari-buruz-dugun-ikuspegia\/ingurumenarekiko-konpromisoa\/#breadcrumb\"},\"inLanguage\":\"eu\",\"potentialAction\":[{\"@type\":\"ReadAction\",\"target\":[\"https:\/\/petronor.eus\/eu\/jasangarritasunari-buruz-dugun-ikuspegia\/ingurumenarekiko-konpromisoa\/\"]}]},{\"@type\":\"ImageObject\",\"inLanguage\":\"eu\",\"@id\":\"https:\/\/petronor.eus\/eu\/jasangarritasunari-buruz-dugun-ikuspegia\/ingurumenarekiko-konpromisoa\/#primaryimage\",\"url\":\"https:\/\/petronor.eus\/wp-content\/uploads\/2014\/12\/refineria-compromiso-medioambiente.jpg\",\"contentUrl\":\"https:\/\/petronor.eus\/wp-content\/uploads\/2014\/12\/refineria-compromiso-medioambiente.jpg\"},{\"@type\":\"BreadcrumbList\",\"@id\":\"https:\/\/petronor.eus\/eu\/jasangarritasunari-buruz-dugun-ikuspegia\/ingurumenarekiko-konpromisoa\/#breadcrumb\",\"itemListElement\":[{\"@type\":\"ListItem\",\"position\":1,\"name\":\"Home\",\"item\":\"https:\/\/petronor.eus\/eu\/\"},{\"@type\":\"ListItem\",\"position\":2,\"name\":\"JASANGARRITASUNARI BURUZ DUGUN IKUSPEGIA\",\"item\":\"https:\/\/petronor.eus\/eu\/jasangarritasunari-buruz-dugun-ikuspegia\/\"},{\"@type\":\"ListItem\",\"position\":3,\"name\":\"INGURUMENAREKIKO KONPROMISOA\"}]},{\"@type\":\"WebSite\",\"@id\":\"https:\/\/petronor.eus\/es\/#website\",\"url\":\"https:\/\/petronor.eus\/es\/\",\"name\":\"Petronor\",\"description\":\"\",\"potentialAction\":[{\"@type\":\"SearchAction\",\"target\":{\"@type\":\"EntryPoint\",\"urlTemplate\":\"https:\/\/petronor.eus\/es\/?s={search_term_string}\"},\"query-input\":{\"@type\":\"PropertyValueSpecification\",\"valueRequired\":true,\"valueName\":\"search_term_string\"}}],\"inLanguage\":\"eu\"}]}<\/script>\n<!-- \/ Yoast SEO plugin. -->","yoast_head_json":{"title":"INGURUMENAREKIKO KONPROMISOA","description":"Petronorren ingurumenarekiko konpromisoa, Muskizeko findegiaren inpaktua gutxiagotzeko eta ingurunea nola babesten dugun informazioa eskura duzu.","robots":{"index":"index","follow":"follow","max-snippet":"max-snippet:-1","max-image-preview":"max-image-preview:large","max-video-preview":"max-video-preview:-1"},"canonical":"https:\/\/petronor.eus\/eu\/jasangarritasunari-buruz-dugun-ikuspegia\/ingurumenarekiko-konpromisoa\/","og_locale":"en_US","og_type":"article","og_title":"INGURUMENAREKIKO KONPROMISOA","og_description":"Petronorren ingurumenarekiko konpromisoa, Muskizeko findegiaren inpaktua gutxiagotzeko eta ingurunea nola babesten dugun informazioa eskura duzu.","og_url":"https:\/\/petronor.eus\/eu\/jasangarritasunari-buruz-dugun-ikuspegia\/ingurumenarekiko-konpromisoa\/","og_site_name":"Petronor","article_modified_time":"2025-05-29T06:19:45+00:00","og_image":[{"url":"https:\/\/petronor.eus\/wp-content\/uploads\/2014\/12\/refineria-compromiso-medioambiente.jpg","type":"","width":"","height":""}],"twitter_misc":{"Est. reading time":"4 minutua"},"schema":{"@context":"https:\/\/schema.org","@graph":[{"@type":"WebPage","@id":"https:\/\/petronor.eus\/eu\/jasangarritasunari-buruz-dugun-ikuspegia\/ingurumenarekiko-konpromisoa\/","url":"https:\/\/petronor.eus\/eu\/jasangarritasunari-buruz-dugun-ikuspegia\/ingurumenarekiko-konpromisoa\/","name":"INGURUMENAREKIKO KONPROMISOA","isPartOf":{"@id":"https:\/\/petronor.eus\/es\/#website"},"primaryImageOfPage":{"@id":"https:\/\/petronor.eus\/eu\/jasangarritasunari-buruz-dugun-ikuspegia\/ingurumenarekiko-konpromisoa\/#primaryimage"},"image":{"@id":"https:\/\/petronor.eus\/eu\/jasangarritasunari-buruz-dugun-ikuspegia\/ingurumenarekiko-konpromisoa\/#primaryimage"},"thumbnailUrl":"https:\/\/petronor.eus\/wp-content\/uploads\/2014\/12\/refineria-compromiso-medioambiente.jpg","datePublished":"2015-06-22T10:30:58+00:00","dateModified":"2025-05-29T06:19:45+00:00","description":"Petronorren ingurumenarekiko konpromisoa, Muskizeko findegiaren inpaktua gutxiagotzeko eta ingurunea nola babesten dugun informazioa eskura duzu.","breadcrumb":{"@id":"https:\/\/petronor.eus\/eu\/jasangarritasunari-buruz-dugun-ikuspegia\/ingurumenarekiko-konpromisoa\/#breadcrumb"},"inLanguage":"eu","potentialAction":[{"@type":"ReadAction","target":["https:\/\/petronor.eus\/eu\/jasangarritasunari-buruz-dugun-ikuspegia\/ingurumenarekiko-konpromisoa\/"]}]},{"@type":"ImageObject","inLanguage":"eu","@id":"https:\/\/petronor.eus\/eu\/jasangarritasunari-buruz-dugun-ikuspegia\/ingurumenarekiko-konpromisoa\/#primaryimage","url":"https:\/\/petronor.eus\/wp-content\/uploads\/2014\/12\/refineria-compromiso-medioambiente.jpg","contentUrl":"https:\/\/petronor.eus\/wp-content\/uploads\/2014\/12\/refineria-compromiso-medioambiente.jpg"},{"@type":"BreadcrumbList","@id":"https:\/\/petronor.eus\/eu\/jasangarritasunari-buruz-dugun-ikuspegia\/ingurumenarekiko-konpromisoa\/#breadcrumb","itemListElement":[{"@type":"ListItem","position":1,"name":"Home","item":"https:\/\/petronor.eus\/eu\/"},{"@type":"ListItem","position":2,"name":"JASANGARRITASUNARI BURUZ DUGUN IKUSPEGIA","item":"https:\/\/petronor.eus\/eu\/jasangarritasunari-buruz-dugun-ikuspegia\/"},{"@type":"ListItem","position":3,"name":"INGURUMENAREKIKO KONPROMISOA"}]},{"@type":"WebSite","@id":"https:\/\/petronor.eus\/es\/#website","url":"https:\/\/petronor.eus\/es\/","name":"Petronor","description":"","potentialAction":[{"@type":"SearchAction","target":{"@type":"EntryPoint","urlTemplate":"https:\/\/petronor.eus\/es\/?s={search_term_string}"},"query-input":{"@type":"PropertyValueSpecification","valueRequired":true,"valueName":"search_term_string"}}],"inLanguage":"eu"}]}},"_links":{"self":[{"href":"https:\/\/petronor.eus\/eu\/wp-json\/wp\/v2\/pages\/8389","targetHints":{"allow":["GET"]}}],"collection":[{"href":"https:\/\/petronor.eus\/eu\/wp-json\/wp\/v2\/pages"}],"about":[{"href":"https:\/\/petronor.eus\/eu\/wp-json\/wp\/v2\/types\/page"}],"author":[{"embeddable":true,"href":"https:\/\/petronor.eus\/eu\/wp-json\/wp\/v2\/users\/1"}],"replies":[{"embeddable":true,"href":"https:\/\/petronor.eus\/eu\/wp-json\/wp\/v2\/comments?post=8389"}],"version-history":[{"count":55,"href":"https:\/\/petronor.eus\/eu\/wp-json\/wp\/v2\/pages\/8389\/revisions"}],"predecessor-version":[{"id":80719,"href":"https:\/\/petronor.eus\/eu\/wp-json\/wp\/v2\/pages\/8389\/revisions\/80719"}],"up":[{"embeddable":true,"href":"https:\/\/petronor.eus\/eu\/wp-json\/wp\/v2\/pages\/77661"}],"wp:attachment":[{"href":"https:\/\/petronor.eus\/eu\/wp-json\/wp\/v2\/media?parent=8389"}],"curies":[{"name":"wp","href":"https:\/\/api.w.org\/{rel}","templated":true}]}}