{"id":8491,"date":"2015-06-22T12:34:48","date_gmt":"2015-06-22T12:34:48","guid":{"rendered":"https:\/\/petronor.eus\/?page_id=8491"},"modified":"2019-12-26T10:24:04","modified_gmt":"2019-12-26T09:24:04","slug":"munatoizko-gaztelua","status":"publish","type":"page","link":"https:\/\/petronor.eus\/eu\/gure-ingurunea\/ondare-historikoa\/munatoizko-gaztelua\/","title":{"rendered":"MU\u00d1ATOIZKO GAZTELUA"},"content":{"rendered":"<div class=\"row introBlock full-width-section primeraFila\">\r\n<div class=\"col-lg-3 col-md-3 col-xs-12 col-sm-6\">\r\n<ul class=\"subnav\">  <li class=\"page_item page-item-8491\"><a href=\"https:\/\/petronor.eus\/eu\/gure-ingurunea\/ondare-historikoa\/munatoizko-gaztelua\/\">MU\u00d1ATOIZKO GAZTELUA<\/a><\/li>\n<li class=\"page_item page-item-8493\"><a href=\"https:\/\/petronor.eus\/eu\/gure-ingurunea\/ondare-historikoa\/el-pobal-burdinola\/\">EL POBAL BURDINOLA<\/a><\/li>\n<li class=\"page_item page-item-8495\"><a href=\"https:\/\/petronor.eus\/eu\/gure-ingurunea\/ondare-historikoa\/gallartako-mehatz-museoa\/\">GALLARTAKO MEHATZ MUSEOA<\/a><\/li>\n  <\/ul>\r\n<\/div>\r\n<div class=\"col-lg-3 col-md-3 col-xs-12 col-sm-6\">\r\n<h1 style=\"margin-top: 0;\">MU\u00d1ATOIZKO GAZTELUA<\/h1>\r\nMu\u00f1atoizko gaztelua Petronorren instalazioen erdian egotea egoera zirkunstantzialez harantzago doa. Konpainiaren nortasun-ezaugarri bihurtu da, konpainiaren logotipoak gazteluaren irudia hartu baitu. Eskualdeko paisaia tradizionalaren parte da, eta Multzo Historiko Artistiko Nazional izendatu zuten duela hamarkada dezente.\r\n<\/div>\r\n<div class=\"col-lg-6 col-md-6 col-xs-12 col-sm-12\">\r\n<iframe loading=\"lazy\" id=\"iframePatrocinio\" src=\"\/\/www.youtube.com\/embed\/aMojUZ7yns0\" width=\"300\" height=\"150\" frameborder=\"0\" allowfullscreen=\"allowfullscreen\"><\/iframe>\r\n<\/div>\r\n<\/div>\r\n<div class=\"row \">\r\n<div class=\"col-lg-6 col-md-6 col-xs-12 col-sm-6 col-md-offset-3 col-lg-offset-3\">\r\n<div class=\"row\">\r\n<div class=\"paddin15XS\">\r\n<p style=\"margin-top: 20px;\">Bizkaian zutik dauden gazteluetatik, Mu\u00f1atoizko gazteluak soilik eusten dio eskualdeko tradizio arkitektonikoari, dorretxeak eraikitzean oinarritutako tradizioari. 1339an eraiki zuten, eta, ordudanik, gazteluak aldaketa eta handitze asko izan ditu. Beste bi eraikin garrantzitsu izan ditu lagun: Mu\u00f1atoizko San Martin baseliza eta Salazartarren jauregia.<\/p>\r\n1949an, Multzo Historiko Artistiko Nazional izendatu eta bost urtera, erosi zituen eraikin horiek Bizkaiko Foru Aldundiak, zaharberritzeko. Salazartarren jauregia Informazio eta Turismo Ministerioari utzi zion Foru Aldundiak 1968an, paradore gisa erabil zezaten. 1973. urtean, ordea, Petronorrek erosi zuen eraikin-multzoa. Jauregia enpresaren egoitza sozial bihurtu zuen, eta eraikinen inguruko lursailak lorategi publiko.\r\n\r\nBere aldetik, Mu\u00f1atoizko Gaztelua birgaitzeko lanek urteak iraun zituen. Bizkaiko Foru Aldundiak eta INEMek eskola-tailerra finkatu zuten bertan.\r\n\r\n<\/div>\r\n<div style=\"margin-bottom:20px ; height:1px; clear:both;\"><\/div>\r\n<div><!-- START REVOLUTION SLIDER 4.2.1 fullwidth mode -->\n\n<div id=\"rev_slider_1_1_wrapper\" class=\"rev_slider_wrapper fullwidthbanner-container\" style=\"margin:0px auto;background-color:#E9E9E9;padding:0px;margin-top:0px;margin-bottom:0px;max-height:467px;\">\n\t<div id=\"rev_slider_1_1\" class=\"rev_slider fullwidthabanner\" style=\"display:none;max-height:467px;height:467;\">\n<ul>\t<!-- SLIDE  -->\n\t<li data-transition=\"random\" data-slotamount=\"7\" >\n\t\t<!-- MAIN IMAGE -->\n\t\t<img decoding=\"async\" src=\"https:\/\/petronor.eus\/wp-content\/uploads\/2014\/12\/castillo-munhatones-3.jpg\"  alt=\"castillo-munhatones-3\"  data-bgposition=\"center top\" data-bgfit=\"cover\" data-bgrepeat=\"no-repeat\">\n\t\t<!-- LAYERS -->\n\t<\/li>\n\t<!-- SLIDE  -->\n\t<li data-transition=\"random\" data-slotamount=\"7\" >\n\t\t<!-- MAIN IMAGE -->\n\t\t<img decoding=\"async\" src=\"https:\/\/petronor.eus\/wp-content\/uploads\/2015\/01\/castillo-munhatones-2.jpg\"  alt=\"castillo-munhatones-2\"  data-bgposition=\"center top\" data-bgfit=\"cover\" data-bgrepeat=\"no-repeat\">\n\t\t<!-- LAYERS -->\n\t<\/li>\n\t<!-- SLIDE  -->\n\t<li data-transition=\"random\" data-slotamount=\"7\" >\n\t\t<!-- MAIN IMAGE -->\n\t\t<img decoding=\"async\" src=\"https:\/\/petronor.eus\/wp-content\/uploads\/2015\/01\/castillo-munhatones-1.jpg\"  alt=\"castillo-munhatones-1\"  data-bgposition=\"center top\" data-bgfit=\"cover\" data-bgrepeat=\"no-repeat\">\n\t\t<!-- LAYERS -->\n\t<\/li>\n<\/ul>\n<div class=\"tp-bannertimer\"><\/div>\t<\/div>\n<\/div>\t\t\t\n\t\t\t<script type=\"text\/javascript\">\n\n\t\t\t\tvar tpj=jQuery;\t\t\t\t\n\t\t\t\ttpj.noConflict();\t\t\t\t\n\t\t\t\tvar revapi1;\n\t\t\t\t\n\t\t\t\ttpj(document).ready(function() {\n\t\t\t\t\t\t\t\t\n\t\t\t\tif(tpj('#rev_slider_1_1').revolution == undefined)\n\t\t\t\t\trevslider_showDoubleJqueryError('#rev_slider_1_1');\n\t\t\t\telse\n\t\t\t\t   revapi1 = tpj('#rev_slider_1_1').show().revolution(\n\t\t\t\t\t{\n\t\t\t\t\t\tdottedOverlay:\"none\",\n\t\t\t\t\t\tdelay:9000,\n\t\t\t\t\t\tstartwidth:700,\n\t\t\t\t\t\tstartheight:467,\n\t\t\t\t\t\thideThumbs:200,\n\t\t\t\t\t\t\n\t\t\t\t\t\tthumbWidth:100,\n\t\t\t\t\t\tthumbHeight:50,\n\t\t\t\t\t\tthumbAmount:3,\n\t\t\t\t\t\t\n\t\t\t\t\t\tnavigationType:\"bullet\",\n\t\t\t\t\t\tnavigationArrows:\"solo\",\n\t\t\t\t\t\tnavigationStyle:\"round\",\n\t\t\t\t\t\t\n\t\t\t\t\t\ttouchenabled:\"on\",\n\t\t\t\t\t\tonHoverStop:\"on\",\n\t\t\t\t\t\t\n\t\t\t\t\t\tnavigationHAlign:\"center\",\n\t\t\t\t\t\tnavigationVAlign:\"bottom\",\n\t\t\t\t\t\tnavigationHOffset:0,\n\t\t\t\t\t\tnavigationVOffset:20,\n\n\t\t\t\t\t\tsoloArrowLeftHalign:\"left\",\n\t\t\t\t\t\tsoloArrowLeftValign:\"center\",\n\t\t\t\t\t\tsoloArrowLeftHOffset:20,\n\t\t\t\t\t\tsoloArrowLeftVOffset:0,\n\n\t\t\t\t\t\tsoloArrowRightHalign:\"right\",\n\t\t\t\t\t\tsoloArrowRightValign:\"center\",\n\t\t\t\t\t\tsoloArrowRightHOffset:20,\n\t\t\t\t\t\tsoloArrowRightVOffset:0,\n\t\t\t\t\t\t\t\t\n\t\t\t\t\t\tshadow:0,\n\t\t\t\t\t\tfullWidth:\"on\",\n\t\t\t\t\t\tfullScreen:\"off\",\n\n\t\t\t\t\t\tspinner:\"spinner0\",\n\t\t\t\t\t\t\n\t\t\t\t\t\tstopLoop:\"off\",\n\t\t\t\t\t\tstopAfterLoops:-1,\n\t\t\t\t\t\tstopAtSlide:-1,\n\n\t\t\t\t\t\t\n\t\t\t\t\t\tshuffle:\"off\",\n\t\t\t\t\t\t\n\t\t\t\t\t\tautoHeight:\"off\",\t\t\t\t\t\t\n\t\t\t\t\t\tforceFullWidth:\"off\",\t\t\t\t\t\t\n\t\t\t\t\t\t\t\t\t\t\t\t\n\t\t\t\t\t\t\t\t\t\t\t\t\n\t\t\t\t\t\thideThumbsOnMobile:\"off\",\n\t\t\t\t\t\thideBulletsOnMobile:\"off\",\n\t\t\t\t\t\thideArrowsOnMobile:\"off\",\n\t\t\t\t\t\thideThumbsUnderResolution:0,\n\t\t\t\t\t\t\n\t\t\t\t\t\thideSliderAtLimit:0,\n\t\t\t\t\t\thideCaptionAtLimit:0,\n\t\t\t\t\t\thideAllCaptionAtLilmit:0,\n\t\t\t\t\t\tstartWithSlide:0,\n\t\t\t\t\t\tvideoJsPath:\"https:\/\/petronor.eus\/wp-content\/plugins\/revslider\/rs-plugin\/videojs\/\",\n\t\t\t\t\t\tfullScreenOffsetContainer: \"\"\t\n\t\t\t\t\t});\n\t\t\t\t\n\t\t\t\t});\t\/\/ready\n\t\t\t\t\n\t\t\t<\/script>\n\t\t\t\n\t\t\t<!-- END REVOLUTION SLIDER --><\/div>\r\n<\/div>\r\n<\/div>\r\n<div class=\"col-lg-3 col-md-3 col-xs-12 col-sm-6\">\r\n<div class=\"tablaHeader\">\n<div class=\"celda celdaIzquierda \"><h3>+INFO<\/h3><\/div>\n<div class=\"celda\"><div class=\"widgettitlewrapper\">&nbsp;<\/div><\/div>\n<\/div><a href=\"https:\/\/es.slideshare.net\/Petronor\/san-martn-de-muatones-instalaciones-de-petronor-en-muskiz\" target=\"_blank\"><img loading=\"lazy\" decoding=\"async\" class=\"alignnone size-full wp-image-2572\" src=\"https:\/\/petronor.eus\/wp-content\/uploads\/2015\/01\/portada-libro-san-martin-de-munatones.jpg\" alt=\"san-martin-de-munatones-liburaren-azala\" width=\"497\" height=\"450\" \/><\/a>\r\n\r\n&#8220;San Mart\u00edn de Mu\u00f1atones. Gaztelua, Jauregia, Ermita&#8221;\r\n<\/div>\r\n<\/div>","protected":false},"excerpt":{"rendered":"","protected":false},"author":3,"featured_media":0,"parent":8489,"menu_order":0,"comment_status":"open","ping_status":"open","template":"","meta":{"footnotes":""},"class_list":["post-8491","page","type-page","status-publish","hentry"],"yoast_head":"<!-- This site is optimized with the Yoast SEO plugin v24.7 - https:\/\/yoast.com\/wordpress\/plugins\/seo\/ -->\n<title>Mu\u00f1atoizko gaztelua<\/title>\n<meta name=\"description\" content=\"Mu\u00f1atoizko gaztelua (Mu\u00f1atones), Petronorren instalazioen erdian dagoena, konpainiarekin oso lotua dago. Monumentu Historikoa da 1944az geroztik.\" \/>\n<meta name=\"robots\" content=\"index, follow, max-snippet:-1, max-image-preview:large, max-video-preview:-1\" \/>\n<link rel=\"canonical\" href=\"https:\/\/petronor.eus\/eu\/gure-ingurunea\/ondare-historikoa\/munatoizko-gaztelua\/\" \/>\n<meta property=\"og:locale\" content=\"en_US\" \/>\n<meta property=\"og:type\" content=\"article\" \/>\n<meta property=\"og:title\" content=\"Mu\u00f1atoizko gaztelua\" \/>\n<meta property=\"og:description\" content=\"Mu\u00f1atoizko gaztelua (Mu\u00f1atones), Petronorren instalazioen erdian dagoena, konpainiarekin oso lotua dago. Monumentu Historikoa da 1944az geroztik.\" \/>\n<meta property=\"og:url\" content=\"https:\/\/petronor.eus\/eu\/gure-ingurunea\/ondare-historikoa\/munatoizko-gaztelua\/\" \/>\n<meta property=\"og:site_name\" content=\"Petronor\" \/>\n<meta property=\"article:modified_time\" content=\"2019-12-26T09:24:04+00:00\" \/>\n<meta property=\"og:image\" content=\"https:\/\/petronor.eus\/wp-content\/uploads\/2015\/01\/portada-libro-san-martin-de-munatones.jpg\" \/>\n<meta name=\"twitter:label1\" content=\"Est. reading time\" \/>\n\t<meta name=\"twitter:data1\" content=\"1 minutua\" \/>\n<script type=\"application\/ld+json\" class=\"yoast-schema-graph\">{\"@context\":\"https:\/\/schema.org\",\"@graph\":[{\"@type\":\"WebPage\",\"@id\":\"https:\/\/petronor.eus\/eu\/gure-ingurunea\/ondare-historikoa\/munatoizko-gaztelua\/\",\"url\":\"https:\/\/petronor.eus\/eu\/gure-ingurunea\/ondare-historikoa\/munatoizko-gaztelua\/\",\"name\":\"Mu\u00f1atoizko gaztelua\",\"isPartOf\":{\"@id\":\"https:\/\/petronor.eus\/es\/#website\"},\"primaryImageOfPage\":{\"@id\":\"https:\/\/petronor.eus\/eu\/gure-ingurunea\/ondare-historikoa\/munatoizko-gaztelua\/#primaryimage\"},\"image\":{\"@id\":\"https:\/\/petronor.eus\/eu\/gure-ingurunea\/ondare-historikoa\/munatoizko-gaztelua\/#primaryimage\"},\"thumbnailUrl\":\"https:\/\/petronor.eus\/wp-content\/uploads\/2015\/01\/portada-libro-san-martin-de-munatones.jpg\",\"datePublished\":\"2015-06-22T12:34:48+00:00\",\"dateModified\":\"2019-12-26T09:24:04+00:00\",\"description\":\"Mu\u00f1atoizko gaztelua (Mu\u00f1atones), Petronorren instalazioen erdian dagoena, konpainiarekin oso lotua dago. Monumentu Historikoa da 1944az geroztik.\",\"breadcrumb\":{\"@id\":\"https:\/\/petronor.eus\/eu\/gure-ingurunea\/ondare-historikoa\/munatoizko-gaztelua\/#breadcrumb\"},\"inLanguage\":\"eu\",\"potentialAction\":[{\"@type\":\"ReadAction\",\"target\":[\"https:\/\/petronor.eus\/eu\/gure-ingurunea\/ondare-historikoa\/munatoizko-gaztelua\/\"]}]},{\"@type\":\"ImageObject\",\"inLanguage\":\"eu\",\"@id\":\"https:\/\/petronor.eus\/eu\/gure-ingurunea\/ondare-historikoa\/munatoizko-gaztelua\/#primaryimage\",\"url\":\"https:\/\/petronor.eus\/wp-content\/uploads\/2015\/01\/portada-libro-san-martin-de-munatones.jpg\",\"contentUrl\":\"https:\/\/petronor.eus\/wp-content\/uploads\/2015\/01\/portada-libro-san-martin-de-munatones.jpg\"},{\"@type\":\"BreadcrumbList\",\"@id\":\"https:\/\/petronor.eus\/eu\/gure-ingurunea\/ondare-historikoa\/munatoizko-gaztelua\/#breadcrumb\",\"itemListElement\":[{\"@type\":\"ListItem\",\"position\":1,\"name\":\"Home\",\"item\":\"https:\/\/petronor.eus\/eu\/\"},{\"@type\":\"ListItem\",\"position\":2,\"name\":\"GURE INGURUNEA\",\"item\":\"https:\/\/petronor.eus\/eu\/gure-ingurunea\/\"},{\"@type\":\"ListItem\",\"position\":3,\"name\":\"ONDARE HISTORIKOA\",\"item\":\"https:\/\/petronor.eus\/eu\/gure-ingurunea\/ondare-historikoa\/\"},{\"@type\":\"ListItem\",\"position\":4,\"name\":\"MU\u00d1ATOIZKO GAZTELUA\"}]},{\"@type\":\"WebSite\",\"@id\":\"https:\/\/petronor.eus\/es\/#website\",\"url\":\"https:\/\/petronor.eus\/es\/\",\"name\":\"Petronor\",\"description\":\"\",\"potentialAction\":[{\"@type\":\"SearchAction\",\"target\":{\"@type\":\"EntryPoint\",\"urlTemplate\":\"https:\/\/petronor.eus\/es\/?s={search_term_string}\"},\"query-input\":{\"@type\":\"PropertyValueSpecification\",\"valueRequired\":true,\"valueName\":\"search_term_string\"}}],\"inLanguage\":\"eu\"}]}<\/script>\n<!-- \/ Yoast SEO plugin. -->","yoast_head_json":{"title":"Mu\u00f1atoizko gaztelua","description":"Mu\u00f1atoizko gaztelua (Mu\u00f1atones), Petronorren instalazioen erdian dagoena, konpainiarekin oso lotua dago. Monumentu Historikoa da 1944az geroztik.","robots":{"index":"index","follow":"follow","max-snippet":"max-snippet:-1","max-image-preview":"max-image-preview:large","max-video-preview":"max-video-preview:-1"},"canonical":"https:\/\/petronor.eus\/eu\/gure-ingurunea\/ondare-historikoa\/munatoizko-gaztelua\/","og_locale":"en_US","og_type":"article","og_title":"Mu\u00f1atoizko gaztelua","og_description":"Mu\u00f1atoizko gaztelua (Mu\u00f1atones), Petronorren instalazioen erdian dagoena, konpainiarekin oso lotua dago. Monumentu Historikoa da 1944az geroztik.","og_url":"https:\/\/petronor.eus\/eu\/gure-ingurunea\/ondare-historikoa\/munatoizko-gaztelua\/","og_site_name":"Petronor","article_modified_time":"2019-12-26T09:24:04+00:00","og_image":[{"url":"https:\/\/petronor.eus\/wp-content\/uploads\/2015\/01\/portada-libro-san-martin-de-munatones.jpg","type":"","width":"","height":""}],"twitter_misc":{"Est. reading time":"1 minutua"},"schema":{"@context":"https:\/\/schema.org","@graph":[{"@type":"WebPage","@id":"https:\/\/petronor.eus\/eu\/gure-ingurunea\/ondare-historikoa\/munatoizko-gaztelua\/","url":"https:\/\/petronor.eus\/eu\/gure-ingurunea\/ondare-historikoa\/munatoizko-gaztelua\/","name":"Mu\u00f1atoizko gaztelua","isPartOf":{"@id":"https:\/\/petronor.eus\/es\/#website"},"primaryImageOfPage":{"@id":"https:\/\/petronor.eus\/eu\/gure-ingurunea\/ondare-historikoa\/munatoizko-gaztelua\/#primaryimage"},"image":{"@id":"https:\/\/petronor.eus\/eu\/gure-ingurunea\/ondare-historikoa\/munatoizko-gaztelua\/#primaryimage"},"thumbnailUrl":"https:\/\/petronor.eus\/wp-content\/uploads\/2015\/01\/portada-libro-san-martin-de-munatones.jpg","datePublished":"2015-06-22T12:34:48+00:00","dateModified":"2019-12-26T09:24:04+00:00","description":"Mu\u00f1atoizko gaztelua (Mu\u00f1atones), Petronorren instalazioen erdian dagoena, konpainiarekin oso lotua dago. Monumentu Historikoa da 1944az geroztik.","breadcrumb":{"@id":"https:\/\/petronor.eus\/eu\/gure-ingurunea\/ondare-historikoa\/munatoizko-gaztelua\/#breadcrumb"},"inLanguage":"eu","potentialAction":[{"@type":"ReadAction","target":["https:\/\/petronor.eus\/eu\/gure-ingurunea\/ondare-historikoa\/munatoizko-gaztelua\/"]}]},{"@type":"ImageObject","inLanguage":"eu","@id":"https:\/\/petronor.eus\/eu\/gure-ingurunea\/ondare-historikoa\/munatoizko-gaztelua\/#primaryimage","url":"https:\/\/petronor.eus\/wp-content\/uploads\/2015\/01\/portada-libro-san-martin-de-munatones.jpg","contentUrl":"https:\/\/petronor.eus\/wp-content\/uploads\/2015\/01\/portada-libro-san-martin-de-munatones.jpg"},{"@type":"BreadcrumbList","@id":"https:\/\/petronor.eus\/eu\/gure-ingurunea\/ondare-historikoa\/munatoizko-gaztelua\/#breadcrumb","itemListElement":[{"@type":"ListItem","position":1,"name":"Home","item":"https:\/\/petronor.eus\/eu\/"},{"@type":"ListItem","position":2,"name":"GURE INGURUNEA","item":"https:\/\/petronor.eus\/eu\/gure-ingurunea\/"},{"@type":"ListItem","position":3,"name":"ONDARE HISTORIKOA","item":"https:\/\/petronor.eus\/eu\/gure-ingurunea\/ondare-historikoa\/"},{"@type":"ListItem","position":4,"name":"MU\u00d1ATOIZKO GAZTELUA"}]},{"@type":"WebSite","@id":"https:\/\/petronor.eus\/es\/#website","url":"https:\/\/petronor.eus\/es\/","name":"Petronor","description":"","potentialAction":[{"@type":"SearchAction","target":{"@type":"EntryPoint","urlTemplate":"https:\/\/petronor.eus\/es\/?s={search_term_string}"},"query-input":{"@type":"PropertyValueSpecification","valueRequired":true,"valueName":"search_term_string"}}],"inLanguage":"eu"}]}},"_links":{"self":[{"href":"https:\/\/petronor.eus\/eu\/wp-json\/wp\/v2\/pages\/8491","targetHints":{"allow":["GET"]}}],"collection":[{"href":"https:\/\/petronor.eus\/eu\/wp-json\/wp\/v2\/pages"}],"about":[{"href":"https:\/\/petronor.eus\/eu\/wp-json\/wp\/v2\/types\/page"}],"author":[{"embeddable":true,"href":"https:\/\/petronor.eus\/eu\/wp-json\/wp\/v2\/users\/3"}],"replies":[{"embeddable":true,"href":"https:\/\/petronor.eus\/eu\/wp-json\/wp\/v2\/comments?post=8491"}],"version-history":[{"count":8,"href":"https:\/\/petronor.eus\/eu\/wp-json\/wp\/v2\/pages\/8491\/revisions"}],"predecessor-version":[{"id":62012,"href":"https:\/\/petronor.eus\/eu\/wp-json\/wp\/v2\/pages\/8491\/revisions\/62012"}],"up":[{"embeddable":true,"href":"https:\/\/petronor.eus\/eu\/wp-json\/wp\/v2\/pages\/8489"}],"wp:attachment":[{"href":"https:\/\/petronor.eus\/eu\/wp-json\/wp\/v2\/media?parent=8491"}],"curies":[{"name":"wp","href":"https:\/\/api.w.org\/{rel}","templated":true}]}}